{"id":10017296,"date":"2024-09-04T16:17:33","date_gmt":"2024-09-04T16:17:33","guid":{"rendered":"https:\/\/uniformesludo.cl\/?post_type=product&#038;p=10017296"},"modified":"2024-09-05T17:17:08","modified_gmt":"2024-09-05T17:17:08","slug":"porta-medalla-21006","status":"publish","type":"product","link":"https:\/\/uniformesludo.cl\/index.php\/producto\/porta-medalla-21006\/","title":{"rendered":"Porta Medalla 21006"},"content":{"rendered":"","protected":false},"excerpt":{"rendered":"<p><strong><span style=\"color: #000080;\">21006<\/span><\/strong><\/p>\n<p><em>Estuche porta medalla\/medall\u00f3n de terciopelo.<\/em><\/p>\n<p>97 x 139 mm.<\/p>\n<p>Insert Medalla: 50mm &#8211; 70mm<\/p>\n<p>591084255 Color<span style=\"color: #0000ff;\"> AZUL<\/span><\/p>\n<p>591084257 Color <span style=\"color: #333333;\">NEGRA<\/span><\/p>\n<p>&nbsp;<\/p>\n","protected":false},"featured_media":10017346,"comment_status":"closed","ping_status":"closed","template":"","meta":[],"product_brand":[],"product_cat":[681,565,604,603,576,690],"product_tag":[],"class_list":{"0":"post-10017296","1":"product","2":"type-product","3":"status-publish","4":"has-post-thumbnail","6":"product_cat-accesorios-para-medallas","7":"product_cat-cajas-estuches-de-presentacion","8":"product_cat-medallas","9":"product_cat-medallas-cintas-sellos-accesorios","10":"product_cat-novedades","11":"product_cat-novedades-trofeos-y-premios","13":"first","14":"instock","15":"shipping-taxable","16":"purchasable","17":"product-type-variable"},"aioseo_notices":[],"yoast_head":"<!-- This site is optimized with the Yoast SEO plugin v26.5 - https:\/\/yoast.com\/wordpress\/plugins\/seo\/ -->\n<title>Porta Medalla 21006 - Uniformes Ludo<\/title>\n<meta name=\"robots\" content=\"index, follow, max-snippet:-1, max-image-preview:large, max-video-preview:-1\" \/>\n<link rel=\"canonical\" href=\"https:\/\/uniformesludo.cl\/index.php\/producto\/porta-medalla-21006\/\" \/>\n<meta property=\"og:locale\" content=\"es_ES\" \/>\n<meta property=\"og:type\" content=\"article\" \/>\n<meta property=\"og:title\" content=\"Porta Medalla 21006 - Uniformes Ludo\" \/>\n<meta property=\"og:description\" content=\"21006  Estuche porta medalla\/medall\u00f3n de terciopelo.  97 x 139 mm.  Insert Medalla: 50mm - 70mm  591084255 Color AZUL  591084257 Color NEGRA  &nbsp;\" \/>\n<meta property=\"og:url\" content=\"https:\/\/uniformesludo.cl\/index.php\/producto\/porta-medalla-21006\/\" \/>\n<meta property=\"og:site_name\" content=\"Uniformes Ludo\" \/>\n<meta property=\"article:modified_time\" content=\"2024-09-05T17:17:08+00:00\" \/>\n<meta property=\"og:image\" content=\"https:\/\/uniformesludo.cl\/wp-content\/uploads\/2024\/09\/Porta-Medalla-21006-negro-1.jpg\" \/>\n\t<meta property=\"og:image:width\" content=\"2560\" \/>\n\t<meta property=\"og:image:height\" content=\"2560\" \/>\n\t<meta property=\"og:image:type\" content=\"image\/jpeg\" \/>\n<meta name=\"twitter:card\" content=\"summary_large_image\" \/>\n<script type=\"application\/ld+json\" class=\"yoast-schema-graph\">{\"@context\":\"https:\/\/schema.org\",\"@graph\":[{\"@type\":\"WebPage\",\"@id\":\"https:\/\/uniformesludo.cl\/index.php\/producto\/porta-medalla-21006\/\",\"url\":\"https:\/\/uniformesludo.cl\/index.php\/producto\/porta-medalla-21006\/\",\"name\":\"Porta Medalla 21006 - Uniformes Ludo\",\"isPartOf\":{\"@id\":\"https:\/\/uniformesludo.cl\/#website\"},\"primaryImageOfPage\":{\"@id\":\"https:\/\/uniformesludo.cl\/index.php\/producto\/porta-medalla-21006\/#primaryimage\"},\"image\":{\"@id\":\"https:\/\/uniformesludo.cl\/index.php\/producto\/porta-medalla-21006\/#primaryimage\"},\"thumbnailUrl\":\"https:\/\/uniformesludo.cl\/wp-content\/uploads\/2024\/09\/Porta-Medalla-21006-negro-1.jpg\",\"datePublished\":\"2024-09-04T16:17:33+00:00\",\"dateModified\":\"2024-09-05T17:17:08+00:00\",\"breadcrumb\":{\"@id\":\"https:\/\/uniformesludo.cl\/index.php\/producto\/porta-medalla-21006\/#breadcrumb\"},\"inLanguage\":\"es\",\"potentialAction\":[{\"@type\":\"ReadAction\",\"target\":[\"https:\/\/uniformesludo.cl\/index.php\/producto\/porta-medalla-21006\/\"]}]},{\"@type\":\"ImageObject\",\"inLanguage\":\"es\",\"@id\":\"https:\/\/uniformesludo.cl\/index.php\/producto\/porta-medalla-21006\/#primaryimage\",\"url\":\"https:\/\/uniformesludo.cl\/wp-content\/uploads\/2024\/09\/Porta-Medalla-21006-negro-1.jpg\",\"contentUrl\":\"https:\/\/uniformesludo.cl\/wp-content\/uploads\/2024\/09\/Porta-Medalla-21006-negro-1.jpg\",\"width\":2560,\"height\":2560},{\"@type\":\"BreadcrumbList\",\"@id\":\"https:\/\/uniformesludo.cl\/index.php\/producto\/porta-medalla-21006\/#breadcrumb\",\"itemListElement\":[{\"@type\":\"ListItem\",\"position\":1,\"name\":\"Portada\",\"item\":\"https:\/\/uniformesludo.cl\/\"},{\"@type\":\"ListItem\",\"position\":2,\"name\":\"Tienda\",\"item\":\"https:\/\/uniformesludo.cl\/index.php\/tienda\/\"},{\"@type\":\"ListItem\",\"position\":3,\"name\":\"Porta Medalla 21006\"}]},{\"@type\":\"WebSite\",\"@id\":\"https:\/\/uniformesludo.cl\/#website\",\"url\":\"https:\/\/uniformesludo.cl\/\",\"name\":\"Uniformes Ludo\",\"description\":\"Es una de las empresas comercializadoras de Ropa de trabajo, confecci\u00f3n, productos de protecci\u00f3n, prevenci\u00f3n y seguridad una de las m\u00e1s importantes de nuestro pa\u00eds, reconocida a nivel Nacional, con numerosos clientes a lo largo de Chile que avalan su compromiso de calidad. De igual forma, existe una permanente preocupaci\u00f3n por mantener un servicio integral de excelencia que permita identificarnos como \u201cel mejor equipo, la mejor empresa e inversi\u00f3n\u201d.\",\"potentialAction\":[{\"@type\":\"SearchAction\",\"target\":{\"@type\":\"EntryPoint\",\"urlTemplate\":\"https:\/\/uniformesludo.cl\/?s={search_term_string}\"},\"query-input\":{\"@type\":\"PropertyValueSpecification\",\"valueRequired\":true,\"valueName\":\"search_term_string\"}}],\"inLanguage\":\"es\"}]}<\/script>\n<!-- \/ Yoast SEO plugin. -->","yoast_head_json":{"title":"Porta Medalla 21006 - Uniformes Ludo","robots":{"index":"index","follow":"follow","max-snippet":"max-snippet:-1","max-image-preview":"max-image-preview:large","max-video-preview":"max-video-preview:-1"},"canonical":"https:\/\/uniformesludo.cl\/index.php\/producto\/porta-medalla-21006\/","og_locale":"es_ES","og_type":"article","og_title":"Porta Medalla 21006 - Uniformes Ludo","og_description":"21006  Estuche porta medalla\/medall\u00f3n de terciopelo.  97 x 139 mm.  Insert Medalla: 50mm - 70mm  591084255 Color AZUL  591084257 Color NEGRA  &nbsp;","og_url":"https:\/\/uniformesludo.cl\/index.php\/producto\/porta-medalla-21006\/","og_site_name":"Uniformes Ludo","article_modified_time":"2024-09-05T17:17:08+00:00","og_image":[{"width":2560,"height":2560,"url":"https:\/\/uniformesludo.cl\/wp-content\/uploads\/2024\/09\/Porta-Medalla-21006-negro-1.jpg","type":"image\/jpeg"}],"twitter_card":"summary_large_image","schema":{"@context":"https:\/\/schema.org","@graph":[{"@type":"WebPage","@id":"https:\/\/uniformesludo.cl\/index.php\/producto\/porta-medalla-21006\/","url":"https:\/\/uniformesludo.cl\/index.php\/producto\/porta-medalla-21006\/","name":"Porta Medalla 21006 - Uniformes Ludo","isPartOf":{"@id":"https:\/\/uniformesludo.cl\/#website"},"primaryImageOfPage":{"@id":"https:\/\/uniformesludo.cl\/index.php\/producto\/porta-medalla-21006\/#primaryimage"},"image":{"@id":"https:\/\/uniformesludo.cl\/index.php\/producto\/porta-medalla-21006\/#primaryimage"},"thumbnailUrl":"https:\/\/uniformesludo.cl\/wp-content\/uploads\/2024\/09\/Porta-Medalla-21006-negro-1.jpg","datePublished":"2024-09-04T16:17:33+00:00","dateModified":"2024-09-05T17:17:08+00:00","breadcrumb":{"@id":"https:\/\/uniformesludo.cl\/index.php\/producto\/porta-medalla-21006\/#breadcrumb"},"inLanguage":"es","potentialAction":[{"@type":"ReadAction","target":["https:\/\/uniformesludo.cl\/index.php\/producto\/porta-medalla-21006\/"]}]},{"@type":"ImageObject","inLanguage":"es","@id":"https:\/\/uniformesludo.cl\/index.php\/producto\/porta-medalla-21006\/#primaryimage","url":"https:\/\/uniformesludo.cl\/wp-content\/uploads\/2024\/09\/Porta-Medalla-21006-negro-1.jpg","contentUrl":"https:\/\/uniformesludo.cl\/wp-content\/uploads\/2024\/09\/Porta-Medalla-21006-negro-1.jpg","width":2560,"height":2560},{"@type":"BreadcrumbList","@id":"https:\/\/uniformesludo.cl\/index.php\/producto\/porta-medalla-21006\/#breadcrumb","itemListElement":[{"@type":"ListItem","position":1,"name":"Portada","item":"https:\/\/uniformesludo.cl\/"},{"@type":"ListItem","position":2,"name":"Tienda","item":"https:\/\/uniformesludo.cl\/index.php\/tienda\/"},{"@type":"ListItem","position":3,"name":"Porta Medalla 21006"}]},{"@type":"WebSite","@id":"https:\/\/uniformesludo.cl\/#website","url":"https:\/\/uniformesludo.cl\/","name":"Uniformes Ludo","description":"Es una de las empresas comercializadoras de Ropa de trabajo, confecci\u00f3n, productos de protecci\u00f3n, prevenci\u00f3n y seguridad una de las m\u00e1s importantes de nuestro pa\u00eds, reconocida a nivel Nacional, con numerosos clientes a lo largo de Chile que avalan su compromiso de calidad. De igual forma, existe una permanente preocupaci\u00f3n por mantener un servicio integral de excelencia que permita identificarnos como \u201cel mejor equipo, la mejor empresa e inversi\u00f3n\u201d.","potentialAction":[{"@type":"SearchAction","target":{"@type":"EntryPoint","urlTemplate":"https:\/\/uniformesludo.cl\/?s={search_term_string}"},"query-input":{"@type":"PropertyValueSpecification","valueRequired":true,"valueName":"search_term_string"}}],"inLanguage":"es"}]}},"_links":{"self":[{"href":"https:\/\/uniformesludo.cl\/index.php\/wp-json\/wp\/v2\/product\/10017296","targetHints":{"allow":["GET"]}}],"collection":[{"href":"https:\/\/uniformesludo.cl\/index.php\/wp-json\/wp\/v2\/product"}],"about":[{"href":"https:\/\/uniformesludo.cl\/index.php\/wp-json\/wp\/v2\/types\/product"}],"replies":[{"embeddable":true,"href":"https:\/\/uniformesludo.cl\/index.php\/wp-json\/wp\/v2\/comments?post=10017296"}],"wp:featuredmedia":[{"embeddable":true,"href":"https:\/\/uniformesludo.cl\/index.php\/wp-json\/wp\/v2\/media\/10017346"}],"wp:attachment":[{"href":"https:\/\/uniformesludo.cl\/index.php\/wp-json\/wp\/v2\/media?parent=10017296"}],"wp:term":[{"taxonomy":"product_brand","embeddable":true,"href":"https:\/\/uniformesludo.cl\/index.php\/wp-json\/wp\/v2\/product_brand?post=10017296"},{"taxonomy":"product_cat","embeddable":true,"href":"https:\/\/uniformesludo.cl\/index.php\/wp-json\/wp\/v2\/product_cat?post=10017296"},{"taxonomy":"product_tag","embeddable":true,"href":"https:\/\/uniformesludo.cl\/index.php\/wp-json\/wp\/v2\/product_tag?post=10017296"}],"curies":[{"name":"wp","href":"https:\/\/api.w.org\/{rel}","templated":true}]}}