{"id":10017271,"date":"2024-09-04T16:17:09","date_gmt":"2024-09-04T16:17:09","guid":{"rendered":"https:\/\/uniformesludo.cl\/?post_type=product&#038;p=10017271"},"modified":"2024-09-05T16:19:19","modified_gmt":"2024-09-05T16:19:19","slug":"pechera-con-cinta-de-amarre-y-ojal","status":"publish","type":"product","link":"https:\/\/uniformesludo.cl\/index.php\/producto\/pechera-con-cinta-de-amarre-y-ojal\/","title":{"rendered":"Pechera con Cinta de Amarre y Ojal"},"content":{"rendered":"","protected":false},"excerpt":{"rendered":"<p>Pechera de Polietileno desechable con manga y con ajuste dedo pulgar en color Celeste.<\/p>\n<p>Dimensiones: 70 cm. (ancho) x 130 cm. (alto) x 30 micrones (espesor)<\/p>\n<p>Material: Fabricado con una mezcla de polietileno de alta densidad + resinas de alta densidad 100% v\u00edrgenes.<\/p>\n<p>Uso: Para protecci\u00f3n personal. impermeable. Cobertura completa de t\u00f3rax frontal, brazos cintura. Pi\u00f1o con apertura para posici\u00f3n del dedo pulgar.<br \/>\nBolsas de 200 unidades<\/p>\n<p>C\u00f3digo: 603020080<\/p>\n<p>&nbsp;<\/p>\n<p>&nbsp;<\/p>\n<p>&nbsp;<\/p>\n","protected":false},"featured_media":10022133,"comment_status":"closed","ping_status":"closed","template":"","meta":[],"product_brand":[],"product_cat":[589,595],"product_tag":[],"class_list":{"0":"post-10017271","1":"product","2":"type-product","3":"status-publish","4":"has-post-thumbnail","6":"product_cat-belleza-y-salud","7":"product_cat-pechera-y-buzo-barrera-sanitaria","9":"first","10":"instock","11":"shipping-taxable","12":"product-type-simple"},"aioseo_notices":[],"yoast_head":"<!-- This site is optimized with the Yoast SEO plugin v26.5 - https:\/\/yoast.com\/wordpress\/plugins\/seo\/ -->\n<title>Pechera con Cinta de Amarre y Ojal - Uniformes Ludo<\/title>\n<meta name=\"robots\" content=\"index, follow, max-snippet:-1, max-image-preview:large, max-video-preview:-1\" \/>\n<link rel=\"canonical\" href=\"https:\/\/uniformesludo.cl\/index.php\/producto\/pechera-con-cinta-de-amarre-y-ojal\/\" \/>\n<meta property=\"og:locale\" content=\"es_ES\" \/>\n<meta property=\"og:type\" content=\"article\" \/>\n<meta property=\"og:title\" content=\"Pechera con Cinta de Amarre y Ojal - Uniformes Ludo\" \/>\n<meta property=\"og:description\" content=\"Pechera de Polietileno desechable con manga y con ajuste dedo pulgar en color Celeste.  Dimensiones: 70 cm. (ancho) x 130 cm. (alto) x 30 micrones (espesor)  Material: Fabricado con una mezcla de polietileno de alta densidad + resinas de alta densidad 100% v\u00edrgenes.  Uso: Para protecci\u00f3n personal. impermeable. Cobertura completa de t\u00f3rax frontal, brazos cintura. Pi\u00f1o con apertura para posici\u00f3n del dedo pulgar. Bolsas de 200 unidades  C\u00f3digo: 603020080  &nbsp;  &nbsp;  &nbsp;\" \/>\n<meta property=\"og:url\" content=\"https:\/\/uniformesludo.cl\/index.php\/producto\/pechera-con-cinta-de-amarre-y-ojal\/\" \/>\n<meta property=\"og:site_name\" content=\"Uniformes Ludo\" \/>\n<meta property=\"article:modified_time\" content=\"2024-09-05T16:19:19+00:00\" \/>\n<meta property=\"og:image\" content=\"https:\/\/uniformesludo.cl\/wp-content\/uploads\/2024\/09\/Pechera-con-amarra-3-sin-precio-1-1.jpg\" \/>\n\t<meta property=\"og:image:width\" content=\"500\" \/>\n\t<meta property=\"og:image:height\" content=\"500\" \/>\n\t<meta property=\"og:image:type\" content=\"image\/jpeg\" \/>\n<meta name=\"twitter:card\" content=\"summary_large_image\" \/>\n<script type=\"application\/ld+json\" class=\"yoast-schema-graph\">{\"@context\":\"https:\/\/schema.org\",\"@graph\":[{\"@type\":\"WebPage\",\"@id\":\"https:\/\/uniformesludo.cl\/index.php\/producto\/pechera-con-cinta-de-amarre-y-ojal\/\",\"url\":\"https:\/\/uniformesludo.cl\/index.php\/producto\/pechera-con-cinta-de-amarre-y-ojal\/\",\"name\":\"Pechera con Cinta de Amarre y Ojal - Uniformes Ludo\",\"isPartOf\":{\"@id\":\"https:\/\/uniformesludo.cl\/#website\"},\"primaryImageOfPage\":{\"@id\":\"https:\/\/uniformesludo.cl\/index.php\/producto\/pechera-con-cinta-de-amarre-y-ojal\/#primaryimage\"},\"image\":{\"@id\":\"https:\/\/uniformesludo.cl\/index.php\/producto\/pechera-con-cinta-de-amarre-y-ojal\/#primaryimage\"},\"thumbnailUrl\":\"https:\/\/uniformesludo.cl\/wp-content\/uploads\/2024\/09\/Pechera-con-amarra-3-sin-precio-1-1.jpg\",\"datePublished\":\"2024-09-04T16:17:09+00:00\",\"dateModified\":\"2024-09-05T16:19:19+00:00\",\"breadcrumb\":{\"@id\":\"https:\/\/uniformesludo.cl\/index.php\/producto\/pechera-con-cinta-de-amarre-y-ojal\/#breadcrumb\"},\"inLanguage\":\"es\",\"potentialAction\":[{\"@type\":\"ReadAction\",\"target\":[\"https:\/\/uniformesludo.cl\/index.php\/producto\/pechera-con-cinta-de-amarre-y-ojal\/\"]}]},{\"@type\":\"ImageObject\",\"inLanguage\":\"es\",\"@id\":\"https:\/\/uniformesludo.cl\/index.php\/producto\/pechera-con-cinta-de-amarre-y-ojal\/#primaryimage\",\"url\":\"https:\/\/uniformesludo.cl\/wp-content\/uploads\/2024\/09\/Pechera-con-amarra-3-sin-precio-1-1.jpg\",\"contentUrl\":\"https:\/\/uniformesludo.cl\/wp-content\/uploads\/2024\/09\/Pechera-con-amarra-3-sin-precio-1-1.jpg\",\"width\":500,\"height\":500},{\"@type\":\"BreadcrumbList\",\"@id\":\"https:\/\/uniformesludo.cl\/index.php\/producto\/pechera-con-cinta-de-amarre-y-ojal\/#breadcrumb\",\"itemListElement\":[{\"@type\":\"ListItem\",\"position\":1,\"name\":\"Portada\",\"item\":\"https:\/\/uniformesludo.cl\/\"},{\"@type\":\"ListItem\",\"position\":2,\"name\":\"Tienda\",\"item\":\"https:\/\/uniformesludo.cl\/index.php\/tienda\/\"},{\"@type\":\"ListItem\",\"position\":3,\"name\":\"Pechera con Cinta de Amarre y Ojal\"}]},{\"@type\":\"WebSite\",\"@id\":\"https:\/\/uniformesludo.cl\/#website\",\"url\":\"https:\/\/uniformesludo.cl\/\",\"name\":\"Uniformes Ludo\",\"description\":\"Es una de las empresas comercializadoras de Ropa de trabajo, confecci\u00f3n, productos de protecci\u00f3n, prevenci\u00f3n y seguridad una de las m\u00e1s importantes de nuestro pa\u00eds, reconocida a nivel Nacional, con numerosos clientes a lo largo de Chile que avalan su compromiso de calidad. De igual forma, existe una permanente preocupaci\u00f3n por mantener un servicio integral de excelencia que permita identificarnos como \u201cel mejor equipo, la mejor empresa e inversi\u00f3n\u201d.\",\"potentialAction\":[{\"@type\":\"SearchAction\",\"target\":{\"@type\":\"EntryPoint\",\"urlTemplate\":\"https:\/\/uniformesludo.cl\/?s={search_term_string}\"},\"query-input\":{\"@type\":\"PropertyValueSpecification\",\"valueRequired\":true,\"valueName\":\"search_term_string\"}}],\"inLanguage\":\"es\"}]}<\/script>\n<!-- \/ Yoast SEO plugin. -->","yoast_head_json":{"title":"Pechera con Cinta de Amarre y Ojal - Uniformes Ludo","robots":{"index":"index","follow":"follow","max-snippet":"max-snippet:-1","max-image-preview":"max-image-preview:large","max-video-preview":"max-video-preview:-1"},"canonical":"https:\/\/uniformesludo.cl\/index.php\/producto\/pechera-con-cinta-de-amarre-y-ojal\/","og_locale":"es_ES","og_type":"article","og_title":"Pechera con Cinta de Amarre y Ojal - Uniformes Ludo","og_description":"Pechera de Polietileno desechable con manga y con ajuste dedo pulgar en color Celeste.  Dimensiones: 70 cm. (ancho) x 130 cm. (alto) x 30 micrones (espesor)  Material: Fabricado con una mezcla de polietileno de alta densidad + resinas de alta densidad 100% v\u00edrgenes.  Uso: Para protecci\u00f3n personal. impermeable. Cobertura completa de t\u00f3rax frontal, brazos cintura. Pi\u00f1o con apertura para posici\u00f3n del dedo pulgar. Bolsas de 200 unidades  C\u00f3digo: 603020080  &nbsp;  &nbsp;  &nbsp;","og_url":"https:\/\/uniformesludo.cl\/index.php\/producto\/pechera-con-cinta-de-amarre-y-ojal\/","og_site_name":"Uniformes Ludo","article_modified_time":"2024-09-05T16:19:19+00:00","og_image":[{"width":500,"height":500,"url":"https:\/\/uniformesludo.cl\/wp-content\/uploads\/2024\/09\/Pechera-con-amarra-3-sin-precio-1-1.jpg","type":"image\/jpeg"}],"twitter_card":"summary_large_image","schema":{"@context":"https:\/\/schema.org","@graph":[{"@type":"WebPage","@id":"https:\/\/uniformesludo.cl\/index.php\/producto\/pechera-con-cinta-de-amarre-y-ojal\/","url":"https:\/\/uniformesludo.cl\/index.php\/producto\/pechera-con-cinta-de-amarre-y-ojal\/","name":"Pechera con Cinta de Amarre y Ojal - Uniformes Ludo","isPartOf":{"@id":"https:\/\/uniformesludo.cl\/#website"},"primaryImageOfPage":{"@id":"https:\/\/uniformesludo.cl\/index.php\/producto\/pechera-con-cinta-de-amarre-y-ojal\/#primaryimage"},"image":{"@id":"https:\/\/uniformesludo.cl\/index.php\/producto\/pechera-con-cinta-de-amarre-y-ojal\/#primaryimage"},"thumbnailUrl":"https:\/\/uniformesludo.cl\/wp-content\/uploads\/2024\/09\/Pechera-con-amarra-3-sin-precio-1-1.jpg","datePublished":"2024-09-04T16:17:09+00:00","dateModified":"2024-09-05T16:19:19+00:00","breadcrumb":{"@id":"https:\/\/uniformesludo.cl\/index.php\/producto\/pechera-con-cinta-de-amarre-y-ojal\/#breadcrumb"},"inLanguage":"es","potentialAction":[{"@type":"ReadAction","target":["https:\/\/uniformesludo.cl\/index.php\/producto\/pechera-con-cinta-de-amarre-y-ojal\/"]}]},{"@type":"ImageObject","inLanguage":"es","@id":"https:\/\/uniformesludo.cl\/index.php\/producto\/pechera-con-cinta-de-amarre-y-ojal\/#primaryimage","url":"https:\/\/uniformesludo.cl\/wp-content\/uploads\/2024\/09\/Pechera-con-amarra-3-sin-precio-1-1.jpg","contentUrl":"https:\/\/uniformesludo.cl\/wp-content\/uploads\/2024\/09\/Pechera-con-amarra-3-sin-precio-1-1.jpg","width":500,"height":500},{"@type":"BreadcrumbList","@id":"https:\/\/uniformesludo.cl\/index.php\/producto\/pechera-con-cinta-de-amarre-y-ojal\/#breadcrumb","itemListElement":[{"@type":"ListItem","position":1,"name":"Portada","item":"https:\/\/uniformesludo.cl\/"},{"@type":"ListItem","position":2,"name":"Tienda","item":"https:\/\/uniformesludo.cl\/index.php\/tienda\/"},{"@type":"ListItem","position":3,"name":"Pechera con Cinta de Amarre y Ojal"}]},{"@type":"WebSite","@id":"https:\/\/uniformesludo.cl\/#website","url":"https:\/\/uniformesludo.cl\/","name":"Uniformes Ludo","description":"Es una de las empresas comercializadoras de Ropa de trabajo, confecci\u00f3n, productos de protecci\u00f3n, prevenci\u00f3n y seguridad una de las m\u00e1s importantes de nuestro pa\u00eds, reconocida a nivel Nacional, con numerosos clientes a lo largo de Chile que avalan su compromiso de calidad. De igual forma, existe una permanente preocupaci\u00f3n por mantener un servicio integral de excelencia que permita identificarnos como \u201cel mejor equipo, la mejor empresa e inversi\u00f3n\u201d.","potentialAction":[{"@type":"SearchAction","target":{"@type":"EntryPoint","urlTemplate":"https:\/\/uniformesludo.cl\/?s={search_term_string}"},"query-input":{"@type":"PropertyValueSpecification","valueRequired":true,"valueName":"search_term_string"}}],"inLanguage":"es"}]}},"_links":{"self":[{"href":"https:\/\/uniformesludo.cl\/index.php\/wp-json\/wp\/v2\/product\/10017271","targetHints":{"allow":["GET"]}}],"collection":[{"href":"https:\/\/uniformesludo.cl\/index.php\/wp-json\/wp\/v2\/product"}],"about":[{"href":"https:\/\/uniformesludo.cl\/index.php\/wp-json\/wp\/v2\/types\/product"}],"replies":[{"embeddable":true,"href":"https:\/\/uniformesludo.cl\/index.php\/wp-json\/wp\/v2\/comments?post=10017271"}],"wp:featuredmedia":[{"embeddable":true,"href":"https:\/\/uniformesludo.cl\/index.php\/wp-json\/wp\/v2\/media\/10022133"}],"wp:attachment":[{"href":"https:\/\/uniformesludo.cl\/index.php\/wp-json\/wp\/v2\/media?parent=10017271"}],"wp:term":[{"taxonomy":"product_brand","embeddable":true,"href":"https:\/\/uniformesludo.cl\/index.php\/wp-json\/wp\/v2\/product_brand?post=10017271"},{"taxonomy":"product_cat","embeddable":true,"href":"https:\/\/uniformesludo.cl\/index.php\/wp-json\/wp\/v2\/product_cat?post=10017271"},{"taxonomy":"product_tag","embeddable":true,"href":"https:\/\/uniformesludo.cl\/index.php\/wp-json\/wp\/v2\/product_tag?post=10017271"}],"curies":[{"name":"wp","href":"https:\/\/api.w.org\/{rel}","templated":true}]}}