{"id":10017199,"date":"2024-09-04T16:16:19","date_gmt":"2024-09-04T16:16:19","guid":{"rendered":"https:\/\/uniformesludo.cl\/?post_type=product&#038;p=10017199"},"modified":"2024-09-05T17:14:26","modified_gmt":"2024-09-05T17:14:26","slug":"trofeo-cueca-acrilico-color","status":"publish","type":"product","link":"https:\/\/uniformesludo.cl\/index.php\/producto\/trofeo-cueca-acrilico-color\/","title":{"rendered":"Trofeo Cueca Acr\u00edlico Color"},"content":{"rendered":"","protected":false},"excerpt":{"rendered":"<p><em>Trofeo Cueca, contorno acr\u00edlico 6mm de espesor sublimada a color<\/em><\/p>\n<p><em>base de madera ranurada.<\/em><\/p>\n<p>Cueca Acr\u00edlico color\u00a0 \u00a0Dim. 210 x 135 mm.\u00a0 \u00a0c\u00f3digo: 9 placa sugerida 90&#215;25<\/p>\n<p>Cueca Acr\u00edlico color\u00a0 \u00a0Dim. 185 x 110 mm.\u00a0 \u00a0 codigo: 10 placa sugerida 70&#215;25<\/p>\n<p>Cueca Acr\u00edlico color\u00a0 \u00a0Dim. 170 x 100 mm.\u00a0 \u00a0 codigo: 12 placa sugerida 70&#215;25<\/p>\n<ul>\n<li>Incluye caja de presentaci\u00f3n color azul<\/li>\n<\/ul>\n<p>&nbsp;<\/p>\n","protected":false},"featured_media":10017231,"comment_status":"closed","ping_status":"closed","template":"","meta":[],"product_brand":[],"product_cat":[605,629],"product_tag":[],"class_list":{"0":"post-10017199","1":"product","2":"type-product","3":"status-publish","4":"has-post-thumbnail","6":"product_cat-galvanos-de-madera-y-varios","7":"product_cat-trofeos-acrilicos","9":"first","10":"instock","11":"shipping-taxable","12":"purchasable","13":"product-type-variable"},"aioseo_notices":[],"yoast_head":"<!-- This site is optimized with the Yoast SEO plugin v26.5 - https:\/\/yoast.com\/wordpress\/plugins\/seo\/ -->\n<title>Trofeo Cueca Acr\u00edlico Color - Uniformes Ludo<\/title>\n<meta name=\"robots\" content=\"index, follow, max-snippet:-1, max-image-preview:large, max-video-preview:-1\" \/>\n<link rel=\"canonical\" href=\"https:\/\/uniformesludo.cl\/index.php\/producto\/trofeo-cueca-acrilico-color\/\" \/>\n<meta property=\"og:locale\" content=\"es_ES\" \/>\n<meta property=\"og:type\" content=\"article\" \/>\n<meta property=\"og:title\" content=\"Trofeo Cueca Acr\u00edlico Color - Uniformes Ludo\" \/>\n<meta property=\"og:description\" content=\"Trofeo Cueca, contorno acr\u00edlico 6mm de espesor sublimada a color  base de madera ranurada.  Cueca Acr\u00edlico color\u00a0 \u00a0Dim. 210 x 135 mm.\u00a0 \u00a0c\u00f3digo: 9 placa sugerida 90x25  Cueca Acr\u00edlico color\u00a0 \u00a0Dim. 185 x 110 mm.\u00a0 \u00a0 codigo: 10 placa sugerida 70x25  Cueca Acr\u00edlico color\u00a0 \u00a0Dim. 170 x 100 mm.\u00a0 \u00a0 codigo: 12 placa sugerida 70x25   Incluye caja de presentaci\u00f3n color azul  &nbsp;\" \/>\n<meta property=\"og:url\" content=\"https:\/\/uniformesludo.cl\/index.php\/producto\/trofeo-cueca-acrilico-color\/\" \/>\n<meta property=\"og:site_name\" content=\"Uniformes Ludo\" \/>\n<meta property=\"article:modified_time\" content=\"2024-09-05T17:14:26+00:00\" \/>\n<meta property=\"og:image\" content=\"https:\/\/uniformesludo.cl\/wp-content\/uploads\/2024\/09\/cueca-acrilico-color.jpg\" \/>\n\t<meta property=\"og:image:width\" content=\"600\" \/>\n\t<meta property=\"og:image:height\" content=\"600\" \/>\n\t<meta property=\"og:image:type\" content=\"image\/jpeg\" \/>\n<meta name=\"twitter:card\" content=\"summary_large_image\" \/>\n<script type=\"application\/ld+json\" class=\"yoast-schema-graph\">{\"@context\":\"https:\/\/schema.org\",\"@graph\":[{\"@type\":\"WebPage\",\"@id\":\"https:\/\/uniformesludo.cl\/index.php\/producto\/trofeo-cueca-acrilico-color\/\",\"url\":\"https:\/\/uniformesludo.cl\/index.php\/producto\/trofeo-cueca-acrilico-color\/\",\"name\":\"Trofeo Cueca Acr\u00edlico Color - Uniformes Ludo\",\"isPartOf\":{\"@id\":\"https:\/\/uniformesludo.cl\/#website\"},\"primaryImageOfPage\":{\"@id\":\"https:\/\/uniformesludo.cl\/index.php\/producto\/trofeo-cueca-acrilico-color\/#primaryimage\"},\"image\":{\"@id\":\"https:\/\/uniformesludo.cl\/index.php\/producto\/trofeo-cueca-acrilico-color\/#primaryimage\"},\"thumbnailUrl\":\"https:\/\/uniformesludo.cl\/wp-content\/uploads\/2024\/09\/cueca-acrilico-color.jpg\",\"datePublished\":\"2024-09-04T16:16:19+00:00\",\"dateModified\":\"2024-09-05T17:14:26+00:00\",\"breadcrumb\":{\"@id\":\"https:\/\/uniformesludo.cl\/index.php\/producto\/trofeo-cueca-acrilico-color\/#breadcrumb\"},\"inLanguage\":\"es\",\"potentialAction\":[{\"@type\":\"ReadAction\",\"target\":[\"https:\/\/uniformesludo.cl\/index.php\/producto\/trofeo-cueca-acrilico-color\/\"]}]},{\"@type\":\"ImageObject\",\"inLanguage\":\"es\",\"@id\":\"https:\/\/uniformesludo.cl\/index.php\/producto\/trofeo-cueca-acrilico-color\/#primaryimage\",\"url\":\"https:\/\/uniformesludo.cl\/wp-content\/uploads\/2024\/09\/cueca-acrilico-color.jpg\",\"contentUrl\":\"https:\/\/uniformesludo.cl\/wp-content\/uploads\/2024\/09\/cueca-acrilico-color.jpg\",\"width\":600,\"height\":600},{\"@type\":\"BreadcrumbList\",\"@id\":\"https:\/\/uniformesludo.cl\/index.php\/producto\/trofeo-cueca-acrilico-color\/#breadcrumb\",\"itemListElement\":[{\"@type\":\"ListItem\",\"position\":1,\"name\":\"Portada\",\"item\":\"https:\/\/uniformesludo.cl\/\"},{\"@type\":\"ListItem\",\"position\":2,\"name\":\"Tienda\",\"item\":\"https:\/\/uniformesludo.cl\/index.php\/tienda\/\"},{\"@type\":\"ListItem\",\"position\":3,\"name\":\"Trofeo Cueca Acr\u00edlico Color\"}]},{\"@type\":\"WebSite\",\"@id\":\"https:\/\/uniformesludo.cl\/#website\",\"url\":\"https:\/\/uniformesludo.cl\/\",\"name\":\"Uniformes Ludo\",\"description\":\"Es una de las empresas comercializadoras de Ropa de trabajo, confecci\u00f3n, productos de protecci\u00f3n, prevenci\u00f3n y seguridad una de las m\u00e1s importantes de nuestro pa\u00eds, reconocida a nivel Nacional, con numerosos clientes a lo largo de Chile que avalan su compromiso de calidad. De igual forma, existe una permanente preocupaci\u00f3n por mantener un servicio integral de excelencia que permita identificarnos como \u201cel mejor equipo, la mejor empresa e inversi\u00f3n\u201d.\",\"potentialAction\":[{\"@type\":\"SearchAction\",\"target\":{\"@type\":\"EntryPoint\",\"urlTemplate\":\"https:\/\/uniformesludo.cl\/?s={search_term_string}\"},\"query-input\":{\"@type\":\"PropertyValueSpecification\",\"valueRequired\":true,\"valueName\":\"search_term_string\"}}],\"inLanguage\":\"es\"}]}<\/script>\n<!-- \/ Yoast SEO plugin. -->","yoast_head_json":{"title":"Trofeo Cueca Acr\u00edlico Color - Uniformes Ludo","robots":{"index":"index","follow":"follow","max-snippet":"max-snippet:-1","max-image-preview":"max-image-preview:large","max-video-preview":"max-video-preview:-1"},"canonical":"https:\/\/uniformesludo.cl\/index.php\/producto\/trofeo-cueca-acrilico-color\/","og_locale":"es_ES","og_type":"article","og_title":"Trofeo Cueca Acr\u00edlico Color - Uniformes Ludo","og_description":"Trofeo Cueca, contorno acr\u00edlico 6mm de espesor sublimada a color  base de madera ranurada.  Cueca Acr\u00edlico color\u00a0 \u00a0Dim. 210 x 135 mm.\u00a0 \u00a0c\u00f3digo: 9 placa sugerida 90x25  Cueca Acr\u00edlico color\u00a0 \u00a0Dim. 185 x 110 mm.\u00a0 \u00a0 codigo: 10 placa sugerida 70x25  Cueca Acr\u00edlico color\u00a0 \u00a0Dim. 170 x 100 mm.\u00a0 \u00a0 codigo: 12 placa sugerida 70x25   Incluye caja de presentaci\u00f3n color azul  &nbsp;","og_url":"https:\/\/uniformesludo.cl\/index.php\/producto\/trofeo-cueca-acrilico-color\/","og_site_name":"Uniformes Ludo","article_modified_time":"2024-09-05T17:14:26+00:00","og_image":[{"width":600,"height":600,"url":"https:\/\/uniformesludo.cl\/wp-content\/uploads\/2024\/09\/cueca-acrilico-color.jpg","type":"image\/jpeg"}],"twitter_card":"summary_large_image","schema":{"@context":"https:\/\/schema.org","@graph":[{"@type":"WebPage","@id":"https:\/\/uniformesludo.cl\/index.php\/producto\/trofeo-cueca-acrilico-color\/","url":"https:\/\/uniformesludo.cl\/index.php\/producto\/trofeo-cueca-acrilico-color\/","name":"Trofeo Cueca Acr\u00edlico Color - Uniformes Ludo","isPartOf":{"@id":"https:\/\/uniformesludo.cl\/#website"},"primaryImageOfPage":{"@id":"https:\/\/uniformesludo.cl\/index.php\/producto\/trofeo-cueca-acrilico-color\/#primaryimage"},"image":{"@id":"https:\/\/uniformesludo.cl\/index.php\/producto\/trofeo-cueca-acrilico-color\/#primaryimage"},"thumbnailUrl":"https:\/\/uniformesludo.cl\/wp-content\/uploads\/2024\/09\/cueca-acrilico-color.jpg","datePublished":"2024-09-04T16:16:19+00:00","dateModified":"2024-09-05T17:14:26+00:00","breadcrumb":{"@id":"https:\/\/uniformesludo.cl\/index.php\/producto\/trofeo-cueca-acrilico-color\/#breadcrumb"},"inLanguage":"es","potentialAction":[{"@type":"ReadAction","target":["https:\/\/uniformesludo.cl\/index.php\/producto\/trofeo-cueca-acrilico-color\/"]}]},{"@type":"ImageObject","inLanguage":"es","@id":"https:\/\/uniformesludo.cl\/index.php\/producto\/trofeo-cueca-acrilico-color\/#primaryimage","url":"https:\/\/uniformesludo.cl\/wp-content\/uploads\/2024\/09\/cueca-acrilico-color.jpg","contentUrl":"https:\/\/uniformesludo.cl\/wp-content\/uploads\/2024\/09\/cueca-acrilico-color.jpg","width":600,"height":600},{"@type":"BreadcrumbList","@id":"https:\/\/uniformesludo.cl\/index.php\/producto\/trofeo-cueca-acrilico-color\/#breadcrumb","itemListElement":[{"@type":"ListItem","position":1,"name":"Portada","item":"https:\/\/uniformesludo.cl\/"},{"@type":"ListItem","position":2,"name":"Tienda","item":"https:\/\/uniformesludo.cl\/index.php\/tienda\/"},{"@type":"ListItem","position":3,"name":"Trofeo Cueca Acr\u00edlico Color"}]},{"@type":"WebSite","@id":"https:\/\/uniformesludo.cl\/#website","url":"https:\/\/uniformesludo.cl\/","name":"Uniformes Ludo","description":"Es una de las empresas comercializadoras de Ropa de trabajo, confecci\u00f3n, productos de protecci\u00f3n, prevenci\u00f3n y seguridad una de las m\u00e1s importantes de nuestro pa\u00eds, reconocida a nivel Nacional, con numerosos clientes a lo largo de Chile que avalan su compromiso de calidad. De igual forma, existe una permanente preocupaci\u00f3n por mantener un servicio integral de excelencia que permita identificarnos como \u201cel mejor equipo, la mejor empresa e inversi\u00f3n\u201d.","potentialAction":[{"@type":"SearchAction","target":{"@type":"EntryPoint","urlTemplate":"https:\/\/uniformesludo.cl\/?s={search_term_string}"},"query-input":{"@type":"PropertyValueSpecification","valueRequired":true,"valueName":"search_term_string"}}],"inLanguage":"es"}]}},"_links":{"self":[{"href":"https:\/\/uniformesludo.cl\/index.php\/wp-json\/wp\/v2\/product\/10017199","targetHints":{"allow":["GET"]}}],"collection":[{"href":"https:\/\/uniformesludo.cl\/index.php\/wp-json\/wp\/v2\/product"}],"about":[{"href":"https:\/\/uniformesludo.cl\/index.php\/wp-json\/wp\/v2\/types\/product"}],"replies":[{"embeddable":true,"href":"https:\/\/uniformesludo.cl\/index.php\/wp-json\/wp\/v2\/comments?post=10017199"}],"wp:featuredmedia":[{"embeddable":true,"href":"https:\/\/uniformesludo.cl\/index.php\/wp-json\/wp\/v2\/media\/10017231"}],"wp:attachment":[{"href":"https:\/\/uniformesludo.cl\/index.php\/wp-json\/wp\/v2\/media?parent=10017199"}],"wp:term":[{"taxonomy":"product_brand","embeddable":true,"href":"https:\/\/uniformesludo.cl\/index.php\/wp-json\/wp\/v2\/product_brand?post=10017199"},{"taxonomy":"product_cat","embeddable":true,"href":"https:\/\/uniformesludo.cl\/index.php\/wp-json\/wp\/v2\/product_cat?post=10017199"},{"taxonomy":"product_tag","embeddable":true,"href":"https:\/\/uniformesludo.cl\/index.php\/wp-json\/wp\/v2\/product_tag?post=10017199"}],"curies":[{"name":"wp","href":"https:\/\/api.w.org\/{rel}","templated":true}]}}