{"id":10017198,"date":"2024-09-04T16:16:19","date_gmt":"2024-09-04T16:16:19","guid":{"rendered":"https:\/\/uniformesludo.cl\/?post_type=product&#038;p=10017198"},"modified":"2024-09-05T17:14:26","modified_gmt":"2024-09-05T17:14:26","slug":"galvano-acrilico-porta-retratos-6277","status":"publish","type":"product","link":"https:\/\/uniformesludo.cl\/index.php\/producto\/galvano-acrilico-porta-retratos-6277\/","title":{"rendered":"Galvano Acr\u00edlico Porta Retratos 6277"},"content":{"rendered":"","protected":false},"excerpt":{"rendered":"<p><span style=\"color: #000080;\"><strong>6277<\/strong><\/span><\/p>\n<p><em>Galvano porta retratos de acr\u00edlico. Pilares de acr\u00edlico azul. Base acr\u00edlica transparente.<\/em><\/p>\n<p>6277-3:\u00a0 100 x 170 mm.\u00a0 \u00a0C\u00f3digo: 591087485<\/p>\n<p>6277-2:\u00a0 120 x 190 mm.\u00a0 \u00a0C\u00f3digo: 591087484<\/p>\n<p>6277-1:\u00a0 140 x 220 mm.\u00a0 \u00a0C\u00f3digo: 591087483<\/p>\n<ul>\n<li>Incluye caja azul de presentaci\u00f3n<\/li>\n<li>No incluye grabado<\/li>\n<li>Se puede grabar con l\u00e1ser.<\/li>\n<\/ul>\n","protected":false},"featured_media":10017230,"comment_status":"closed","ping_status":"closed","template":"","meta":[],"product_brand":[],"product_cat":[605,629],"product_tag":[],"class_list":{"0":"post-10017198","1":"product","2":"type-product","3":"status-publish","4":"has-post-thumbnail","6":"product_cat-galvanos-de-madera-y-varios","7":"product_cat-trofeos-acrilicos","9":"first","10":"instock","11":"shipping-taxable","12":"purchasable","13":"product-type-variable"},"aioseo_notices":[],"yoast_head":"<!-- This site is optimized with the Yoast SEO plugin v26.5 - https:\/\/yoast.com\/wordpress\/plugins\/seo\/ -->\n<title>Galvano Acr\u00edlico Porta Retratos 6277 - Uniformes Ludo<\/title>\n<meta name=\"robots\" content=\"index, follow, max-snippet:-1, max-image-preview:large, max-video-preview:-1\" \/>\n<link rel=\"canonical\" href=\"https:\/\/uniformesludo.cl\/index.php\/producto\/galvano-acrilico-porta-retratos-6277\/\" \/>\n<meta property=\"og:locale\" content=\"es_ES\" \/>\n<meta property=\"og:type\" content=\"article\" \/>\n<meta property=\"og:title\" content=\"Galvano Acr\u00edlico Porta Retratos 6277 - Uniformes Ludo\" \/>\n<meta property=\"og:description\" content=\"6277  Galvano porta retratos de acr\u00edlico. Pilares de acr\u00edlico azul. Base acr\u00edlica transparente.  6277-3:\u00a0 100 x 170 mm.\u00a0 \u00a0C\u00f3digo: 591087485  6277-2:\u00a0 120 x 190 mm.\u00a0 \u00a0C\u00f3digo: 591087484  6277-1:\u00a0 140 x 220 mm.\u00a0 \u00a0C\u00f3digo: 591087483   Incluye caja azul de presentaci\u00f3n  No incluye grabado  Se puede grabar con l\u00e1ser.\" \/>\n<meta property=\"og:url\" content=\"https:\/\/uniformesludo.cl\/index.php\/producto\/galvano-acrilico-porta-retratos-6277\/\" \/>\n<meta property=\"og:site_name\" content=\"Uniformes Ludo\" \/>\n<meta property=\"article:modified_time\" content=\"2024-09-05T17:14:26+00:00\" \/>\n<meta property=\"og:image\" content=\"https:\/\/uniformesludo.cl\/wp-content\/uploads\/2024\/09\/6277-solo-2.jpg\" \/>\n\t<meta property=\"og:image:width\" content=\"600\" \/>\n\t<meta property=\"og:image:height\" content=\"600\" \/>\n\t<meta property=\"og:image:type\" content=\"image\/jpeg\" \/>\n<meta name=\"twitter:card\" content=\"summary_large_image\" \/>\n<script type=\"application\/ld+json\" class=\"yoast-schema-graph\">{\"@context\":\"https:\/\/schema.org\",\"@graph\":[{\"@type\":\"WebPage\",\"@id\":\"https:\/\/uniformesludo.cl\/index.php\/producto\/galvano-acrilico-porta-retratos-6277\/\",\"url\":\"https:\/\/uniformesludo.cl\/index.php\/producto\/galvano-acrilico-porta-retratos-6277\/\",\"name\":\"Galvano Acr\u00edlico Porta Retratos 6277 - Uniformes Ludo\",\"isPartOf\":{\"@id\":\"https:\/\/uniformesludo.cl\/#website\"},\"primaryImageOfPage\":{\"@id\":\"https:\/\/uniformesludo.cl\/index.php\/producto\/galvano-acrilico-porta-retratos-6277\/#primaryimage\"},\"image\":{\"@id\":\"https:\/\/uniformesludo.cl\/index.php\/producto\/galvano-acrilico-porta-retratos-6277\/#primaryimage\"},\"thumbnailUrl\":\"https:\/\/uniformesludo.cl\/wp-content\/uploads\/2024\/09\/6277-solo-2.jpg\",\"datePublished\":\"2024-09-04T16:16:19+00:00\",\"dateModified\":\"2024-09-05T17:14:26+00:00\",\"breadcrumb\":{\"@id\":\"https:\/\/uniformesludo.cl\/index.php\/producto\/galvano-acrilico-porta-retratos-6277\/#breadcrumb\"},\"inLanguage\":\"es\",\"potentialAction\":[{\"@type\":\"ReadAction\",\"target\":[\"https:\/\/uniformesludo.cl\/index.php\/producto\/galvano-acrilico-porta-retratos-6277\/\"]}]},{\"@type\":\"ImageObject\",\"inLanguage\":\"es\",\"@id\":\"https:\/\/uniformesludo.cl\/index.php\/producto\/galvano-acrilico-porta-retratos-6277\/#primaryimage\",\"url\":\"https:\/\/uniformesludo.cl\/wp-content\/uploads\/2024\/09\/6277-solo-2.jpg\",\"contentUrl\":\"https:\/\/uniformesludo.cl\/wp-content\/uploads\/2024\/09\/6277-solo-2.jpg\",\"width\":600,\"height\":600},{\"@type\":\"BreadcrumbList\",\"@id\":\"https:\/\/uniformesludo.cl\/index.php\/producto\/galvano-acrilico-porta-retratos-6277\/#breadcrumb\",\"itemListElement\":[{\"@type\":\"ListItem\",\"position\":1,\"name\":\"Portada\",\"item\":\"https:\/\/uniformesludo.cl\/\"},{\"@type\":\"ListItem\",\"position\":2,\"name\":\"Tienda\",\"item\":\"https:\/\/uniformesludo.cl\/index.php\/tienda\/\"},{\"@type\":\"ListItem\",\"position\":3,\"name\":\"Galvano Acr\u00edlico Porta Retratos 6277\"}]},{\"@type\":\"WebSite\",\"@id\":\"https:\/\/uniformesludo.cl\/#website\",\"url\":\"https:\/\/uniformesludo.cl\/\",\"name\":\"Uniformes Ludo\",\"description\":\"Es una de las empresas comercializadoras de Ropa de trabajo, confecci\u00f3n, productos de protecci\u00f3n, prevenci\u00f3n y seguridad una de las m\u00e1s importantes de nuestro pa\u00eds, reconocida a nivel Nacional, con numerosos clientes a lo largo de Chile que avalan su compromiso de calidad. De igual forma, existe una permanente preocupaci\u00f3n por mantener un servicio integral de excelencia que permita identificarnos como \u201cel mejor equipo, la mejor empresa e inversi\u00f3n\u201d.\",\"potentialAction\":[{\"@type\":\"SearchAction\",\"target\":{\"@type\":\"EntryPoint\",\"urlTemplate\":\"https:\/\/uniformesludo.cl\/?s={search_term_string}\"},\"query-input\":{\"@type\":\"PropertyValueSpecification\",\"valueRequired\":true,\"valueName\":\"search_term_string\"}}],\"inLanguage\":\"es\"}]}<\/script>\n<!-- \/ Yoast SEO plugin. -->","yoast_head_json":{"title":"Galvano Acr\u00edlico Porta Retratos 6277 - Uniformes Ludo","robots":{"index":"index","follow":"follow","max-snippet":"max-snippet:-1","max-image-preview":"max-image-preview:large","max-video-preview":"max-video-preview:-1"},"canonical":"https:\/\/uniformesludo.cl\/index.php\/producto\/galvano-acrilico-porta-retratos-6277\/","og_locale":"es_ES","og_type":"article","og_title":"Galvano Acr\u00edlico Porta Retratos 6277 - Uniformes Ludo","og_description":"6277  Galvano porta retratos de acr\u00edlico. Pilares de acr\u00edlico azul. Base acr\u00edlica transparente.  6277-3:\u00a0 100 x 170 mm.\u00a0 \u00a0C\u00f3digo: 591087485  6277-2:\u00a0 120 x 190 mm.\u00a0 \u00a0C\u00f3digo: 591087484  6277-1:\u00a0 140 x 220 mm.\u00a0 \u00a0C\u00f3digo: 591087483   Incluye caja azul de presentaci\u00f3n  No incluye grabado  Se puede grabar con l\u00e1ser.","og_url":"https:\/\/uniformesludo.cl\/index.php\/producto\/galvano-acrilico-porta-retratos-6277\/","og_site_name":"Uniformes Ludo","article_modified_time":"2024-09-05T17:14:26+00:00","og_image":[{"width":600,"height":600,"url":"https:\/\/uniformesludo.cl\/wp-content\/uploads\/2024\/09\/6277-solo-2.jpg","type":"image\/jpeg"}],"twitter_card":"summary_large_image","schema":{"@context":"https:\/\/schema.org","@graph":[{"@type":"WebPage","@id":"https:\/\/uniformesludo.cl\/index.php\/producto\/galvano-acrilico-porta-retratos-6277\/","url":"https:\/\/uniformesludo.cl\/index.php\/producto\/galvano-acrilico-porta-retratos-6277\/","name":"Galvano Acr\u00edlico Porta Retratos 6277 - Uniformes Ludo","isPartOf":{"@id":"https:\/\/uniformesludo.cl\/#website"},"primaryImageOfPage":{"@id":"https:\/\/uniformesludo.cl\/index.php\/producto\/galvano-acrilico-porta-retratos-6277\/#primaryimage"},"image":{"@id":"https:\/\/uniformesludo.cl\/index.php\/producto\/galvano-acrilico-porta-retratos-6277\/#primaryimage"},"thumbnailUrl":"https:\/\/uniformesludo.cl\/wp-content\/uploads\/2024\/09\/6277-solo-2.jpg","datePublished":"2024-09-04T16:16:19+00:00","dateModified":"2024-09-05T17:14:26+00:00","breadcrumb":{"@id":"https:\/\/uniformesludo.cl\/index.php\/producto\/galvano-acrilico-porta-retratos-6277\/#breadcrumb"},"inLanguage":"es","potentialAction":[{"@type":"ReadAction","target":["https:\/\/uniformesludo.cl\/index.php\/producto\/galvano-acrilico-porta-retratos-6277\/"]}]},{"@type":"ImageObject","inLanguage":"es","@id":"https:\/\/uniformesludo.cl\/index.php\/producto\/galvano-acrilico-porta-retratos-6277\/#primaryimage","url":"https:\/\/uniformesludo.cl\/wp-content\/uploads\/2024\/09\/6277-solo-2.jpg","contentUrl":"https:\/\/uniformesludo.cl\/wp-content\/uploads\/2024\/09\/6277-solo-2.jpg","width":600,"height":600},{"@type":"BreadcrumbList","@id":"https:\/\/uniformesludo.cl\/index.php\/producto\/galvano-acrilico-porta-retratos-6277\/#breadcrumb","itemListElement":[{"@type":"ListItem","position":1,"name":"Portada","item":"https:\/\/uniformesludo.cl\/"},{"@type":"ListItem","position":2,"name":"Tienda","item":"https:\/\/uniformesludo.cl\/index.php\/tienda\/"},{"@type":"ListItem","position":3,"name":"Galvano Acr\u00edlico Porta Retratos 6277"}]},{"@type":"WebSite","@id":"https:\/\/uniformesludo.cl\/#website","url":"https:\/\/uniformesludo.cl\/","name":"Uniformes Ludo","description":"Es una de las empresas comercializadoras de Ropa de trabajo, confecci\u00f3n, productos de protecci\u00f3n, prevenci\u00f3n y seguridad una de las m\u00e1s importantes de nuestro pa\u00eds, reconocida a nivel Nacional, con numerosos clientes a lo largo de Chile que avalan su compromiso de calidad. De igual forma, existe una permanente preocupaci\u00f3n por mantener un servicio integral de excelencia que permita identificarnos como \u201cel mejor equipo, la mejor empresa e inversi\u00f3n\u201d.","potentialAction":[{"@type":"SearchAction","target":{"@type":"EntryPoint","urlTemplate":"https:\/\/uniformesludo.cl\/?s={search_term_string}"},"query-input":{"@type":"PropertyValueSpecification","valueRequired":true,"valueName":"search_term_string"}}],"inLanguage":"es"}]}},"_links":{"self":[{"href":"https:\/\/uniformesludo.cl\/index.php\/wp-json\/wp\/v2\/product\/10017198","targetHints":{"allow":["GET"]}}],"collection":[{"href":"https:\/\/uniformesludo.cl\/index.php\/wp-json\/wp\/v2\/product"}],"about":[{"href":"https:\/\/uniformesludo.cl\/index.php\/wp-json\/wp\/v2\/types\/product"}],"replies":[{"embeddable":true,"href":"https:\/\/uniformesludo.cl\/index.php\/wp-json\/wp\/v2\/comments?post=10017198"}],"wp:featuredmedia":[{"embeddable":true,"href":"https:\/\/uniformesludo.cl\/index.php\/wp-json\/wp\/v2\/media\/10017230"}],"wp:attachment":[{"href":"https:\/\/uniformesludo.cl\/index.php\/wp-json\/wp\/v2\/media?parent=10017198"}],"wp:term":[{"taxonomy":"product_brand","embeddable":true,"href":"https:\/\/uniformesludo.cl\/index.php\/wp-json\/wp\/v2\/product_brand?post=10017198"},{"taxonomy":"product_cat","embeddable":true,"href":"https:\/\/uniformesludo.cl\/index.php\/wp-json\/wp\/v2\/product_cat?post=10017198"},{"taxonomy":"product_tag","embeddable":true,"href":"https:\/\/uniformesludo.cl\/index.php\/wp-json\/wp\/v2\/product_tag?post=10017198"}],"curies":[{"name":"wp","href":"https:\/\/api.w.org\/{rel}","templated":true}]}}