{"id":10017164,"date":"2024-09-04T16:15:53","date_gmt":"2024-09-04T16:15:53","guid":{"rendered":"https:\/\/uniformesludo.cl\/?post_type=product&#038;p=10017164"},"modified":"2024-09-04T16:16:28","modified_gmt":"2024-09-04T16:16:28","slug":"trofeo-resina-balon-zapato-zdf26","status":"publish","type":"product","link":"https:\/\/uniformesludo.cl\/index.php\/producto\/trofeo-resina-balon-zapato-zdf26\/","title":{"rendered":"Trofeo Resina Bal\u00f3n Zapato ZDF26"},"content":{"rendered":"","protected":false},"excerpt":{"rendered":"<p><span style=\"color: #000080;\"><strong>ZDF26<\/strong><\/span><\/p>\n<p><em>Trofeo de resina con forma de zapato de f\u00fatbol con bal\u00f3n. Base de resina. Presentaci\u00f3n en caja de cart\u00f3n con interior de aislapol.<\/em><\/p>\n<p>Altura 26 cm.<\/p>\n<p>Placa sugerida: 70&#215;35<\/p>\n<p>591084120<\/p>\n","protected":false},"featured_media":10017216,"comment_status":"closed","ping_status":"closed","template":"","meta":[],"product_brand":[],"product_cat":[673],"product_tag":[],"class_list":{"0":"post-10017164","1":"product","2":"type-product","3":"status-publish","4":"has-post-thumbnail","6":"product_cat-trofeos-resina","8":"first","9":"instock","10":"shipping-taxable","11":"product-type-simple"},"aioseo_notices":[],"yoast_head":"<!-- This site is optimized with the Yoast SEO plugin v26.5 - https:\/\/yoast.com\/wordpress\/plugins\/seo\/ -->\n<title>Trofeo Resina Bal\u00f3n Zapato ZDF26 - Uniformes Ludo<\/title>\n<meta name=\"robots\" content=\"index, follow, max-snippet:-1, max-image-preview:large, max-video-preview:-1\" \/>\n<link rel=\"canonical\" href=\"https:\/\/uniformesludo.cl\/index.php\/producto\/trofeo-resina-balon-zapato-zdf26\/\" \/>\n<meta property=\"og:locale\" content=\"es_ES\" \/>\n<meta property=\"og:type\" content=\"article\" \/>\n<meta property=\"og:title\" content=\"Trofeo Resina Bal\u00f3n Zapato ZDF26 - Uniformes Ludo\" \/>\n<meta property=\"og:description\" content=\"ZDF26  Trofeo de resina con forma de zapato de f\u00fatbol con bal\u00f3n. Base de resina. Presentaci\u00f3n en caja de cart\u00f3n con interior de aislapol.  Altura 26 cm.  Placa sugerida: 70x35  591084120\" \/>\n<meta property=\"og:url\" content=\"https:\/\/uniformesludo.cl\/index.php\/producto\/trofeo-resina-balon-zapato-zdf26\/\" \/>\n<meta property=\"og:site_name\" content=\"Uniformes Ludo\" \/>\n<meta property=\"article:modified_time\" content=\"2024-09-04T16:16:28+00:00\" \/>\n<meta property=\"og:image\" content=\"https:\/\/uniformesludo.cl\/wp-content\/uploads\/2024\/09\/00_0008_balon-zapato.jpg\" \/>\n\t<meta property=\"og:image:width\" content=\"500\" \/>\n\t<meta property=\"og:image:height\" content=\"500\" \/>\n\t<meta property=\"og:image:type\" content=\"image\/jpeg\" \/>\n<meta name=\"twitter:card\" content=\"summary_large_image\" \/>\n<script type=\"application\/ld+json\" class=\"yoast-schema-graph\">{\"@context\":\"https:\/\/schema.org\",\"@graph\":[{\"@type\":\"WebPage\",\"@id\":\"https:\/\/uniformesludo.cl\/index.php\/producto\/trofeo-resina-balon-zapato-zdf26\/\",\"url\":\"https:\/\/uniformesludo.cl\/index.php\/producto\/trofeo-resina-balon-zapato-zdf26\/\",\"name\":\"Trofeo Resina Bal\u00f3n Zapato ZDF26 - Uniformes Ludo\",\"isPartOf\":{\"@id\":\"https:\/\/uniformesludo.cl\/#website\"},\"primaryImageOfPage\":{\"@id\":\"https:\/\/uniformesludo.cl\/index.php\/producto\/trofeo-resina-balon-zapato-zdf26\/#primaryimage\"},\"image\":{\"@id\":\"https:\/\/uniformesludo.cl\/index.php\/producto\/trofeo-resina-balon-zapato-zdf26\/#primaryimage\"},\"thumbnailUrl\":\"https:\/\/uniformesludo.cl\/wp-content\/uploads\/2024\/09\/00_0008_balon-zapato.jpg\",\"datePublished\":\"2024-09-04T16:15:53+00:00\",\"dateModified\":\"2024-09-04T16:16:28+00:00\",\"breadcrumb\":{\"@id\":\"https:\/\/uniformesludo.cl\/index.php\/producto\/trofeo-resina-balon-zapato-zdf26\/#breadcrumb\"},\"inLanguage\":\"es\",\"potentialAction\":[{\"@type\":\"ReadAction\",\"target\":[\"https:\/\/uniformesludo.cl\/index.php\/producto\/trofeo-resina-balon-zapato-zdf26\/\"]}]},{\"@type\":\"ImageObject\",\"inLanguage\":\"es\",\"@id\":\"https:\/\/uniformesludo.cl\/index.php\/producto\/trofeo-resina-balon-zapato-zdf26\/#primaryimage\",\"url\":\"https:\/\/uniformesludo.cl\/wp-content\/uploads\/2024\/09\/00_0008_balon-zapato.jpg\",\"contentUrl\":\"https:\/\/uniformesludo.cl\/wp-content\/uploads\/2024\/09\/00_0008_balon-zapato.jpg\",\"width\":500,\"height\":500},{\"@type\":\"BreadcrumbList\",\"@id\":\"https:\/\/uniformesludo.cl\/index.php\/producto\/trofeo-resina-balon-zapato-zdf26\/#breadcrumb\",\"itemListElement\":[{\"@type\":\"ListItem\",\"position\":1,\"name\":\"Portada\",\"item\":\"https:\/\/uniformesludo.cl\/\"},{\"@type\":\"ListItem\",\"position\":2,\"name\":\"Tienda\",\"item\":\"https:\/\/uniformesludo.cl\/index.php\/tienda\/\"},{\"@type\":\"ListItem\",\"position\":3,\"name\":\"Trofeo Resina Bal\u00f3n Zapato ZDF26\"}]},{\"@type\":\"WebSite\",\"@id\":\"https:\/\/uniformesludo.cl\/#website\",\"url\":\"https:\/\/uniformesludo.cl\/\",\"name\":\"Uniformes Ludo\",\"description\":\"Es una de las empresas comercializadoras de Ropa de trabajo, confecci\u00f3n, productos de protecci\u00f3n, prevenci\u00f3n y seguridad una de las m\u00e1s importantes de nuestro pa\u00eds, reconocida a nivel Nacional, con numerosos clientes a lo largo de Chile que avalan su compromiso de calidad. De igual forma, existe una permanente preocupaci\u00f3n por mantener un servicio integral de excelencia que permita identificarnos como \u201cel mejor equipo, la mejor empresa e inversi\u00f3n\u201d.\",\"potentialAction\":[{\"@type\":\"SearchAction\",\"target\":{\"@type\":\"EntryPoint\",\"urlTemplate\":\"https:\/\/uniformesludo.cl\/?s={search_term_string}\"},\"query-input\":{\"@type\":\"PropertyValueSpecification\",\"valueRequired\":true,\"valueName\":\"search_term_string\"}}],\"inLanguage\":\"es\"}]}<\/script>\n<!-- \/ Yoast SEO plugin. -->","yoast_head_json":{"title":"Trofeo Resina Bal\u00f3n Zapato ZDF26 - Uniformes Ludo","robots":{"index":"index","follow":"follow","max-snippet":"max-snippet:-1","max-image-preview":"max-image-preview:large","max-video-preview":"max-video-preview:-1"},"canonical":"https:\/\/uniformesludo.cl\/index.php\/producto\/trofeo-resina-balon-zapato-zdf26\/","og_locale":"es_ES","og_type":"article","og_title":"Trofeo Resina Bal\u00f3n Zapato ZDF26 - Uniformes Ludo","og_description":"ZDF26  Trofeo de resina con forma de zapato de f\u00fatbol con bal\u00f3n. Base de resina. Presentaci\u00f3n en caja de cart\u00f3n con interior de aislapol.  Altura 26 cm.  Placa sugerida: 70x35  591084120","og_url":"https:\/\/uniformesludo.cl\/index.php\/producto\/trofeo-resina-balon-zapato-zdf26\/","og_site_name":"Uniformes Ludo","article_modified_time":"2024-09-04T16:16:28+00:00","og_image":[{"width":500,"height":500,"url":"https:\/\/uniformesludo.cl\/wp-content\/uploads\/2024\/09\/00_0008_balon-zapato.jpg","type":"image\/jpeg"}],"twitter_card":"summary_large_image","schema":{"@context":"https:\/\/schema.org","@graph":[{"@type":"WebPage","@id":"https:\/\/uniformesludo.cl\/index.php\/producto\/trofeo-resina-balon-zapato-zdf26\/","url":"https:\/\/uniformesludo.cl\/index.php\/producto\/trofeo-resina-balon-zapato-zdf26\/","name":"Trofeo Resina Bal\u00f3n Zapato ZDF26 - Uniformes Ludo","isPartOf":{"@id":"https:\/\/uniformesludo.cl\/#website"},"primaryImageOfPage":{"@id":"https:\/\/uniformesludo.cl\/index.php\/producto\/trofeo-resina-balon-zapato-zdf26\/#primaryimage"},"image":{"@id":"https:\/\/uniformesludo.cl\/index.php\/producto\/trofeo-resina-balon-zapato-zdf26\/#primaryimage"},"thumbnailUrl":"https:\/\/uniformesludo.cl\/wp-content\/uploads\/2024\/09\/00_0008_balon-zapato.jpg","datePublished":"2024-09-04T16:15:53+00:00","dateModified":"2024-09-04T16:16:28+00:00","breadcrumb":{"@id":"https:\/\/uniformesludo.cl\/index.php\/producto\/trofeo-resina-balon-zapato-zdf26\/#breadcrumb"},"inLanguage":"es","potentialAction":[{"@type":"ReadAction","target":["https:\/\/uniformesludo.cl\/index.php\/producto\/trofeo-resina-balon-zapato-zdf26\/"]}]},{"@type":"ImageObject","inLanguage":"es","@id":"https:\/\/uniformesludo.cl\/index.php\/producto\/trofeo-resina-balon-zapato-zdf26\/#primaryimage","url":"https:\/\/uniformesludo.cl\/wp-content\/uploads\/2024\/09\/00_0008_balon-zapato.jpg","contentUrl":"https:\/\/uniformesludo.cl\/wp-content\/uploads\/2024\/09\/00_0008_balon-zapato.jpg","width":500,"height":500},{"@type":"BreadcrumbList","@id":"https:\/\/uniformesludo.cl\/index.php\/producto\/trofeo-resina-balon-zapato-zdf26\/#breadcrumb","itemListElement":[{"@type":"ListItem","position":1,"name":"Portada","item":"https:\/\/uniformesludo.cl\/"},{"@type":"ListItem","position":2,"name":"Tienda","item":"https:\/\/uniformesludo.cl\/index.php\/tienda\/"},{"@type":"ListItem","position":3,"name":"Trofeo Resina Bal\u00f3n Zapato ZDF26"}]},{"@type":"WebSite","@id":"https:\/\/uniformesludo.cl\/#website","url":"https:\/\/uniformesludo.cl\/","name":"Uniformes Ludo","description":"Es una de las empresas comercializadoras de Ropa de trabajo, confecci\u00f3n, productos de protecci\u00f3n, prevenci\u00f3n y seguridad una de las m\u00e1s importantes de nuestro pa\u00eds, reconocida a nivel Nacional, con numerosos clientes a lo largo de Chile que avalan su compromiso de calidad. De igual forma, existe una permanente preocupaci\u00f3n por mantener un servicio integral de excelencia que permita identificarnos como \u201cel mejor equipo, la mejor empresa e inversi\u00f3n\u201d.","potentialAction":[{"@type":"SearchAction","target":{"@type":"EntryPoint","urlTemplate":"https:\/\/uniformesludo.cl\/?s={search_term_string}"},"query-input":{"@type":"PropertyValueSpecification","valueRequired":true,"valueName":"search_term_string"}}],"inLanguage":"es"}]}},"_links":{"self":[{"href":"https:\/\/uniformesludo.cl\/index.php\/wp-json\/wp\/v2\/product\/10017164","targetHints":{"allow":["GET"]}}],"collection":[{"href":"https:\/\/uniformesludo.cl\/index.php\/wp-json\/wp\/v2\/product"}],"about":[{"href":"https:\/\/uniformesludo.cl\/index.php\/wp-json\/wp\/v2\/types\/product"}],"replies":[{"embeddable":true,"href":"https:\/\/uniformesludo.cl\/index.php\/wp-json\/wp\/v2\/comments?post=10017164"}],"wp:featuredmedia":[{"embeddable":true,"href":"https:\/\/uniformesludo.cl\/index.php\/wp-json\/wp\/v2\/media\/10017216"}],"wp:attachment":[{"href":"https:\/\/uniformesludo.cl\/index.php\/wp-json\/wp\/v2\/media?parent=10017164"}],"wp:term":[{"taxonomy":"product_brand","embeddable":true,"href":"https:\/\/uniformesludo.cl\/index.php\/wp-json\/wp\/v2\/product_brand?post=10017164"},{"taxonomy":"product_cat","embeddable":true,"href":"https:\/\/uniformesludo.cl\/index.php\/wp-json\/wp\/v2\/product_cat?post=10017164"},{"taxonomy":"product_tag","embeddable":true,"href":"https:\/\/uniformesludo.cl\/index.php\/wp-json\/wp\/v2\/product_tag?post=10017164"}],"curies":[{"name":"wp","href":"https:\/\/api.w.org\/{rel}","templated":true}]}}