{"id":10017147,"date":"2024-09-04T16:15:51","date_gmt":"2024-09-04T16:15:51","guid":{"rendered":"https:\/\/uniformesludo.cl\/?post_type=product&#038;p=10017147"},"modified":"2024-09-04T16:16:03","modified_gmt":"2024-09-04T16:16:03","slug":"trofeo-resina-bandera-a-cuadros-6022908","status":"publish","type":"product","link":"https:\/\/uniformesludo.cl\/index.php\/producto\/trofeo-resina-bandera-a-cuadros-6022908\/","title":{"rendered":"Trofeo Resina Bandera a Cuadros 6022908"},"content":{"rendered":"","protected":false},"excerpt":{"rendered":"<p><span style=\"color: #000080;\"><b>6022908<\/b><\/span><\/p>\n<p><em>Trofeo de resina con tem\u00e1tica de carrera. Base de resina. Presentaci\u00f3n en caja de cart\u00f3n con interior de aislapol.<\/em><\/p>\n<p>Altura 18 cm.<\/p>\n<p>Placa sugerida: 62&#215;25<\/p>\n<p>591084124<\/p>\n","protected":false},"featured_media":10017177,"comment_status":"closed","ping_status":"closed","template":"","meta":[],"product_brand":[],"product_cat":[673],"product_tag":[],"class_list":{"0":"post-10017147","1":"product","2":"type-product","3":"status-publish","4":"has-post-thumbnail","6":"product_cat-trofeos-resina","8":"first","9":"instock","10":"shipping-taxable","11":"product-type-simple"},"aioseo_notices":[],"yoast_head":"<!-- This site is optimized with the Yoast SEO plugin v26.5 - https:\/\/yoast.com\/wordpress\/plugins\/seo\/ -->\n<title>Trofeo Resina Bandera a Cuadros 6022908 - Uniformes Ludo<\/title>\n<meta name=\"robots\" content=\"index, follow, max-snippet:-1, max-image-preview:large, max-video-preview:-1\" \/>\n<link rel=\"canonical\" href=\"https:\/\/uniformesludo.cl\/index.php\/producto\/trofeo-resina-bandera-a-cuadros-6022908\/\" \/>\n<meta property=\"og:locale\" content=\"es_ES\" \/>\n<meta property=\"og:type\" content=\"article\" \/>\n<meta property=\"og:title\" content=\"Trofeo Resina Bandera a Cuadros 6022908 - Uniformes Ludo\" \/>\n<meta property=\"og:description\" content=\"6022908  Trofeo de resina con tem\u00e1tica de carrera. Base de resina. Presentaci\u00f3n en caja de cart\u00f3n con interior de aislapol.  Altura 18 cm.  Placa sugerida: 62x25  591084124\" \/>\n<meta property=\"og:url\" content=\"https:\/\/uniformesludo.cl\/index.php\/producto\/trofeo-resina-bandera-a-cuadros-6022908\/\" \/>\n<meta property=\"og:site_name\" content=\"Uniformes Ludo\" \/>\n<meta property=\"article:modified_time\" content=\"2024-09-04T16:16:03+00:00\" \/>\n<meta property=\"og:image\" content=\"https:\/\/uniformesludo.cl\/wp-content\/uploads\/2024\/09\/602-29-08.jpg\" \/>\n\t<meta property=\"og:image:width\" content=\"600\" \/>\n\t<meta property=\"og:image:height\" content=\"600\" \/>\n\t<meta property=\"og:image:type\" content=\"image\/jpeg\" \/>\n<meta name=\"twitter:card\" content=\"summary_large_image\" \/>\n<script type=\"application\/ld+json\" class=\"yoast-schema-graph\">{\"@context\":\"https:\/\/schema.org\",\"@graph\":[{\"@type\":\"WebPage\",\"@id\":\"https:\/\/uniformesludo.cl\/index.php\/producto\/trofeo-resina-bandera-a-cuadros-6022908\/\",\"url\":\"https:\/\/uniformesludo.cl\/index.php\/producto\/trofeo-resina-bandera-a-cuadros-6022908\/\",\"name\":\"Trofeo Resina Bandera a Cuadros 6022908 - Uniformes Ludo\",\"isPartOf\":{\"@id\":\"https:\/\/uniformesludo.cl\/#website\"},\"primaryImageOfPage\":{\"@id\":\"https:\/\/uniformesludo.cl\/index.php\/producto\/trofeo-resina-bandera-a-cuadros-6022908\/#primaryimage\"},\"image\":{\"@id\":\"https:\/\/uniformesludo.cl\/index.php\/producto\/trofeo-resina-bandera-a-cuadros-6022908\/#primaryimage\"},\"thumbnailUrl\":\"https:\/\/uniformesludo.cl\/wp-content\/uploads\/2024\/09\/602-29-08.jpg\",\"datePublished\":\"2024-09-04T16:15:51+00:00\",\"dateModified\":\"2024-09-04T16:16:03+00:00\",\"breadcrumb\":{\"@id\":\"https:\/\/uniformesludo.cl\/index.php\/producto\/trofeo-resina-bandera-a-cuadros-6022908\/#breadcrumb\"},\"inLanguage\":\"es\",\"potentialAction\":[{\"@type\":\"ReadAction\",\"target\":[\"https:\/\/uniformesludo.cl\/index.php\/producto\/trofeo-resina-bandera-a-cuadros-6022908\/\"]}]},{\"@type\":\"ImageObject\",\"inLanguage\":\"es\",\"@id\":\"https:\/\/uniformesludo.cl\/index.php\/producto\/trofeo-resina-bandera-a-cuadros-6022908\/#primaryimage\",\"url\":\"https:\/\/uniformesludo.cl\/wp-content\/uploads\/2024\/09\/602-29-08.jpg\",\"contentUrl\":\"https:\/\/uniformesludo.cl\/wp-content\/uploads\/2024\/09\/602-29-08.jpg\",\"width\":600,\"height\":600},{\"@type\":\"BreadcrumbList\",\"@id\":\"https:\/\/uniformesludo.cl\/index.php\/producto\/trofeo-resina-bandera-a-cuadros-6022908\/#breadcrumb\",\"itemListElement\":[{\"@type\":\"ListItem\",\"position\":1,\"name\":\"Portada\",\"item\":\"https:\/\/uniformesludo.cl\/\"},{\"@type\":\"ListItem\",\"position\":2,\"name\":\"Tienda\",\"item\":\"https:\/\/uniformesludo.cl\/index.php\/tienda\/\"},{\"@type\":\"ListItem\",\"position\":3,\"name\":\"Trofeo Resina Bandera a Cuadros 6022908\"}]},{\"@type\":\"WebSite\",\"@id\":\"https:\/\/uniformesludo.cl\/#website\",\"url\":\"https:\/\/uniformesludo.cl\/\",\"name\":\"Uniformes Ludo\",\"description\":\"Es una de las empresas comercializadoras de Ropa de trabajo, confecci\u00f3n, productos de protecci\u00f3n, prevenci\u00f3n y seguridad una de las m\u00e1s importantes de nuestro pa\u00eds, reconocida a nivel Nacional, con numerosos clientes a lo largo de Chile que avalan su compromiso de calidad. De igual forma, existe una permanente preocupaci\u00f3n por mantener un servicio integral de excelencia que permita identificarnos como \u201cel mejor equipo, la mejor empresa e inversi\u00f3n\u201d.\",\"potentialAction\":[{\"@type\":\"SearchAction\",\"target\":{\"@type\":\"EntryPoint\",\"urlTemplate\":\"https:\/\/uniformesludo.cl\/?s={search_term_string}\"},\"query-input\":{\"@type\":\"PropertyValueSpecification\",\"valueRequired\":true,\"valueName\":\"search_term_string\"}}],\"inLanguage\":\"es\"}]}<\/script>\n<!-- \/ Yoast SEO plugin. -->","yoast_head_json":{"title":"Trofeo Resina Bandera a Cuadros 6022908 - Uniformes Ludo","robots":{"index":"index","follow":"follow","max-snippet":"max-snippet:-1","max-image-preview":"max-image-preview:large","max-video-preview":"max-video-preview:-1"},"canonical":"https:\/\/uniformesludo.cl\/index.php\/producto\/trofeo-resina-bandera-a-cuadros-6022908\/","og_locale":"es_ES","og_type":"article","og_title":"Trofeo Resina Bandera a Cuadros 6022908 - Uniformes Ludo","og_description":"6022908  Trofeo de resina con tem\u00e1tica de carrera. Base de resina. Presentaci\u00f3n en caja de cart\u00f3n con interior de aislapol.  Altura 18 cm.  Placa sugerida: 62x25  591084124","og_url":"https:\/\/uniformesludo.cl\/index.php\/producto\/trofeo-resina-bandera-a-cuadros-6022908\/","og_site_name":"Uniformes Ludo","article_modified_time":"2024-09-04T16:16:03+00:00","og_image":[{"width":600,"height":600,"url":"https:\/\/uniformesludo.cl\/wp-content\/uploads\/2024\/09\/602-29-08.jpg","type":"image\/jpeg"}],"twitter_card":"summary_large_image","schema":{"@context":"https:\/\/schema.org","@graph":[{"@type":"WebPage","@id":"https:\/\/uniformesludo.cl\/index.php\/producto\/trofeo-resina-bandera-a-cuadros-6022908\/","url":"https:\/\/uniformesludo.cl\/index.php\/producto\/trofeo-resina-bandera-a-cuadros-6022908\/","name":"Trofeo Resina Bandera a Cuadros 6022908 - Uniformes Ludo","isPartOf":{"@id":"https:\/\/uniformesludo.cl\/#website"},"primaryImageOfPage":{"@id":"https:\/\/uniformesludo.cl\/index.php\/producto\/trofeo-resina-bandera-a-cuadros-6022908\/#primaryimage"},"image":{"@id":"https:\/\/uniformesludo.cl\/index.php\/producto\/trofeo-resina-bandera-a-cuadros-6022908\/#primaryimage"},"thumbnailUrl":"https:\/\/uniformesludo.cl\/wp-content\/uploads\/2024\/09\/602-29-08.jpg","datePublished":"2024-09-04T16:15:51+00:00","dateModified":"2024-09-04T16:16:03+00:00","breadcrumb":{"@id":"https:\/\/uniformesludo.cl\/index.php\/producto\/trofeo-resina-bandera-a-cuadros-6022908\/#breadcrumb"},"inLanguage":"es","potentialAction":[{"@type":"ReadAction","target":["https:\/\/uniformesludo.cl\/index.php\/producto\/trofeo-resina-bandera-a-cuadros-6022908\/"]}]},{"@type":"ImageObject","inLanguage":"es","@id":"https:\/\/uniformesludo.cl\/index.php\/producto\/trofeo-resina-bandera-a-cuadros-6022908\/#primaryimage","url":"https:\/\/uniformesludo.cl\/wp-content\/uploads\/2024\/09\/602-29-08.jpg","contentUrl":"https:\/\/uniformesludo.cl\/wp-content\/uploads\/2024\/09\/602-29-08.jpg","width":600,"height":600},{"@type":"BreadcrumbList","@id":"https:\/\/uniformesludo.cl\/index.php\/producto\/trofeo-resina-bandera-a-cuadros-6022908\/#breadcrumb","itemListElement":[{"@type":"ListItem","position":1,"name":"Portada","item":"https:\/\/uniformesludo.cl\/"},{"@type":"ListItem","position":2,"name":"Tienda","item":"https:\/\/uniformesludo.cl\/index.php\/tienda\/"},{"@type":"ListItem","position":3,"name":"Trofeo Resina Bandera a Cuadros 6022908"}]},{"@type":"WebSite","@id":"https:\/\/uniformesludo.cl\/#website","url":"https:\/\/uniformesludo.cl\/","name":"Uniformes Ludo","description":"Es una de las empresas comercializadoras de Ropa de trabajo, confecci\u00f3n, productos de protecci\u00f3n, prevenci\u00f3n y seguridad una de las m\u00e1s importantes de nuestro pa\u00eds, reconocida a nivel Nacional, con numerosos clientes a lo largo de Chile que avalan su compromiso de calidad. De igual forma, existe una permanente preocupaci\u00f3n por mantener un servicio integral de excelencia que permita identificarnos como \u201cel mejor equipo, la mejor empresa e inversi\u00f3n\u201d.","potentialAction":[{"@type":"SearchAction","target":{"@type":"EntryPoint","urlTemplate":"https:\/\/uniformesludo.cl\/?s={search_term_string}"},"query-input":{"@type":"PropertyValueSpecification","valueRequired":true,"valueName":"search_term_string"}}],"inLanguage":"es"}]}},"_links":{"self":[{"href":"https:\/\/uniformesludo.cl\/index.php\/wp-json\/wp\/v2\/product\/10017147","targetHints":{"allow":["GET"]}}],"collection":[{"href":"https:\/\/uniformesludo.cl\/index.php\/wp-json\/wp\/v2\/product"}],"about":[{"href":"https:\/\/uniformesludo.cl\/index.php\/wp-json\/wp\/v2\/types\/product"}],"replies":[{"embeddable":true,"href":"https:\/\/uniformesludo.cl\/index.php\/wp-json\/wp\/v2\/comments?post=10017147"}],"wp:featuredmedia":[{"embeddable":true,"href":"https:\/\/uniformesludo.cl\/index.php\/wp-json\/wp\/v2\/media\/10017177"}],"wp:attachment":[{"href":"https:\/\/uniformesludo.cl\/index.php\/wp-json\/wp\/v2\/media?parent=10017147"}],"wp:term":[{"taxonomy":"product_brand","embeddable":true,"href":"https:\/\/uniformesludo.cl\/index.php\/wp-json\/wp\/v2\/product_brand?post=10017147"},{"taxonomy":"product_cat","embeddable":true,"href":"https:\/\/uniformesludo.cl\/index.php\/wp-json\/wp\/v2\/product_cat?post=10017147"},{"taxonomy":"product_tag","embeddable":true,"href":"https:\/\/uniformesludo.cl\/index.php\/wp-json\/wp\/v2\/product_tag?post=10017147"}],"curies":[{"name":"wp","href":"https:\/\/api.w.org\/{rel}","templated":true}]}}