{"id":10016852,"date":"2024-09-04T16:11:22","date_gmt":"2024-09-04T16:11:22","guid":{"rendered":"https:\/\/uniformesludo.cl\/?post_type=product&#038;p=10016852"},"modified":"2024-09-05T17:14:16","modified_gmt":"2024-09-05T17:14:16","slug":"copa-jg-2307","status":"publish","type":"product","link":"https:\/\/uniformesludo.cl\/index.php\/producto\/copa-jg-2307\/","title":{"rendered":"Copa JG 2307"},"content":{"rendered":"","protected":false},"excerpt":{"rendered":"<p><span style=\"color: #000080;\"><strong>JG 2307<\/strong><\/span><\/p>\n<ul>\n<li><em>Cop\u00f3n Met\u00e1lico<\/em><\/li>\n<li><em>Cuerpo Met\u00e1lico<\/em><\/li>\n<li><em>Base de Madera<\/em><\/li>\n<\/ul>\n<table width=\"366\">\n<tbody>\n<tr>\n<td width=\"37\"><\/td>\n<td width=\"68\">\n<h5>Altura cm.<\/h5>\n<\/td>\n<td width=\"94\">\n<h5>Di\u00e1metro cm.<\/h5>\n<\/td>\n<td width=\"87\">\n<h5>C\u00f3digo<\/h5>\n<\/td>\n<td width=\"80\">\n<h5>Placa mm.<\/h5>\n<\/td>\n<\/tr>\n<tr>\n<td width=\"37\">\n<h5>A<\/h5>\n<\/td>\n<td width=\"68\">\n<h5>60<\/h5>\n<\/td>\n<td width=\"94\">\n<h5>20<\/h5>\n<\/td>\n<td>\n<h5>591095560<\/h5>\n<\/td>\n<td>\n<h5>100&#215;50<\/h5>\n<\/td>\n<\/tr>\n<tr>\n<td width=\"37\">\n<h5>B<\/h5>\n<\/td>\n<td width=\"68\">\n<h5>57<\/h5>\n<\/td>\n<td width=\"94\">\n<h5>18<\/h5>\n<\/td>\n<td>\n<h5>591095561<\/h5>\n<\/td>\n<td>\n<h5>90&#215;35<\/h5>\n<\/td>\n<\/tr>\n<tr>\n<td width=\"37\">\n<h5>C<\/h5>\n<\/td>\n<td width=\"68\">\n<h5>51<\/h5>\n<\/td>\n<td width=\"94\">\n<h5>16<\/h5>\n<\/td>\n<td>\n<h5>591095562<\/h5>\n<\/td>\n<td>\n<h5>90&#215;35<\/h5>\n<\/td>\n<\/tr>\n<\/tbody>\n<\/table>\n<p>&nbsp;<\/p>\n","protected":false},"featured_media":10016894,"comment_status":"closed","ping_status":"closed","template":"","meta":[],"product_brand":[],"product_cat":[660],"product_tag":[],"class_list":{"0":"post-10016852","1":"product","2":"type-product","3":"status-publish","4":"has-post-thumbnail","6":"product_cat-copas-linea-clasica","8":"first","9":"instock","10":"shipping-taxable","11":"purchasable","12":"product-type-variable"},"aioseo_notices":[],"yoast_head":"<!-- This site is optimized with the Yoast SEO plugin v26.5 - https:\/\/yoast.com\/wordpress\/plugins\/seo\/ -->\n<title>Copa JG 2307 - Uniformes Ludo<\/title>\n<meta name=\"robots\" content=\"index, follow, max-snippet:-1, max-image-preview:large, max-video-preview:-1\" \/>\n<link rel=\"canonical\" href=\"https:\/\/uniformesludo.cl\/index.php\/producto\/copa-jg-2307\/\" \/>\n<meta property=\"og:locale\" content=\"es_ES\" \/>\n<meta property=\"og:type\" content=\"article\" \/>\n<meta property=\"og:title\" content=\"Copa JG 2307 - Uniformes Ludo\" \/>\n<meta property=\"og:description\" content=\"JG 2307   Cop\u00f3n Met\u00e1lico  Cuerpo Met\u00e1lico  Base de Madera       Altura cm.   Di\u00e1metro cm.   C\u00f3digo   Placa mm.     A   60   20   591095560   100x50     B   57   18   591095561   90x35     C   51   16   591095562   90x35     &nbsp;\" \/>\n<meta property=\"og:url\" content=\"https:\/\/uniformesludo.cl\/index.php\/producto\/copa-jg-2307\/\" \/>\n<meta property=\"og:site_name\" content=\"Uniformes Ludo\" \/>\n<meta property=\"article:modified_time\" content=\"2024-09-05T17:14:16+00:00\" \/>\n<meta property=\"og:image\" content=\"https:\/\/uniformesludo.cl\/wp-content\/uploads\/2024\/09\/copa_plata_jg2307.jpg\" \/>\n\t<meta property=\"og:image:width\" content=\"500\" \/>\n\t<meta property=\"og:image:height\" content=\"500\" \/>\n\t<meta property=\"og:image:type\" content=\"image\/jpeg\" \/>\n<meta name=\"twitter:card\" content=\"summary_large_image\" \/>\n<script type=\"application\/ld+json\" class=\"yoast-schema-graph\">{\"@context\":\"https:\/\/schema.org\",\"@graph\":[{\"@type\":\"WebPage\",\"@id\":\"https:\/\/uniformesludo.cl\/index.php\/producto\/copa-jg-2307\/\",\"url\":\"https:\/\/uniformesludo.cl\/index.php\/producto\/copa-jg-2307\/\",\"name\":\"Copa JG 2307 - Uniformes Ludo\",\"isPartOf\":{\"@id\":\"https:\/\/uniformesludo.cl\/#website\"},\"primaryImageOfPage\":{\"@id\":\"https:\/\/uniformesludo.cl\/index.php\/producto\/copa-jg-2307\/#primaryimage\"},\"image\":{\"@id\":\"https:\/\/uniformesludo.cl\/index.php\/producto\/copa-jg-2307\/#primaryimage\"},\"thumbnailUrl\":\"https:\/\/uniformesludo.cl\/wp-content\/uploads\/2024\/09\/copa_plata_jg2307.jpg\",\"datePublished\":\"2024-09-04T16:11:22+00:00\",\"dateModified\":\"2024-09-05T17:14:16+00:00\",\"breadcrumb\":{\"@id\":\"https:\/\/uniformesludo.cl\/index.php\/producto\/copa-jg-2307\/#breadcrumb\"},\"inLanguage\":\"es\",\"potentialAction\":[{\"@type\":\"ReadAction\",\"target\":[\"https:\/\/uniformesludo.cl\/index.php\/producto\/copa-jg-2307\/\"]}]},{\"@type\":\"ImageObject\",\"inLanguage\":\"es\",\"@id\":\"https:\/\/uniformesludo.cl\/index.php\/producto\/copa-jg-2307\/#primaryimage\",\"url\":\"https:\/\/uniformesludo.cl\/wp-content\/uploads\/2024\/09\/copa_plata_jg2307.jpg\",\"contentUrl\":\"https:\/\/uniformesludo.cl\/wp-content\/uploads\/2024\/09\/copa_plata_jg2307.jpg\",\"width\":500,\"height\":500},{\"@type\":\"BreadcrumbList\",\"@id\":\"https:\/\/uniformesludo.cl\/index.php\/producto\/copa-jg-2307\/#breadcrumb\",\"itemListElement\":[{\"@type\":\"ListItem\",\"position\":1,\"name\":\"Portada\",\"item\":\"https:\/\/uniformesludo.cl\/\"},{\"@type\":\"ListItem\",\"position\":2,\"name\":\"Tienda\",\"item\":\"https:\/\/uniformesludo.cl\/index.php\/tienda\/\"},{\"@type\":\"ListItem\",\"position\":3,\"name\":\"Copa JG 2307\"}]},{\"@type\":\"WebSite\",\"@id\":\"https:\/\/uniformesludo.cl\/#website\",\"url\":\"https:\/\/uniformesludo.cl\/\",\"name\":\"Uniformes Ludo\",\"description\":\"Es una de las empresas comercializadoras de Ropa de trabajo, confecci\u00f3n, productos de protecci\u00f3n, prevenci\u00f3n y seguridad una de las m\u00e1s importantes de nuestro pa\u00eds, reconocida a nivel Nacional, con numerosos clientes a lo largo de Chile que avalan su compromiso de calidad. De igual forma, existe una permanente preocupaci\u00f3n por mantener un servicio integral de excelencia que permita identificarnos como \u201cel mejor equipo, la mejor empresa e inversi\u00f3n\u201d.\",\"potentialAction\":[{\"@type\":\"SearchAction\",\"target\":{\"@type\":\"EntryPoint\",\"urlTemplate\":\"https:\/\/uniformesludo.cl\/?s={search_term_string}\"},\"query-input\":{\"@type\":\"PropertyValueSpecification\",\"valueRequired\":true,\"valueName\":\"search_term_string\"}}],\"inLanguage\":\"es\"}]}<\/script>\n<!-- \/ Yoast SEO plugin. -->","yoast_head_json":{"title":"Copa JG 2307 - Uniformes Ludo","robots":{"index":"index","follow":"follow","max-snippet":"max-snippet:-1","max-image-preview":"max-image-preview:large","max-video-preview":"max-video-preview:-1"},"canonical":"https:\/\/uniformesludo.cl\/index.php\/producto\/copa-jg-2307\/","og_locale":"es_ES","og_type":"article","og_title":"Copa JG 2307 - Uniformes Ludo","og_description":"JG 2307   Cop\u00f3n Met\u00e1lico  Cuerpo Met\u00e1lico  Base de Madera       Altura cm.   Di\u00e1metro cm.   C\u00f3digo   Placa mm.     A   60   20   591095560   100x50     B   57   18   591095561   90x35     C   51   16   591095562   90x35     &nbsp;","og_url":"https:\/\/uniformesludo.cl\/index.php\/producto\/copa-jg-2307\/","og_site_name":"Uniformes Ludo","article_modified_time":"2024-09-05T17:14:16+00:00","og_image":[{"width":500,"height":500,"url":"https:\/\/uniformesludo.cl\/wp-content\/uploads\/2024\/09\/copa_plata_jg2307.jpg","type":"image\/jpeg"}],"twitter_card":"summary_large_image","schema":{"@context":"https:\/\/schema.org","@graph":[{"@type":"WebPage","@id":"https:\/\/uniformesludo.cl\/index.php\/producto\/copa-jg-2307\/","url":"https:\/\/uniformesludo.cl\/index.php\/producto\/copa-jg-2307\/","name":"Copa JG 2307 - Uniformes Ludo","isPartOf":{"@id":"https:\/\/uniformesludo.cl\/#website"},"primaryImageOfPage":{"@id":"https:\/\/uniformesludo.cl\/index.php\/producto\/copa-jg-2307\/#primaryimage"},"image":{"@id":"https:\/\/uniformesludo.cl\/index.php\/producto\/copa-jg-2307\/#primaryimage"},"thumbnailUrl":"https:\/\/uniformesludo.cl\/wp-content\/uploads\/2024\/09\/copa_plata_jg2307.jpg","datePublished":"2024-09-04T16:11:22+00:00","dateModified":"2024-09-05T17:14:16+00:00","breadcrumb":{"@id":"https:\/\/uniformesludo.cl\/index.php\/producto\/copa-jg-2307\/#breadcrumb"},"inLanguage":"es","potentialAction":[{"@type":"ReadAction","target":["https:\/\/uniformesludo.cl\/index.php\/producto\/copa-jg-2307\/"]}]},{"@type":"ImageObject","inLanguage":"es","@id":"https:\/\/uniformesludo.cl\/index.php\/producto\/copa-jg-2307\/#primaryimage","url":"https:\/\/uniformesludo.cl\/wp-content\/uploads\/2024\/09\/copa_plata_jg2307.jpg","contentUrl":"https:\/\/uniformesludo.cl\/wp-content\/uploads\/2024\/09\/copa_plata_jg2307.jpg","width":500,"height":500},{"@type":"BreadcrumbList","@id":"https:\/\/uniformesludo.cl\/index.php\/producto\/copa-jg-2307\/#breadcrumb","itemListElement":[{"@type":"ListItem","position":1,"name":"Portada","item":"https:\/\/uniformesludo.cl\/"},{"@type":"ListItem","position":2,"name":"Tienda","item":"https:\/\/uniformesludo.cl\/index.php\/tienda\/"},{"@type":"ListItem","position":3,"name":"Copa JG 2307"}]},{"@type":"WebSite","@id":"https:\/\/uniformesludo.cl\/#website","url":"https:\/\/uniformesludo.cl\/","name":"Uniformes Ludo","description":"Es una de las empresas comercializadoras de Ropa de trabajo, confecci\u00f3n, productos de protecci\u00f3n, prevenci\u00f3n y seguridad una de las m\u00e1s importantes de nuestro pa\u00eds, reconocida a nivel Nacional, con numerosos clientes a lo largo de Chile que avalan su compromiso de calidad. De igual forma, existe una permanente preocupaci\u00f3n por mantener un servicio integral de excelencia que permita identificarnos como \u201cel mejor equipo, la mejor empresa e inversi\u00f3n\u201d.","potentialAction":[{"@type":"SearchAction","target":{"@type":"EntryPoint","urlTemplate":"https:\/\/uniformesludo.cl\/?s={search_term_string}"},"query-input":{"@type":"PropertyValueSpecification","valueRequired":true,"valueName":"search_term_string"}}],"inLanguage":"es"}]}},"_links":{"self":[{"href":"https:\/\/uniformesludo.cl\/index.php\/wp-json\/wp\/v2\/product\/10016852","targetHints":{"allow":["GET"]}}],"collection":[{"href":"https:\/\/uniformesludo.cl\/index.php\/wp-json\/wp\/v2\/product"}],"about":[{"href":"https:\/\/uniformesludo.cl\/index.php\/wp-json\/wp\/v2\/types\/product"}],"replies":[{"embeddable":true,"href":"https:\/\/uniformesludo.cl\/index.php\/wp-json\/wp\/v2\/comments?post=10016852"}],"wp:featuredmedia":[{"embeddable":true,"href":"https:\/\/uniformesludo.cl\/index.php\/wp-json\/wp\/v2\/media\/10016894"}],"wp:attachment":[{"href":"https:\/\/uniformesludo.cl\/index.php\/wp-json\/wp\/v2\/media?parent=10016852"}],"wp:term":[{"taxonomy":"product_brand","embeddable":true,"href":"https:\/\/uniformesludo.cl\/index.php\/wp-json\/wp\/v2\/product_brand?post=10016852"},{"taxonomy":"product_cat","embeddable":true,"href":"https:\/\/uniformesludo.cl\/index.php\/wp-json\/wp\/v2\/product_cat?post=10016852"},{"taxonomy":"product_tag","embeddable":true,"href":"https:\/\/uniformesludo.cl\/index.php\/wp-json\/wp\/v2\/product_tag?post=10016852"}],"curies":[{"name":"wp","href":"https:\/\/api.w.org\/{rel}","templated":true}]}}