{"id":10016615,"date":"2024-09-04T16:08:26","date_gmt":"2024-09-04T16:08:26","guid":{"rendered":"https:\/\/uniformesludo.cl\/?post_type=product&#038;p=10016615"},"modified":"2024-09-05T17:13:02","modified_gmt":"2024-09-05T17:13:02","slug":"copa-cas-12","status":"publish","type":"product","link":"https:\/\/uniformesludo.cl\/index.php\/producto\/copa-cas-12\/","title":{"rendered":"Copa CAS 12"},"content":{"rendered":"","protected":false},"excerpt":{"rendered":"<p><span style=\"color: #000080;\"><strong>CAS 12<\/strong><\/span><\/p>\n<ul>\n<li><em>Cop\u00f3n Met\u00e1lico<\/em><\/li>\n<li><em>Cuerpo Pl\u00e1stico<\/em><\/li>\n<li><em>Base Pl\u00e1stica<\/em><\/li>\n<\/ul>\n<table width=\"358\">\n<tbody>\n<tr>\n<td width=\"29\"><\/td>\n<td width=\"68\">\n<h5>Altura cm.<\/h5>\n<\/td>\n<td width=\"94\">\n<h5>Di\u00e1metro cm.<\/h5>\n<\/td>\n<td width=\"87\">\n<h5>C\u00f3digo<\/h5>\n<\/td>\n<td width=\"80\">\n<h5>Placa mm.<\/h5>\n<\/td>\n<\/tr>\n<tr>\n<td width=\"29\">\n<h5>A<\/h5>\n<\/td>\n<td width=\"68\">\n<h5>40<\/h5>\n<\/td>\n<td width=\"94\">\n<h5>16<\/h5>\n<\/td>\n<td width=\"87\">\n<h5>591086226<\/h5>\n<\/td>\n<td>\n<h5>70&#215;35<\/h5>\n<\/td>\n<\/tr>\n<tr>\n<td width=\"29\">\n<h5><\/h5>\n<\/td>\n<td width=\"68\">\n<h5><\/h5>\n<\/td>\n<td width=\"94\">\n<h5><\/h5>\n<\/td>\n<td width=\"87\">\n<h5><\/h5>\n<\/td>\n<td>\n<h5><\/h5>\n<\/td>\n<\/tr>\n<tr>\n<td width=\"29\">\n<h5><\/h5>\n<\/td>\n<td width=\"68\">\n<h5><\/h5>\n<\/td>\n<td width=\"94\">\n<h5><\/h5>\n<\/td>\n<td width=\"87\">\n<h5><\/h5>\n<\/td>\n<td>\n<h5><\/h5>\n<\/td>\n<\/tr>\n<tr>\n<td width=\"29\">\n<h5>D<\/h5>\n<\/td>\n<td width=\"68\">\n<h5>30<\/h5>\n<\/td>\n<td width=\"94\">\n<h5>10<\/h5>\n<\/td>\n<td width=\"87\">\n<h5>591086229<\/h5>\n<\/td>\n<td>\n<h5>70&#215;35<\/h5>\n<\/td>\n<\/tr>\n<\/tbody>\n<\/table>\n<p>&nbsp;<\/p>\n","protected":false},"featured_media":10016773,"comment_status":"closed","ping_status":"closed","template":"","meta":[],"product_brand":[],"product_cat":[601],"product_tag":[],"class_list":{"0":"post-10016615","1":"product","2":"type-product","3":"status-publish","4":"has-post-thumbnail","6":"product_cat-copas-linea-comercial","8":"first","9":"instock","10":"shipping-taxable","11":"purchasable","12":"product-type-variable"},"aioseo_notices":[],"yoast_head":"<!-- This site is optimized with the Yoast SEO plugin v26.5 - https:\/\/yoast.com\/wordpress\/plugins\/seo\/ -->\n<title>Copa CAS 12 - Uniformes Ludo<\/title>\n<meta name=\"robots\" content=\"index, follow, max-snippet:-1, max-image-preview:large, max-video-preview:-1\" \/>\n<link rel=\"canonical\" href=\"https:\/\/uniformesludo.cl\/index.php\/producto\/copa-cas-12\/\" \/>\n<meta property=\"og:locale\" content=\"es_ES\" \/>\n<meta property=\"og:type\" content=\"article\" \/>\n<meta property=\"og:title\" content=\"Copa CAS 12 - Uniformes Ludo\" \/>\n<meta property=\"og:description\" content=\"CAS 12   Cop\u00f3n Met\u00e1lico  Cuerpo Pl\u00e1stico  Base Pl\u00e1stica       Altura cm.   Di\u00e1metro cm.   C\u00f3digo   Placa mm.     A   40   16   591086226   70x35                                       D   30   10   591086229   70x35     &nbsp;\" \/>\n<meta property=\"og:url\" content=\"https:\/\/uniformesludo.cl\/index.php\/producto\/copa-cas-12\/\" \/>\n<meta property=\"og:site_name\" content=\"Uniformes Ludo\" \/>\n<meta property=\"article:modified_time\" content=\"2024-09-05T17:13:02+00:00\" \/>\n<meta property=\"og:image\" content=\"https:\/\/uniformesludo.cl\/wp-content\/uploads\/2024\/09\/copa-_trofeo_Cas12.jpg\" \/>\n\t<meta property=\"og:image:width\" content=\"500\" \/>\n\t<meta property=\"og:image:height\" content=\"500\" \/>\n\t<meta property=\"og:image:type\" content=\"image\/jpeg\" \/>\n<meta name=\"twitter:card\" content=\"summary_large_image\" \/>\n<script type=\"application\/ld+json\" class=\"yoast-schema-graph\">{\"@context\":\"https:\/\/schema.org\",\"@graph\":[{\"@type\":\"WebPage\",\"@id\":\"https:\/\/uniformesludo.cl\/index.php\/producto\/copa-cas-12\/\",\"url\":\"https:\/\/uniformesludo.cl\/index.php\/producto\/copa-cas-12\/\",\"name\":\"Copa CAS 12 - Uniformes Ludo\",\"isPartOf\":{\"@id\":\"https:\/\/uniformesludo.cl\/#website\"},\"primaryImageOfPage\":{\"@id\":\"https:\/\/uniformesludo.cl\/index.php\/producto\/copa-cas-12\/#primaryimage\"},\"image\":{\"@id\":\"https:\/\/uniformesludo.cl\/index.php\/producto\/copa-cas-12\/#primaryimage\"},\"thumbnailUrl\":\"https:\/\/uniformesludo.cl\/wp-content\/uploads\/2024\/09\/copa-_trofeo_Cas12.jpg\",\"datePublished\":\"2024-09-04T16:08:26+00:00\",\"dateModified\":\"2024-09-05T17:13:02+00:00\",\"breadcrumb\":{\"@id\":\"https:\/\/uniformesludo.cl\/index.php\/producto\/copa-cas-12\/#breadcrumb\"},\"inLanguage\":\"es\",\"potentialAction\":[{\"@type\":\"ReadAction\",\"target\":[\"https:\/\/uniformesludo.cl\/index.php\/producto\/copa-cas-12\/\"]}]},{\"@type\":\"ImageObject\",\"inLanguage\":\"es\",\"@id\":\"https:\/\/uniformesludo.cl\/index.php\/producto\/copa-cas-12\/#primaryimage\",\"url\":\"https:\/\/uniformesludo.cl\/wp-content\/uploads\/2024\/09\/copa-_trofeo_Cas12.jpg\",\"contentUrl\":\"https:\/\/uniformesludo.cl\/wp-content\/uploads\/2024\/09\/copa-_trofeo_Cas12.jpg\",\"width\":500,\"height\":500},{\"@type\":\"BreadcrumbList\",\"@id\":\"https:\/\/uniformesludo.cl\/index.php\/producto\/copa-cas-12\/#breadcrumb\",\"itemListElement\":[{\"@type\":\"ListItem\",\"position\":1,\"name\":\"Portada\",\"item\":\"https:\/\/uniformesludo.cl\/\"},{\"@type\":\"ListItem\",\"position\":2,\"name\":\"Tienda\",\"item\":\"https:\/\/uniformesludo.cl\/index.php\/tienda\/\"},{\"@type\":\"ListItem\",\"position\":3,\"name\":\"Copa CAS 12\"}]},{\"@type\":\"WebSite\",\"@id\":\"https:\/\/uniformesludo.cl\/#website\",\"url\":\"https:\/\/uniformesludo.cl\/\",\"name\":\"Uniformes Ludo\",\"description\":\"Es una de las empresas comercializadoras de Ropa de trabajo, confecci\u00f3n, productos de protecci\u00f3n, prevenci\u00f3n y seguridad una de las m\u00e1s importantes de nuestro pa\u00eds, reconocida a nivel Nacional, con numerosos clientes a lo largo de Chile que avalan su compromiso de calidad. De igual forma, existe una permanente preocupaci\u00f3n por mantener un servicio integral de excelencia que permita identificarnos como \u201cel mejor equipo, la mejor empresa e inversi\u00f3n\u201d.\",\"potentialAction\":[{\"@type\":\"SearchAction\",\"target\":{\"@type\":\"EntryPoint\",\"urlTemplate\":\"https:\/\/uniformesludo.cl\/?s={search_term_string}\"},\"query-input\":{\"@type\":\"PropertyValueSpecification\",\"valueRequired\":true,\"valueName\":\"search_term_string\"}}],\"inLanguage\":\"es\"}]}<\/script>\n<!-- \/ Yoast SEO plugin. -->","yoast_head_json":{"title":"Copa CAS 12 - Uniformes Ludo","robots":{"index":"index","follow":"follow","max-snippet":"max-snippet:-1","max-image-preview":"max-image-preview:large","max-video-preview":"max-video-preview:-1"},"canonical":"https:\/\/uniformesludo.cl\/index.php\/producto\/copa-cas-12\/","og_locale":"es_ES","og_type":"article","og_title":"Copa CAS 12 - Uniformes Ludo","og_description":"CAS 12   Cop\u00f3n Met\u00e1lico  Cuerpo Pl\u00e1stico  Base Pl\u00e1stica       Altura cm.   Di\u00e1metro cm.   C\u00f3digo   Placa mm.     A   40   16   591086226   70x35                                       D   30   10   591086229   70x35     &nbsp;","og_url":"https:\/\/uniformesludo.cl\/index.php\/producto\/copa-cas-12\/","og_site_name":"Uniformes Ludo","article_modified_time":"2024-09-05T17:13:02+00:00","og_image":[{"width":500,"height":500,"url":"https:\/\/uniformesludo.cl\/wp-content\/uploads\/2024\/09\/copa-_trofeo_Cas12.jpg","type":"image\/jpeg"}],"twitter_card":"summary_large_image","schema":{"@context":"https:\/\/schema.org","@graph":[{"@type":"WebPage","@id":"https:\/\/uniformesludo.cl\/index.php\/producto\/copa-cas-12\/","url":"https:\/\/uniformesludo.cl\/index.php\/producto\/copa-cas-12\/","name":"Copa CAS 12 - Uniformes Ludo","isPartOf":{"@id":"https:\/\/uniformesludo.cl\/#website"},"primaryImageOfPage":{"@id":"https:\/\/uniformesludo.cl\/index.php\/producto\/copa-cas-12\/#primaryimage"},"image":{"@id":"https:\/\/uniformesludo.cl\/index.php\/producto\/copa-cas-12\/#primaryimage"},"thumbnailUrl":"https:\/\/uniformesludo.cl\/wp-content\/uploads\/2024\/09\/copa-_trofeo_Cas12.jpg","datePublished":"2024-09-04T16:08:26+00:00","dateModified":"2024-09-05T17:13:02+00:00","breadcrumb":{"@id":"https:\/\/uniformesludo.cl\/index.php\/producto\/copa-cas-12\/#breadcrumb"},"inLanguage":"es","potentialAction":[{"@type":"ReadAction","target":["https:\/\/uniformesludo.cl\/index.php\/producto\/copa-cas-12\/"]}]},{"@type":"ImageObject","inLanguage":"es","@id":"https:\/\/uniformesludo.cl\/index.php\/producto\/copa-cas-12\/#primaryimage","url":"https:\/\/uniformesludo.cl\/wp-content\/uploads\/2024\/09\/copa-_trofeo_Cas12.jpg","contentUrl":"https:\/\/uniformesludo.cl\/wp-content\/uploads\/2024\/09\/copa-_trofeo_Cas12.jpg","width":500,"height":500},{"@type":"BreadcrumbList","@id":"https:\/\/uniformesludo.cl\/index.php\/producto\/copa-cas-12\/#breadcrumb","itemListElement":[{"@type":"ListItem","position":1,"name":"Portada","item":"https:\/\/uniformesludo.cl\/"},{"@type":"ListItem","position":2,"name":"Tienda","item":"https:\/\/uniformesludo.cl\/index.php\/tienda\/"},{"@type":"ListItem","position":3,"name":"Copa CAS 12"}]},{"@type":"WebSite","@id":"https:\/\/uniformesludo.cl\/#website","url":"https:\/\/uniformesludo.cl\/","name":"Uniformes Ludo","description":"Es una de las empresas comercializadoras de Ropa de trabajo, confecci\u00f3n, productos de protecci\u00f3n, prevenci\u00f3n y seguridad una de las m\u00e1s importantes de nuestro pa\u00eds, reconocida a nivel Nacional, con numerosos clientes a lo largo de Chile que avalan su compromiso de calidad. De igual forma, existe una permanente preocupaci\u00f3n por mantener un servicio integral de excelencia que permita identificarnos como \u201cel mejor equipo, la mejor empresa e inversi\u00f3n\u201d.","potentialAction":[{"@type":"SearchAction","target":{"@type":"EntryPoint","urlTemplate":"https:\/\/uniformesludo.cl\/?s={search_term_string}"},"query-input":{"@type":"PropertyValueSpecification","valueRequired":true,"valueName":"search_term_string"}}],"inLanguage":"es"}]}},"_links":{"self":[{"href":"https:\/\/uniformesludo.cl\/index.php\/wp-json\/wp\/v2\/product\/10016615","targetHints":{"allow":["GET"]}}],"collection":[{"href":"https:\/\/uniformesludo.cl\/index.php\/wp-json\/wp\/v2\/product"}],"about":[{"href":"https:\/\/uniformesludo.cl\/index.php\/wp-json\/wp\/v2\/types\/product"}],"replies":[{"embeddable":true,"href":"https:\/\/uniformesludo.cl\/index.php\/wp-json\/wp\/v2\/comments?post=10016615"}],"wp:featuredmedia":[{"embeddable":true,"href":"https:\/\/uniformesludo.cl\/index.php\/wp-json\/wp\/v2\/media\/10016773"}],"wp:attachment":[{"href":"https:\/\/uniformesludo.cl\/index.php\/wp-json\/wp\/v2\/media?parent=10016615"}],"wp:term":[{"taxonomy":"product_brand","embeddable":true,"href":"https:\/\/uniformesludo.cl\/index.php\/wp-json\/wp\/v2\/product_brand?post=10016615"},{"taxonomy":"product_cat","embeddable":true,"href":"https:\/\/uniformesludo.cl\/index.php\/wp-json\/wp\/v2\/product_cat?post=10016615"},{"taxonomy":"product_tag","embeddable":true,"href":"https:\/\/uniformesludo.cl\/index.php\/wp-json\/wp\/v2\/product_tag?post=10016615"}],"curies":[{"name":"wp","href":"https:\/\/api.w.org\/{rel}","templated":true}]}}