{"id":10016452,"date":"2024-09-04T16:06:44","date_gmt":"2024-09-04T16:06:44","guid":{"rendered":"https:\/\/uniformesludo.cl\/?post_type=product&#038;p=10016452"},"modified":"2024-09-05T17:13:41","modified_gmt":"2024-09-05T17:13:41","slug":"galvano-madera-acrilico-pl","status":"publish","type":"product","link":"https:\/\/uniformesludo.cl\/index.php\/producto\/galvano-madera-acrilico-pl\/","title":{"rendered":"Galvano Madera Acr\u00edlico PL"},"content":{"rendered":"","protected":false},"excerpt":{"rendered":"<p><span style=\"color: #000080;\"><strong>PL<\/strong><\/span><\/p>\n<p><em>Galvano madera color Caoba y frontis de acr\u00edlico. Con orificios para colgar de manera vertical o horizontal en muro. Presentaci\u00f3n en caja de cart\u00f3n blanca.<\/em><\/p>\n<p><strong>PL68:<\/strong> 152 x 203 x 43 mm.\u00a0 C\/acr\u00edlico\u00a0 \u00a0 \u00a0 \u00a0 C\u00f3digo: 591096103<\/p>\n<p><strong>PL79:<\/strong> 178 x 228 x 43 mm.\u00a0 C\/acr\u00edlico\u00a0 \u00a0 \u00a0 \u00a0 C\u00f3digo: 591096104<\/p>\n<p><strong>PL810:<\/strong> 203 x 254 x 43 mm.\u00a0 C\/acr\u00edlico\u00a0 \u00a0 \u00a0C\u00f3digo: 591096105<\/p>\n<p>Caja de 6 unidades.<\/p>\n<p><img loading=\"lazy\" decoding=\"async\" class=\"alignnone size-full wp-image-509\" src=\"http:\/\/imblasco.cl\/regalos\/wp-content\/uploads\/2019\/06\/laser.png\" alt=\"\" width=\"71\" height=\"71\" \/><\/p>\n","protected":false},"featured_media":10016566,"comment_status":"closed","ping_status":"closed","template":"","meta":[],"product_brand":[],"product_cat":[605,568,629],"product_tag":[],"class_list":{"0":"post-10016452","1":"product","2":"type-product","3":"status-publish","4":"has-post-thumbnail","6":"product_cat-galvanos-de-madera-y-varios","7":"product_cat-regalos-y-trofeos-premium","8":"product_cat-trofeos-acrilicos","10":"first","11":"instock","12":"shipping-taxable","13":"purchasable","14":"product-type-variable"},"aioseo_notices":[],"yoast_head":"<!-- This site is optimized with the Yoast SEO plugin v26.5 - https:\/\/yoast.com\/wordpress\/plugins\/seo\/ -->\n<title>Galvano Madera Acr\u00edlico PL - Uniformes Ludo<\/title>\n<meta name=\"robots\" content=\"index, follow, max-snippet:-1, max-image-preview:large, max-video-preview:-1\" \/>\n<link rel=\"canonical\" href=\"https:\/\/uniformesludo.cl\/index.php\/producto\/galvano-madera-acrilico-pl\/\" \/>\n<meta property=\"og:locale\" content=\"es_ES\" \/>\n<meta property=\"og:type\" content=\"article\" \/>\n<meta property=\"og:title\" content=\"Galvano Madera Acr\u00edlico PL - Uniformes Ludo\" \/>\n<meta property=\"og:description\" content=\"PL  Galvano madera color Caoba y frontis de acr\u00edlico. Con orificios para colgar de manera vertical o horizontal en muro. Presentaci\u00f3n en caja de cart\u00f3n blanca.  PL68: 152 x 203 x 43 mm.\u00a0 C\/acr\u00edlico\u00a0 \u00a0 \u00a0 \u00a0 C\u00f3digo: 591096103  PL79: 178 x 228 x 43 mm.\u00a0 C\/acr\u00edlico\u00a0 \u00a0 \u00a0 \u00a0 C\u00f3digo: 591096104  PL810: 203 x 254 x 43 mm.\u00a0 C\/acr\u00edlico\u00a0 \u00a0 \u00a0C\u00f3digo: 591096105  Caja de 6 unidades.\" \/>\n<meta property=\"og:url\" content=\"https:\/\/uniformesludo.cl\/index.php\/producto\/galvano-madera-acrilico-pl\/\" \/>\n<meta property=\"og:site_name\" content=\"Uniformes Ludo\" \/>\n<meta property=\"article:modified_time\" content=\"2024-09-05T17:13:41+00:00\" \/>\n<meta property=\"og:image\" content=\"https:\/\/uniformesludo.cl\/wp-content\/uploads\/2024\/09\/acrilico-madera.jpg\" \/>\n\t<meta property=\"og:image:width\" content=\"500\" \/>\n\t<meta property=\"og:image:height\" content=\"500\" \/>\n\t<meta property=\"og:image:type\" content=\"image\/jpeg\" \/>\n<meta name=\"twitter:card\" content=\"summary_large_image\" \/>\n<script type=\"application\/ld+json\" class=\"yoast-schema-graph\">{\"@context\":\"https:\/\/schema.org\",\"@graph\":[{\"@type\":\"WebPage\",\"@id\":\"https:\/\/uniformesludo.cl\/index.php\/producto\/galvano-madera-acrilico-pl\/\",\"url\":\"https:\/\/uniformesludo.cl\/index.php\/producto\/galvano-madera-acrilico-pl\/\",\"name\":\"Galvano Madera Acr\u00edlico PL - Uniformes Ludo\",\"isPartOf\":{\"@id\":\"https:\/\/uniformesludo.cl\/#website\"},\"primaryImageOfPage\":{\"@id\":\"https:\/\/uniformesludo.cl\/index.php\/producto\/galvano-madera-acrilico-pl\/#primaryimage\"},\"image\":{\"@id\":\"https:\/\/uniformesludo.cl\/index.php\/producto\/galvano-madera-acrilico-pl\/#primaryimage\"},\"thumbnailUrl\":\"https:\/\/uniformesludo.cl\/wp-content\/uploads\/2024\/09\/acrilico-madera.jpg\",\"datePublished\":\"2024-09-04T16:06:44+00:00\",\"dateModified\":\"2024-09-05T17:13:41+00:00\",\"breadcrumb\":{\"@id\":\"https:\/\/uniformesludo.cl\/index.php\/producto\/galvano-madera-acrilico-pl\/#breadcrumb\"},\"inLanguage\":\"es\",\"potentialAction\":[{\"@type\":\"ReadAction\",\"target\":[\"https:\/\/uniformesludo.cl\/index.php\/producto\/galvano-madera-acrilico-pl\/\"]}]},{\"@type\":\"ImageObject\",\"inLanguage\":\"es\",\"@id\":\"https:\/\/uniformesludo.cl\/index.php\/producto\/galvano-madera-acrilico-pl\/#primaryimage\",\"url\":\"https:\/\/uniformesludo.cl\/wp-content\/uploads\/2024\/09\/acrilico-madera.jpg\",\"contentUrl\":\"https:\/\/uniformesludo.cl\/wp-content\/uploads\/2024\/09\/acrilico-madera.jpg\",\"width\":500,\"height\":500},{\"@type\":\"BreadcrumbList\",\"@id\":\"https:\/\/uniformesludo.cl\/index.php\/producto\/galvano-madera-acrilico-pl\/#breadcrumb\",\"itemListElement\":[{\"@type\":\"ListItem\",\"position\":1,\"name\":\"Portada\",\"item\":\"https:\/\/uniformesludo.cl\/\"},{\"@type\":\"ListItem\",\"position\":2,\"name\":\"Tienda\",\"item\":\"https:\/\/uniformesludo.cl\/index.php\/tienda\/\"},{\"@type\":\"ListItem\",\"position\":3,\"name\":\"Galvano Madera Acr\u00edlico PL\"}]},{\"@type\":\"WebSite\",\"@id\":\"https:\/\/uniformesludo.cl\/#website\",\"url\":\"https:\/\/uniformesludo.cl\/\",\"name\":\"Uniformes Ludo\",\"description\":\"Es una de las empresas comercializadoras de Ropa de trabajo, confecci\u00f3n, productos de protecci\u00f3n, prevenci\u00f3n y seguridad una de las m\u00e1s importantes de nuestro pa\u00eds, reconocida a nivel Nacional, con numerosos clientes a lo largo de Chile que avalan su compromiso de calidad. De igual forma, existe una permanente preocupaci\u00f3n por mantener un servicio integral de excelencia que permita identificarnos como \u201cel mejor equipo, la mejor empresa e inversi\u00f3n\u201d.\",\"potentialAction\":[{\"@type\":\"SearchAction\",\"target\":{\"@type\":\"EntryPoint\",\"urlTemplate\":\"https:\/\/uniformesludo.cl\/?s={search_term_string}\"},\"query-input\":{\"@type\":\"PropertyValueSpecification\",\"valueRequired\":true,\"valueName\":\"search_term_string\"}}],\"inLanguage\":\"es\"}]}<\/script>\n<!-- \/ Yoast SEO plugin. -->","yoast_head_json":{"title":"Galvano Madera Acr\u00edlico PL - Uniformes Ludo","robots":{"index":"index","follow":"follow","max-snippet":"max-snippet:-1","max-image-preview":"max-image-preview:large","max-video-preview":"max-video-preview:-1"},"canonical":"https:\/\/uniformesludo.cl\/index.php\/producto\/galvano-madera-acrilico-pl\/","og_locale":"es_ES","og_type":"article","og_title":"Galvano Madera Acr\u00edlico PL - Uniformes Ludo","og_description":"PL  Galvano madera color Caoba y frontis de acr\u00edlico. Con orificios para colgar de manera vertical o horizontal en muro. Presentaci\u00f3n en caja de cart\u00f3n blanca.  PL68: 152 x 203 x 43 mm.\u00a0 C\/acr\u00edlico\u00a0 \u00a0 \u00a0 \u00a0 C\u00f3digo: 591096103  PL79: 178 x 228 x 43 mm.\u00a0 C\/acr\u00edlico\u00a0 \u00a0 \u00a0 \u00a0 C\u00f3digo: 591096104  PL810: 203 x 254 x 43 mm.\u00a0 C\/acr\u00edlico\u00a0 \u00a0 \u00a0C\u00f3digo: 591096105  Caja de 6 unidades.","og_url":"https:\/\/uniformesludo.cl\/index.php\/producto\/galvano-madera-acrilico-pl\/","og_site_name":"Uniformes Ludo","article_modified_time":"2024-09-05T17:13:41+00:00","og_image":[{"width":500,"height":500,"url":"https:\/\/uniformesludo.cl\/wp-content\/uploads\/2024\/09\/acrilico-madera.jpg","type":"image\/jpeg"}],"twitter_card":"summary_large_image","schema":{"@context":"https:\/\/schema.org","@graph":[{"@type":"WebPage","@id":"https:\/\/uniformesludo.cl\/index.php\/producto\/galvano-madera-acrilico-pl\/","url":"https:\/\/uniformesludo.cl\/index.php\/producto\/galvano-madera-acrilico-pl\/","name":"Galvano Madera Acr\u00edlico PL - Uniformes Ludo","isPartOf":{"@id":"https:\/\/uniformesludo.cl\/#website"},"primaryImageOfPage":{"@id":"https:\/\/uniformesludo.cl\/index.php\/producto\/galvano-madera-acrilico-pl\/#primaryimage"},"image":{"@id":"https:\/\/uniformesludo.cl\/index.php\/producto\/galvano-madera-acrilico-pl\/#primaryimage"},"thumbnailUrl":"https:\/\/uniformesludo.cl\/wp-content\/uploads\/2024\/09\/acrilico-madera.jpg","datePublished":"2024-09-04T16:06:44+00:00","dateModified":"2024-09-05T17:13:41+00:00","breadcrumb":{"@id":"https:\/\/uniformesludo.cl\/index.php\/producto\/galvano-madera-acrilico-pl\/#breadcrumb"},"inLanguage":"es","potentialAction":[{"@type":"ReadAction","target":["https:\/\/uniformesludo.cl\/index.php\/producto\/galvano-madera-acrilico-pl\/"]}]},{"@type":"ImageObject","inLanguage":"es","@id":"https:\/\/uniformesludo.cl\/index.php\/producto\/galvano-madera-acrilico-pl\/#primaryimage","url":"https:\/\/uniformesludo.cl\/wp-content\/uploads\/2024\/09\/acrilico-madera.jpg","contentUrl":"https:\/\/uniformesludo.cl\/wp-content\/uploads\/2024\/09\/acrilico-madera.jpg","width":500,"height":500},{"@type":"BreadcrumbList","@id":"https:\/\/uniformesludo.cl\/index.php\/producto\/galvano-madera-acrilico-pl\/#breadcrumb","itemListElement":[{"@type":"ListItem","position":1,"name":"Portada","item":"https:\/\/uniformesludo.cl\/"},{"@type":"ListItem","position":2,"name":"Tienda","item":"https:\/\/uniformesludo.cl\/index.php\/tienda\/"},{"@type":"ListItem","position":3,"name":"Galvano Madera Acr\u00edlico PL"}]},{"@type":"WebSite","@id":"https:\/\/uniformesludo.cl\/#website","url":"https:\/\/uniformesludo.cl\/","name":"Uniformes Ludo","description":"Es una de las empresas comercializadoras de Ropa de trabajo, confecci\u00f3n, productos de protecci\u00f3n, prevenci\u00f3n y seguridad una de las m\u00e1s importantes de nuestro pa\u00eds, reconocida a nivel Nacional, con numerosos clientes a lo largo de Chile que avalan su compromiso de calidad. De igual forma, existe una permanente preocupaci\u00f3n por mantener un servicio integral de excelencia que permita identificarnos como \u201cel mejor equipo, la mejor empresa e inversi\u00f3n\u201d.","potentialAction":[{"@type":"SearchAction","target":{"@type":"EntryPoint","urlTemplate":"https:\/\/uniformesludo.cl\/?s={search_term_string}"},"query-input":{"@type":"PropertyValueSpecification","valueRequired":true,"valueName":"search_term_string"}}],"inLanguage":"es"}]}},"_links":{"self":[{"href":"https:\/\/uniformesludo.cl\/index.php\/wp-json\/wp\/v2\/product\/10016452","targetHints":{"allow":["GET"]}}],"collection":[{"href":"https:\/\/uniformesludo.cl\/index.php\/wp-json\/wp\/v2\/product"}],"about":[{"href":"https:\/\/uniformesludo.cl\/index.php\/wp-json\/wp\/v2\/types\/product"}],"replies":[{"embeddable":true,"href":"https:\/\/uniformesludo.cl\/index.php\/wp-json\/wp\/v2\/comments?post=10016452"}],"wp:featuredmedia":[{"embeddable":true,"href":"https:\/\/uniformesludo.cl\/index.php\/wp-json\/wp\/v2\/media\/10016566"}],"wp:attachment":[{"href":"https:\/\/uniformesludo.cl\/index.php\/wp-json\/wp\/v2\/media?parent=10016452"}],"wp:term":[{"taxonomy":"product_brand","embeddable":true,"href":"https:\/\/uniformesludo.cl\/index.php\/wp-json\/wp\/v2\/product_brand?post=10016452"},{"taxonomy":"product_cat","embeddable":true,"href":"https:\/\/uniformesludo.cl\/index.php\/wp-json\/wp\/v2\/product_cat?post=10016452"},{"taxonomy":"product_tag","embeddable":true,"href":"https:\/\/uniformesludo.cl\/index.php\/wp-json\/wp\/v2\/product_tag?post=10016452"}],"curies":[{"name":"wp","href":"https:\/\/api.w.org\/{rel}","templated":true}]}}