{"id":10016407,"date":"2024-09-04T16:06:22","date_gmt":"2024-09-04T16:06:22","guid":{"rendered":"https:\/\/uniformesludo.cl\/?post_type=product&#038;p=10016407"},"modified":"2024-09-05T17:14:04","modified_gmt":"2024-09-05T17:14:04","slug":"retablo-de-madera-con-reloj-mecanico-rr","status":"publish","type":"product","link":"https:\/\/uniformesludo.cl\/index.php\/producto\/retablo-de-madera-con-reloj-mecanico-rr\/","title":{"rendered":"Retablo de madera con Reloj Mec\u00e1nico RR"},"content":{"rendered":"","protected":false},"excerpt":{"rendered":"<p><span style=\"color: #000080;\"><strong>RETABLO RELOJ<\/strong><\/span><\/p>\n<p><em>Madera Retablo Raul\u00ed con Reloj Mec\u00e1nico.<\/em><\/p>\n<p>Enganche Horizontal a pared.<\/p>\n<p>No incluye pila.<\/p>\n<p><strong>RR-35<\/strong> 350 x 220 x 24 mm.\u00a0 \u00a0 \u00a0Pak.15\u00a0 \u00a0591095810<\/p>\n<p><strong>RR-41:<\/strong> 410 x 270 x 25 mm.\u00a0 \u00a0 Pak.20\u00a0 \u00a0591095815<\/p>\n<p><img loading=\"lazy\" decoding=\"async\" class=\"alignnone size-full wp-image-509\" src=\"http:\/\/imblasco.cl\/regalos\/wp-content\/uploads\/2019\/06\/laser.png\" alt=\"\" width=\"71\" height=\"71\" \/><\/p>\n","protected":false},"featured_media":10016561,"comment_status":"closed","ping_status":"closed","template":"","meta":[],"product_brand":[],"product_cat":[605,568],"product_tag":[],"class_list":{"0":"post-10016407","1":"product","2":"type-product","3":"status-publish","4":"has-post-thumbnail","6":"product_cat-galvanos-de-madera-y-varios","7":"product_cat-regalos-y-trofeos-premium","9":"first","10":"instock","11":"shipping-taxable","12":"purchasable","13":"product-type-variable"},"aioseo_notices":[],"yoast_head":"<!-- This site is optimized with the Yoast SEO plugin v26.5 - https:\/\/yoast.com\/wordpress\/plugins\/seo\/ -->\n<title>Retablo de madera con Reloj Mec\u00e1nico RR - Uniformes Ludo<\/title>\n<meta name=\"robots\" content=\"index, follow, max-snippet:-1, max-image-preview:large, max-video-preview:-1\" \/>\n<link rel=\"canonical\" href=\"https:\/\/uniformesludo.cl\/index.php\/producto\/retablo-de-madera-con-reloj-mecanico-rr\/\" \/>\n<meta property=\"og:locale\" content=\"es_ES\" \/>\n<meta property=\"og:type\" content=\"article\" \/>\n<meta property=\"og:title\" content=\"Retablo de madera con Reloj Mec\u00e1nico RR - Uniformes Ludo\" \/>\n<meta property=\"og:description\" content=\"RETABLO RELOJ  Madera Retablo Raul\u00ed con Reloj Mec\u00e1nico.  Enganche Horizontal a pared.  No incluye pila.  RR-35 350 x 220 x 24 mm.\u00a0 \u00a0 \u00a0Pak.15\u00a0 \u00a0591095810  RR-41: 410 x 270 x 25 mm.\u00a0 \u00a0 Pak.20\u00a0 \u00a0591095815\" \/>\n<meta property=\"og:url\" content=\"https:\/\/uniformesludo.cl\/index.php\/producto\/retablo-de-madera-con-reloj-mecanico-rr\/\" \/>\n<meta property=\"og:site_name\" content=\"Uniformes Ludo\" \/>\n<meta property=\"article:modified_time\" content=\"2024-09-05T17:14:04+00:00\" \/>\n<meta property=\"og:image\" content=\"https:\/\/uniformesludo.cl\/wp-content\/uploads\/2024\/09\/00_0001_RETABLO-RELOJ-DEMO.jpg\" \/>\n\t<meta property=\"og:image:width\" content=\"500\" \/>\n\t<meta property=\"og:image:height\" content=\"500\" \/>\n\t<meta property=\"og:image:type\" content=\"image\/jpeg\" \/>\n<meta name=\"twitter:card\" content=\"summary_large_image\" \/>\n<script type=\"application\/ld+json\" class=\"yoast-schema-graph\">{\"@context\":\"https:\/\/schema.org\",\"@graph\":[{\"@type\":\"WebPage\",\"@id\":\"https:\/\/uniformesludo.cl\/index.php\/producto\/retablo-de-madera-con-reloj-mecanico-rr\/\",\"url\":\"https:\/\/uniformesludo.cl\/index.php\/producto\/retablo-de-madera-con-reloj-mecanico-rr\/\",\"name\":\"Retablo de madera con Reloj Mec\u00e1nico RR - Uniformes Ludo\",\"isPartOf\":{\"@id\":\"https:\/\/uniformesludo.cl\/#website\"},\"primaryImageOfPage\":{\"@id\":\"https:\/\/uniformesludo.cl\/index.php\/producto\/retablo-de-madera-con-reloj-mecanico-rr\/#primaryimage\"},\"image\":{\"@id\":\"https:\/\/uniformesludo.cl\/index.php\/producto\/retablo-de-madera-con-reloj-mecanico-rr\/#primaryimage\"},\"thumbnailUrl\":\"https:\/\/uniformesludo.cl\/wp-content\/uploads\/2024\/09\/00_0001_RETABLO-RELOJ-DEMO.jpg\",\"datePublished\":\"2024-09-04T16:06:22+00:00\",\"dateModified\":\"2024-09-05T17:14:04+00:00\",\"breadcrumb\":{\"@id\":\"https:\/\/uniformesludo.cl\/index.php\/producto\/retablo-de-madera-con-reloj-mecanico-rr\/#breadcrumb\"},\"inLanguage\":\"es\",\"potentialAction\":[{\"@type\":\"ReadAction\",\"target\":[\"https:\/\/uniformesludo.cl\/index.php\/producto\/retablo-de-madera-con-reloj-mecanico-rr\/\"]}]},{\"@type\":\"ImageObject\",\"inLanguage\":\"es\",\"@id\":\"https:\/\/uniformesludo.cl\/index.php\/producto\/retablo-de-madera-con-reloj-mecanico-rr\/#primaryimage\",\"url\":\"https:\/\/uniformesludo.cl\/wp-content\/uploads\/2024\/09\/00_0001_RETABLO-RELOJ-DEMO.jpg\",\"contentUrl\":\"https:\/\/uniformesludo.cl\/wp-content\/uploads\/2024\/09\/00_0001_RETABLO-RELOJ-DEMO.jpg\",\"width\":500,\"height\":500},{\"@type\":\"BreadcrumbList\",\"@id\":\"https:\/\/uniformesludo.cl\/index.php\/producto\/retablo-de-madera-con-reloj-mecanico-rr\/#breadcrumb\",\"itemListElement\":[{\"@type\":\"ListItem\",\"position\":1,\"name\":\"Portada\",\"item\":\"https:\/\/uniformesludo.cl\/\"},{\"@type\":\"ListItem\",\"position\":2,\"name\":\"Tienda\",\"item\":\"https:\/\/uniformesludo.cl\/index.php\/tienda\/\"},{\"@type\":\"ListItem\",\"position\":3,\"name\":\"Retablo de madera con Reloj Mec\u00e1nico RR\"}]},{\"@type\":\"WebSite\",\"@id\":\"https:\/\/uniformesludo.cl\/#website\",\"url\":\"https:\/\/uniformesludo.cl\/\",\"name\":\"Uniformes Ludo\",\"description\":\"Es una de las empresas comercializadoras de Ropa de trabajo, confecci\u00f3n, productos de protecci\u00f3n, prevenci\u00f3n y seguridad una de las m\u00e1s importantes de nuestro pa\u00eds, reconocida a nivel Nacional, con numerosos clientes a lo largo de Chile que avalan su compromiso de calidad. De igual forma, existe una permanente preocupaci\u00f3n por mantener un servicio integral de excelencia que permita identificarnos como \u201cel mejor equipo, la mejor empresa e inversi\u00f3n\u201d.\",\"potentialAction\":[{\"@type\":\"SearchAction\",\"target\":{\"@type\":\"EntryPoint\",\"urlTemplate\":\"https:\/\/uniformesludo.cl\/?s={search_term_string}\"},\"query-input\":{\"@type\":\"PropertyValueSpecification\",\"valueRequired\":true,\"valueName\":\"search_term_string\"}}],\"inLanguage\":\"es\"}]}<\/script>\n<!-- \/ Yoast SEO plugin. -->","yoast_head_json":{"title":"Retablo de madera con Reloj Mec\u00e1nico RR - Uniformes Ludo","robots":{"index":"index","follow":"follow","max-snippet":"max-snippet:-1","max-image-preview":"max-image-preview:large","max-video-preview":"max-video-preview:-1"},"canonical":"https:\/\/uniformesludo.cl\/index.php\/producto\/retablo-de-madera-con-reloj-mecanico-rr\/","og_locale":"es_ES","og_type":"article","og_title":"Retablo de madera con Reloj Mec\u00e1nico RR - Uniformes Ludo","og_description":"RETABLO RELOJ  Madera Retablo Raul\u00ed con Reloj Mec\u00e1nico.  Enganche Horizontal a pared.  No incluye pila.  RR-35 350 x 220 x 24 mm.\u00a0 \u00a0 \u00a0Pak.15\u00a0 \u00a0591095810  RR-41: 410 x 270 x 25 mm.\u00a0 \u00a0 Pak.20\u00a0 \u00a0591095815","og_url":"https:\/\/uniformesludo.cl\/index.php\/producto\/retablo-de-madera-con-reloj-mecanico-rr\/","og_site_name":"Uniformes Ludo","article_modified_time":"2024-09-05T17:14:04+00:00","og_image":[{"width":500,"height":500,"url":"https:\/\/uniformesludo.cl\/wp-content\/uploads\/2024\/09\/00_0001_RETABLO-RELOJ-DEMO.jpg","type":"image\/jpeg"}],"twitter_card":"summary_large_image","schema":{"@context":"https:\/\/schema.org","@graph":[{"@type":"WebPage","@id":"https:\/\/uniformesludo.cl\/index.php\/producto\/retablo-de-madera-con-reloj-mecanico-rr\/","url":"https:\/\/uniformesludo.cl\/index.php\/producto\/retablo-de-madera-con-reloj-mecanico-rr\/","name":"Retablo de madera con Reloj Mec\u00e1nico RR - Uniformes Ludo","isPartOf":{"@id":"https:\/\/uniformesludo.cl\/#website"},"primaryImageOfPage":{"@id":"https:\/\/uniformesludo.cl\/index.php\/producto\/retablo-de-madera-con-reloj-mecanico-rr\/#primaryimage"},"image":{"@id":"https:\/\/uniformesludo.cl\/index.php\/producto\/retablo-de-madera-con-reloj-mecanico-rr\/#primaryimage"},"thumbnailUrl":"https:\/\/uniformesludo.cl\/wp-content\/uploads\/2024\/09\/00_0001_RETABLO-RELOJ-DEMO.jpg","datePublished":"2024-09-04T16:06:22+00:00","dateModified":"2024-09-05T17:14:04+00:00","breadcrumb":{"@id":"https:\/\/uniformesludo.cl\/index.php\/producto\/retablo-de-madera-con-reloj-mecanico-rr\/#breadcrumb"},"inLanguage":"es","potentialAction":[{"@type":"ReadAction","target":["https:\/\/uniformesludo.cl\/index.php\/producto\/retablo-de-madera-con-reloj-mecanico-rr\/"]}]},{"@type":"ImageObject","inLanguage":"es","@id":"https:\/\/uniformesludo.cl\/index.php\/producto\/retablo-de-madera-con-reloj-mecanico-rr\/#primaryimage","url":"https:\/\/uniformesludo.cl\/wp-content\/uploads\/2024\/09\/00_0001_RETABLO-RELOJ-DEMO.jpg","contentUrl":"https:\/\/uniformesludo.cl\/wp-content\/uploads\/2024\/09\/00_0001_RETABLO-RELOJ-DEMO.jpg","width":500,"height":500},{"@type":"BreadcrumbList","@id":"https:\/\/uniformesludo.cl\/index.php\/producto\/retablo-de-madera-con-reloj-mecanico-rr\/#breadcrumb","itemListElement":[{"@type":"ListItem","position":1,"name":"Portada","item":"https:\/\/uniformesludo.cl\/"},{"@type":"ListItem","position":2,"name":"Tienda","item":"https:\/\/uniformesludo.cl\/index.php\/tienda\/"},{"@type":"ListItem","position":3,"name":"Retablo de madera con Reloj Mec\u00e1nico RR"}]},{"@type":"WebSite","@id":"https:\/\/uniformesludo.cl\/#website","url":"https:\/\/uniformesludo.cl\/","name":"Uniformes Ludo","description":"Es una de las empresas comercializadoras de Ropa de trabajo, confecci\u00f3n, productos de protecci\u00f3n, prevenci\u00f3n y seguridad una de las m\u00e1s importantes de nuestro pa\u00eds, reconocida a nivel Nacional, con numerosos clientes a lo largo de Chile que avalan su compromiso de calidad. De igual forma, existe una permanente preocupaci\u00f3n por mantener un servicio integral de excelencia que permita identificarnos como \u201cel mejor equipo, la mejor empresa e inversi\u00f3n\u201d.","potentialAction":[{"@type":"SearchAction","target":{"@type":"EntryPoint","urlTemplate":"https:\/\/uniformesludo.cl\/?s={search_term_string}"},"query-input":{"@type":"PropertyValueSpecification","valueRequired":true,"valueName":"search_term_string"}}],"inLanguage":"es"}]}},"_links":{"self":[{"href":"https:\/\/uniformesludo.cl\/index.php\/wp-json\/wp\/v2\/product\/10016407","targetHints":{"allow":["GET"]}}],"collection":[{"href":"https:\/\/uniformesludo.cl\/index.php\/wp-json\/wp\/v2\/product"}],"about":[{"href":"https:\/\/uniformesludo.cl\/index.php\/wp-json\/wp\/v2\/types\/product"}],"replies":[{"embeddable":true,"href":"https:\/\/uniformesludo.cl\/index.php\/wp-json\/wp\/v2\/comments?post=10016407"}],"wp:featuredmedia":[{"embeddable":true,"href":"https:\/\/uniformesludo.cl\/index.php\/wp-json\/wp\/v2\/media\/10016561"}],"wp:attachment":[{"href":"https:\/\/uniformesludo.cl\/index.php\/wp-json\/wp\/v2\/media?parent=10016407"}],"wp:term":[{"taxonomy":"product_brand","embeddable":true,"href":"https:\/\/uniformesludo.cl\/index.php\/wp-json\/wp\/v2\/product_brand?post=10016407"},{"taxonomy":"product_cat","embeddable":true,"href":"https:\/\/uniformesludo.cl\/index.php\/wp-json\/wp\/v2\/product_cat?post=10016407"},{"taxonomy":"product_tag","embeddable":true,"href":"https:\/\/uniformesludo.cl\/index.php\/wp-json\/wp\/v2\/product_tag?post=10016407"}],"curies":[{"name":"wp","href":"https:\/\/api.w.org\/{rel}","templated":true}]}}