{"id":10016383,"date":"2024-09-04T16:05:57","date_gmt":"2024-09-04T16:05:57","guid":{"rendered":"https:\/\/uniformesludo.cl\/?post_type=product&#038;p=10016383"},"modified":"2024-09-05T17:13:46","modified_gmt":"2024-09-05T17:13:46","slug":"retablo-mdf-enchape-nogal-vl","status":"publish","type":"product","link":"https:\/\/uniformesludo.cl\/index.php\/producto\/retablo-mdf-enchape-nogal-vl\/","title":{"rendered":"Retablo MDF Enchape Nogal VL"},"content":{"rendered":"","protected":false},"excerpt":{"rendered":"<p><span style=\"color: #000080;\"><strong>VL &#8211; 2536<\/strong><\/span><\/p>\n<p><em>Madera MDF enchapada tipo nogal.<\/em><\/p>\n<p>Enganche para muro horizontal y vertical.<\/p>\n<p>&nbsp;<\/p>\n<table width=\"404\">\n<tbody>\n<tr>\n<td style=\"text-align: center;\" width=\"57\">Modelo<\/td>\n<td style=\"text-align: center;\" width=\"68\">Modelo<\/td>\n<td style=\"text-align: center;\" width=\"118\">DIMENSIONES<\/td>\n<td style=\"text-align: center;\" width=\"91\">PACKING<\/td>\n<td style=\"text-align: center;\" width=\"70\">C\u00d3DIGO<\/td>\n<\/tr>\n<tr>\n<td>VL146<\/td>\n<td>2536-4<\/td>\n<td>153 x 109 x 15mm.<\/td>\n<td>Pack. 52 unid.<\/td>\n<td>591096076<\/td>\n<\/tr>\n<tr>\n<td>VL157<\/td>\n<td>2536-3<\/td>\n<td>178 x 128 x 15mm.<\/td>\n<td>Pack. 52 unid.<\/td>\n<td>591096077<\/td>\n<\/tr>\n<tr>\n<td>VL168<\/td>\n<td>2536-2<\/td>\n<td>203 x 152 x 15mm.<\/td>\n<td>Pack. 40 unid.<\/td>\n<td>591096078<\/td>\n<\/tr>\n<tr>\n<td>VL 179<\/td>\n<td>2536-1<\/td>\n<td>229 x 180 x 15mm.<\/td>\n<td>Pack. 30 unid.<\/td>\n<td>591096079<\/td>\n<\/tr>\n<tr>\n<td>VL1810<\/td>\n<td>2536-0<\/td>\n<td>255 x 204 x 15mm.<\/td>\n<td>Pack. 24 unid.<\/td>\n<td>591096080<\/td>\n<\/tr>\n<tr>\n<td>VL1912<\/td>\n<td>2536-00<\/td>\n<td>303 x 229 x 15mm.<\/td>\n<td>Pack. 16 unid.<\/td>\n<td>591096081<\/td>\n<\/tr>\n<tr>\n<td>VL11013<\/td>\n<td>2536-000<\/td>\n<td>330 x 255 x 15mm<\/td>\n<td>Pack. 12 unid.<\/td>\n<td>591096082<\/td>\n<\/tr>\n<tr>\n<td>VL11215<\/td>\n<td>2536-0000<\/td>\n<td>381 x 305 x 15mm.<\/td>\n<td>Pack. 12 unid.<\/td>\n<td>591096083<\/td>\n<\/tr>\n<\/tbody>\n<\/table>\n<p>&nbsp;<\/p>\n<p><img loading=\"lazy\" decoding=\"async\" class=\"alignnone size-full wp-image-509\" src=\"http:\/\/imblasco.cl\/regalos\/wp-content\/uploads\/2019\/06\/laser.png\" alt=\"\" width=\"71\" height=\"71\" \/><\/p>\n","protected":false},"featured_media":10016532,"comment_status":"closed","ping_status":"closed","template":"","meta":[],"product_brand":[],"product_cat":[605],"product_tag":[],"class_list":{"0":"post-10016383","1":"product","2":"type-product","3":"status-publish","4":"has-post-thumbnail","6":"product_cat-galvanos-de-madera-y-varios","8":"first","9":"instock","10":"shipping-taxable","11":"purchasable","12":"product-type-variable"},"aioseo_notices":[],"yoast_head":"<!-- This site is optimized with the Yoast SEO plugin v26.5 - https:\/\/yoast.com\/wordpress\/plugins\/seo\/ -->\n<title>Retablo MDF Enchape Nogal VL - Uniformes Ludo<\/title>\n<meta name=\"robots\" content=\"index, follow, max-snippet:-1, max-image-preview:large, max-video-preview:-1\" \/>\n<link rel=\"canonical\" href=\"https:\/\/uniformesludo.cl\/index.php\/producto\/retablo-mdf-enchape-nogal-vl\/\" \/>\n<meta property=\"og:locale\" content=\"es_ES\" \/>\n<meta property=\"og:type\" content=\"article\" \/>\n<meta property=\"og:title\" content=\"Retablo MDF Enchape Nogal VL - Uniformes Ludo\" \/>\n<meta property=\"og:description\" content=\"VL - 2536  Madera MDF enchapada tipo nogal.  Enganche para muro horizontal y vertical.  &nbsp;    Modelo Modelo DIMENSIONES PACKING C\u00d3DIGO   VL146 2536-4 153 x 109 x 15mm. Pack. 52 unid. 591096076   VL157 2536-3 178 x 128 x 15mm. Pack. 52 unid. 591096077   VL168 2536-2 203 x 152 x 15mm. Pack. 40 unid. 591096078   VL 179 2536-1 229 x 180 x 15mm. Pack. 30 unid. 591096079   VL1810 2536-0 255 x 204 x 15mm. Pack. 24 unid. 591096080   VL1912 2536-00 303 x 229 x 15mm. Pack. 16 unid. 591096081   VL11013 2536-000 330 x 255 x 15mm Pack. 12 unid. 591096082   VL11215 2536-0000 381 x 305 x 15mm. Pack. 12 unid. 591096083    &nbsp;\" \/>\n<meta property=\"og:url\" content=\"https:\/\/uniformesludo.cl\/index.php\/producto\/retablo-mdf-enchape-nogal-vl\/\" \/>\n<meta property=\"og:site_name\" content=\"Uniformes Ludo\" \/>\n<meta property=\"article:modified_time\" content=\"2024-09-05T17:13:46+00:00\" \/>\n<meta property=\"og:image\" content=\"https:\/\/uniformesludo.cl\/wp-content\/uploads\/2024\/09\/madera_enchape_nogal_2536_-1.jpg\" \/>\n\t<meta property=\"og:image:width\" content=\"500\" \/>\n\t<meta property=\"og:image:height\" content=\"500\" \/>\n\t<meta property=\"og:image:type\" content=\"image\/jpeg\" \/>\n<meta name=\"twitter:card\" content=\"summary_large_image\" \/>\n<script type=\"application\/ld+json\" class=\"yoast-schema-graph\">{\"@context\":\"https:\/\/schema.org\",\"@graph\":[{\"@type\":\"WebPage\",\"@id\":\"https:\/\/uniformesludo.cl\/index.php\/producto\/retablo-mdf-enchape-nogal-vl\/\",\"url\":\"https:\/\/uniformesludo.cl\/index.php\/producto\/retablo-mdf-enchape-nogal-vl\/\",\"name\":\"Retablo MDF Enchape Nogal VL - Uniformes Ludo\",\"isPartOf\":{\"@id\":\"https:\/\/uniformesludo.cl\/#website\"},\"primaryImageOfPage\":{\"@id\":\"https:\/\/uniformesludo.cl\/index.php\/producto\/retablo-mdf-enchape-nogal-vl\/#primaryimage\"},\"image\":{\"@id\":\"https:\/\/uniformesludo.cl\/index.php\/producto\/retablo-mdf-enchape-nogal-vl\/#primaryimage\"},\"thumbnailUrl\":\"https:\/\/uniformesludo.cl\/wp-content\/uploads\/2024\/09\/madera_enchape_nogal_2536_-1.jpg\",\"datePublished\":\"2024-09-04T16:05:57+00:00\",\"dateModified\":\"2024-09-05T17:13:46+00:00\",\"breadcrumb\":{\"@id\":\"https:\/\/uniformesludo.cl\/index.php\/producto\/retablo-mdf-enchape-nogal-vl\/#breadcrumb\"},\"inLanguage\":\"es\",\"potentialAction\":[{\"@type\":\"ReadAction\",\"target\":[\"https:\/\/uniformesludo.cl\/index.php\/producto\/retablo-mdf-enchape-nogal-vl\/\"]}]},{\"@type\":\"ImageObject\",\"inLanguage\":\"es\",\"@id\":\"https:\/\/uniformesludo.cl\/index.php\/producto\/retablo-mdf-enchape-nogal-vl\/#primaryimage\",\"url\":\"https:\/\/uniformesludo.cl\/wp-content\/uploads\/2024\/09\/madera_enchape_nogal_2536_-1.jpg\",\"contentUrl\":\"https:\/\/uniformesludo.cl\/wp-content\/uploads\/2024\/09\/madera_enchape_nogal_2536_-1.jpg\",\"width\":500,\"height\":500},{\"@type\":\"BreadcrumbList\",\"@id\":\"https:\/\/uniformesludo.cl\/index.php\/producto\/retablo-mdf-enchape-nogal-vl\/#breadcrumb\",\"itemListElement\":[{\"@type\":\"ListItem\",\"position\":1,\"name\":\"Portada\",\"item\":\"https:\/\/uniformesludo.cl\/\"},{\"@type\":\"ListItem\",\"position\":2,\"name\":\"Tienda\",\"item\":\"https:\/\/uniformesludo.cl\/index.php\/tienda\/\"},{\"@type\":\"ListItem\",\"position\":3,\"name\":\"Retablo MDF Enchape Nogal VL\"}]},{\"@type\":\"WebSite\",\"@id\":\"https:\/\/uniformesludo.cl\/#website\",\"url\":\"https:\/\/uniformesludo.cl\/\",\"name\":\"Uniformes Ludo\",\"description\":\"Es una de las empresas comercializadoras de Ropa de trabajo, confecci\u00f3n, productos de protecci\u00f3n, prevenci\u00f3n y seguridad una de las m\u00e1s importantes de nuestro pa\u00eds, reconocida a nivel Nacional, con numerosos clientes a lo largo de Chile que avalan su compromiso de calidad. De igual forma, existe una permanente preocupaci\u00f3n por mantener un servicio integral de excelencia que permita identificarnos como \u201cel mejor equipo, la mejor empresa e inversi\u00f3n\u201d.\",\"potentialAction\":[{\"@type\":\"SearchAction\",\"target\":{\"@type\":\"EntryPoint\",\"urlTemplate\":\"https:\/\/uniformesludo.cl\/?s={search_term_string}\"},\"query-input\":{\"@type\":\"PropertyValueSpecification\",\"valueRequired\":true,\"valueName\":\"search_term_string\"}}],\"inLanguage\":\"es\"}]}<\/script>\n<!-- \/ Yoast SEO plugin. -->","yoast_head_json":{"title":"Retablo MDF Enchape Nogal VL - Uniformes Ludo","robots":{"index":"index","follow":"follow","max-snippet":"max-snippet:-1","max-image-preview":"max-image-preview:large","max-video-preview":"max-video-preview:-1"},"canonical":"https:\/\/uniformesludo.cl\/index.php\/producto\/retablo-mdf-enchape-nogal-vl\/","og_locale":"es_ES","og_type":"article","og_title":"Retablo MDF Enchape Nogal VL - Uniformes Ludo","og_description":"VL - 2536  Madera MDF enchapada tipo nogal.  Enganche para muro horizontal y vertical.  &nbsp;    Modelo Modelo DIMENSIONES PACKING C\u00d3DIGO   VL146 2536-4 153 x 109 x 15mm. Pack. 52 unid. 591096076   VL157 2536-3 178 x 128 x 15mm. Pack. 52 unid. 591096077   VL168 2536-2 203 x 152 x 15mm. Pack. 40 unid. 591096078   VL 179 2536-1 229 x 180 x 15mm. Pack. 30 unid. 591096079   VL1810 2536-0 255 x 204 x 15mm. Pack. 24 unid. 591096080   VL1912 2536-00 303 x 229 x 15mm. Pack. 16 unid. 591096081   VL11013 2536-000 330 x 255 x 15mm Pack. 12 unid. 591096082   VL11215 2536-0000 381 x 305 x 15mm. Pack. 12 unid. 591096083    &nbsp;","og_url":"https:\/\/uniformesludo.cl\/index.php\/producto\/retablo-mdf-enchape-nogal-vl\/","og_site_name":"Uniformes Ludo","article_modified_time":"2024-09-05T17:13:46+00:00","og_image":[{"width":500,"height":500,"url":"https:\/\/uniformesludo.cl\/wp-content\/uploads\/2024\/09\/madera_enchape_nogal_2536_-1.jpg","type":"image\/jpeg"}],"twitter_card":"summary_large_image","schema":{"@context":"https:\/\/schema.org","@graph":[{"@type":"WebPage","@id":"https:\/\/uniformesludo.cl\/index.php\/producto\/retablo-mdf-enchape-nogal-vl\/","url":"https:\/\/uniformesludo.cl\/index.php\/producto\/retablo-mdf-enchape-nogal-vl\/","name":"Retablo MDF Enchape Nogal VL - Uniformes Ludo","isPartOf":{"@id":"https:\/\/uniformesludo.cl\/#website"},"primaryImageOfPage":{"@id":"https:\/\/uniformesludo.cl\/index.php\/producto\/retablo-mdf-enchape-nogal-vl\/#primaryimage"},"image":{"@id":"https:\/\/uniformesludo.cl\/index.php\/producto\/retablo-mdf-enchape-nogal-vl\/#primaryimage"},"thumbnailUrl":"https:\/\/uniformesludo.cl\/wp-content\/uploads\/2024\/09\/madera_enchape_nogal_2536_-1.jpg","datePublished":"2024-09-04T16:05:57+00:00","dateModified":"2024-09-05T17:13:46+00:00","breadcrumb":{"@id":"https:\/\/uniformesludo.cl\/index.php\/producto\/retablo-mdf-enchape-nogal-vl\/#breadcrumb"},"inLanguage":"es","potentialAction":[{"@type":"ReadAction","target":["https:\/\/uniformesludo.cl\/index.php\/producto\/retablo-mdf-enchape-nogal-vl\/"]}]},{"@type":"ImageObject","inLanguage":"es","@id":"https:\/\/uniformesludo.cl\/index.php\/producto\/retablo-mdf-enchape-nogal-vl\/#primaryimage","url":"https:\/\/uniformesludo.cl\/wp-content\/uploads\/2024\/09\/madera_enchape_nogal_2536_-1.jpg","contentUrl":"https:\/\/uniformesludo.cl\/wp-content\/uploads\/2024\/09\/madera_enchape_nogal_2536_-1.jpg","width":500,"height":500},{"@type":"BreadcrumbList","@id":"https:\/\/uniformesludo.cl\/index.php\/producto\/retablo-mdf-enchape-nogal-vl\/#breadcrumb","itemListElement":[{"@type":"ListItem","position":1,"name":"Portada","item":"https:\/\/uniformesludo.cl\/"},{"@type":"ListItem","position":2,"name":"Tienda","item":"https:\/\/uniformesludo.cl\/index.php\/tienda\/"},{"@type":"ListItem","position":3,"name":"Retablo MDF Enchape Nogal VL"}]},{"@type":"WebSite","@id":"https:\/\/uniformesludo.cl\/#website","url":"https:\/\/uniformesludo.cl\/","name":"Uniformes Ludo","description":"Es una de las empresas comercializadoras de Ropa de trabajo, confecci\u00f3n, productos de protecci\u00f3n, prevenci\u00f3n y seguridad una de las m\u00e1s importantes de nuestro pa\u00eds, reconocida a nivel Nacional, con numerosos clientes a lo largo de Chile que avalan su compromiso de calidad. De igual forma, existe una permanente preocupaci\u00f3n por mantener un servicio integral de excelencia que permita identificarnos como \u201cel mejor equipo, la mejor empresa e inversi\u00f3n\u201d.","potentialAction":[{"@type":"SearchAction","target":{"@type":"EntryPoint","urlTemplate":"https:\/\/uniformesludo.cl\/?s={search_term_string}"},"query-input":{"@type":"PropertyValueSpecification","valueRequired":true,"valueName":"search_term_string"}}],"inLanguage":"es"}]}},"_links":{"self":[{"href":"https:\/\/uniformesludo.cl\/index.php\/wp-json\/wp\/v2\/product\/10016383","targetHints":{"allow":["GET"]}}],"collection":[{"href":"https:\/\/uniformesludo.cl\/index.php\/wp-json\/wp\/v2\/product"}],"about":[{"href":"https:\/\/uniformesludo.cl\/index.php\/wp-json\/wp\/v2\/types\/product"}],"replies":[{"embeddable":true,"href":"https:\/\/uniformesludo.cl\/index.php\/wp-json\/wp\/v2\/comments?post=10016383"}],"wp:featuredmedia":[{"embeddable":true,"href":"https:\/\/uniformesludo.cl\/index.php\/wp-json\/wp\/v2\/media\/10016532"}],"wp:attachment":[{"href":"https:\/\/uniformesludo.cl\/index.php\/wp-json\/wp\/v2\/media?parent=10016383"}],"wp:term":[{"taxonomy":"product_brand","embeddable":true,"href":"https:\/\/uniformesludo.cl\/index.php\/wp-json\/wp\/v2\/product_brand?post=10016383"},{"taxonomy":"product_cat","embeddable":true,"href":"https:\/\/uniformesludo.cl\/index.php\/wp-json\/wp\/v2\/product_cat?post=10016383"},{"taxonomy":"product_tag","embeddable":true,"href":"https:\/\/uniformesludo.cl\/index.php\/wp-json\/wp\/v2\/product_tag?post=10016383"}],"curies":[{"name":"wp","href":"https:\/\/api.w.org\/{rel}","templated":true}]}}