{"id":10016358,"date":"2024-09-04T16:05:31","date_gmt":"2024-09-04T16:05:31","guid":{"rendered":"https:\/\/uniformesludo.cl\/?post_type=product&#038;p=10016358"},"modified":"2024-09-04T16:07:20","modified_gmt":"2024-09-04T16:07:20","slug":"bandeja-ovalada-97903","status":"publish","type":"product","link":"https:\/\/uniformesludo.cl\/index.php\/producto\/bandeja-ovalada-97903\/","title":{"rendered":"Bandeja Ovalada 97903"},"content":{"rendered":"","protected":false},"excerpt":{"rendered":"<p><span style=\"color: #000080;\"><strong>97903<\/strong><\/span><\/p>\n<p><em>Bandeja Ovalada color plata acero inoxidable<\/em><\/p>\n<p>Dimensiones: 270 x 150 mm.<\/p>\n<p>Incluye Estuche de Presentaci\u00f3n color azul con pa\u00f1uelo de seda blanco en su interior<\/p>\n<p>Sugerencia de sublimaci\u00f3n : 180\u00b0 &#8211; 190\u00b0 Celsius con 60 &#8211; 90 Segundos.<\/p>\n<p>591084205<\/p>\n<p><img loading=\"lazy\" decoding=\"async\" class=\"alignnone size-full wp-image-512\" src=\"https:\/\/imblasco.cl\/regalos\/wp-content\/uploads\/2019\/06\/sublimacion.png\" alt=\"\" width=\"71\" height=\"71\" \/><img loading=\"lazy\" decoding=\"async\" class=\"alignnone size-full wp-image-511\" src=\"https:\/\/imblasco.cl\/regalos\/wp-content\/uploads\/2019\/06\/serigrafia.png\" alt=\"\" width=\"71\" height=\"71\" \/><img loading=\"lazy\" decoding=\"async\" class=\"alignnone size-full wp-image-508\" src=\"https:\/\/imblasco.cl\/regalos\/wp-content\/uploads\/2019\/06\/fibra.png\" alt=\"\" width=\"71\" height=\"71\" \/><\/p>\n","protected":false},"featured_media":10016507,"comment_status":"closed","ping_status":"closed","template":"","meta":[],"product_brand":[],"product_cat":[613,557],"product_tag":[],"class_list":{"0":"post-10016358","1":"product","2":"type-product","3":"status-publish","4":"has-post-thumbnail","6":"product_cat-bandejas-rocas","7":"product_cat-productos-para-sublimacion","9":"first","10":"instock","11":"sold-individually","12":"shipping-taxable","13":"product-type-simple"},"aioseo_notices":[],"yoast_head":"<!-- This site is optimized with the Yoast SEO plugin v26.5 - https:\/\/yoast.com\/wordpress\/plugins\/seo\/ -->\n<title>Bandeja Ovalada 97903 - Uniformes Ludo<\/title>\n<meta name=\"robots\" content=\"index, follow, max-snippet:-1, max-image-preview:large, max-video-preview:-1\" \/>\n<link rel=\"canonical\" href=\"https:\/\/uniformesludo.cl\/index.php\/producto\/bandeja-ovalada-97903\/\" \/>\n<meta property=\"og:locale\" content=\"es_ES\" \/>\n<meta property=\"og:type\" content=\"article\" \/>\n<meta property=\"og:title\" content=\"Bandeja Ovalada 97903 - Uniformes Ludo\" \/>\n<meta property=\"og:description\" content=\"97903  Bandeja Ovalada color plata acero inoxidable  Dimensiones: 270 x 150 mm.  Incluye Estuche de Presentaci\u00f3n color azul con pa\u00f1uelo de seda blanco en su interior  Sugerencia de sublimaci\u00f3n : 180\u00b0 - 190\u00b0 Celsius con 60 - 90 Segundos.  591084205\" \/>\n<meta property=\"og:url\" content=\"https:\/\/uniformesludo.cl\/index.php\/producto\/bandeja-ovalada-97903\/\" \/>\n<meta property=\"og:site_name\" content=\"Uniformes Ludo\" \/>\n<meta property=\"article:modified_time\" content=\"2024-09-04T16:07:20+00:00\" \/>\n<meta property=\"og:image\" content=\"https:\/\/uniformesludo.cl\/wp-content\/uploads\/2024\/09\/00_0009_97903-MUESTRA-COLOR-2.jpg\" \/>\n\t<meta property=\"og:image:width\" content=\"500\" \/>\n\t<meta property=\"og:image:height\" content=\"500\" \/>\n\t<meta property=\"og:image:type\" content=\"image\/jpeg\" \/>\n<meta name=\"twitter:card\" content=\"summary_large_image\" \/>\n<script type=\"application\/ld+json\" class=\"yoast-schema-graph\">{\"@context\":\"https:\/\/schema.org\",\"@graph\":[{\"@type\":\"WebPage\",\"@id\":\"https:\/\/uniformesludo.cl\/index.php\/producto\/bandeja-ovalada-97903\/\",\"url\":\"https:\/\/uniformesludo.cl\/index.php\/producto\/bandeja-ovalada-97903\/\",\"name\":\"Bandeja Ovalada 97903 - Uniformes Ludo\",\"isPartOf\":{\"@id\":\"https:\/\/uniformesludo.cl\/#website\"},\"primaryImageOfPage\":{\"@id\":\"https:\/\/uniformesludo.cl\/index.php\/producto\/bandeja-ovalada-97903\/#primaryimage\"},\"image\":{\"@id\":\"https:\/\/uniformesludo.cl\/index.php\/producto\/bandeja-ovalada-97903\/#primaryimage\"},\"thumbnailUrl\":\"https:\/\/uniformesludo.cl\/wp-content\/uploads\/2024\/09\/00_0009_97903-MUESTRA-COLOR-2.jpg\",\"datePublished\":\"2024-09-04T16:05:31+00:00\",\"dateModified\":\"2024-09-04T16:07:20+00:00\",\"breadcrumb\":{\"@id\":\"https:\/\/uniformesludo.cl\/index.php\/producto\/bandeja-ovalada-97903\/#breadcrumb\"},\"inLanguage\":\"es\",\"potentialAction\":[{\"@type\":\"ReadAction\",\"target\":[\"https:\/\/uniformesludo.cl\/index.php\/producto\/bandeja-ovalada-97903\/\"]}]},{\"@type\":\"ImageObject\",\"inLanguage\":\"es\",\"@id\":\"https:\/\/uniformesludo.cl\/index.php\/producto\/bandeja-ovalada-97903\/#primaryimage\",\"url\":\"https:\/\/uniformesludo.cl\/wp-content\/uploads\/2024\/09\/00_0009_97903-MUESTRA-COLOR-2.jpg\",\"contentUrl\":\"https:\/\/uniformesludo.cl\/wp-content\/uploads\/2024\/09\/00_0009_97903-MUESTRA-COLOR-2.jpg\",\"width\":500,\"height\":500},{\"@type\":\"BreadcrumbList\",\"@id\":\"https:\/\/uniformesludo.cl\/index.php\/producto\/bandeja-ovalada-97903\/#breadcrumb\",\"itemListElement\":[{\"@type\":\"ListItem\",\"position\":1,\"name\":\"Portada\",\"item\":\"https:\/\/uniformesludo.cl\/\"},{\"@type\":\"ListItem\",\"position\":2,\"name\":\"Tienda\",\"item\":\"https:\/\/uniformesludo.cl\/index.php\/tienda\/\"},{\"@type\":\"ListItem\",\"position\":3,\"name\":\"Bandeja Ovalada 97903\"}]},{\"@type\":\"WebSite\",\"@id\":\"https:\/\/uniformesludo.cl\/#website\",\"url\":\"https:\/\/uniformesludo.cl\/\",\"name\":\"Uniformes Ludo\",\"description\":\"Es una de las empresas comercializadoras de Ropa de trabajo, confecci\u00f3n, productos de protecci\u00f3n, prevenci\u00f3n y seguridad una de las m\u00e1s importantes de nuestro pa\u00eds, reconocida a nivel Nacional, con numerosos clientes a lo largo de Chile que avalan su compromiso de calidad. De igual forma, existe una permanente preocupaci\u00f3n por mantener un servicio integral de excelencia que permita identificarnos como \u201cel mejor equipo, la mejor empresa e inversi\u00f3n\u201d.\",\"potentialAction\":[{\"@type\":\"SearchAction\",\"target\":{\"@type\":\"EntryPoint\",\"urlTemplate\":\"https:\/\/uniformesludo.cl\/?s={search_term_string}\"},\"query-input\":{\"@type\":\"PropertyValueSpecification\",\"valueRequired\":true,\"valueName\":\"search_term_string\"}}],\"inLanguage\":\"es\"}]}<\/script>\n<!-- \/ Yoast SEO plugin. -->","yoast_head_json":{"title":"Bandeja Ovalada 97903 - Uniformes Ludo","robots":{"index":"index","follow":"follow","max-snippet":"max-snippet:-1","max-image-preview":"max-image-preview:large","max-video-preview":"max-video-preview:-1"},"canonical":"https:\/\/uniformesludo.cl\/index.php\/producto\/bandeja-ovalada-97903\/","og_locale":"es_ES","og_type":"article","og_title":"Bandeja Ovalada 97903 - Uniformes Ludo","og_description":"97903  Bandeja Ovalada color plata acero inoxidable  Dimensiones: 270 x 150 mm.  Incluye Estuche de Presentaci\u00f3n color azul con pa\u00f1uelo de seda blanco en su interior  Sugerencia de sublimaci\u00f3n : 180\u00b0 - 190\u00b0 Celsius con 60 - 90 Segundos.  591084205","og_url":"https:\/\/uniformesludo.cl\/index.php\/producto\/bandeja-ovalada-97903\/","og_site_name":"Uniformes Ludo","article_modified_time":"2024-09-04T16:07:20+00:00","og_image":[{"width":500,"height":500,"url":"https:\/\/uniformesludo.cl\/wp-content\/uploads\/2024\/09\/00_0009_97903-MUESTRA-COLOR-2.jpg","type":"image\/jpeg"}],"twitter_card":"summary_large_image","schema":{"@context":"https:\/\/schema.org","@graph":[{"@type":"WebPage","@id":"https:\/\/uniformesludo.cl\/index.php\/producto\/bandeja-ovalada-97903\/","url":"https:\/\/uniformesludo.cl\/index.php\/producto\/bandeja-ovalada-97903\/","name":"Bandeja Ovalada 97903 - Uniformes Ludo","isPartOf":{"@id":"https:\/\/uniformesludo.cl\/#website"},"primaryImageOfPage":{"@id":"https:\/\/uniformesludo.cl\/index.php\/producto\/bandeja-ovalada-97903\/#primaryimage"},"image":{"@id":"https:\/\/uniformesludo.cl\/index.php\/producto\/bandeja-ovalada-97903\/#primaryimage"},"thumbnailUrl":"https:\/\/uniformesludo.cl\/wp-content\/uploads\/2024\/09\/00_0009_97903-MUESTRA-COLOR-2.jpg","datePublished":"2024-09-04T16:05:31+00:00","dateModified":"2024-09-04T16:07:20+00:00","breadcrumb":{"@id":"https:\/\/uniformesludo.cl\/index.php\/producto\/bandeja-ovalada-97903\/#breadcrumb"},"inLanguage":"es","potentialAction":[{"@type":"ReadAction","target":["https:\/\/uniformesludo.cl\/index.php\/producto\/bandeja-ovalada-97903\/"]}]},{"@type":"ImageObject","inLanguage":"es","@id":"https:\/\/uniformesludo.cl\/index.php\/producto\/bandeja-ovalada-97903\/#primaryimage","url":"https:\/\/uniformesludo.cl\/wp-content\/uploads\/2024\/09\/00_0009_97903-MUESTRA-COLOR-2.jpg","contentUrl":"https:\/\/uniformesludo.cl\/wp-content\/uploads\/2024\/09\/00_0009_97903-MUESTRA-COLOR-2.jpg","width":500,"height":500},{"@type":"BreadcrumbList","@id":"https:\/\/uniformesludo.cl\/index.php\/producto\/bandeja-ovalada-97903\/#breadcrumb","itemListElement":[{"@type":"ListItem","position":1,"name":"Portada","item":"https:\/\/uniformesludo.cl\/"},{"@type":"ListItem","position":2,"name":"Tienda","item":"https:\/\/uniformesludo.cl\/index.php\/tienda\/"},{"@type":"ListItem","position":3,"name":"Bandeja Ovalada 97903"}]},{"@type":"WebSite","@id":"https:\/\/uniformesludo.cl\/#website","url":"https:\/\/uniformesludo.cl\/","name":"Uniformes Ludo","description":"Es una de las empresas comercializadoras de Ropa de trabajo, confecci\u00f3n, productos de protecci\u00f3n, prevenci\u00f3n y seguridad una de las m\u00e1s importantes de nuestro pa\u00eds, reconocida a nivel Nacional, con numerosos clientes a lo largo de Chile que avalan su compromiso de calidad. De igual forma, existe una permanente preocupaci\u00f3n por mantener un servicio integral de excelencia que permita identificarnos como \u201cel mejor equipo, la mejor empresa e inversi\u00f3n\u201d.","potentialAction":[{"@type":"SearchAction","target":{"@type":"EntryPoint","urlTemplate":"https:\/\/uniformesludo.cl\/?s={search_term_string}"},"query-input":{"@type":"PropertyValueSpecification","valueRequired":true,"valueName":"search_term_string"}}],"inLanguage":"es"}]}},"_links":{"self":[{"href":"https:\/\/uniformesludo.cl\/index.php\/wp-json\/wp\/v2\/product\/10016358","targetHints":{"allow":["GET"]}}],"collection":[{"href":"https:\/\/uniformesludo.cl\/index.php\/wp-json\/wp\/v2\/product"}],"about":[{"href":"https:\/\/uniformesludo.cl\/index.php\/wp-json\/wp\/v2\/types\/product"}],"replies":[{"embeddable":true,"href":"https:\/\/uniformesludo.cl\/index.php\/wp-json\/wp\/v2\/comments?post=10016358"}],"wp:featuredmedia":[{"embeddable":true,"href":"https:\/\/uniformesludo.cl\/index.php\/wp-json\/wp\/v2\/media\/10016507"}],"wp:attachment":[{"href":"https:\/\/uniformesludo.cl\/index.php\/wp-json\/wp\/v2\/media?parent=10016358"}],"wp:term":[{"taxonomy":"product_brand","embeddable":true,"href":"https:\/\/uniformesludo.cl\/index.php\/wp-json\/wp\/v2\/product_brand?post=10016358"},{"taxonomy":"product_cat","embeddable":true,"href":"https:\/\/uniformesludo.cl\/index.php\/wp-json\/wp\/v2\/product_cat?post=10016358"},{"taxonomy":"product_tag","embeddable":true,"href":"https:\/\/uniformesludo.cl\/index.php\/wp-json\/wp\/v2\/product_tag?post=10016358"}],"curies":[{"name":"wp","href":"https:\/\/api.w.org\/{rel}","templated":true}]}}