{"id":10016355,"date":"2024-09-04T16:05:31","date_gmt":"2024-09-04T16:05:31","guid":{"rendered":"https:\/\/uniformesludo.cl\/?post_type=product&#038;p=10016355"},"modified":"2024-09-04T16:07:15","modified_gmt":"2024-09-04T16:07:15","slug":"cinta-satin-blanca-sublimable","status":"publish","type":"product","link":"https:\/\/uniformesludo.cl\/index.php\/producto\/cinta-satin-blanca-sublimable\/","title":{"rendered":"Cinta Sat\u00edn Blanca Sublimable"},"content":{"rendered":"","protected":false},"excerpt":{"rendered":"<p><em>Cinta Sat\u00edn poli\u00e9ster Blanca efecto brillante<\/em><\/p>\n<p><em>para sublimaci\u00f3n a color y transfer color.<\/em><\/p>\n<p>Largo 84 cms.<\/p>\n<p>Sugerencia de sublimaci\u00f3n : 180\u00b0 Celsius con 60 Segundos.<\/p>\n<p>C\u00f3digo: 591080136<\/p>\n<p>&nbsp;<\/p>\n","protected":false},"featured_media":10016495,"comment_status":"closed","ping_status":"closed","template":"","meta":[],"product_brand":[],"product_cat":[614,557],"product_tag":[],"class_list":{"0":"post-10016355","1":"product","2":"type-product","3":"status-publish","4":"has-post-thumbnail","6":"product_cat-cintas-1-color","7":"product_cat-productos-para-sublimacion","9":"first","10":"instock","11":"shipping-taxable","12":"product-type-simple"},"aioseo_notices":[],"yoast_head":"<!-- This site is optimized with the Yoast SEO plugin v26.5 - https:\/\/yoast.com\/wordpress\/plugins\/seo\/ -->\n<title>Cinta Sat\u00edn Blanca Sublimable - Uniformes Ludo<\/title>\n<meta name=\"robots\" content=\"index, follow, max-snippet:-1, max-image-preview:large, max-video-preview:-1\" \/>\n<link rel=\"canonical\" href=\"https:\/\/uniformesludo.cl\/index.php\/producto\/cinta-satin-blanca-sublimable\/\" \/>\n<meta property=\"og:locale\" content=\"es_ES\" \/>\n<meta property=\"og:type\" content=\"article\" \/>\n<meta property=\"og:title\" content=\"Cinta Sat\u00edn Blanca Sublimable - Uniformes Ludo\" \/>\n<meta property=\"og:description\" content=\"Cinta Sat\u00edn poli\u00e9ster Blanca efecto brillante  para sublimaci\u00f3n a color y transfer color.  Largo 84 cms.  Sugerencia de sublimaci\u00f3n : 180\u00b0 Celsius con 60 Segundos.  C\u00f3digo: 591080136  &nbsp;\" \/>\n<meta property=\"og:url\" content=\"https:\/\/uniformesludo.cl\/index.php\/producto\/cinta-satin-blanca-sublimable\/\" \/>\n<meta property=\"og:site_name\" content=\"Uniformes Ludo\" \/>\n<meta property=\"article:modified_time\" content=\"2024-09-04T16:07:15+00:00\" \/>\n<meta property=\"og:image\" content=\"https:\/\/uniformesludo.cl\/wp-content\/uploads\/2024\/09\/Cinta-subli.jpg\" \/>\n\t<meta property=\"og:image:width\" content=\"1500\" \/>\n\t<meta property=\"og:image:height\" content=\"1500\" \/>\n\t<meta property=\"og:image:type\" content=\"image\/jpeg\" \/>\n<meta name=\"twitter:card\" content=\"summary_large_image\" \/>\n<script type=\"application\/ld+json\" class=\"yoast-schema-graph\">{\"@context\":\"https:\/\/schema.org\",\"@graph\":[{\"@type\":\"WebPage\",\"@id\":\"https:\/\/uniformesludo.cl\/index.php\/producto\/cinta-satin-blanca-sublimable\/\",\"url\":\"https:\/\/uniformesludo.cl\/index.php\/producto\/cinta-satin-blanca-sublimable\/\",\"name\":\"Cinta Sat\u00edn Blanca Sublimable - Uniformes Ludo\",\"isPartOf\":{\"@id\":\"https:\/\/uniformesludo.cl\/#website\"},\"primaryImageOfPage\":{\"@id\":\"https:\/\/uniformesludo.cl\/index.php\/producto\/cinta-satin-blanca-sublimable\/#primaryimage\"},\"image\":{\"@id\":\"https:\/\/uniformesludo.cl\/index.php\/producto\/cinta-satin-blanca-sublimable\/#primaryimage\"},\"thumbnailUrl\":\"https:\/\/uniformesludo.cl\/wp-content\/uploads\/2024\/09\/Cinta-subli.jpg\",\"datePublished\":\"2024-09-04T16:05:31+00:00\",\"dateModified\":\"2024-09-04T16:07:15+00:00\",\"breadcrumb\":{\"@id\":\"https:\/\/uniformesludo.cl\/index.php\/producto\/cinta-satin-blanca-sublimable\/#breadcrumb\"},\"inLanguage\":\"es\",\"potentialAction\":[{\"@type\":\"ReadAction\",\"target\":[\"https:\/\/uniformesludo.cl\/index.php\/producto\/cinta-satin-blanca-sublimable\/\"]}]},{\"@type\":\"ImageObject\",\"inLanguage\":\"es\",\"@id\":\"https:\/\/uniformesludo.cl\/index.php\/producto\/cinta-satin-blanca-sublimable\/#primaryimage\",\"url\":\"https:\/\/uniformesludo.cl\/wp-content\/uploads\/2024\/09\/Cinta-subli.jpg\",\"contentUrl\":\"https:\/\/uniformesludo.cl\/wp-content\/uploads\/2024\/09\/Cinta-subli.jpg\",\"width\":1500,\"height\":1500},{\"@type\":\"BreadcrumbList\",\"@id\":\"https:\/\/uniformesludo.cl\/index.php\/producto\/cinta-satin-blanca-sublimable\/#breadcrumb\",\"itemListElement\":[{\"@type\":\"ListItem\",\"position\":1,\"name\":\"Portada\",\"item\":\"https:\/\/uniformesludo.cl\/\"},{\"@type\":\"ListItem\",\"position\":2,\"name\":\"Tienda\",\"item\":\"https:\/\/uniformesludo.cl\/index.php\/tienda\/\"},{\"@type\":\"ListItem\",\"position\":3,\"name\":\"Cinta Sat\u00edn Blanca Sublimable\"}]},{\"@type\":\"WebSite\",\"@id\":\"https:\/\/uniformesludo.cl\/#website\",\"url\":\"https:\/\/uniformesludo.cl\/\",\"name\":\"Uniformes Ludo\",\"description\":\"Es una de las empresas comercializadoras de Ropa de trabajo, confecci\u00f3n, productos de protecci\u00f3n, prevenci\u00f3n y seguridad una de las m\u00e1s importantes de nuestro pa\u00eds, reconocida a nivel Nacional, con numerosos clientes a lo largo de Chile que avalan su compromiso de calidad. De igual forma, existe una permanente preocupaci\u00f3n por mantener un servicio integral de excelencia que permita identificarnos como \u201cel mejor equipo, la mejor empresa e inversi\u00f3n\u201d.\",\"potentialAction\":[{\"@type\":\"SearchAction\",\"target\":{\"@type\":\"EntryPoint\",\"urlTemplate\":\"https:\/\/uniformesludo.cl\/?s={search_term_string}\"},\"query-input\":{\"@type\":\"PropertyValueSpecification\",\"valueRequired\":true,\"valueName\":\"search_term_string\"}}],\"inLanguage\":\"es\"}]}<\/script>\n<!-- \/ Yoast SEO plugin. -->","yoast_head_json":{"title":"Cinta Sat\u00edn Blanca Sublimable - Uniformes Ludo","robots":{"index":"index","follow":"follow","max-snippet":"max-snippet:-1","max-image-preview":"max-image-preview:large","max-video-preview":"max-video-preview:-1"},"canonical":"https:\/\/uniformesludo.cl\/index.php\/producto\/cinta-satin-blanca-sublimable\/","og_locale":"es_ES","og_type":"article","og_title":"Cinta Sat\u00edn Blanca Sublimable - Uniformes Ludo","og_description":"Cinta Sat\u00edn poli\u00e9ster Blanca efecto brillante  para sublimaci\u00f3n a color y transfer color.  Largo 84 cms.  Sugerencia de sublimaci\u00f3n : 180\u00b0 Celsius con 60 Segundos.  C\u00f3digo: 591080136  &nbsp;","og_url":"https:\/\/uniformesludo.cl\/index.php\/producto\/cinta-satin-blanca-sublimable\/","og_site_name":"Uniformes Ludo","article_modified_time":"2024-09-04T16:07:15+00:00","og_image":[{"width":1500,"height":1500,"url":"https:\/\/uniformesludo.cl\/wp-content\/uploads\/2024\/09\/Cinta-subli.jpg","type":"image\/jpeg"}],"twitter_card":"summary_large_image","schema":{"@context":"https:\/\/schema.org","@graph":[{"@type":"WebPage","@id":"https:\/\/uniformesludo.cl\/index.php\/producto\/cinta-satin-blanca-sublimable\/","url":"https:\/\/uniformesludo.cl\/index.php\/producto\/cinta-satin-blanca-sublimable\/","name":"Cinta Sat\u00edn Blanca Sublimable - Uniformes Ludo","isPartOf":{"@id":"https:\/\/uniformesludo.cl\/#website"},"primaryImageOfPage":{"@id":"https:\/\/uniformesludo.cl\/index.php\/producto\/cinta-satin-blanca-sublimable\/#primaryimage"},"image":{"@id":"https:\/\/uniformesludo.cl\/index.php\/producto\/cinta-satin-blanca-sublimable\/#primaryimage"},"thumbnailUrl":"https:\/\/uniformesludo.cl\/wp-content\/uploads\/2024\/09\/Cinta-subli.jpg","datePublished":"2024-09-04T16:05:31+00:00","dateModified":"2024-09-04T16:07:15+00:00","breadcrumb":{"@id":"https:\/\/uniformesludo.cl\/index.php\/producto\/cinta-satin-blanca-sublimable\/#breadcrumb"},"inLanguage":"es","potentialAction":[{"@type":"ReadAction","target":["https:\/\/uniformesludo.cl\/index.php\/producto\/cinta-satin-blanca-sublimable\/"]}]},{"@type":"ImageObject","inLanguage":"es","@id":"https:\/\/uniformesludo.cl\/index.php\/producto\/cinta-satin-blanca-sublimable\/#primaryimage","url":"https:\/\/uniformesludo.cl\/wp-content\/uploads\/2024\/09\/Cinta-subli.jpg","contentUrl":"https:\/\/uniformesludo.cl\/wp-content\/uploads\/2024\/09\/Cinta-subli.jpg","width":1500,"height":1500},{"@type":"BreadcrumbList","@id":"https:\/\/uniformesludo.cl\/index.php\/producto\/cinta-satin-blanca-sublimable\/#breadcrumb","itemListElement":[{"@type":"ListItem","position":1,"name":"Portada","item":"https:\/\/uniformesludo.cl\/"},{"@type":"ListItem","position":2,"name":"Tienda","item":"https:\/\/uniformesludo.cl\/index.php\/tienda\/"},{"@type":"ListItem","position":3,"name":"Cinta Sat\u00edn Blanca Sublimable"}]},{"@type":"WebSite","@id":"https:\/\/uniformesludo.cl\/#website","url":"https:\/\/uniformesludo.cl\/","name":"Uniformes Ludo","description":"Es una de las empresas comercializadoras de Ropa de trabajo, confecci\u00f3n, productos de protecci\u00f3n, prevenci\u00f3n y seguridad una de las m\u00e1s importantes de nuestro pa\u00eds, reconocida a nivel Nacional, con numerosos clientes a lo largo de Chile que avalan su compromiso de calidad. De igual forma, existe una permanente preocupaci\u00f3n por mantener un servicio integral de excelencia que permita identificarnos como \u201cel mejor equipo, la mejor empresa e inversi\u00f3n\u201d.","potentialAction":[{"@type":"SearchAction","target":{"@type":"EntryPoint","urlTemplate":"https:\/\/uniformesludo.cl\/?s={search_term_string}"},"query-input":{"@type":"PropertyValueSpecification","valueRequired":true,"valueName":"search_term_string"}}],"inLanguage":"es"}]}},"_links":{"self":[{"href":"https:\/\/uniformesludo.cl\/index.php\/wp-json\/wp\/v2\/product\/10016355","targetHints":{"allow":["GET"]}}],"collection":[{"href":"https:\/\/uniformesludo.cl\/index.php\/wp-json\/wp\/v2\/product"}],"about":[{"href":"https:\/\/uniformesludo.cl\/index.php\/wp-json\/wp\/v2\/types\/product"}],"replies":[{"embeddable":true,"href":"https:\/\/uniformesludo.cl\/index.php\/wp-json\/wp\/v2\/comments?post=10016355"}],"wp:featuredmedia":[{"embeddable":true,"href":"https:\/\/uniformesludo.cl\/index.php\/wp-json\/wp\/v2\/media\/10016495"}],"wp:attachment":[{"href":"https:\/\/uniformesludo.cl\/index.php\/wp-json\/wp\/v2\/media?parent=10016355"}],"wp:term":[{"taxonomy":"product_brand","embeddable":true,"href":"https:\/\/uniformesludo.cl\/index.php\/wp-json\/wp\/v2\/product_brand?post=10016355"},{"taxonomy":"product_cat","embeddable":true,"href":"https:\/\/uniformesludo.cl\/index.php\/wp-json\/wp\/v2\/product_cat?post=10016355"},{"taxonomy":"product_tag","embeddable":true,"href":"https:\/\/uniformesludo.cl\/index.php\/wp-json\/wp\/v2\/product_tag?post=10016355"}],"curies":[{"name":"wp","href":"https:\/\/api.w.org\/{rel}","templated":true}]}}