{"id":10016330,"date":"2024-09-04T16:05:08","date_gmt":"2024-09-04T16:05:08","guid":{"rendered":"https:\/\/uniformesludo.cl\/?post_type=product&#038;p=10016330"},"modified":"2024-09-05T17:16:51","modified_gmt":"2024-09-05T17:16:51","slug":"galvano-madera-terciopelo","status":"publish","type":"product","link":"https:\/\/uniformesludo.cl\/index.php\/producto\/galvano-madera-terciopelo\/","title":{"rendered":"Galvano Madera Terciopelo"},"content":{"rendered":"","protected":false},"excerpt":{"rendered":"<p><span style=\"color: #000080;\"><strong>EC\u00a0<\/strong><\/span><\/p>\n<p><em>Galvano con marco color madera con interior de terciopelo en 3 colores. Perfecto para aplicar placa \/ molde tem\u00e1tico los cuales no vienen incluidos con el producto.<\/em><\/p>\n<p>Incluye estuche de presentaci\u00f3n color azul.<\/p>\n<p><strong>18 x 23 x 2 cm.<\/strong><\/p>\n<p>Color Verde\u00a0   \u00a0C\u00f3digo:\u00a0 591084504<\/p>\n<p>Color Rojo\u00a0 \u00a0 \u00a0 C\u00f3digo:\u00a0 591084510<\/p>\n<p>Color Azul\u00a0 \u00a0 \u00a0 C\u00f3digo:\u00a0 591084500<\/p>\n<p>Color Negro\u00a0 \u00a0  C\u00f3digo:\u00a0 591084505<\/p>\n<p><strong>20 x 26 x 2 cm.<\/strong><\/p>\n<p>Color Verde\u00a0 \u00a0C\u00f3digo:\u00a0 591084507<\/p>\n<p>Color Rojo\u00a0 \u00a0 \u00a0 C\u00f3digo:\u00a0 591084511<\/p>\n<p>Color Azul\u00a0 \u00a0 \u00a0 C\u00f3digo:\u00a0 591084501<\/p>\n<p>Color Negro\u00a0 \u00a0C\u00f3digo:\u00a0 591084506<\/p>\n<p>Caja de 24 unidades.<\/p>\n","protected":false},"featured_media":10016465,"comment_status":"closed","ping_status":"closed","template":"","meta":[],"product_brand":[],"product_cat":[605],"product_tag":[],"class_list":{"0":"post-10016330","1":"product","2":"type-product","3":"status-publish","4":"has-post-thumbnail","6":"product_cat-galvanos-de-madera-y-varios","8":"first","9":"instock","10":"shipping-taxable","11":"purchasable","12":"product-type-variable"},"aioseo_notices":[],"yoast_head":"<!-- This site is optimized with the Yoast SEO plugin v26.5 - https:\/\/yoast.com\/wordpress\/plugins\/seo\/ -->\n<title>Galvano Madera Terciopelo - Uniformes Ludo<\/title>\n<meta name=\"robots\" content=\"index, follow, max-snippet:-1, max-image-preview:large, max-video-preview:-1\" \/>\n<link rel=\"canonical\" href=\"https:\/\/uniformesludo.cl\/index.php\/producto\/galvano-madera-terciopelo\/\" \/>\n<meta property=\"og:locale\" content=\"es_ES\" \/>\n<meta property=\"og:type\" content=\"article\" \/>\n<meta property=\"og:title\" content=\"Galvano Madera Terciopelo - Uniformes Ludo\" \/>\n<meta property=\"og:description\" content=\"EC\u00a0  Galvano con marco color madera con interior de terciopelo en 3 colores. Perfecto para aplicar placa \/ molde tem\u00e1tico los cuales no vienen incluidos con el producto.  Incluye estuche de presentaci\u00f3n color azul.  18 x 23 x 2 cm.  Color Verde\u00a0  \u00a0C\u00f3digo:\u00a0 591084504  Color Rojo\u00a0 \u00a0 \u00a0 C\u00f3digo:\u00a0 591084510  Color Azul\u00a0 \u00a0 \u00a0 C\u00f3digo:\u00a0 591084500  Color Negro\u00a0 \u00a0 C\u00f3digo:\u00a0 591084505  20 x 26 x 2 cm.  Color Verde\u00a0 \u00a0C\u00f3digo:\u00a0 591084507  Color Rojo\u00a0 \u00a0 \u00a0 C\u00f3digo:\u00a0 591084511  Color Azul\u00a0 \u00a0 \u00a0 C\u00f3digo:\u00a0 591084501  Color Negro\u00a0 \u00a0C\u00f3digo:\u00a0 591084506  Caja de 24 unidades.\" \/>\n<meta property=\"og:url\" content=\"https:\/\/uniformesludo.cl\/index.php\/producto\/galvano-madera-terciopelo\/\" \/>\n<meta property=\"og:site_name\" content=\"Uniformes Ludo\" \/>\n<meta property=\"article:modified_time\" content=\"2024-09-05T17:16:51+00:00\" \/>\n<meta property=\"og:image\" content=\"https:\/\/uniformesludo.cl\/wp-content\/uploads\/2024\/09\/portada_galvano_terciopelo.jpg\" \/>\n\t<meta property=\"og:image:width\" content=\"600\" \/>\n\t<meta property=\"og:image:height\" content=\"600\" \/>\n\t<meta property=\"og:image:type\" content=\"image\/jpeg\" \/>\n<meta name=\"twitter:card\" content=\"summary_large_image\" \/>\n<script type=\"application\/ld+json\" class=\"yoast-schema-graph\">{\"@context\":\"https:\/\/schema.org\",\"@graph\":[{\"@type\":\"WebPage\",\"@id\":\"https:\/\/uniformesludo.cl\/index.php\/producto\/galvano-madera-terciopelo\/\",\"url\":\"https:\/\/uniformesludo.cl\/index.php\/producto\/galvano-madera-terciopelo\/\",\"name\":\"Galvano Madera Terciopelo - Uniformes Ludo\",\"isPartOf\":{\"@id\":\"https:\/\/uniformesludo.cl\/#website\"},\"primaryImageOfPage\":{\"@id\":\"https:\/\/uniformesludo.cl\/index.php\/producto\/galvano-madera-terciopelo\/#primaryimage\"},\"image\":{\"@id\":\"https:\/\/uniformesludo.cl\/index.php\/producto\/galvano-madera-terciopelo\/#primaryimage\"},\"thumbnailUrl\":\"https:\/\/uniformesludo.cl\/wp-content\/uploads\/2024\/09\/portada_galvano_terciopelo.jpg\",\"datePublished\":\"2024-09-04T16:05:08+00:00\",\"dateModified\":\"2024-09-05T17:16:51+00:00\",\"breadcrumb\":{\"@id\":\"https:\/\/uniformesludo.cl\/index.php\/producto\/galvano-madera-terciopelo\/#breadcrumb\"},\"inLanguage\":\"es\",\"potentialAction\":[{\"@type\":\"ReadAction\",\"target\":[\"https:\/\/uniformesludo.cl\/index.php\/producto\/galvano-madera-terciopelo\/\"]}]},{\"@type\":\"ImageObject\",\"inLanguage\":\"es\",\"@id\":\"https:\/\/uniformesludo.cl\/index.php\/producto\/galvano-madera-terciopelo\/#primaryimage\",\"url\":\"https:\/\/uniformesludo.cl\/wp-content\/uploads\/2024\/09\/portada_galvano_terciopelo.jpg\",\"contentUrl\":\"https:\/\/uniformesludo.cl\/wp-content\/uploads\/2024\/09\/portada_galvano_terciopelo.jpg\",\"width\":600,\"height\":600},{\"@type\":\"BreadcrumbList\",\"@id\":\"https:\/\/uniformesludo.cl\/index.php\/producto\/galvano-madera-terciopelo\/#breadcrumb\",\"itemListElement\":[{\"@type\":\"ListItem\",\"position\":1,\"name\":\"Portada\",\"item\":\"https:\/\/uniformesludo.cl\/\"},{\"@type\":\"ListItem\",\"position\":2,\"name\":\"Tienda\",\"item\":\"https:\/\/uniformesludo.cl\/index.php\/tienda\/\"},{\"@type\":\"ListItem\",\"position\":3,\"name\":\"Galvano Madera Terciopelo\"}]},{\"@type\":\"WebSite\",\"@id\":\"https:\/\/uniformesludo.cl\/#website\",\"url\":\"https:\/\/uniformesludo.cl\/\",\"name\":\"Uniformes Ludo\",\"description\":\"Es una de las empresas comercializadoras de Ropa de trabajo, confecci\u00f3n, productos de protecci\u00f3n, prevenci\u00f3n y seguridad una de las m\u00e1s importantes de nuestro pa\u00eds, reconocida a nivel Nacional, con numerosos clientes a lo largo de Chile que avalan su compromiso de calidad. De igual forma, existe una permanente preocupaci\u00f3n por mantener un servicio integral de excelencia que permita identificarnos como \u201cel mejor equipo, la mejor empresa e inversi\u00f3n\u201d.\",\"potentialAction\":[{\"@type\":\"SearchAction\",\"target\":{\"@type\":\"EntryPoint\",\"urlTemplate\":\"https:\/\/uniformesludo.cl\/?s={search_term_string}\"},\"query-input\":{\"@type\":\"PropertyValueSpecification\",\"valueRequired\":true,\"valueName\":\"search_term_string\"}}],\"inLanguage\":\"es\"}]}<\/script>\n<!-- \/ Yoast SEO plugin. -->","yoast_head_json":{"title":"Galvano Madera Terciopelo - Uniformes Ludo","robots":{"index":"index","follow":"follow","max-snippet":"max-snippet:-1","max-image-preview":"max-image-preview:large","max-video-preview":"max-video-preview:-1"},"canonical":"https:\/\/uniformesludo.cl\/index.php\/producto\/galvano-madera-terciopelo\/","og_locale":"es_ES","og_type":"article","og_title":"Galvano Madera Terciopelo - Uniformes Ludo","og_description":"EC\u00a0  Galvano con marco color madera con interior de terciopelo en 3 colores. Perfecto para aplicar placa \/ molde tem\u00e1tico los cuales no vienen incluidos con el producto.  Incluye estuche de presentaci\u00f3n color azul.  18 x 23 x 2 cm.  Color Verde\u00a0  \u00a0C\u00f3digo:\u00a0 591084504  Color Rojo\u00a0 \u00a0 \u00a0 C\u00f3digo:\u00a0 591084510  Color Azul\u00a0 \u00a0 \u00a0 C\u00f3digo:\u00a0 591084500  Color Negro\u00a0 \u00a0 C\u00f3digo:\u00a0 591084505  20 x 26 x 2 cm.  Color Verde\u00a0 \u00a0C\u00f3digo:\u00a0 591084507  Color Rojo\u00a0 \u00a0 \u00a0 C\u00f3digo:\u00a0 591084511  Color Azul\u00a0 \u00a0 \u00a0 C\u00f3digo:\u00a0 591084501  Color Negro\u00a0 \u00a0C\u00f3digo:\u00a0 591084506  Caja de 24 unidades.","og_url":"https:\/\/uniformesludo.cl\/index.php\/producto\/galvano-madera-terciopelo\/","og_site_name":"Uniformes Ludo","article_modified_time":"2024-09-05T17:16:51+00:00","og_image":[{"width":600,"height":600,"url":"https:\/\/uniformesludo.cl\/wp-content\/uploads\/2024\/09\/portada_galvano_terciopelo.jpg","type":"image\/jpeg"}],"twitter_card":"summary_large_image","schema":{"@context":"https:\/\/schema.org","@graph":[{"@type":"WebPage","@id":"https:\/\/uniformesludo.cl\/index.php\/producto\/galvano-madera-terciopelo\/","url":"https:\/\/uniformesludo.cl\/index.php\/producto\/galvano-madera-terciopelo\/","name":"Galvano Madera Terciopelo - Uniformes Ludo","isPartOf":{"@id":"https:\/\/uniformesludo.cl\/#website"},"primaryImageOfPage":{"@id":"https:\/\/uniformesludo.cl\/index.php\/producto\/galvano-madera-terciopelo\/#primaryimage"},"image":{"@id":"https:\/\/uniformesludo.cl\/index.php\/producto\/galvano-madera-terciopelo\/#primaryimage"},"thumbnailUrl":"https:\/\/uniformesludo.cl\/wp-content\/uploads\/2024\/09\/portada_galvano_terciopelo.jpg","datePublished":"2024-09-04T16:05:08+00:00","dateModified":"2024-09-05T17:16:51+00:00","breadcrumb":{"@id":"https:\/\/uniformesludo.cl\/index.php\/producto\/galvano-madera-terciopelo\/#breadcrumb"},"inLanguage":"es","potentialAction":[{"@type":"ReadAction","target":["https:\/\/uniformesludo.cl\/index.php\/producto\/galvano-madera-terciopelo\/"]}]},{"@type":"ImageObject","inLanguage":"es","@id":"https:\/\/uniformesludo.cl\/index.php\/producto\/galvano-madera-terciopelo\/#primaryimage","url":"https:\/\/uniformesludo.cl\/wp-content\/uploads\/2024\/09\/portada_galvano_terciopelo.jpg","contentUrl":"https:\/\/uniformesludo.cl\/wp-content\/uploads\/2024\/09\/portada_galvano_terciopelo.jpg","width":600,"height":600},{"@type":"BreadcrumbList","@id":"https:\/\/uniformesludo.cl\/index.php\/producto\/galvano-madera-terciopelo\/#breadcrumb","itemListElement":[{"@type":"ListItem","position":1,"name":"Portada","item":"https:\/\/uniformesludo.cl\/"},{"@type":"ListItem","position":2,"name":"Tienda","item":"https:\/\/uniformesludo.cl\/index.php\/tienda\/"},{"@type":"ListItem","position":3,"name":"Galvano Madera Terciopelo"}]},{"@type":"WebSite","@id":"https:\/\/uniformesludo.cl\/#website","url":"https:\/\/uniformesludo.cl\/","name":"Uniformes Ludo","description":"Es una de las empresas comercializadoras de Ropa de trabajo, confecci\u00f3n, productos de protecci\u00f3n, prevenci\u00f3n y seguridad una de las m\u00e1s importantes de nuestro pa\u00eds, reconocida a nivel Nacional, con numerosos clientes a lo largo de Chile que avalan su compromiso de calidad. De igual forma, existe una permanente preocupaci\u00f3n por mantener un servicio integral de excelencia que permita identificarnos como \u201cel mejor equipo, la mejor empresa e inversi\u00f3n\u201d.","potentialAction":[{"@type":"SearchAction","target":{"@type":"EntryPoint","urlTemplate":"https:\/\/uniformesludo.cl\/?s={search_term_string}"},"query-input":{"@type":"PropertyValueSpecification","valueRequired":true,"valueName":"search_term_string"}}],"inLanguage":"es"}]}},"_links":{"self":[{"href":"https:\/\/uniformesludo.cl\/index.php\/wp-json\/wp\/v2\/product\/10016330","targetHints":{"allow":["GET"]}}],"collection":[{"href":"https:\/\/uniformesludo.cl\/index.php\/wp-json\/wp\/v2\/product"}],"about":[{"href":"https:\/\/uniformesludo.cl\/index.php\/wp-json\/wp\/v2\/types\/product"}],"replies":[{"embeddable":true,"href":"https:\/\/uniformesludo.cl\/index.php\/wp-json\/wp\/v2\/comments?post=10016330"}],"wp:featuredmedia":[{"embeddable":true,"href":"https:\/\/uniformesludo.cl\/index.php\/wp-json\/wp\/v2\/media\/10016465"}],"wp:attachment":[{"href":"https:\/\/uniformesludo.cl\/index.php\/wp-json\/wp\/v2\/media?parent=10016330"}],"wp:term":[{"taxonomy":"product_brand","embeddable":true,"href":"https:\/\/uniformesludo.cl\/index.php\/wp-json\/wp\/v2\/product_brand?post=10016330"},{"taxonomy":"product_cat","embeddable":true,"href":"https:\/\/uniformesludo.cl\/index.php\/wp-json\/wp\/v2\/product_cat?post=10016330"},{"taxonomy":"product_tag","embeddable":true,"href":"https:\/\/uniformesludo.cl\/index.php\/wp-json\/wp\/v2\/product_tag?post=10016330"}],"curies":[{"name":"wp","href":"https:\/\/api.w.org\/{rel}","templated":true}]}}