{"id":10016329,"date":"2024-09-04T16:05:08","date_gmt":"2024-09-04T16:05:08","guid":{"rendered":"https:\/\/uniformesludo.cl\/?post_type=product&#038;p=10016329"},"modified":"2024-09-05T17:15:11","modified_gmt":"2024-09-05T17:15:11","slug":"retablo-rauli-rdo","status":"publish","type":"product","link":"https:\/\/uniformesludo.cl\/index.php\/producto\/retablo-rauli-rdo\/","title":{"rendered":"Retablo Raul\u00ed RDO"},"content":{"rendered":"","protected":false},"excerpt":{"rendered":"<p><span style=\"color: #000080;\"><strong>RDO<\/strong><\/span><\/p>\n<p><em>Retablo de madera con biseles laterales.<\/em> Enganche para muro Horizontal y Vertical en la parte posterior.<\/p>\n<p><strong>RDO 18-13:<\/strong>\u00a0 \u00a0180 X 130 mm.\u00a0 \u00a0Pak.30\u00a0 \u00a0 591095841<\/p>\n<p><strong>RDO 23-18:<\/strong>\u00a0 \u00a0230 X 180 mm.\u00a0 \u00a0Pak.20\u00a0 \u00a0 591095842<\/p>\n<p><strong>RDO 26-20<\/strong>:\u00a0 \u00a0260 X 200 mm.\u00a0 \u00a0Pak.20\u00a0 \u00a0 591095843<\/p>\n<p>Producto no incluye <a href=\"https:\/\/imblasco.cl\/regalos\/producto\/vl\/\">Estuche VL<\/a>.<\/p>\n<p><img loading=\"lazy\" decoding=\"async\" class=\"alignnone size-full wp-image-509\" src=\"http:\/\/imblasco.cl\/regalos\/wp-content\/uploads\/2019\/06\/laser.png\" alt=\"\" width=\"71\" height=\"71\" \/><\/p>\n","protected":false},"featured_media":10016461,"comment_status":"closed","ping_status":"closed","template":"","meta":[],"product_brand":[],"product_cat":[605],"product_tag":[],"class_list":{"0":"post-10016329","1":"product","2":"type-product","3":"status-publish","4":"has-post-thumbnail","6":"product_cat-galvanos-de-madera-y-varios","8":"first","9":"instock","10":"shipping-taxable","11":"purchasable","12":"product-type-variable"},"aioseo_notices":[],"yoast_head":"<!-- This site is optimized with the Yoast SEO plugin v26.5 - https:\/\/yoast.com\/wordpress\/plugins\/seo\/ -->\n<title>Retablo Raul\u00ed RDO - Uniformes Ludo<\/title>\n<meta name=\"robots\" content=\"index, follow, max-snippet:-1, max-image-preview:large, max-video-preview:-1\" \/>\n<link rel=\"canonical\" href=\"https:\/\/uniformesludo.cl\/index.php\/producto\/retablo-rauli-rdo\/\" \/>\n<meta property=\"og:locale\" content=\"es_ES\" \/>\n<meta property=\"og:type\" content=\"article\" \/>\n<meta property=\"og:title\" content=\"Retablo Raul\u00ed RDO - Uniformes Ludo\" \/>\n<meta property=\"og:description\" content=\"RDO  Retablo de madera con biseles laterales. Enganche para muro Horizontal y Vertical en la parte posterior.  RDO 18-13:\u00a0 \u00a0180 X 130 mm.\u00a0 \u00a0Pak.30\u00a0 \u00a0 591095841  RDO 23-18:\u00a0 \u00a0230 X 180 mm.\u00a0 \u00a0Pak.20\u00a0 \u00a0 591095842  RDO 26-20:\u00a0 \u00a0260 X 200 mm.\u00a0 \u00a0Pak.20\u00a0 \u00a0 591095843  Producto no incluye Estuche VL.\" \/>\n<meta property=\"og:url\" content=\"https:\/\/uniformesludo.cl\/index.php\/producto\/retablo-rauli-rdo\/\" \/>\n<meta property=\"og:site_name\" content=\"Uniformes Ludo\" \/>\n<meta property=\"article:modified_time\" content=\"2024-09-05T17:15:11+00:00\" \/>\n<meta property=\"og:image\" content=\"https:\/\/uniformesludo.cl\/wp-content\/uploads\/2024\/09\/madera_galvano_rdo_-4.jpg\" \/>\n\t<meta property=\"og:image:width\" content=\"500\" \/>\n\t<meta property=\"og:image:height\" content=\"500\" \/>\n\t<meta property=\"og:image:type\" content=\"image\/jpeg\" \/>\n<meta name=\"twitter:card\" content=\"summary_large_image\" \/>\n<script type=\"application\/ld+json\" class=\"yoast-schema-graph\">{\"@context\":\"https:\/\/schema.org\",\"@graph\":[{\"@type\":\"WebPage\",\"@id\":\"https:\/\/uniformesludo.cl\/index.php\/producto\/retablo-rauli-rdo\/\",\"url\":\"https:\/\/uniformesludo.cl\/index.php\/producto\/retablo-rauli-rdo\/\",\"name\":\"Retablo Raul\u00ed RDO - Uniformes Ludo\",\"isPartOf\":{\"@id\":\"https:\/\/uniformesludo.cl\/#website\"},\"primaryImageOfPage\":{\"@id\":\"https:\/\/uniformesludo.cl\/index.php\/producto\/retablo-rauli-rdo\/#primaryimage\"},\"image\":{\"@id\":\"https:\/\/uniformesludo.cl\/index.php\/producto\/retablo-rauli-rdo\/#primaryimage\"},\"thumbnailUrl\":\"https:\/\/uniformesludo.cl\/wp-content\/uploads\/2024\/09\/madera_galvano_rdo_-4.jpg\",\"datePublished\":\"2024-09-04T16:05:08+00:00\",\"dateModified\":\"2024-09-05T17:15:11+00:00\",\"breadcrumb\":{\"@id\":\"https:\/\/uniformesludo.cl\/index.php\/producto\/retablo-rauli-rdo\/#breadcrumb\"},\"inLanguage\":\"es\",\"potentialAction\":[{\"@type\":\"ReadAction\",\"target\":[\"https:\/\/uniformesludo.cl\/index.php\/producto\/retablo-rauli-rdo\/\"]}]},{\"@type\":\"ImageObject\",\"inLanguage\":\"es\",\"@id\":\"https:\/\/uniformesludo.cl\/index.php\/producto\/retablo-rauli-rdo\/#primaryimage\",\"url\":\"https:\/\/uniformesludo.cl\/wp-content\/uploads\/2024\/09\/madera_galvano_rdo_-4.jpg\",\"contentUrl\":\"https:\/\/uniformesludo.cl\/wp-content\/uploads\/2024\/09\/madera_galvano_rdo_-4.jpg\",\"width\":500,\"height\":500},{\"@type\":\"BreadcrumbList\",\"@id\":\"https:\/\/uniformesludo.cl\/index.php\/producto\/retablo-rauli-rdo\/#breadcrumb\",\"itemListElement\":[{\"@type\":\"ListItem\",\"position\":1,\"name\":\"Portada\",\"item\":\"https:\/\/uniformesludo.cl\/\"},{\"@type\":\"ListItem\",\"position\":2,\"name\":\"Tienda\",\"item\":\"https:\/\/uniformesludo.cl\/index.php\/tienda\/\"},{\"@type\":\"ListItem\",\"position\":3,\"name\":\"Retablo Raul\u00ed RDO\"}]},{\"@type\":\"WebSite\",\"@id\":\"https:\/\/uniformesludo.cl\/#website\",\"url\":\"https:\/\/uniformesludo.cl\/\",\"name\":\"Uniformes Ludo\",\"description\":\"Es una de las empresas comercializadoras de Ropa de trabajo, confecci\u00f3n, productos de protecci\u00f3n, prevenci\u00f3n y seguridad una de las m\u00e1s importantes de nuestro pa\u00eds, reconocida a nivel Nacional, con numerosos clientes a lo largo de Chile que avalan su compromiso de calidad. De igual forma, existe una permanente preocupaci\u00f3n por mantener un servicio integral de excelencia que permita identificarnos como \u201cel mejor equipo, la mejor empresa e inversi\u00f3n\u201d.\",\"potentialAction\":[{\"@type\":\"SearchAction\",\"target\":{\"@type\":\"EntryPoint\",\"urlTemplate\":\"https:\/\/uniformesludo.cl\/?s={search_term_string}\"},\"query-input\":{\"@type\":\"PropertyValueSpecification\",\"valueRequired\":true,\"valueName\":\"search_term_string\"}}],\"inLanguage\":\"es\"}]}<\/script>\n<!-- \/ Yoast SEO plugin. -->","yoast_head_json":{"title":"Retablo Raul\u00ed RDO - Uniformes Ludo","robots":{"index":"index","follow":"follow","max-snippet":"max-snippet:-1","max-image-preview":"max-image-preview:large","max-video-preview":"max-video-preview:-1"},"canonical":"https:\/\/uniformesludo.cl\/index.php\/producto\/retablo-rauli-rdo\/","og_locale":"es_ES","og_type":"article","og_title":"Retablo Raul\u00ed RDO - Uniformes Ludo","og_description":"RDO  Retablo de madera con biseles laterales. Enganche para muro Horizontal y Vertical en la parte posterior.  RDO 18-13:\u00a0 \u00a0180 X 130 mm.\u00a0 \u00a0Pak.30\u00a0 \u00a0 591095841  RDO 23-18:\u00a0 \u00a0230 X 180 mm.\u00a0 \u00a0Pak.20\u00a0 \u00a0 591095842  RDO 26-20:\u00a0 \u00a0260 X 200 mm.\u00a0 \u00a0Pak.20\u00a0 \u00a0 591095843  Producto no incluye Estuche VL.","og_url":"https:\/\/uniformesludo.cl\/index.php\/producto\/retablo-rauli-rdo\/","og_site_name":"Uniformes Ludo","article_modified_time":"2024-09-05T17:15:11+00:00","og_image":[{"width":500,"height":500,"url":"https:\/\/uniformesludo.cl\/wp-content\/uploads\/2024\/09\/madera_galvano_rdo_-4.jpg","type":"image\/jpeg"}],"twitter_card":"summary_large_image","schema":{"@context":"https:\/\/schema.org","@graph":[{"@type":"WebPage","@id":"https:\/\/uniformesludo.cl\/index.php\/producto\/retablo-rauli-rdo\/","url":"https:\/\/uniformesludo.cl\/index.php\/producto\/retablo-rauli-rdo\/","name":"Retablo Raul\u00ed RDO - Uniformes Ludo","isPartOf":{"@id":"https:\/\/uniformesludo.cl\/#website"},"primaryImageOfPage":{"@id":"https:\/\/uniformesludo.cl\/index.php\/producto\/retablo-rauli-rdo\/#primaryimage"},"image":{"@id":"https:\/\/uniformesludo.cl\/index.php\/producto\/retablo-rauli-rdo\/#primaryimage"},"thumbnailUrl":"https:\/\/uniformesludo.cl\/wp-content\/uploads\/2024\/09\/madera_galvano_rdo_-4.jpg","datePublished":"2024-09-04T16:05:08+00:00","dateModified":"2024-09-05T17:15:11+00:00","breadcrumb":{"@id":"https:\/\/uniformesludo.cl\/index.php\/producto\/retablo-rauli-rdo\/#breadcrumb"},"inLanguage":"es","potentialAction":[{"@type":"ReadAction","target":["https:\/\/uniformesludo.cl\/index.php\/producto\/retablo-rauli-rdo\/"]}]},{"@type":"ImageObject","inLanguage":"es","@id":"https:\/\/uniformesludo.cl\/index.php\/producto\/retablo-rauli-rdo\/#primaryimage","url":"https:\/\/uniformesludo.cl\/wp-content\/uploads\/2024\/09\/madera_galvano_rdo_-4.jpg","contentUrl":"https:\/\/uniformesludo.cl\/wp-content\/uploads\/2024\/09\/madera_galvano_rdo_-4.jpg","width":500,"height":500},{"@type":"BreadcrumbList","@id":"https:\/\/uniformesludo.cl\/index.php\/producto\/retablo-rauli-rdo\/#breadcrumb","itemListElement":[{"@type":"ListItem","position":1,"name":"Portada","item":"https:\/\/uniformesludo.cl\/"},{"@type":"ListItem","position":2,"name":"Tienda","item":"https:\/\/uniformesludo.cl\/index.php\/tienda\/"},{"@type":"ListItem","position":3,"name":"Retablo Raul\u00ed RDO"}]},{"@type":"WebSite","@id":"https:\/\/uniformesludo.cl\/#website","url":"https:\/\/uniformesludo.cl\/","name":"Uniformes Ludo","description":"Es una de las empresas comercializadoras de Ropa de trabajo, confecci\u00f3n, productos de protecci\u00f3n, prevenci\u00f3n y seguridad una de las m\u00e1s importantes de nuestro pa\u00eds, reconocida a nivel Nacional, con numerosos clientes a lo largo de Chile que avalan su compromiso de calidad. De igual forma, existe una permanente preocupaci\u00f3n por mantener un servicio integral de excelencia que permita identificarnos como \u201cel mejor equipo, la mejor empresa e inversi\u00f3n\u201d.","potentialAction":[{"@type":"SearchAction","target":{"@type":"EntryPoint","urlTemplate":"https:\/\/uniformesludo.cl\/?s={search_term_string}"},"query-input":{"@type":"PropertyValueSpecification","valueRequired":true,"valueName":"search_term_string"}}],"inLanguage":"es"}]}},"_links":{"self":[{"href":"https:\/\/uniformesludo.cl\/index.php\/wp-json\/wp\/v2\/product\/10016329","targetHints":{"allow":["GET"]}}],"collection":[{"href":"https:\/\/uniformesludo.cl\/index.php\/wp-json\/wp\/v2\/product"}],"about":[{"href":"https:\/\/uniformesludo.cl\/index.php\/wp-json\/wp\/v2\/types\/product"}],"replies":[{"embeddable":true,"href":"https:\/\/uniformesludo.cl\/index.php\/wp-json\/wp\/v2\/comments?post=10016329"}],"wp:featuredmedia":[{"embeddable":true,"href":"https:\/\/uniformesludo.cl\/index.php\/wp-json\/wp\/v2\/media\/10016461"}],"wp:attachment":[{"href":"https:\/\/uniformesludo.cl\/index.php\/wp-json\/wp\/v2\/media?parent=10016329"}],"wp:term":[{"taxonomy":"product_brand","embeddable":true,"href":"https:\/\/uniformesludo.cl\/index.php\/wp-json\/wp\/v2\/product_brand?post=10016329"},{"taxonomy":"product_cat","embeddable":true,"href":"https:\/\/uniformesludo.cl\/index.php\/wp-json\/wp\/v2\/product_cat?post=10016329"},{"taxonomy":"product_tag","embeddable":true,"href":"https:\/\/uniformesludo.cl\/index.php\/wp-json\/wp\/v2\/product_tag?post=10016329"}],"curies":[{"name":"wp","href":"https:\/\/api.w.org\/{rel}","templated":true}]}}