{"id":10016327,"date":"2024-09-04T16:05:08","date_gmt":"2024-09-04T16:05:08","guid":{"rendered":"https:\/\/uniformesludo.cl\/?post_type=product&#038;p=10016327"},"modified":"2024-09-05T17:14:43","modified_gmt":"2024-09-05T17:14:43","slug":"retablo-madera-sublimacion-ds","status":"publish","type":"product","link":"https:\/\/uniformesludo.cl\/index.php\/producto\/retablo-madera-sublimacion-ds\/","title":{"rendered":"Retablo Madera Sublimaci\u00f3n DS"},"content":{"rendered":"","protected":false},"excerpt":{"rendered":"<p><span style=\"color: #000080;\"><strong>DS<\/strong><\/span><\/p>\n<p><em>Madera color negro, Sublimable en sector blanco.<\/em><\/p>\n<p>Enganche para muro Horizontal y Vertical.<\/p>\n<p>Sugerencia de sublimaci\u00f3n : 200\u00b0\u00a0 Celsius con 25 &#8211; 30 Segundos.<\/p>\n<p><strong>DS 057: <\/strong>\u00a0 \u00a0127 x 178 x 15 mm.\u00a0 \u00a0 Pak.52\u00a0 \u00a0 \u00a0591096100<\/p>\n<p><strong>DS 079:<\/strong>\u00a0 \u00a0 178 x 228 x 15 mm.\u00a0 \u00a0 Pak.30\u00a0 \u00a0 \u00a0591096101<\/p>\n<p><strong>DS 0810:<\/strong>\u00a0 203 x 254 x 15 mm.\u00a0 \u00a0 Pak.24\u00a0 \u00a0 \u00a0591096102<\/p>\n<p><img loading=\"lazy\" decoding=\"async\" class=\"alignnone size-full wp-image-512\" src=\"http:\/\/imblasco.cl\/regalos\/wp-content\/uploads\/2019\/06\/sublimacion.png\" alt=\"\" width=\"71\" height=\"71\" \/><\/p>\n","protected":false},"featured_media":10016448,"comment_status":"closed","ping_status":"closed","template":"","meta":[],"product_brand":[],"product_cat":[605,557],"product_tag":[],"class_list":{"0":"post-10016327","1":"product","2":"type-product","3":"status-publish","4":"has-post-thumbnail","6":"product_cat-galvanos-de-madera-y-varios","7":"product_cat-productos-para-sublimacion","9":"first","10":"instock","11":"shipping-taxable","12":"purchasable","13":"product-type-variable"},"aioseo_notices":[],"yoast_head":"<!-- This site is optimized with the Yoast SEO plugin v26.5 - https:\/\/yoast.com\/wordpress\/plugins\/seo\/ -->\n<title>Retablo Madera Sublimaci\u00f3n DS - Uniformes Ludo<\/title>\n<meta name=\"robots\" content=\"index, follow, max-snippet:-1, max-image-preview:large, max-video-preview:-1\" \/>\n<link rel=\"canonical\" href=\"https:\/\/uniformesludo.cl\/index.php\/producto\/retablo-madera-sublimacion-ds\/\" \/>\n<meta property=\"og:locale\" content=\"es_ES\" \/>\n<meta property=\"og:type\" content=\"article\" \/>\n<meta property=\"og:title\" content=\"Retablo Madera Sublimaci\u00f3n DS - Uniformes Ludo\" \/>\n<meta property=\"og:description\" content=\"DS  Madera color negro, Sublimable en sector blanco.  Enganche para muro Horizontal y Vertical.  Sugerencia de sublimaci\u00f3n : 200\u00b0\u00a0 Celsius con 25 - 30 Segundos.  DS 057: \u00a0 \u00a0127 x 178 x 15 mm.\u00a0 \u00a0 Pak.52\u00a0 \u00a0 \u00a0591096100  DS 079:\u00a0 \u00a0 178 x 228 x 15 mm.\u00a0 \u00a0 Pak.30\u00a0 \u00a0 \u00a0591096101  DS 0810:\u00a0 203 x 254 x 15 mm.\u00a0 \u00a0 Pak.24\u00a0 \u00a0 \u00a0591096102\" \/>\n<meta property=\"og:url\" content=\"https:\/\/uniformesludo.cl\/index.php\/producto\/retablo-madera-sublimacion-ds\/\" \/>\n<meta property=\"og:site_name\" content=\"Uniformes Ludo\" \/>\n<meta property=\"article:modified_time\" content=\"2024-09-05T17:14:43+00:00\" \/>\n<meta property=\"og:image\" content=\"https:\/\/uniformesludo.cl\/wp-content\/uploads\/2024\/09\/madera_galvano_premiacion_sublimacion-1.jpg\" \/>\n\t<meta property=\"og:image:width\" content=\"500\" \/>\n\t<meta property=\"og:image:height\" content=\"500\" \/>\n\t<meta property=\"og:image:type\" content=\"image\/jpeg\" \/>\n<meta name=\"twitter:card\" content=\"summary_large_image\" \/>\n<script type=\"application\/ld+json\" class=\"yoast-schema-graph\">{\"@context\":\"https:\/\/schema.org\",\"@graph\":[{\"@type\":\"WebPage\",\"@id\":\"https:\/\/uniformesludo.cl\/index.php\/producto\/retablo-madera-sublimacion-ds\/\",\"url\":\"https:\/\/uniformesludo.cl\/index.php\/producto\/retablo-madera-sublimacion-ds\/\",\"name\":\"Retablo Madera Sublimaci\u00f3n DS - Uniformes Ludo\",\"isPartOf\":{\"@id\":\"https:\/\/uniformesludo.cl\/#website\"},\"primaryImageOfPage\":{\"@id\":\"https:\/\/uniformesludo.cl\/index.php\/producto\/retablo-madera-sublimacion-ds\/#primaryimage\"},\"image\":{\"@id\":\"https:\/\/uniformesludo.cl\/index.php\/producto\/retablo-madera-sublimacion-ds\/#primaryimage\"},\"thumbnailUrl\":\"https:\/\/uniformesludo.cl\/wp-content\/uploads\/2024\/09\/madera_galvano_premiacion_sublimacion-1.jpg\",\"datePublished\":\"2024-09-04T16:05:08+00:00\",\"dateModified\":\"2024-09-05T17:14:43+00:00\",\"breadcrumb\":{\"@id\":\"https:\/\/uniformesludo.cl\/index.php\/producto\/retablo-madera-sublimacion-ds\/#breadcrumb\"},\"inLanguage\":\"es\",\"potentialAction\":[{\"@type\":\"ReadAction\",\"target\":[\"https:\/\/uniformesludo.cl\/index.php\/producto\/retablo-madera-sublimacion-ds\/\"]}]},{\"@type\":\"ImageObject\",\"inLanguage\":\"es\",\"@id\":\"https:\/\/uniformesludo.cl\/index.php\/producto\/retablo-madera-sublimacion-ds\/#primaryimage\",\"url\":\"https:\/\/uniformesludo.cl\/wp-content\/uploads\/2024\/09\/madera_galvano_premiacion_sublimacion-1.jpg\",\"contentUrl\":\"https:\/\/uniformesludo.cl\/wp-content\/uploads\/2024\/09\/madera_galvano_premiacion_sublimacion-1.jpg\",\"width\":500,\"height\":500},{\"@type\":\"BreadcrumbList\",\"@id\":\"https:\/\/uniformesludo.cl\/index.php\/producto\/retablo-madera-sublimacion-ds\/#breadcrumb\",\"itemListElement\":[{\"@type\":\"ListItem\",\"position\":1,\"name\":\"Portada\",\"item\":\"https:\/\/uniformesludo.cl\/\"},{\"@type\":\"ListItem\",\"position\":2,\"name\":\"Tienda\",\"item\":\"https:\/\/uniformesludo.cl\/index.php\/tienda\/\"},{\"@type\":\"ListItem\",\"position\":3,\"name\":\"Retablo Madera Sublimaci\u00f3n DS\"}]},{\"@type\":\"WebSite\",\"@id\":\"https:\/\/uniformesludo.cl\/#website\",\"url\":\"https:\/\/uniformesludo.cl\/\",\"name\":\"Uniformes Ludo\",\"description\":\"Es una de las empresas comercializadoras de Ropa de trabajo, confecci\u00f3n, productos de protecci\u00f3n, prevenci\u00f3n y seguridad una de las m\u00e1s importantes de nuestro pa\u00eds, reconocida a nivel Nacional, con numerosos clientes a lo largo de Chile que avalan su compromiso de calidad. De igual forma, existe una permanente preocupaci\u00f3n por mantener un servicio integral de excelencia que permita identificarnos como \u201cel mejor equipo, la mejor empresa e inversi\u00f3n\u201d.\",\"potentialAction\":[{\"@type\":\"SearchAction\",\"target\":{\"@type\":\"EntryPoint\",\"urlTemplate\":\"https:\/\/uniformesludo.cl\/?s={search_term_string}\"},\"query-input\":{\"@type\":\"PropertyValueSpecification\",\"valueRequired\":true,\"valueName\":\"search_term_string\"}}],\"inLanguage\":\"es\"}]}<\/script>\n<!-- \/ Yoast SEO plugin. -->","yoast_head_json":{"title":"Retablo Madera Sublimaci\u00f3n DS - Uniformes Ludo","robots":{"index":"index","follow":"follow","max-snippet":"max-snippet:-1","max-image-preview":"max-image-preview:large","max-video-preview":"max-video-preview:-1"},"canonical":"https:\/\/uniformesludo.cl\/index.php\/producto\/retablo-madera-sublimacion-ds\/","og_locale":"es_ES","og_type":"article","og_title":"Retablo Madera Sublimaci\u00f3n DS - Uniformes Ludo","og_description":"DS  Madera color negro, Sublimable en sector blanco.  Enganche para muro Horizontal y Vertical.  Sugerencia de sublimaci\u00f3n : 200\u00b0\u00a0 Celsius con 25 - 30 Segundos.  DS 057: \u00a0 \u00a0127 x 178 x 15 mm.\u00a0 \u00a0 Pak.52\u00a0 \u00a0 \u00a0591096100  DS 079:\u00a0 \u00a0 178 x 228 x 15 mm.\u00a0 \u00a0 Pak.30\u00a0 \u00a0 \u00a0591096101  DS 0810:\u00a0 203 x 254 x 15 mm.\u00a0 \u00a0 Pak.24\u00a0 \u00a0 \u00a0591096102","og_url":"https:\/\/uniformesludo.cl\/index.php\/producto\/retablo-madera-sublimacion-ds\/","og_site_name":"Uniformes Ludo","article_modified_time":"2024-09-05T17:14:43+00:00","og_image":[{"width":500,"height":500,"url":"https:\/\/uniformesludo.cl\/wp-content\/uploads\/2024\/09\/madera_galvano_premiacion_sublimacion-1.jpg","type":"image\/jpeg"}],"twitter_card":"summary_large_image","schema":{"@context":"https:\/\/schema.org","@graph":[{"@type":"WebPage","@id":"https:\/\/uniformesludo.cl\/index.php\/producto\/retablo-madera-sublimacion-ds\/","url":"https:\/\/uniformesludo.cl\/index.php\/producto\/retablo-madera-sublimacion-ds\/","name":"Retablo Madera Sublimaci\u00f3n DS - Uniformes Ludo","isPartOf":{"@id":"https:\/\/uniformesludo.cl\/#website"},"primaryImageOfPage":{"@id":"https:\/\/uniformesludo.cl\/index.php\/producto\/retablo-madera-sublimacion-ds\/#primaryimage"},"image":{"@id":"https:\/\/uniformesludo.cl\/index.php\/producto\/retablo-madera-sublimacion-ds\/#primaryimage"},"thumbnailUrl":"https:\/\/uniformesludo.cl\/wp-content\/uploads\/2024\/09\/madera_galvano_premiacion_sublimacion-1.jpg","datePublished":"2024-09-04T16:05:08+00:00","dateModified":"2024-09-05T17:14:43+00:00","breadcrumb":{"@id":"https:\/\/uniformesludo.cl\/index.php\/producto\/retablo-madera-sublimacion-ds\/#breadcrumb"},"inLanguage":"es","potentialAction":[{"@type":"ReadAction","target":["https:\/\/uniformesludo.cl\/index.php\/producto\/retablo-madera-sublimacion-ds\/"]}]},{"@type":"ImageObject","inLanguage":"es","@id":"https:\/\/uniformesludo.cl\/index.php\/producto\/retablo-madera-sublimacion-ds\/#primaryimage","url":"https:\/\/uniformesludo.cl\/wp-content\/uploads\/2024\/09\/madera_galvano_premiacion_sublimacion-1.jpg","contentUrl":"https:\/\/uniformesludo.cl\/wp-content\/uploads\/2024\/09\/madera_galvano_premiacion_sublimacion-1.jpg","width":500,"height":500},{"@type":"BreadcrumbList","@id":"https:\/\/uniformesludo.cl\/index.php\/producto\/retablo-madera-sublimacion-ds\/#breadcrumb","itemListElement":[{"@type":"ListItem","position":1,"name":"Portada","item":"https:\/\/uniformesludo.cl\/"},{"@type":"ListItem","position":2,"name":"Tienda","item":"https:\/\/uniformesludo.cl\/index.php\/tienda\/"},{"@type":"ListItem","position":3,"name":"Retablo Madera Sublimaci\u00f3n DS"}]},{"@type":"WebSite","@id":"https:\/\/uniformesludo.cl\/#website","url":"https:\/\/uniformesludo.cl\/","name":"Uniformes Ludo","description":"Es una de las empresas comercializadoras de Ropa de trabajo, confecci\u00f3n, productos de protecci\u00f3n, prevenci\u00f3n y seguridad una de las m\u00e1s importantes de nuestro pa\u00eds, reconocida a nivel Nacional, con numerosos clientes a lo largo de Chile que avalan su compromiso de calidad. De igual forma, existe una permanente preocupaci\u00f3n por mantener un servicio integral de excelencia que permita identificarnos como \u201cel mejor equipo, la mejor empresa e inversi\u00f3n\u201d.","potentialAction":[{"@type":"SearchAction","target":{"@type":"EntryPoint","urlTemplate":"https:\/\/uniformesludo.cl\/?s={search_term_string}"},"query-input":{"@type":"PropertyValueSpecification","valueRequired":true,"valueName":"search_term_string"}}],"inLanguage":"es"}]}},"_links":{"self":[{"href":"https:\/\/uniformesludo.cl\/index.php\/wp-json\/wp\/v2\/product\/10016327","targetHints":{"allow":["GET"]}}],"collection":[{"href":"https:\/\/uniformesludo.cl\/index.php\/wp-json\/wp\/v2\/product"}],"about":[{"href":"https:\/\/uniformesludo.cl\/index.php\/wp-json\/wp\/v2\/types\/product"}],"replies":[{"embeddable":true,"href":"https:\/\/uniformesludo.cl\/index.php\/wp-json\/wp\/v2\/comments?post=10016327"}],"wp:featuredmedia":[{"embeddable":true,"href":"https:\/\/uniformesludo.cl\/index.php\/wp-json\/wp\/v2\/media\/10016448"}],"wp:attachment":[{"href":"https:\/\/uniformesludo.cl\/index.php\/wp-json\/wp\/v2\/media?parent=10016327"}],"wp:term":[{"taxonomy":"product_brand","embeddable":true,"href":"https:\/\/uniformesludo.cl\/index.php\/wp-json\/wp\/v2\/product_brand?post=10016327"},{"taxonomy":"product_cat","embeddable":true,"href":"https:\/\/uniformesludo.cl\/index.php\/wp-json\/wp\/v2\/product_cat?post=10016327"},{"taxonomy":"product_tag","embeddable":true,"href":"https:\/\/uniformesludo.cl\/index.php\/wp-json\/wp\/v2\/product_tag?post=10016327"}],"curies":[{"name":"wp","href":"https:\/\/api.w.org\/{rel}","templated":true}]}}