{"id":10016176,"date":"2024-09-04T16:03:06","date_gmt":"2024-09-04T16:03:06","guid":{"rendered":"https:\/\/uniformesludo.cl\/?post_type=product&#038;p=10016176"},"modified":"2024-09-04T16:05:05","modified_gmt":"2024-09-04T16:05:05","slug":"altavoz-denzel-sk43","status":"publish","type":"product","link":"https:\/\/uniformesludo.cl\/index.php\/producto\/altavoz-denzel-sk43\/","title":{"rendered":"Altavoz Denzel SK43"},"content":{"rendered":"","protected":false},"excerpt":{"rendered":"<p><span style=\"color: #000080;\"><strong>SK43<\/strong><\/span><\/p>\n<p><em>Compacto parlante con cuerpo en bamb\u00fa\/bamboo y conexi\u00f3n Bluetooth\u00ae. Con 3W de potencia, funci\u00f3n manos libres, radio FM, una ranura para tarjetas mini SD y base antideslizante. Recargable mediante cable USB -incluido- y presentado en una atractiva caja de dise\u00f1o.<\/em><\/p>\n<table width=\"500\" cellspacing=\"0\" cellpadding=\"0\">\n<tbody>\n<tr>\n<td>Composici\u00f3n<\/td>\n<td>Bamb\u00fa<\/td>\n<\/tr>\n<tr>\n<td>Especificaciones art\u00edculo<\/td>\n<td>Di\u00e1metro: 7.3 cm, alto: 4.6 cm | Peso: 118 gr<\/td>\n<\/tr>\n<tr>\n<td>Packaging: alto (cm)<\/td>\n<td>37<\/td>\n<\/tr>\n<tr>\n<td>Packaging: largo (cm)<\/td>\n<td>37<\/td>\n<\/tr>\n<tr>\n<td>Packaging: ancho (cm)<\/td>\n<td>22<\/td>\n<\/tr>\n<tr>\n<td>Peso caja (Kgr)<\/td>\n<td>13.5<\/td>\n<\/tr>\n<tr>\n<td>Unidades\/caja<\/td>\n<td>100<\/td>\n<\/tr>\n<\/tbody>\n<\/table>\n<p>602061810 &#8211; SK 43<\/p>\n","protected":false},"featured_media":10016318,"comment_status":"closed","ping_status":"closed","template":"","meta":[],"product_brand":[],"product_cat":[587,597,567],"product_tag":[],"class_list":{"0":"post-10016176","1":"product","2":"type-product","3":"status-publish","4":"has-post-thumbnail","6":"product_cat-audifonos-parlantes","7":"product_cat-entretencion-y-outdoor","8":"product_cat-linea-bamboo","10":"first","11":"instock","12":"shipping-taxable","13":"product-type-simple"},"aioseo_notices":[],"yoast_head":"<!-- This site is optimized with the Yoast SEO plugin v26.5 - https:\/\/yoast.com\/wordpress\/plugins\/seo\/ -->\n<title>Altavoz Denzel SK43 - Uniformes Ludo<\/title>\n<meta name=\"robots\" content=\"index, follow, max-snippet:-1, max-image-preview:large, max-video-preview:-1\" \/>\n<link rel=\"canonical\" href=\"https:\/\/uniformesludo.cl\/index.php\/producto\/altavoz-denzel-sk43\/\" \/>\n<meta property=\"og:locale\" content=\"es_ES\" \/>\n<meta property=\"og:type\" content=\"article\" \/>\n<meta property=\"og:title\" content=\"Altavoz Denzel SK43 - Uniformes Ludo\" \/>\n<meta property=\"og:description\" content=\"SK43  Compacto parlante con cuerpo en bamb\u00fa\/bamboo y conexi\u00f3n Bluetooth\u00ae. Con 3W de potencia, funci\u00f3n manos libres, radio FM, una ranura para tarjetas mini SD y base antideslizante. Recargable mediante cable USB -incluido- y presentado en una atractiva caja de dise\u00f1o.    Composici\u00f3n Bamb\u00fa   Especificaciones art\u00edculo Di\u00e1metro: 7.3 cm, alto: 4.6 cm | Peso: 118 gr   Packaging: alto (cm) 37   Packaging: largo (cm) 37   Packaging: ancho (cm) 22   Peso caja (Kgr) 13.5   Unidades\/caja 100    602061810 - SK 43\" \/>\n<meta property=\"og:url\" content=\"https:\/\/uniformesludo.cl\/index.php\/producto\/altavoz-denzel-sk43\/\" \/>\n<meta property=\"og:site_name\" content=\"Uniformes Ludo\" \/>\n<meta property=\"article:modified_time\" content=\"2024-09-04T16:05:05+00:00\" \/>\n<meta property=\"og:image\" content=\"https:\/\/uniformesludo.cl\/wp-content\/uploads\/2024\/09\/Altavoz_Denzel-_bamboo_bluetooh_SK43_.jpg\" \/>\n\t<meta property=\"og:image:width\" content=\"538\" \/>\n\t<meta property=\"og:image:height\" content=\"538\" \/>\n\t<meta property=\"og:image:type\" content=\"image\/jpeg\" \/>\n<meta name=\"twitter:card\" content=\"summary_large_image\" \/>\n<script type=\"application\/ld+json\" class=\"yoast-schema-graph\">{\"@context\":\"https:\/\/schema.org\",\"@graph\":[{\"@type\":\"WebPage\",\"@id\":\"https:\/\/uniformesludo.cl\/index.php\/producto\/altavoz-denzel-sk43\/\",\"url\":\"https:\/\/uniformesludo.cl\/index.php\/producto\/altavoz-denzel-sk43\/\",\"name\":\"Altavoz Denzel SK43 - Uniformes Ludo\",\"isPartOf\":{\"@id\":\"https:\/\/uniformesludo.cl\/#website\"},\"primaryImageOfPage\":{\"@id\":\"https:\/\/uniformesludo.cl\/index.php\/producto\/altavoz-denzel-sk43\/#primaryimage\"},\"image\":{\"@id\":\"https:\/\/uniformesludo.cl\/index.php\/producto\/altavoz-denzel-sk43\/#primaryimage\"},\"thumbnailUrl\":\"https:\/\/uniformesludo.cl\/wp-content\/uploads\/2024\/09\/Altavoz_Denzel-_bamboo_bluetooh_SK43_.jpg\",\"datePublished\":\"2024-09-04T16:03:06+00:00\",\"dateModified\":\"2024-09-04T16:05:05+00:00\",\"breadcrumb\":{\"@id\":\"https:\/\/uniformesludo.cl\/index.php\/producto\/altavoz-denzel-sk43\/#breadcrumb\"},\"inLanguage\":\"es\",\"potentialAction\":[{\"@type\":\"ReadAction\",\"target\":[\"https:\/\/uniformesludo.cl\/index.php\/producto\/altavoz-denzel-sk43\/\"]}]},{\"@type\":\"ImageObject\",\"inLanguage\":\"es\",\"@id\":\"https:\/\/uniformesludo.cl\/index.php\/producto\/altavoz-denzel-sk43\/#primaryimage\",\"url\":\"https:\/\/uniformesludo.cl\/wp-content\/uploads\/2024\/09\/Altavoz_Denzel-_bamboo_bluetooh_SK43_.jpg\",\"contentUrl\":\"https:\/\/uniformesludo.cl\/wp-content\/uploads\/2024\/09\/Altavoz_Denzel-_bamboo_bluetooh_SK43_.jpg\",\"width\":538,\"height\":538},{\"@type\":\"BreadcrumbList\",\"@id\":\"https:\/\/uniformesludo.cl\/index.php\/producto\/altavoz-denzel-sk43\/#breadcrumb\",\"itemListElement\":[{\"@type\":\"ListItem\",\"position\":1,\"name\":\"Portada\",\"item\":\"https:\/\/uniformesludo.cl\/\"},{\"@type\":\"ListItem\",\"position\":2,\"name\":\"Tienda\",\"item\":\"https:\/\/uniformesludo.cl\/index.php\/tienda\/\"},{\"@type\":\"ListItem\",\"position\":3,\"name\":\"Altavoz Denzel SK43\"}]},{\"@type\":\"WebSite\",\"@id\":\"https:\/\/uniformesludo.cl\/#website\",\"url\":\"https:\/\/uniformesludo.cl\/\",\"name\":\"Uniformes Ludo\",\"description\":\"Es una de las empresas comercializadoras de Ropa de trabajo, confecci\u00f3n, productos de protecci\u00f3n, prevenci\u00f3n y seguridad una de las m\u00e1s importantes de nuestro pa\u00eds, reconocida a nivel Nacional, con numerosos clientes a lo largo de Chile que avalan su compromiso de calidad. De igual forma, existe una permanente preocupaci\u00f3n por mantener un servicio integral de excelencia que permita identificarnos como \u201cel mejor equipo, la mejor empresa e inversi\u00f3n\u201d.\",\"potentialAction\":[{\"@type\":\"SearchAction\",\"target\":{\"@type\":\"EntryPoint\",\"urlTemplate\":\"https:\/\/uniformesludo.cl\/?s={search_term_string}\"},\"query-input\":{\"@type\":\"PropertyValueSpecification\",\"valueRequired\":true,\"valueName\":\"search_term_string\"}}],\"inLanguage\":\"es\"}]}<\/script>\n<!-- \/ Yoast SEO plugin. -->","yoast_head_json":{"title":"Altavoz Denzel SK43 - Uniformes Ludo","robots":{"index":"index","follow":"follow","max-snippet":"max-snippet:-1","max-image-preview":"max-image-preview:large","max-video-preview":"max-video-preview:-1"},"canonical":"https:\/\/uniformesludo.cl\/index.php\/producto\/altavoz-denzel-sk43\/","og_locale":"es_ES","og_type":"article","og_title":"Altavoz Denzel SK43 - Uniformes Ludo","og_description":"SK43  Compacto parlante con cuerpo en bamb\u00fa\/bamboo y conexi\u00f3n Bluetooth\u00ae. Con 3W de potencia, funci\u00f3n manos libres, radio FM, una ranura para tarjetas mini SD y base antideslizante. Recargable mediante cable USB -incluido- y presentado en una atractiva caja de dise\u00f1o.    Composici\u00f3n Bamb\u00fa   Especificaciones art\u00edculo Di\u00e1metro: 7.3 cm, alto: 4.6 cm | Peso: 118 gr   Packaging: alto (cm) 37   Packaging: largo (cm) 37   Packaging: ancho (cm) 22   Peso caja (Kgr) 13.5   Unidades\/caja 100    602061810 - SK 43","og_url":"https:\/\/uniformesludo.cl\/index.php\/producto\/altavoz-denzel-sk43\/","og_site_name":"Uniformes Ludo","article_modified_time":"2024-09-04T16:05:05+00:00","og_image":[{"width":538,"height":538,"url":"https:\/\/uniformesludo.cl\/wp-content\/uploads\/2024\/09\/Altavoz_Denzel-_bamboo_bluetooh_SK43_.jpg","type":"image\/jpeg"}],"twitter_card":"summary_large_image","schema":{"@context":"https:\/\/schema.org","@graph":[{"@type":"WebPage","@id":"https:\/\/uniformesludo.cl\/index.php\/producto\/altavoz-denzel-sk43\/","url":"https:\/\/uniformesludo.cl\/index.php\/producto\/altavoz-denzel-sk43\/","name":"Altavoz Denzel SK43 - Uniformes Ludo","isPartOf":{"@id":"https:\/\/uniformesludo.cl\/#website"},"primaryImageOfPage":{"@id":"https:\/\/uniformesludo.cl\/index.php\/producto\/altavoz-denzel-sk43\/#primaryimage"},"image":{"@id":"https:\/\/uniformesludo.cl\/index.php\/producto\/altavoz-denzel-sk43\/#primaryimage"},"thumbnailUrl":"https:\/\/uniformesludo.cl\/wp-content\/uploads\/2024\/09\/Altavoz_Denzel-_bamboo_bluetooh_SK43_.jpg","datePublished":"2024-09-04T16:03:06+00:00","dateModified":"2024-09-04T16:05:05+00:00","breadcrumb":{"@id":"https:\/\/uniformesludo.cl\/index.php\/producto\/altavoz-denzel-sk43\/#breadcrumb"},"inLanguage":"es","potentialAction":[{"@type":"ReadAction","target":["https:\/\/uniformesludo.cl\/index.php\/producto\/altavoz-denzel-sk43\/"]}]},{"@type":"ImageObject","inLanguage":"es","@id":"https:\/\/uniformesludo.cl\/index.php\/producto\/altavoz-denzel-sk43\/#primaryimage","url":"https:\/\/uniformesludo.cl\/wp-content\/uploads\/2024\/09\/Altavoz_Denzel-_bamboo_bluetooh_SK43_.jpg","contentUrl":"https:\/\/uniformesludo.cl\/wp-content\/uploads\/2024\/09\/Altavoz_Denzel-_bamboo_bluetooh_SK43_.jpg","width":538,"height":538},{"@type":"BreadcrumbList","@id":"https:\/\/uniformesludo.cl\/index.php\/producto\/altavoz-denzel-sk43\/#breadcrumb","itemListElement":[{"@type":"ListItem","position":1,"name":"Portada","item":"https:\/\/uniformesludo.cl\/"},{"@type":"ListItem","position":2,"name":"Tienda","item":"https:\/\/uniformesludo.cl\/index.php\/tienda\/"},{"@type":"ListItem","position":3,"name":"Altavoz Denzel SK43"}]},{"@type":"WebSite","@id":"https:\/\/uniformesludo.cl\/#website","url":"https:\/\/uniformesludo.cl\/","name":"Uniformes Ludo","description":"Es una de las empresas comercializadoras de Ropa de trabajo, confecci\u00f3n, productos de protecci\u00f3n, prevenci\u00f3n y seguridad una de las m\u00e1s importantes de nuestro pa\u00eds, reconocida a nivel Nacional, con numerosos clientes a lo largo de Chile que avalan su compromiso de calidad. De igual forma, existe una permanente preocupaci\u00f3n por mantener un servicio integral de excelencia que permita identificarnos como \u201cel mejor equipo, la mejor empresa e inversi\u00f3n\u201d.","potentialAction":[{"@type":"SearchAction","target":{"@type":"EntryPoint","urlTemplate":"https:\/\/uniformesludo.cl\/?s={search_term_string}"},"query-input":{"@type":"PropertyValueSpecification","valueRequired":true,"valueName":"search_term_string"}}],"inLanguage":"es"}]}},"_links":{"self":[{"href":"https:\/\/uniformesludo.cl\/index.php\/wp-json\/wp\/v2\/product\/10016176","targetHints":{"allow":["GET"]}}],"collection":[{"href":"https:\/\/uniformesludo.cl\/index.php\/wp-json\/wp\/v2\/product"}],"about":[{"href":"https:\/\/uniformesludo.cl\/index.php\/wp-json\/wp\/v2\/types\/product"}],"replies":[{"embeddable":true,"href":"https:\/\/uniformesludo.cl\/index.php\/wp-json\/wp\/v2\/comments?post=10016176"}],"wp:featuredmedia":[{"embeddable":true,"href":"https:\/\/uniformesludo.cl\/index.php\/wp-json\/wp\/v2\/media\/10016318"}],"wp:attachment":[{"href":"https:\/\/uniformesludo.cl\/index.php\/wp-json\/wp\/v2\/media?parent=10016176"}],"wp:term":[{"taxonomy":"product_brand","embeddable":true,"href":"https:\/\/uniformesludo.cl\/index.php\/wp-json\/wp\/v2\/product_brand?post=10016176"},{"taxonomy":"product_cat","embeddable":true,"href":"https:\/\/uniformesludo.cl\/index.php\/wp-json\/wp\/v2\/product_cat?post=10016176"},{"taxonomy":"product_tag","embeddable":true,"href":"https:\/\/uniformesludo.cl\/index.php\/wp-json\/wp\/v2\/product_tag?post=10016176"}],"curies":[{"name":"wp","href":"https:\/\/api.w.org\/{rel}","templated":true}]}}