{"id":10016174,"date":"2024-09-04T16:03:05","date_gmt":"2024-09-04T16:03:05","guid":{"rendered":"https:\/\/uniformesludo.cl\/?post_type=product&#038;p=10016174"},"modified":"2024-09-05T17:12:57","modified_gmt":"2024-09-05T17:12:57","slug":"power-bank-privek-sk39-sk40","status":"publish","type":"product","link":"https:\/\/uniformesludo.cl\/index.php\/producto\/power-bank-privek-sk39-sk40\/","title":{"rendered":"Power Bank Privek SK39 &#8211; SK40"},"content":{"rendered":"","protected":false},"excerpt":{"rendered":"<p><span style=\"color: #000080;\"><strong>SK39 &#8211; SK40<\/strong><\/span><\/p>\n<p><em>Bater\u00eda auxiliar externa -2.000 mAh- con superficie de ventosas adherentes y anilla\/soporte para selfies. Con conexiones para entrada\/salida de corriente micro USB y USB. Ledes indicadores de estado de carga, dise\u00f1o curvado plano y amplia superficie de marcaje. Presentada en atractiva caja de dise\u00f1o.<\/em><\/p>\n<table width=\"500\" cellspacing=\"0\" cellpadding=\"0\">\n<tbody>\n<tr>\n<td>Especificaciones art\u00edculo<\/td>\n<td>9 cm \/ 5.9 cm \/ 3.8 cm | 60 gr<\/td>\n<\/tr>\n<tr>\n<td>Packaging: alto (cm)<\/td>\n<td>23.5<\/td>\n<\/tr>\n<tr>\n<td>Packaging: largo (cm)<\/td>\n<td>44.5<\/td>\n<\/tr>\n<tr>\n<td>Packaging: ancho (cm)<\/td>\n<td>28.5<\/td>\n<\/tr>\n<tr>\n<td>Peso caja (Kgr)<\/td>\n<td>9.5<\/td>\n<\/tr>\n<tr>\n<td>Unidades\/caja<\/td>\n<td>100<\/td>\n<\/tr>\n<\/tbody>\n<\/table>\n<p>Incluye cable de carga USB\/micro USB.<\/p>\n","protected":false},"featured_media":10016309,"comment_status":"closed","ping_status":"closed","template":"","meta":[],"product_brand":[],"product_cat":[586,593],"product_tag":[],"class_list":{"0":"post-10016174","1":"product","2":"type-product","3":"status-publish","4":"has-post-thumbnail","6":"product_cat-art-tecnologicos","7":"product_cat-power-banks","9":"first","10":"instock","11":"shipping-taxable","12":"purchasable","13":"product-type-variable"},"aioseo_notices":[],"yoast_head":"<!-- This site is optimized with the Yoast SEO plugin v26.5 - https:\/\/yoast.com\/wordpress\/plugins\/seo\/ -->\n<title>Power Bank Privek SK39 - SK40 - Uniformes Ludo<\/title>\n<meta name=\"robots\" content=\"index, follow, max-snippet:-1, max-image-preview:large, max-video-preview:-1\" \/>\n<link rel=\"canonical\" href=\"https:\/\/uniformesludo.cl\/index.php\/producto\/power-bank-privek-sk39-sk40\/\" \/>\n<meta property=\"og:locale\" content=\"es_ES\" \/>\n<meta property=\"og:type\" content=\"article\" \/>\n<meta property=\"og:title\" content=\"Power Bank Privek SK39 - SK40 - Uniformes Ludo\" \/>\n<meta property=\"og:description\" content=\"SK39 - SK40  Bater\u00eda auxiliar externa -2.000 mAh- con superficie de ventosas adherentes y anilla\/soporte para selfies. Con conexiones para entrada\/salida de corriente micro USB y USB. Ledes indicadores de estado de carga, dise\u00f1o curvado plano y amplia superficie de marcaje. Presentada en atractiva caja de dise\u00f1o.    Especificaciones art\u00edculo 9 cm \/ 5.9 cm \/ 3.8 cm | 60 gr   Packaging: alto (cm) 23.5   Packaging: largo (cm) 44.5   Packaging: ancho (cm) 28.5   Peso caja (Kgr) 9.5   Unidades\/caja 100    Incluye cable de carga USB\/micro USB.\" \/>\n<meta property=\"og:url\" content=\"https:\/\/uniformesludo.cl\/index.php\/producto\/power-bank-privek-sk39-sk40\/\" \/>\n<meta property=\"og:site_name\" content=\"Uniformes Ludo\" \/>\n<meta property=\"article:modified_time\" content=\"2024-09-05T17:12:57+00:00\" \/>\n<meta property=\"og:image\" content=\"https:\/\/uniformesludo.cl\/wp-content\/uploads\/2024\/09\/Power_Bank_Prive2000mah_ventosas_Sk39_colores.jpg\" \/>\n\t<meta property=\"og:image:width\" content=\"538\" \/>\n\t<meta property=\"og:image:height\" content=\"538\" \/>\n\t<meta property=\"og:image:type\" content=\"image\/jpeg\" \/>\n<meta name=\"twitter:card\" content=\"summary_large_image\" \/>\n<script type=\"application\/ld+json\" class=\"yoast-schema-graph\">{\"@context\":\"https:\/\/schema.org\",\"@graph\":[{\"@type\":\"WebPage\",\"@id\":\"https:\/\/uniformesludo.cl\/index.php\/producto\/power-bank-privek-sk39-sk40\/\",\"url\":\"https:\/\/uniformesludo.cl\/index.php\/producto\/power-bank-privek-sk39-sk40\/\",\"name\":\"Power Bank Privek SK39 - SK40 - Uniformes Ludo\",\"isPartOf\":{\"@id\":\"https:\/\/uniformesludo.cl\/#website\"},\"primaryImageOfPage\":{\"@id\":\"https:\/\/uniformesludo.cl\/index.php\/producto\/power-bank-privek-sk39-sk40\/#primaryimage\"},\"image\":{\"@id\":\"https:\/\/uniformesludo.cl\/index.php\/producto\/power-bank-privek-sk39-sk40\/#primaryimage\"},\"thumbnailUrl\":\"https:\/\/uniformesludo.cl\/wp-content\/uploads\/2024\/09\/Power_Bank_Prive2000mah_ventosas_Sk39_colores.jpg\",\"datePublished\":\"2024-09-04T16:03:05+00:00\",\"dateModified\":\"2024-09-05T17:12:57+00:00\",\"breadcrumb\":{\"@id\":\"https:\/\/uniformesludo.cl\/index.php\/producto\/power-bank-privek-sk39-sk40\/#breadcrumb\"},\"inLanguage\":\"es\",\"potentialAction\":[{\"@type\":\"ReadAction\",\"target\":[\"https:\/\/uniformesludo.cl\/index.php\/producto\/power-bank-privek-sk39-sk40\/\"]}]},{\"@type\":\"ImageObject\",\"inLanguage\":\"es\",\"@id\":\"https:\/\/uniformesludo.cl\/index.php\/producto\/power-bank-privek-sk39-sk40\/#primaryimage\",\"url\":\"https:\/\/uniformesludo.cl\/wp-content\/uploads\/2024\/09\/Power_Bank_Prive2000mah_ventosas_Sk39_colores.jpg\",\"contentUrl\":\"https:\/\/uniformesludo.cl\/wp-content\/uploads\/2024\/09\/Power_Bank_Prive2000mah_ventosas_Sk39_colores.jpg\",\"width\":538,\"height\":538},{\"@type\":\"BreadcrumbList\",\"@id\":\"https:\/\/uniformesludo.cl\/index.php\/producto\/power-bank-privek-sk39-sk40\/#breadcrumb\",\"itemListElement\":[{\"@type\":\"ListItem\",\"position\":1,\"name\":\"Portada\",\"item\":\"https:\/\/uniformesludo.cl\/\"},{\"@type\":\"ListItem\",\"position\":2,\"name\":\"Tienda\",\"item\":\"https:\/\/uniformesludo.cl\/index.php\/tienda\/\"},{\"@type\":\"ListItem\",\"position\":3,\"name\":\"Power Bank Privek SK39 &#8211; SK40\"}]},{\"@type\":\"WebSite\",\"@id\":\"https:\/\/uniformesludo.cl\/#website\",\"url\":\"https:\/\/uniformesludo.cl\/\",\"name\":\"Uniformes Ludo\",\"description\":\"Es una de las empresas comercializadoras de Ropa de trabajo, confecci\u00f3n, productos de protecci\u00f3n, prevenci\u00f3n y seguridad una de las m\u00e1s importantes de nuestro pa\u00eds, reconocida a nivel Nacional, con numerosos clientes a lo largo de Chile que avalan su compromiso de calidad. De igual forma, existe una permanente preocupaci\u00f3n por mantener un servicio integral de excelencia que permita identificarnos como \u201cel mejor equipo, la mejor empresa e inversi\u00f3n\u201d.\",\"potentialAction\":[{\"@type\":\"SearchAction\",\"target\":{\"@type\":\"EntryPoint\",\"urlTemplate\":\"https:\/\/uniformesludo.cl\/?s={search_term_string}\"},\"query-input\":{\"@type\":\"PropertyValueSpecification\",\"valueRequired\":true,\"valueName\":\"search_term_string\"}}],\"inLanguage\":\"es\"}]}<\/script>\n<!-- \/ Yoast SEO plugin. -->","yoast_head_json":{"title":"Power Bank Privek SK39 - SK40 - Uniformes Ludo","robots":{"index":"index","follow":"follow","max-snippet":"max-snippet:-1","max-image-preview":"max-image-preview:large","max-video-preview":"max-video-preview:-1"},"canonical":"https:\/\/uniformesludo.cl\/index.php\/producto\/power-bank-privek-sk39-sk40\/","og_locale":"es_ES","og_type":"article","og_title":"Power Bank Privek SK39 - SK40 - Uniformes Ludo","og_description":"SK39 - SK40  Bater\u00eda auxiliar externa -2.000 mAh- con superficie de ventosas adherentes y anilla\/soporte para selfies. Con conexiones para entrada\/salida de corriente micro USB y USB. Ledes indicadores de estado de carga, dise\u00f1o curvado plano y amplia superficie de marcaje. Presentada en atractiva caja de dise\u00f1o.    Especificaciones art\u00edculo 9 cm \/ 5.9 cm \/ 3.8 cm | 60 gr   Packaging: alto (cm) 23.5   Packaging: largo (cm) 44.5   Packaging: ancho (cm) 28.5   Peso caja (Kgr) 9.5   Unidades\/caja 100    Incluye cable de carga USB\/micro USB.","og_url":"https:\/\/uniformesludo.cl\/index.php\/producto\/power-bank-privek-sk39-sk40\/","og_site_name":"Uniformes Ludo","article_modified_time":"2024-09-05T17:12:57+00:00","og_image":[{"width":538,"height":538,"url":"https:\/\/uniformesludo.cl\/wp-content\/uploads\/2024\/09\/Power_Bank_Prive2000mah_ventosas_Sk39_colores.jpg","type":"image\/jpeg"}],"twitter_card":"summary_large_image","schema":{"@context":"https:\/\/schema.org","@graph":[{"@type":"WebPage","@id":"https:\/\/uniformesludo.cl\/index.php\/producto\/power-bank-privek-sk39-sk40\/","url":"https:\/\/uniformesludo.cl\/index.php\/producto\/power-bank-privek-sk39-sk40\/","name":"Power Bank Privek SK39 - SK40 - Uniformes Ludo","isPartOf":{"@id":"https:\/\/uniformesludo.cl\/#website"},"primaryImageOfPage":{"@id":"https:\/\/uniformesludo.cl\/index.php\/producto\/power-bank-privek-sk39-sk40\/#primaryimage"},"image":{"@id":"https:\/\/uniformesludo.cl\/index.php\/producto\/power-bank-privek-sk39-sk40\/#primaryimage"},"thumbnailUrl":"https:\/\/uniformesludo.cl\/wp-content\/uploads\/2024\/09\/Power_Bank_Prive2000mah_ventosas_Sk39_colores.jpg","datePublished":"2024-09-04T16:03:05+00:00","dateModified":"2024-09-05T17:12:57+00:00","breadcrumb":{"@id":"https:\/\/uniformesludo.cl\/index.php\/producto\/power-bank-privek-sk39-sk40\/#breadcrumb"},"inLanguage":"es","potentialAction":[{"@type":"ReadAction","target":["https:\/\/uniformesludo.cl\/index.php\/producto\/power-bank-privek-sk39-sk40\/"]}]},{"@type":"ImageObject","inLanguage":"es","@id":"https:\/\/uniformesludo.cl\/index.php\/producto\/power-bank-privek-sk39-sk40\/#primaryimage","url":"https:\/\/uniformesludo.cl\/wp-content\/uploads\/2024\/09\/Power_Bank_Prive2000mah_ventosas_Sk39_colores.jpg","contentUrl":"https:\/\/uniformesludo.cl\/wp-content\/uploads\/2024\/09\/Power_Bank_Prive2000mah_ventosas_Sk39_colores.jpg","width":538,"height":538},{"@type":"BreadcrumbList","@id":"https:\/\/uniformesludo.cl\/index.php\/producto\/power-bank-privek-sk39-sk40\/#breadcrumb","itemListElement":[{"@type":"ListItem","position":1,"name":"Portada","item":"https:\/\/uniformesludo.cl\/"},{"@type":"ListItem","position":2,"name":"Tienda","item":"https:\/\/uniformesludo.cl\/index.php\/tienda\/"},{"@type":"ListItem","position":3,"name":"Power Bank Privek SK39 &#8211; SK40"}]},{"@type":"WebSite","@id":"https:\/\/uniformesludo.cl\/#website","url":"https:\/\/uniformesludo.cl\/","name":"Uniformes Ludo","description":"Es una de las empresas comercializadoras de Ropa de trabajo, confecci\u00f3n, productos de protecci\u00f3n, prevenci\u00f3n y seguridad una de las m\u00e1s importantes de nuestro pa\u00eds, reconocida a nivel Nacional, con numerosos clientes a lo largo de Chile que avalan su compromiso de calidad. De igual forma, existe una permanente preocupaci\u00f3n por mantener un servicio integral de excelencia que permita identificarnos como \u201cel mejor equipo, la mejor empresa e inversi\u00f3n\u201d.","potentialAction":[{"@type":"SearchAction","target":{"@type":"EntryPoint","urlTemplate":"https:\/\/uniformesludo.cl\/?s={search_term_string}"},"query-input":{"@type":"PropertyValueSpecification","valueRequired":true,"valueName":"search_term_string"}}],"inLanguage":"es"}]}},"_links":{"self":[{"href":"https:\/\/uniformesludo.cl\/index.php\/wp-json\/wp\/v2\/product\/10016174","targetHints":{"allow":["GET"]}}],"collection":[{"href":"https:\/\/uniformesludo.cl\/index.php\/wp-json\/wp\/v2\/product"}],"about":[{"href":"https:\/\/uniformesludo.cl\/index.php\/wp-json\/wp\/v2\/types\/product"}],"replies":[{"embeddable":true,"href":"https:\/\/uniformesludo.cl\/index.php\/wp-json\/wp\/v2\/comments?post=10016174"}],"wp:featuredmedia":[{"embeddable":true,"href":"https:\/\/uniformesludo.cl\/index.php\/wp-json\/wp\/v2\/media\/10016309"}],"wp:attachment":[{"href":"https:\/\/uniformesludo.cl\/index.php\/wp-json\/wp\/v2\/media?parent=10016174"}],"wp:term":[{"taxonomy":"product_brand","embeddable":true,"href":"https:\/\/uniformesludo.cl\/index.php\/wp-json\/wp\/v2\/product_brand?post=10016174"},{"taxonomy":"product_cat","embeddable":true,"href":"https:\/\/uniformesludo.cl\/index.php\/wp-json\/wp\/v2\/product_cat?post=10016174"},{"taxonomy":"product_tag","embeddable":true,"href":"https:\/\/uniformesludo.cl\/index.php\/wp-json\/wp\/v2\/product_tag?post=10016174"}],"curies":[{"name":"wp","href":"https:\/\/api.w.org\/{rel}","templated":true}]}}