{"id":10016172,"date":"2024-09-04T16:03:05","date_gmt":"2024-09-04T16:03:05","guid":{"rendered":"https:\/\/uniformesludo.cl\/?post_type=product&#038;p=10016172"},"modified":"2024-09-05T17:12:57","modified_gmt":"2024-09-05T17:12:57","slug":"altavoz-viancos-sk36-sk37","status":"publish","type":"product","link":"https:\/\/uniformesludo.cl\/index.php\/producto\/altavoz-viancos-sk36-sk37\/","title":{"rendered":"Altavoz Viancos SK36 &#8211; SK37"},"content":{"rendered":"","protected":false},"excerpt":{"rendered":"<p><strong><span style=\"color: #000080;\">SK36 &#8211; SK37<\/span><\/strong><\/p>\n<p><em>Compacto parlante de conexi\u00f3n bluetooth con interior iluminado. Superficie exterior especialmente dise\u00f1ada para marcaje en l\u00e1ser y as\u00ed iluminar el logotipo marcado. De dise\u00f1o bicolor con suave acabado y conexi\u00f3n bluetooth 3.0, ofrece 3W de potencia, tiene funci\u00f3n de manos libres, una ranura para tarjetas micro SD de hasta 32 GB de capacidad, funci\u00f3n radio FM, entrada auxiliar de l\u00ednea mediante conexi\u00f3n jack de 3,5mm y soportes de goma antideslizantes en la base. Compatible con iOS y Android, incluye cable de carga mini USB, cable auxiliar jack de 3,5mm y viene presentado en atractiva caja de dise\u00f1o. Con base antideslizante.<\/em><\/p>\n<table width=\"255\">\n<tbody>\n<tr>\n<td width=\"116\">Especificaciones art\u00edculo<\/td>\n<td width=\"139\">Di\u00e1metro: 6.2 cm, alto: 5.1 cm | Peso: 100 gr<\/td>\n<\/tr>\n<tr>\n<td width=\"116\">Packaging: alto (cm)<\/td>\n<td width=\"139\">36.5<\/td>\n<\/tr>\n<tr>\n<td width=\"116\">Packaging: largo (cm)<\/td>\n<td width=\"139\">33<\/td>\n<\/tr>\n<tr>\n<td width=\"116\">Packaging: ancho (cm)<\/td>\n<td width=\"139\">14<\/td>\n<\/tr>\n<tr>\n<td width=\"116\">Peso caja (Kgr)<\/td>\n<td width=\"139\">6.6<\/td>\n<\/tr>\n<tr>\n<td width=\"116\">Unidades\/caja<\/td>\n<td width=\"139\">50<\/td>\n<\/tr>\n<tr>\n<td width=\"116\">Incluye bater\u00edas<\/td>\n<td width=\"139\">Si<\/td>\n<\/tr>\n<\/tbody>\n<\/table>\n<p>&nbsp;<\/p>\n<table width=\"419\">\n<tbody>\n<tr>\n<td width=\"80\">C\u00f3digo<\/td>\n<td width=\"74\">602057750<\/td>\n<td width=\"265\">Color <span style=\"color: #000000;\">Negro\u00a0<\/span> \u00a0 \u00a0 SK 36<\/td>\n<\/tr>\n<tr>\n<td>C\u00f3digo<\/td>\n<td>602057751<\/td>\n<td>Color <span style=\"color: #0000ff;\">Azul\u00a0<\/span> \u00a0 \u00a0 \u00a0 \u00a0SK 37<\/td>\n<\/tr>\n<\/tbody>\n<\/table>\n","protected":false},"featured_media":10016303,"comment_status":"closed","ping_status":"closed","template":"","meta":[],"product_brand":[],"product_cat":[586,587],"product_tag":[],"class_list":{"0":"post-10016172","1":"product","2":"type-product","3":"status-publish","4":"has-post-thumbnail","6":"product_cat-art-tecnologicos","7":"product_cat-audifonos-parlantes","9":"first","10":"outofstock","11":"shipping-taxable","12":"purchasable","13":"product-type-variable"},"aioseo_notices":[],"yoast_head":"<!-- This site is optimized with the Yoast SEO plugin v26.5 - https:\/\/yoast.com\/wordpress\/plugins\/seo\/ -->\n<title>Altavoz Viancos SK36 - SK37 - Uniformes Ludo<\/title>\n<meta name=\"robots\" content=\"index, follow, max-snippet:-1, max-image-preview:large, max-video-preview:-1\" \/>\n<link rel=\"canonical\" href=\"https:\/\/uniformesludo.cl\/index.php\/producto\/altavoz-viancos-sk36-sk37\/\" \/>\n<meta property=\"og:locale\" content=\"es_ES\" \/>\n<meta property=\"og:type\" content=\"article\" \/>\n<meta property=\"og:title\" content=\"Altavoz Viancos SK36 - SK37 - Uniformes Ludo\" \/>\n<meta property=\"og:description\" content=\"SK36 - SK37  Compacto parlante de conexi\u00f3n bluetooth con interior iluminado. Superficie exterior especialmente dise\u00f1ada para marcaje en l\u00e1ser y as\u00ed iluminar el logotipo marcado. De dise\u00f1o bicolor con suave acabado y conexi\u00f3n bluetooth 3.0, ofrece 3W de potencia, tiene funci\u00f3n de manos libres, una ranura para tarjetas micro SD de hasta 32 GB de capacidad, funci\u00f3n radio FM, entrada auxiliar de l\u00ednea mediante conexi\u00f3n jack de 3,5mm y soportes de goma antideslizantes en la base. Compatible con iOS y Android, incluye cable de carga mini USB, cable auxiliar jack de 3,5mm y viene presentado en atractiva caja de dise\u00f1o. Con base antideslizante.    Especificaciones art\u00edculo Di\u00e1metro: 6.2 cm, alto: 5.1 cm | Peso: 100 gr   Packaging: alto (cm) 36.5   Packaging: largo (cm) 33   Packaging: ancho (cm) 14   Peso caja (Kgr) 6.6   Unidades\/caja 50   Incluye bater\u00edas Si    &nbsp;    C\u00f3digo 602057750 Color Negro\u00a0 \u00a0 \u00a0 SK 36   C\u00f3digo 602057751 Color Azul\u00a0 \u00a0 \u00a0 \u00a0 \u00a0SK 37\" \/>\n<meta property=\"og:url\" content=\"https:\/\/uniformesludo.cl\/index.php\/producto\/altavoz-viancos-sk36-sk37\/\" \/>\n<meta property=\"og:site_name\" content=\"Uniformes Ludo\" \/>\n<meta property=\"article:modified_time\" content=\"2024-09-05T17:12:57+00:00\" \/>\n<meta property=\"og:image\" content=\"https:\/\/uniformesludo.cl\/wp-content\/uploads\/2024\/09\/altavoz_viancos_bluetooth_iluminado_colores_SK36_SK37.jpg\" \/>\n\t<meta property=\"og:image:width\" content=\"600\" \/>\n\t<meta property=\"og:image:height\" content=\"600\" \/>\n\t<meta property=\"og:image:type\" content=\"image\/jpeg\" \/>\n<meta name=\"twitter:card\" content=\"summary_large_image\" \/>\n<script type=\"application\/ld+json\" class=\"yoast-schema-graph\">{\"@context\":\"https:\/\/schema.org\",\"@graph\":[{\"@type\":\"WebPage\",\"@id\":\"https:\/\/uniformesludo.cl\/index.php\/producto\/altavoz-viancos-sk36-sk37\/\",\"url\":\"https:\/\/uniformesludo.cl\/index.php\/producto\/altavoz-viancos-sk36-sk37\/\",\"name\":\"Altavoz Viancos SK36 - SK37 - Uniformes Ludo\",\"isPartOf\":{\"@id\":\"https:\/\/uniformesludo.cl\/#website\"},\"primaryImageOfPage\":{\"@id\":\"https:\/\/uniformesludo.cl\/index.php\/producto\/altavoz-viancos-sk36-sk37\/#primaryimage\"},\"image\":{\"@id\":\"https:\/\/uniformesludo.cl\/index.php\/producto\/altavoz-viancos-sk36-sk37\/#primaryimage\"},\"thumbnailUrl\":\"https:\/\/uniformesludo.cl\/wp-content\/uploads\/2024\/09\/altavoz_viancos_bluetooth_iluminado_colores_SK36_SK37.jpg\",\"datePublished\":\"2024-09-04T16:03:05+00:00\",\"dateModified\":\"2024-09-05T17:12:57+00:00\",\"breadcrumb\":{\"@id\":\"https:\/\/uniformesludo.cl\/index.php\/producto\/altavoz-viancos-sk36-sk37\/#breadcrumb\"},\"inLanguage\":\"es\",\"potentialAction\":[{\"@type\":\"ReadAction\",\"target\":[\"https:\/\/uniformesludo.cl\/index.php\/producto\/altavoz-viancos-sk36-sk37\/\"]}]},{\"@type\":\"ImageObject\",\"inLanguage\":\"es\",\"@id\":\"https:\/\/uniformesludo.cl\/index.php\/producto\/altavoz-viancos-sk36-sk37\/#primaryimage\",\"url\":\"https:\/\/uniformesludo.cl\/wp-content\/uploads\/2024\/09\/altavoz_viancos_bluetooth_iluminado_colores_SK36_SK37.jpg\",\"contentUrl\":\"https:\/\/uniformesludo.cl\/wp-content\/uploads\/2024\/09\/altavoz_viancos_bluetooth_iluminado_colores_SK36_SK37.jpg\",\"width\":600,\"height\":600},{\"@type\":\"BreadcrumbList\",\"@id\":\"https:\/\/uniformesludo.cl\/index.php\/producto\/altavoz-viancos-sk36-sk37\/#breadcrumb\",\"itemListElement\":[{\"@type\":\"ListItem\",\"position\":1,\"name\":\"Portada\",\"item\":\"https:\/\/uniformesludo.cl\/\"},{\"@type\":\"ListItem\",\"position\":2,\"name\":\"Tienda\",\"item\":\"https:\/\/uniformesludo.cl\/index.php\/tienda\/\"},{\"@type\":\"ListItem\",\"position\":3,\"name\":\"Altavoz Viancos SK36 &#8211; SK37\"}]},{\"@type\":\"WebSite\",\"@id\":\"https:\/\/uniformesludo.cl\/#website\",\"url\":\"https:\/\/uniformesludo.cl\/\",\"name\":\"Uniformes Ludo\",\"description\":\"Es una de las empresas comercializadoras de Ropa de trabajo, confecci\u00f3n, productos de protecci\u00f3n, prevenci\u00f3n y seguridad una de las m\u00e1s importantes de nuestro pa\u00eds, reconocida a nivel Nacional, con numerosos clientes a lo largo de Chile que avalan su compromiso de calidad. De igual forma, existe una permanente preocupaci\u00f3n por mantener un servicio integral de excelencia que permita identificarnos como \u201cel mejor equipo, la mejor empresa e inversi\u00f3n\u201d.\",\"potentialAction\":[{\"@type\":\"SearchAction\",\"target\":{\"@type\":\"EntryPoint\",\"urlTemplate\":\"https:\/\/uniformesludo.cl\/?s={search_term_string}\"},\"query-input\":{\"@type\":\"PropertyValueSpecification\",\"valueRequired\":true,\"valueName\":\"search_term_string\"}}],\"inLanguage\":\"es\"}]}<\/script>\n<!-- \/ Yoast SEO plugin. -->","yoast_head_json":{"title":"Altavoz Viancos SK36 - SK37 - Uniformes Ludo","robots":{"index":"index","follow":"follow","max-snippet":"max-snippet:-1","max-image-preview":"max-image-preview:large","max-video-preview":"max-video-preview:-1"},"canonical":"https:\/\/uniformesludo.cl\/index.php\/producto\/altavoz-viancos-sk36-sk37\/","og_locale":"es_ES","og_type":"article","og_title":"Altavoz Viancos SK36 - SK37 - Uniformes Ludo","og_description":"SK36 - SK37  Compacto parlante de conexi\u00f3n bluetooth con interior iluminado. Superficie exterior especialmente dise\u00f1ada para marcaje en l\u00e1ser y as\u00ed iluminar el logotipo marcado. De dise\u00f1o bicolor con suave acabado y conexi\u00f3n bluetooth 3.0, ofrece 3W de potencia, tiene funci\u00f3n de manos libres, una ranura para tarjetas micro SD de hasta 32 GB de capacidad, funci\u00f3n radio FM, entrada auxiliar de l\u00ednea mediante conexi\u00f3n jack de 3,5mm y soportes de goma antideslizantes en la base. Compatible con iOS y Android, incluye cable de carga mini USB, cable auxiliar jack de 3,5mm y viene presentado en atractiva caja de dise\u00f1o. Con base antideslizante.    Especificaciones art\u00edculo Di\u00e1metro: 6.2 cm, alto: 5.1 cm | Peso: 100 gr   Packaging: alto (cm) 36.5   Packaging: largo (cm) 33   Packaging: ancho (cm) 14   Peso caja (Kgr) 6.6   Unidades\/caja 50   Incluye bater\u00edas Si    &nbsp;    C\u00f3digo 602057750 Color Negro\u00a0 \u00a0 \u00a0 SK 36   C\u00f3digo 602057751 Color Azul\u00a0 \u00a0 \u00a0 \u00a0 \u00a0SK 37","og_url":"https:\/\/uniformesludo.cl\/index.php\/producto\/altavoz-viancos-sk36-sk37\/","og_site_name":"Uniformes Ludo","article_modified_time":"2024-09-05T17:12:57+00:00","og_image":[{"width":600,"height":600,"url":"https:\/\/uniformesludo.cl\/wp-content\/uploads\/2024\/09\/altavoz_viancos_bluetooth_iluminado_colores_SK36_SK37.jpg","type":"image\/jpeg"}],"twitter_card":"summary_large_image","schema":{"@context":"https:\/\/schema.org","@graph":[{"@type":"WebPage","@id":"https:\/\/uniformesludo.cl\/index.php\/producto\/altavoz-viancos-sk36-sk37\/","url":"https:\/\/uniformesludo.cl\/index.php\/producto\/altavoz-viancos-sk36-sk37\/","name":"Altavoz Viancos SK36 - SK37 - Uniformes Ludo","isPartOf":{"@id":"https:\/\/uniformesludo.cl\/#website"},"primaryImageOfPage":{"@id":"https:\/\/uniformesludo.cl\/index.php\/producto\/altavoz-viancos-sk36-sk37\/#primaryimage"},"image":{"@id":"https:\/\/uniformesludo.cl\/index.php\/producto\/altavoz-viancos-sk36-sk37\/#primaryimage"},"thumbnailUrl":"https:\/\/uniformesludo.cl\/wp-content\/uploads\/2024\/09\/altavoz_viancos_bluetooth_iluminado_colores_SK36_SK37.jpg","datePublished":"2024-09-04T16:03:05+00:00","dateModified":"2024-09-05T17:12:57+00:00","breadcrumb":{"@id":"https:\/\/uniformesludo.cl\/index.php\/producto\/altavoz-viancos-sk36-sk37\/#breadcrumb"},"inLanguage":"es","potentialAction":[{"@type":"ReadAction","target":["https:\/\/uniformesludo.cl\/index.php\/producto\/altavoz-viancos-sk36-sk37\/"]}]},{"@type":"ImageObject","inLanguage":"es","@id":"https:\/\/uniformesludo.cl\/index.php\/producto\/altavoz-viancos-sk36-sk37\/#primaryimage","url":"https:\/\/uniformesludo.cl\/wp-content\/uploads\/2024\/09\/altavoz_viancos_bluetooth_iluminado_colores_SK36_SK37.jpg","contentUrl":"https:\/\/uniformesludo.cl\/wp-content\/uploads\/2024\/09\/altavoz_viancos_bluetooth_iluminado_colores_SK36_SK37.jpg","width":600,"height":600},{"@type":"BreadcrumbList","@id":"https:\/\/uniformesludo.cl\/index.php\/producto\/altavoz-viancos-sk36-sk37\/#breadcrumb","itemListElement":[{"@type":"ListItem","position":1,"name":"Portada","item":"https:\/\/uniformesludo.cl\/"},{"@type":"ListItem","position":2,"name":"Tienda","item":"https:\/\/uniformesludo.cl\/index.php\/tienda\/"},{"@type":"ListItem","position":3,"name":"Altavoz Viancos SK36 &#8211; SK37"}]},{"@type":"WebSite","@id":"https:\/\/uniformesludo.cl\/#website","url":"https:\/\/uniformesludo.cl\/","name":"Uniformes Ludo","description":"Es una de las empresas comercializadoras de Ropa de trabajo, confecci\u00f3n, productos de protecci\u00f3n, prevenci\u00f3n y seguridad una de las m\u00e1s importantes de nuestro pa\u00eds, reconocida a nivel Nacional, con numerosos clientes a lo largo de Chile que avalan su compromiso de calidad. De igual forma, existe una permanente preocupaci\u00f3n por mantener un servicio integral de excelencia que permita identificarnos como \u201cel mejor equipo, la mejor empresa e inversi\u00f3n\u201d.","potentialAction":[{"@type":"SearchAction","target":{"@type":"EntryPoint","urlTemplate":"https:\/\/uniformesludo.cl\/?s={search_term_string}"},"query-input":{"@type":"PropertyValueSpecification","valueRequired":true,"valueName":"search_term_string"}}],"inLanguage":"es"}]}},"_links":{"self":[{"href":"https:\/\/uniformesludo.cl\/index.php\/wp-json\/wp\/v2\/product\/10016172","targetHints":{"allow":["GET"]}}],"collection":[{"href":"https:\/\/uniformesludo.cl\/index.php\/wp-json\/wp\/v2\/product"}],"about":[{"href":"https:\/\/uniformesludo.cl\/index.php\/wp-json\/wp\/v2\/types\/product"}],"replies":[{"embeddable":true,"href":"https:\/\/uniformesludo.cl\/index.php\/wp-json\/wp\/v2\/comments?post=10016172"}],"wp:featuredmedia":[{"embeddable":true,"href":"https:\/\/uniformesludo.cl\/index.php\/wp-json\/wp\/v2\/media\/10016303"}],"wp:attachment":[{"href":"https:\/\/uniformesludo.cl\/index.php\/wp-json\/wp\/v2\/media?parent=10016172"}],"wp:term":[{"taxonomy":"product_brand","embeddable":true,"href":"https:\/\/uniformesludo.cl\/index.php\/wp-json\/wp\/v2\/product_brand?post=10016172"},{"taxonomy":"product_cat","embeddable":true,"href":"https:\/\/uniformesludo.cl\/index.php\/wp-json\/wp\/v2\/product_cat?post=10016172"},{"taxonomy":"product_tag","embeddable":true,"href":"https:\/\/uniformesludo.cl\/index.php\/wp-json\/wp\/v2\/product_tag?post=10016172"}],"curies":[{"name":"wp","href":"https:\/\/api.w.org\/{rel}","templated":true}]}}