{"id":10016171,"date":"2024-09-04T16:03:05","date_gmt":"2024-09-04T16:03:05","guid":{"rendered":"https:\/\/uniformesludo.cl\/?post_type=product&#038;p=10016171"},"modified":"2024-09-05T17:16:32","modified_gmt":"2024-09-05T17:16:32","slug":"nevera-lonchera-cooler-hertum-sk35","status":"publish","type":"product","link":"https:\/\/uniformesludo.cl\/index.php\/producto\/nevera-lonchera-cooler-hertum-sk35\/","title":{"rendered":"Nevera Lonchera Cooler Hertum SK35"},"content":{"rendered":"","protected":false},"excerpt":{"rendered":"<p><span style=\"color: #000080;\"><strong>SK35<\/strong><\/span><\/p>\n<p><em>Nevera Lonchera de 6 latas en resistente non-woven laminado de acabado brillante en vivos colores. Interior isotermo en acabado de aluminio. Con cremallera y asa de transporte a juego.<\/em><\/p>\n<table style=\"height: 187px;\" width=\"471\" cellspacing=\"0\" cellpadding=\"0\">\n<tbody>\n<tr>\n<td>Composici\u00f3n<\/td>\n<td>Non-Woven\/ Aluminio<\/td>\n<\/tr>\n<tr>\n<td>Especificaciones art\u00edculo<\/td>\n<td>15 cm \/ 21 cm \/ 15 cm | 36 gr<\/td>\n<\/tr>\n<tr>\n<td>Packaging: alto (cm)<\/td>\n<td>44<\/td>\n<\/tr>\n<tr>\n<td>Packaging: largo (cm)<\/td>\n<td>44<\/td>\n<\/tr>\n<tr>\n<td>Packaging: ancho (cm)<\/td>\n<td>65<\/td>\n<\/tr>\n<tr>\n<td>Peso caja (Kgr)<\/td>\n<td>8.5<\/td>\n<\/tr>\n<tr>\n<td>Unidades\/caja<\/td>\n<td>200<\/td>\n<\/tr>\n<\/tbody>\n<\/table>\n<p>&nbsp;<\/p>\n","protected":false},"featured_media":10016297,"comment_status":"closed","ping_status":"closed","template":"","meta":[],"product_brand":[],"product_cat":[597,556],"product_tag":[],"class_list":{"0":"post-10016171","1":"product","2":"type-product","3":"status-publish","4":"has-post-thumbnail","6":"product_cat-entretencion-y-outdoor","7":"product_cat-mochilas-bolsos-bananos-morrales","9":"first","10":"instock","11":"shipping-taxable","12":"purchasable","13":"product-type-variable"},"aioseo_notices":[],"yoast_head":"<!-- This site is optimized with the Yoast SEO plugin v26.5 - https:\/\/yoast.com\/wordpress\/plugins\/seo\/ -->\n<title>Nevera Lonchera Cooler Hertum SK35 - Uniformes Ludo<\/title>\n<meta name=\"robots\" content=\"index, follow, max-snippet:-1, max-image-preview:large, max-video-preview:-1\" \/>\n<link rel=\"canonical\" href=\"https:\/\/uniformesludo.cl\/index.php\/producto\/nevera-lonchera-cooler-hertum-sk35\/\" \/>\n<meta property=\"og:locale\" content=\"es_ES\" \/>\n<meta property=\"og:type\" content=\"article\" \/>\n<meta property=\"og:title\" content=\"Nevera Lonchera Cooler Hertum SK35 - Uniformes Ludo\" \/>\n<meta property=\"og:description\" content=\"SK35  Nevera Lonchera de 6 latas en resistente non-woven laminado de acabado brillante en vivos colores. Interior isotermo en acabado de aluminio. Con cremallera y asa de transporte a juego.    Composici\u00f3n Non-Woven\/ Aluminio   Especificaciones art\u00edculo 15 cm \/ 21 cm \/ 15 cm | 36 gr   Packaging: alto (cm) 44   Packaging: largo (cm) 44   Packaging: ancho (cm) 65   Peso caja (Kgr) 8.5   Unidades\/caja 200    &nbsp;\" \/>\n<meta property=\"og:url\" content=\"https:\/\/uniformesludo.cl\/index.php\/producto\/nevera-lonchera-cooler-hertum-sk35\/\" \/>\n<meta property=\"og:site_name\" content=\"Uniformes Ludo\" \/>\n<meta property=\"article:modified_time\" content=\"2024-09-05T17:16:32+00:00\" \/>\n<meta property=\"og:image\" content=\"https:\/\/uniformesludo.cl\/wp-content\/uploads\/2024\/09\/portada_sk34_nevera.jpg\" \/>\n\t<meta property=\"og:image:width\" content=\"600\" \/>\n\t<meta property=\"og:image:height\" content=\"600\" \/>\n\t<meta property=\"og:image:type\" content=\"image\/jpeg\" \/>\n<meta name=\"twitter:card\" content=\"summary_large_image\" \/>\n<script type=\"application\/ld+json\" class=\"yoast-schema-graph\">{\"@context\":\"https:\/\/schema.org\",\"@graph\":[{\"@type\":\"WebPage\",\"@id\":\"https:\/\/uniformesludo.cl\/index.php\/producto\/nevera-lonchera-cooler-hertum-sk35\/\",\"url\":\"https:\/\/uniformesludo.cl\/index.php\/producto\/nevera-lonchera-cooler-hertum-sk35\/\",\"name\":\"Nevera Lonchera Cooler Hertum SK35 - Uniformes Ludo\",\"isPartOf\":{\"@id\":\"https:\/\/uniformesludo.cl\/#website\"},\"primaryImageOfPage\":{\"@id\":\"https:\/\/uniformesludo.cl\/index.php\/producto\/nevera-lonchera-cooler-hertum-sk35\/#primaryimage\"},\"image\":{\"@id\":\"https:\/\/uniformesludo.cl\/index.php\/producto\/nevera-lonchera-cooler-hertum-sk35\/#primaryimage\"},\"thumbnailUrl\":\"https:\/\/uniformesludo.cl\/wp-content\/uploads\/2024\/09\/portada_sk34_nevera.jpg\",\"datePublished\":\"2024-09-04T16:03:05+00:00\",\"dateModified\":\"2024-09-05T17:16:32+00:00\",\"breadcrumb\":{\"@id\":\"https:\/\/uniformesludo.cl\/index.php\/producto\/nevera-lonchera-cooler-hertum-sk35\/#breadcrumb\"},\"inLanguage\":\"es\",\"potentialAction\":[{\"@type\":\"ReadAction\",\"target\":[\"https:\/\/uniformesludo.cl\/index.php\/producto\/nevera-lonchera-cooler-hertum-sk35\/\"]}]},{\"@type\":\"ImageObject\",\"inLanguage\":\"es\",\"@id\":\"https:\/\/uniformesludo.cl\/index.php\/producto\/nevera-lonchera-cooler-hertum-sk35\/#primaryimage\",\"url\":\"https:\/\/uniformesludo.cl\/wp-content\/uploads\/2024\/09\/portada_sk34_nevera.jpg\",\"contentUrl\":\"https:\/\/uniformesludo.cl\/wp-content\/uploads\/2024\/09\/portada_sk34_nevera.jpg\",\"width\":600,\"height\":600},{\"@type\":\"BreadcrumbList\",\"@id\":\"https:\/\/uniformesludo.cl\/index.php\/producto\/nevera-lonchera-cooler-hertum-sk35\/#breadcrumb\",\"itemListElement\":[{\"@type\":\"ListItem\",\"position\":1,\"name\":\"Portada\",\"item\":\"https:\/\/uniformesludo.cl\/\"},{\"@type\":\"ListItem\",\"position\":2,\"name\":\"Tienda\",\"item\":\"https:\/\/uniformesludo.cl\/index.php\/tienda\/\"},{\"@type\":\"ListItem\",\"position\":3,\"name\":\"Nevera Lonchera Cooler Hertum SK35\"}]},{\"@type\":\"WebSite\",\"@id\":\"https:\/\/uniformesludo.cl\/#website\",\"url\":\"https:\/\/uniformesludo.cl\/\",\"name\":\"Uniformes Ludo\",\"description\":\"Es una de las empresas comercializadoras de Ropa de trabajo, confecci\u00f3n, productos de protecci\u00f3n, prevenci\u00f3n y seguridad una de las m\u00e1s importantes de nuestro pa\u00eds, reconocida a nivel Nacional, con numerosos clientes a lo largo de Chile que avalan su compromiso de calidad. De igual forma, existe una permanente preocupaci\u00f3n por mantener un servicio integral de excelencia que permita identificarnos como \u201cel mejor equipo, la mejor empresa e inversi\u00f3n\u201d.\",\"potentialAction\":[{\"@type\":\"SearchAction\",\"target\":{\"@type\":\"EntryPoint\",\"urlTemplate\":\"https:\/\/uniformesludo.cl\/?s={search_term_string}\"},\"query-input\":{\"@type\":\"PropertyValueSpecification\",\"valueRequired\":true,\"valueName\":\"search_term_string\"}}],\"inLanguage\":\"es\"}]}<\/script>\n<!-- \/ Yoast SEO plugin. -->","yoast_head_json":{"title":"Nevera Lonchera Cooler Hertum SK35 - Uniformes Ludo","robots":{"index":"index","follow":"follow","max-snippet":"max-snippet:-1","max-image-preview":"max-image-preview:large","max-video-preview":"max-video-preview:-1"},"canonical":"https:\/\/uniformesludo.cl\/index.php\/producto\/nevera-lonchera-cooler-hertum-sk35\/","og_locale":"es_ES","og_type":"article","og_title":"Nevera Lonchera Cooler Hertum SK35 - Uniformes Ludo","og_description":"SK35  Nevera Lonchera de 6 latas en resistente non-woven laminado de acabado brillante en vivos colores. Interior isotermo en acabado de aluminio. Con cremallera y asa de transporte a juego.    Composici\u00f3n Non-Woven\/ Aluminio   Especificaciones art\u00edculo 15 cm \/ 21 cm \/ 15 cm | 36 gr   Packaging: alto (cm) 44   Packaging: largo (cm) 44   Packaging: ancho (cm) 65   Peso caja (Kgr) 8.5   Unidades\/caja 200    &nbsp;","og_url":"https:\/\/uniformesludo.cl\/index.php\/producto\/nevera-lonchera-cooler-hertum-sk35\/","og_site_name":"Uniformes Ludo","article_modified_time":"2024-09-05T17:16:32+00:00","og_image":[{"width":600,"height":600,"url":"https:\/\/uniformesludo.cl\/wp-content\/uploads\/2024\/09\/portada_sk34_nevera.jpg","type":"image\/jpeg"}],"twitter_card":"summary_large_image","schema":{"@context":"https:\/\/schema.org","@graph":[{"@type":"WebPage","@id":"https:\/\/uniformesludo.cl\/index.php\/producto\/nevera-lonchera-cooler-hertum-sk35\/","url":"https:\/\/uniformesludo.cl\/index.php\/producto\/nevera-lonchera-cooler-hertum-sk35\/","name":"Nevera Lonchera Cooler Hertum SK35 - Uniformes Ludo","isPartOf":{"@id":"https:\/\/uniformesludo.cl\/#website"},"primaryImageOfPage":{"@id":"https:\/\/uniformesludo.cl\/index.php\/producto\/nevera-lonchera-cooler-hertum-sk35\/#primaryimage"},"image":{"@id":"https:\/\/uniformesludo.cl\/index.php\/producto\/nevera-lonchera-cooler-hertum-sk35\/#primaryimage"},"thumbnailUrl":"https:\/\/uniformesludo.cl\/wp-content\/uploads\/2024\/09\/portada_sk34_nevera.jpg","datePublished":"2024-09-04T16:03:05+00:00","dateModified":"2024-09-05T17:16:32+00:00","breadcrumb":{"@id":"https:\/\/uniformesludo.cl\/index.php\/producto\/nevera-lonchera-cooler-hertum-sk35\/#breadcrumb"},"inLanguage":"es","potentialAction":[{"@type":"ReadAction","target":["https:\/\/uniformesludo.cl\/index.php\/producto\/nevera-lonchera-cooler-hertum-sk35\/"]}]},{"@type":"ImageObject","inLanguage":"es","@id":"https:\/\/uniformesludo.cl\/index.php\/producto\/nevera-lonchera-cooler-hertum-sk35\/#primaryimage","url":"https:\/\/uniformesludo.cl\/wp-content\/uploads\/2024\/09\/portada_sk34_nevera.jpg","contentUrl":"https:\/\/uniformesludo.cl\/wp-content\/uploads\/2024\/09\/portada_sk34_nevera.jpg","width":600,"height":600},{"@type":"BreadcrumbList","@id":"https:\/\/uniformesludo.cl\/index.php\/producto\/nevera-lonchera-cooler-hertum-sk35\/#breadcrumb","itemListElement":[{"@type":"ListItem","position":1,"name":"Portada","item":"https:\/\/uniformesludo.cl\/"},{"@type":"ListItem","position":2,"name":"Tienda","item":"https:\/\/uniformesludo.cl\/index.php\/tienda\/"},{"@type":"ListItem","position":3,"name":"Nevera Lonchera Cooler Hertum SK35"}]},{"@type":"WebSite","@id":"https:\/\/uniformesludo.cl\/#website","url":"https:\/\/uniformesludo.cl\/","name":"Uniformes Ludo","description":"Es una de las empresas comercializadoras de Ropa de trabajo, confecci\u00f3n, productos de protecci\u00f3n, prevenci\u00f3n y seguridad una de las m\u00e1s importantes de nuestro pa\u00eds, reconocida a nivel Nacional, con numerosos clientes a lo largo de Chile que avalan su compromiso de calidad. De igual forma, existe una permanente preocupaci\u00f3n por mantener un servicio integral de excelencia que permita identificarnos como \u201cel mejor equipo, la mejor empresa e inversi\u00f3n\u201d.","potentialAction":[{"@type":"SearchAction","target":{"@type":"EntryPoint","urlTemplate":"https:\/\/uniformesludo.cl\/?s={search_term_string}"},"query-input":{"@type":"PropertyValueSpecification","valueRequired":true,"valueName":"search_term_string"}}],"inLanguage":"es"}]}},"_links":{"self":[{"href":"https:\/\/uniformesludo.cl\/index.php\/wp-json\/wp\/v2\/product\/10016171","targetHints":{"allow":["GET"]}}],"collection":[{"href":"https:\/\/uniformesludo.cl\/index.php\/wp-json\/wp\/v2\/product"}],"about":[{"href":"https:\/\/uniformesludo.cl\/index.php\/wp-json\/wp\/v2\/types\/product"}],"replies":[{"embeddable":true,"href":"https:\/\/uniformesludo.cl\/index.php\/wp-json\/wp\/v2\/comments?post=10016171"}],"wp:featuredmedia":[{"embeddable":true,"href":"https:\/\/uniformesludo.cl\/index.php\/wp-json\/wp\/v2\/media\/10016297"}],"wp:attachment":[{"href":"https:\/\/uniformesludo.cl\/index.php\/wp-json\/wp\/v2\/media?parent=10016171"}],"wp:term":[{"taxonomy":"product_brand","embeddable":true,"href":"https:\/\/uniformesludo.cl\/index.php\/wp-json\/wp\/v2\/product_brand?post=10016171"},{"taxonomy":"product_cat","embeddable":true,"href":"https:\/\/uniformesludo.cl\/index.php\/wp-json\/wp\/v2\/product_cat?post=10016171"},{"taxonomy":"product_tag","embeddable":true,"href":"https:\/\/uniformesludo.cl\/index.php\/wp-json\/wp\/v2\/product_tag?post=10016171"}],"curies":[{"name":"wp","href":"https:\/\/api.w.org\/{rel}","templated":true}]}}