{"id":10016170,"date":"2024-09-04T16:03:05","date_gmt":"2024-09-04T16:03:05","guid":{"rendered":"https:\/\/uniformesludo.cl\/?post_type=product&#038;p=10016170"},"modified":"2024-09-04T16:04:54","modified_gmt":"2024-09-04T16:04:54","slug":"mochila-morral-wizzy-sk33","status":"publish","type":"product","link":"https:\/\/uniformesludo.cl\/index.php\/producto\/mochila-morral-wizzy-sk33\/","title":{"rendered":"Mochila Morral Wizzy SK33"},"content":{"rendered":"","protected":false},"excerpt":{"rendered":"<p><span style=\"color: #000080;\"><strong>SK33<\/strong><\/span><\/p>\n<p><em>Mochila de non-woven en color blanco especialmente dise\u00f1ada para colorear con ceras. Incluye 5 ceras de cuerpo cil\u00edndrico en variados colores. Con cuerdas autocierre en color negro y refuerzo en las esquinas.<\/em><\/p>\n<table width=\"500\" cellspacing=\"0\" cellpadding=\"0\">\n<tbody>\n<tr>\n<td>Composici\u00f3n<\/td>\n<td>Non-Woven<\/td>\n<\/tr>\n<tr>\n<td>Especificaciones art\u00edculo<\/td>\n<td>30 cm \/ 25 cm \/ cm | 47 gr<\/td>\n<\/tr>\n<tr>\n<td>Packaging: alto (cm)<\/td>\n<td>25<\/td>\n<\/tr>\n<tr>\n<td>Packaging: largo (cm)<\/td>\n<td>62<\/td>\n<\/tr>\n<tr>\n<td>Packaging: ancho (cm)<\/td>\n<td>35<\/td>\n<\/tr>\n<tr>\n<td>Peso caja (Kgr)<\/td>\n<td>10<\/td>\n<\/tr>\n<tr>\n<td>Unidades\/caja<\/td>\n<td>200<\/td>\n<\/tr>\n<\/tbody>\n<\/table>\n<p>&nbsp;<\/p>\n<table width=\"419\">\n<tbody>\n<tr>\n<td width=\"80\">C\u00f3digo<\/td>\n<td width=\"74\">602057010<\/td>\n<td width=\"265\">Color Blanco<\/td>\n<\/tr>\n<\/tbody>\n<\/table>\n","protected":false},"featured_media":10016296,"comment_status":"closed","ping_status":"closed","template":"","meta":[],"product_brand":[],"product_cat":[556],"product_tag":[],"class_list":{"0":"post-10016170","1":"product","2":"type-product","3":"status-publish","4":"has-post-thumbnail","6":"product_cat-mochilas-bolsos-bananos-morrales","8":"first","9":"instock","10":"shipping-taxable","11":"product-type-simple"},"aioseo_notices":[],"yoast_head":"<!-- This site is optimized with the Yoast SEO plugin v26.5 - https:\/\/yoast.com\/wordpress\/plugins\/seo\/ -->\n<title>Mochila Morral Wizzy SK33 - Uniformes Ludo<\/title>\n<meta name=\"robots\" content=\"index, follow, max-snippet:-1, max-image-preview:large, max-video-preview:-1\" \/>\n<link rel=\"canonical\" href=\"https:\/\/uniformesludo.cl\/index.php\/producto\/mochila-morral-wizzy-sk33\/\" \/>\n<meta property=\"og:locale\" content=\"es_ES\" \/>\n<meta property=\"og:type\" content=\"article\" \/>\n<meta property=\"og:title\" content=\"Mochila Morral Wizzy SK33 - Uniformes Ludo\" \/>\n<meta property=\"og:description\" content=\"SK33  Mochila de non-woven en color blanco especialmente dise\u00f1ada para colorear con ceras. Incluye 5 ceras de cuerpo cil\u00edndrico en variados colores. Con cuerdas autocierre en color negro y refuerzo en las esquinas.    Composici\u00f3n Non-Woven   Especificaciones art\u00edculo 30 cm \/ 25 cm \/ cm | 47 gr   Packaging: alto (cm) 25   Packaging: largo (cm) 62   Packaging: ancho (cm) 35   Peso caja (Kgr) 10   Unidades\/caja 200    &nbsp;    C\u00f3digo 602057010 Color Blanco\" \/>\n<meta property=\"og:url\" content=\"https:\/\/uniformesludo.cl\/index.php\/producto\/mochila-morral-wizzy-sk33\/\" \/>\n<meta property=\"og:site_name\" content=\"Uniformes Ludo\" \/>\n<meta property=\"article:modified_time\" content=\"2024-09-04T16:04:54+00:00\" \/>\n<meta property=\"og:image\" content=\"https:\/\/uniformesludo.cl\/wp-content\/uploads\/2024\/09\/sk33.jpg\" \/>\n\t<meta property=\"og:image:width\" content=\"600\" \/>\n\t<meta property=\"og:image:height\" content=\"600\" \/>\n\t<meta property=\"og:image:type\" content=\"image\/jpeg\" \/>\n<meta name=\"twitter:card\" content=\"summary_large_image\" \/>\n<script type=\"application\/ld+json\" class=\"yoast-schema-graph\">{\"@context\":\"https:\/\/schema.org\",\"@graph\":[{\"@type\":\"WebPage\",\"@id\":\"https:\/\/uniformesludo.cl\/index.php\/producto\/mochila-morral-wizzy-sk33\/\",\"url\":\"https:\/\/uniformesludo.cl\/index.php\/producto\/mochila-morral-wizzy-sk33\/\",\"name\":\"Mochila Morral Wizzy SK33 - Uniformes Ludo\",\"isPartOf\":{\"@id\":\"https:\/\/uniformesludo.cl\/#website\"},\"primaryImageOfPage\":{\"@id\":\"https:\/\/uniformesludo.cl\/index.php\/producto\/mochila-morral-wizzy-sk33\/#primaryimage\"},\"image\":{\"@id\":\"https:\/\/uniformesludo.cl\/index.php\/producto\/mochila-morral-wizzy-sk33\/#primaryimage\"},\"thumbnailUrl\":\"https:\/\/uniformesludo.cl\/wp-content\/uploads\/2024\/09\/sk33.jpg\",\"datePublished\":\"2024-09-04T16:03:05+00:00\",\"dateModified\":\"2024-09-04T16:04:54+00:00\",\"breadcrumb\":{\"@id\":\"https:\/\/uniformesludo.cl\/index.php\/producto\/mochila-morral-wizzy-sk33\/#breadcrumb\"},\"inLanguage\":\"es\",\"potentialAction\":[{\"@type\":\"ReadAction\",\"target\":[\"https:\/\/uniformesludo.cl\/index.php\/producto\/mochila-morral-wizzy-sk33\/\"]}]},{\"@type\":\"ImageObject\",\"inLanguage\":\"es\",\"@id\":\"https:\/\/uniformesludo.cl\/index.php\/producto\/mochila-morral-wizzy-sk33\/#primaryimage\",\"url\":\"https:\/\/uniformesludo.cl\/wp-content\/uploads\/2024\/09\/sk33.jpg\",\"contentUrl\":\"https:\/\/uniformesludo.cl\/wp-content\/uploads\/2024\/09\/sk33.jpg\",\"width\":600,\"height\":600},{\"@type\":\"BreadcrumbList\",\"@id\":\"https:\/\/uniformesludo.cl\/index.php\/producto\/mochila-morral-wizzy-sk33\/#breadcrumb\",\"itemListElement\":[{\"@type\":\"ListItem\",\"position\":1,\"name\":\"Portada\",\"item\":\"https:\/\/uniformesludo.cl\/\"},{\"@type\":\"ListItem\",\"position\":2,\"name\":\"Tienda\",\"item\":\"https:\/\/uniformesludo.cl\/index.php\/tienda\/\"},{\"@type\":\"ListItem\",\"position\":3,\"name\":\"Mochila Morral Wizzy SK33\"}]},{\"@type\":\"WebSite\",\"@id\":\"https:\/\/uniformesludo.cl\/#website\",\"url\":\"https:\/\/uniformesludo.cl\/\",\"name\":\"Uniformes Ludo\",\"description\":\"Es una de las empresas comercializadoras de Ropa de trabajo, confecci\u00f3n, productos de protecci\u00f3n, prevenci\u00f3n y seguridad una de las m\u00e1s importantes de nuestro pa\u00eds, reconocida a nivel Nacional, con numerosos clientes a lo largo de Chile que avalan su compromiso de calidad. De igual forma, existe una permanente preocupaci\u00f3n por mantener un servicio integral de excelencia que permita identificarnos como \u201cel mejor equipo, la mejor empresa e inversi\u00f3n\u201d.\",\"potentialAction\":[{\"@type\":\"SearchAction\",\"target\":{\"@type\":\"EntryPoint\",\"urlTemplate\":\"https:\/\/uniformesludo.cl\/?s={search_term_string}\"},\"query-input\":{\"@type\":\"PropertyValueSpecification\",\"valueRequired\":true,\"valueName\":\"search_term_string\"}}],\"inLanguage\":\"es\"}]}<\/script>\n<!-- \/ Yoast SEO plugin. -->","yoast_head_json":{"title":"Mochila Morral Wizzy SK33 - Uniformes Ludo","robots":{"index":"index","follow":"follow","max-snippet":"max-snippet:-1","max-image-preview":"max-image-preview:large","max-video-preview":"max-video-preview:-1"},"canonical":"https:\/\/uniformesludo.cl\/index.php\/producto\/mochila-morral-wizzy-sk33\/","og_locale":"es_ES","og_type":"article","og_title":"Mochila Morral Wizzy SK33 - Uniformes Ludo","og_description":"SK33  Mochila de non-woven en color blanco especialmente dise\u00f1ada para colorear con ceras. Incluye 5 ceras de cuerpo cil\u00edndrico en variados colores. Con cuerdas autocierre en color negro y refuerzo en las esquinas.    Composici\u00f3n Non-Woven   Especificaciones art\u00edculo 30 cm \/ 25 cm \/ cm | 47 gr   Packaging: alto (cm) 25   Packaging: largo (cm) 62   Packaging: ancho (cm) 35   Peso caja (Kgr) 10   Unidades\/caja 200    &nbsp;    C\u00f3digo 602057010 Color Blanco","og_url":"https:\/\/uniformesludo.cl\/index.php\/producto\/mochila-morral-wizzy-sk33\/","og_site_name":"Uniformes Ludo","article_modified_time":"2024-09-04T16:04:54+00:00","og_image":[{"width":600,"height":600,"url":"https:\/\/uniformesludo.cl\/wp-content\/uploads\/2024\/09\/sk33.jpg","type":"image\/jpeg"}],"twitter_card":"summary_large_image","schema":{"@context":"https:\/\/schema.org","@graph":[{"@type":"WebPage","@id":"https:\/\/uniformesludo.cl\/index.php\/producto\/mochila-morral-wizzy-sk33\/","url":"https:\/\/uniformesludo.cl\/index.php\/producto\/mochila-morral-wizzy-sk33\/","name":"Mochila Morral Wizzy SK33 - Uniformes Ludo","isPartOf":{"@id":"https:\/\/uniformesludo.cl\/#website"},"primaryImageOfPage":{"@id":"https:\/\/uniformesludo.cl\/index.php\/producto\/mochila-morral-wizzy-sk33\/#primaryimage"},"image":{"@id":"https:\/\/uniformesludo.cl\/index.php\/producto\/mochila-morral-wizzy-sk33\/#primaryimage"},"thumbnailUrl":"https:\/\/uniformesludo.cl\/wp-content\/uploads\/2024\/09\/sk33.jpg","datePublished":"2024-09-04T16:03:05+00:00","dateModified":"2024-09-04T16:04:54+00:00","breadcrumb":{"@id":"https:\/\/uniformesludo.cl\/index.php\/producto\/mochila-morral-wizzy-sk33\/#breadcrumb"},"inLanguage":"es","potentialAction":[{"@type":"ReadAction","target":["https:\/\/uniformesludo.cl\/index.php\/producto\/mochila-morral-wizzy-sk33\/"]}]},{"@type":"ImageObject","inLanguage":"es","@id":"https:\/\/uniformesludo.cl\/index.php\/producto\/mochila-morral-wizzy-sk33\/#primaryimage","url":"https:\/\/uniformesludo.cl\/wp-content\/uploads\/2024\/09\/sk33.jpg","contentUrl":"https:\/\/uniformesludo.cl\/wp-content\/uploads\/2024\/09\/sk33.jpg","width":600,"height":600},{"@type":"BreadcrumbList","@id":"https:\/\/uniformesludo.cl\/index.php\/producto\/mochila-morral-wizzy-sk33\/#breadcrumb","itemListElement":[{"@type":"ListItem","position":1,"name":"Portada","item":"https:\/\/uniformesludo.cl\/"},{"@type":"ListItem","position":2,"name":"Tienda","item":"https:\/\/uniformesludo.cl\/index.php\/tienda\/"},{"@type":"ListItem","position":3,"name":"Mochila Morral Wizzy SK33"}]},{"@type":"WebSite","@id":"https:\/\/uniformesludo.cl\/#website","url":"https:\/\/uniformesludo.cl\/","name":"Uniformes Ludo","description":"Es una de las empresas comercializadoras de Ropa de trabajo, confecci\u00f3n, productos de protecci\u00f3n, prevenci\u00f3n y seguridad una de las m\u00e1s importantes de nuestro pa\u00eds, reconocida a nivel Nacional, con numerosos clientes a lo largo de Chile que avalan su compromiso de calidad. De igual forma, existe una permanente preocupaci\u00f3n por mantener un servicio integral de excelencia que permita identificarnos como \u201cel mejor equipo, la mejor empresa e inversi\u00f3n\u201d.","potentialAction":[{"@type":"SearchAction","target":{"@type":"EntryPoint","urlTemplate":"https:\/\/uniformesludo.cl\/?s={search_term_string}"},"query-input":{"@type":"PropertyValueSpecification","valueRequired":true,"valueName":"search_term_string"}}],"inLanguage":"es"}]}},"_links":{"self":[{"href":"https:\/\/uniformesludo.cl\/index.php\/wp-json\/wp\/v2\/product\/10016170","targetHints":{"allow":["GET"]}}],"collection":[{"href":"https:\/\/uniformesludo.cl\/index.php\/wp-json\/wp\/v2\/product"}],"about":[{"href":"https:\/\/uniformesludo.cl\/index.php\/wp-json\/wp\/v2\/types\/product"}],"replies":[{"embeddable":true,"href":"https:\/\/uniformesludo.cl\/index.php\/wp-json\/wp\/v2\/comments?post=10016170"}],"wp:featuredmedia":[{"embeddable":true,"href":"https:\/\/uniformesludo.cl\/index.php\/wp-json\/wp\/v2\/media\/10016296"}],"wp:attachment":[{"href":"https:\/\/uniformesludo.cl\/index.php\/wp-json\/wp\/v2\/media?parent=10016170"}],"wp:term":[{"taxonomy":"product_brand","embeddable":true,"href":"https:\/\/uniformesludo.cl\/index.php\/wp-json\/wp\/v2\/product_brand?post=10016170"},{"taxonomy":"product_cat","embeddable":true,"href":"https:\/\/uniformesludo.cl\/index.php\/wp-json\/wp\/v2\/product_cat?post=10016170"},{"taxonomy":"product_tag","embeddable":true,"href":"https:\/\/uniformesludo.cl\/index.php\/wp-json\/wp\/v2\/product_tag?post=10016170"}],"curies":[{"name":"wp","href":"https:\/\/api.w.org\/{rel}","templated":true}]}}