{"id":10016169,"date":"2024-09-04T16:03:05","date_gmt":"2024-09-04T16:03:05","guid":{"rendered":"https:\/\/uniformesludo.cl\/?post_type=product&#038;p=10016169"},"modified":"2024-09-05T17:16:56","modified_gmt":"2024-09-05T17:16:56","slug":"posavasos-destapador-olmux-sk29-sk30-sk31-sk32","status":"publish","type":"product","link":"https:\/\/uniformesludo.cl\/index.php\/producto\/posavasos-destapador-olmux-sk29-sk30-sk31-sk32\/","title":{"rendered":"Posavasos Destapador Olmux  SK29 &#8211; SK30 &#8211; SK31 &#8211; SK32"},"content":{"rendered":"","protected":false},"excerpt":{"rendered":"<p><span style=\"color: #000080;\"><strong>SK28 &#8211; SK29 &#8211; SK30 &#8211; SK31<\/strong><\/span><\/p>\n<p><em>Original posavasos con abridor met\u00e1lico integrado. Con superficie anti deslizante en la base.<\/em><\/p>\n<p>Packing 400 Unds<\/p>\n<p>SK29 Color NEGRO<\/p>\n<p>SK30 Color BLANCO<\/p>\n<p>SK31 Color AZUL<\/p>\n<p>SK32 Color ROJO<\/p>\n","protected":false},"featured_media":10016288,"comment_status":"closed","ping_status":"closed","template":"","meta":[],"product_brand":[],"product_cat":[578,570,571,598,590],"product_tag":[],"class_list":{"0":"post-10016169","1":"product","2":"type-product","3":"status-publish","4":"has-post-thumbnail","6":"product_cat-accesorios-herramientas","7":"product_cat-botellas-mugs-tazones-termos-vasos","8":"product_cat-mugs-y-tazones","9":"product_cat-recipientes-de-vidrio","10":"product_cat-set-parrillero-destapadores-posavasos","12":"first","13":"instock","14":"shipping-taxable","15":"purchasable","16":"product-type-variable"},"aioseo_notices":[],"yoast_head":"<!-- This site is optimized with the Yoast SEO plugin v26.5 - https:\/\/yoast.com\/wordpress\/plugins\/seo\/ -->\n<title>Posavasos Destapador Olmux SK29 - SK30 - SK31 - SK32 - Uniformes Ludo<\/title>\n<meta name=\"robots\" content=\"index, follow, max-snippet:-1, max-image-preview:large, max-video-preview:-1\" \/>\n<link rel=\"canonical\" href=\"https:\/\/uniformesludo.cl\/index.php\/producto\/posavasos-destapador-olmux-sk29-sk30-sk31-sk32\/\" \/>\n<meta property=\"og:locale\" content=\"es_ES\" \/>\n<meta property=\"og:type\" content=\"article\" \/>\n<meta property=\"og:title\" content=\"Posavasos Destapador Olmux SK29 - SK30 - SK31 - SK32 - Uniformes Ludo\" \/>\n<meta property=\"og:description\" content=\"SK28 - SK29 - SK30 - SK31  Original posavasos con abridor met\u00e1lico integrado. Con superficie anti deslizante en la base.  Packing 400 Unds  SK29 Color NEGRO  SK30 Color BLANCO  SK31 Color AZUL  SK32 Color ROJO\" \/>\n<meta property=\"og:url\" content=\"https:\/\/uniformesludo.cl\/index.php\/producto\/posavasos-destapador-olmux-sk29-sk30-sk31-sk32\/\" \/>\n<meta property=\"og:site_name\" content=\"Uniformes Ludo\" \/>\n<meta property=\"article:modified_time\" content=\"2024-09-05T17:16:56+00:00\" \/>\n<meta property=\"og:image\" content=\"https:\/\/uniformesludo.cl\/wp-content\/uploads\/2024\/09\/posavasos_destapador_olmux_portada_2.jpg\" \/>\n\t<meta property=\"og:image:width\" content=\"500\" \/>\n\t<meta property=\"og:image:height\" content=\"500\" \/>\n\t<meta property=\"og:image:type\" content=\"image\/jpeg\" \/>\n<meta name=\"twitter:card\" content=\"summary_large_image\" \/>\n<script type=\"application\/ld+json\" class=\"yoast-schema-graph\">{\"@context\":\"https:\/\/schema.org\",\"@graph\":[{\"@type\":\"WebPage\",\"@id\":\"https:\/\/uniformesludo.cl\/index.php\/producto\/posavasos-destapador-olmux-sk29-sk30-sk31-sk32\/\",\"url\":\"https:\/\/uniformesludo.cl\/index.php\/producto\/posavasos-destapador-olmux-sk29-sk30-sk31-sk32\/\",\"name\":\"Posavasos Destapador Olmux SK29 - SK30 - SK31 - SK32 - Uniformes Ludo\",\"isPartOf\":{\"@id\":\"https:\/\/uniformesludo.cl\/#website\"},\"primaryImageOfPage\":{\"@id\":\"https:\/\/uniformesludo.cl\/index.php\/producto\/posavasos-destapador-olmux-sk29-sk30-sk31-sk32\/#primaryimage\"},\"image\":{\"@id\":\"https:\/\/uniformesludo.cl\/index.php\/producto\/posavasos-destapador-olmux-sk29-sk30-sk31-sk32\/#primaryimage\"},\"thumbnailUrl\":\"https:\/\/uniformesludo.cl\/wp-content\/uploads\/2024\/09\/posavasos_destapador_olmux_portada_2.jpg\",\"datePublished\":\"2024-09-04T16:03:05+00:00\",\"dateModified\":\"2024-09-05T17:16:56+00:00\",\"breadcrumb\":{\"@id\":\"https:\/\/uniformesludo.cl\/index.php\/producto\/posavasos-destapador-olmux-sk29-sk30-sk31-sk32\/#breadcrumb\"},\"inLanguage\":\"es\",\"potentialAction\":[{\"@type\":\"ReadAction\",\"target\":[\"https:\/\/uniformesludo.cl\/index.php\/producto\/posavasos-destapador-olmux-sk29-sk30-sk31-sk32\/\"]}]},{\"@type\":\"ImageObject\",\"inLanguage\":\"es\",\"@id\":\"https:\/\/uniformesludo.cl\/index.php\/producto\/posavasos-destapador-olmux-sk29-sk30-sk31-sk32\/#primaryimage\",\"url\":\"https:\/\/uniformesludo.cl\/wp-content\/uploads\/2024\/09\/posavasos_destapador_olmux_portada_2.jpg\",\"contentUrl\":\"https:\/\/uniformesludo.cl\/wp-content\/uploads\/2024\/09\/posavasos_destapador_olmux_portada_2.jpg\",\"width\":500,\"height\":500},{\"@type\":\"BreadcrumbList\",\"@id\":\"https:\/\/uniformesludo.cl\/index.php\/producto\/posavasos-destapador-olmux-sk29-sk30-sk31-sk32\/#breadcrumb\",\"itemListElement\":[{\"@type\":\"ListItem\",\"position\":1,\"name\":\"Portada\",\"item\":\"https:\/\/uniformesludo.cl\/\"},{\"@type\":\"ListItem\",\"position\":2,\"name\":\"Tienda\",\"item\":\"https:\/\/uniformesludo.cl\/index.php\/tienda\/\"},{\"@type\":\"ListItem\",\"position\":3,\"name\":\"Posavasos Destapador Olmux SK29 &#8211; SK30 &#8211; SK31 &#8211; SK32\"}]},{\"@type\":\"WebSite\",\"@id\":\"https:\/\/uniformesludo.cl\/#website\",\"url\":\"https:\/\/uniformesludo.cl\/\",\"name\":\"Uniformes Ludo\",\"description\":\"Es una de las empresas comercializadoras de Ropa de trabajo, confecci\u00f3n, productos de protecci\u00f3n, prevenci\u00f3n y seguridad una de las m\u00e1s importantes de nuestro pa\u00eds, reconocida a nivel Nacional, con numerosos clientes a lo largo de Chile que avalan su compromiso de calidad. De igual forma, existe una permanente preocupaci\u00f3n por mantener un servicio integral de excelencia que permita identificarnos como \u201cel mejor equipo, la mejor empresa e inversi\u00f3n\u201d.\",\"potentialAction\":[{\"@type\":\"SearchAction\",\"target\":{\"@type\":\"EntryPoint\",\"urlTemplate\":\"https:\/\/uniformesludo.cl\/?s={search_term_string}\"},\"query-input\":{\"@type\":\"PropertyValueSpecification\",\"valueRequired\":true,\"valueName\":\"search_term_string\"}}],\"inLanguage\":\"es\"}]}<\/script>\n<!-- \/ Yoast SEO plugin. -->","yoast_head_json":{"title":"Posavasos Destapador Olmux SK29 - SK30 - SK31 - SK32 - Uniformes Ludo","robots":{"index":"index","follow":"follow","max-snippet":"max-snippet:-1","max-image-preview":"max-image-preview:large","max-video-preview":"max-video-preview:-1"},"canonical":"https:\/\/uniformesludo.cl\/index.php\/producto\/posavasos-destapador-olmux-sk29-sk30-sk31-sk32\/","og_locale":"es_ES","og_type":"article","og_title":"Posavasos Destapador Olmux SK29 - SK30 - SK31 - SK32 - Uniformes Ludo","og_description":"SK28 - SK29 - SK30 - SK31  Original posavasos con abridor met\u00e1lico integrado. Con superficie anti deslizante en la base.  Packing 400 Unds  SK29 Color NEGRO  SK30 Color BLANCO  SK31 Color AZUL  SK32 Color ROJO","og_url":"https:\/\/uniformesludo.cl\/index.php\/producto\/posavasos-destapador-olmux-sk29-sk30-sk31-sk32\/","og_site_name":"Uniformes Ludo","article_modified_time":"2024-09-05T17:16:56+00:00","og_image":[{"width":500,"height":500,"url":"https:\/\/uniformesludo.cl\/wp-content\/uploads\/2024\/09\/posavasos_destapador_olmux_portada_2.jpg","type":"image\/jpeg"}],"twitter_card":"summary_large_image","schema":{"@context":"https:\/\/schema.org","@graph":[{"@type":"WebPage","@id":"https:\/\/uniformesludo.cl\/index.php\/producto\/posavasos-destapador-olmux-sk29-sk30-sk31-sk32\/","url":"https:\/\/uniformesludo.cl\/index.php\/producto\/posavasos-destapador-olmux-sk29-sk30-sk31-sk32\/","name":"Posavasos Destapador Olmux SK29 - SK30 - SK31 - SK32 - Uniformes Ludo","isPartOf":{"@id":"https:\/\/uniformesludo.cl\/#website"},"primaryImageOfPage":{"@id":"https:\/\/uniformesludo.cl\/index.php\/producto\/posavasos-destapador-olmux-sk29-sk30-sk31-sk32\/#primaryimage"},"image":{"@id":"https:\/\/uniformesludo.cl\/index.php\/producto\/posavasos-destapador-olmux-sk29-sk30-sk31-sk32\/#primaryimage"},"thumbnailUrl":"https:\/\/uniformesludo.cl\/wp-content\/uploads\/2024\/09\/posavasos_destapador_olmux_portada_2.jpg","datePublished":"2024-09-04T16:03:05+00:00","dateModified":"2024-09-05T17:16:56+00:00","breadcrumb":{"@id":"https:\/\/uniformesludo.cl\/index.php\/producto\/posavasos-destapador-olmux-sk29-sk30-sk31-sk32\/#breadcrumb"},"inLanguage":"es","potentialAction":[{"@type":"ReadAction","target":["https:\/\/uniformesludo.cl\/index.php\/producto\/posavasos-destapador-olmux-sk29-sk30-sk31-sk32\/"]}]},{"@type":"ImageObject","inLanguage":"es","@id":"https:\/\/uniformesludo.cl\/index.php\/producto\/posavasos-destapador-olmux-sk29-sk30-sk31-sk32\/#primaryimage","url":"https:\/\/uniformesludo.cl\/wp-content\/uploads\/2024\/09\/posavasos_destapador_olmux_portada_2.jpg","contentUrl":"https:\/\/uniformesludo.cl\/wp-content\/uploads\/2024\/09\/posavasos_destapador_olmux_portada_2.jpg","width":500,"height":500},{"@type":"BreadcrumbList","@id":"https:\/\/uniformesludo.cl\/index.php\/producto\/posavasos-destapador-olmux-sk29-sk30-sk31-sk32\/#breadcrumb","itemListElement":[{"@type":"ListItem","position":1,"name":"Portada","item":"https:\/\/uniformesludo.cl\/"},{"@type":"ListItem","position":2,"name":"Tienda","item":"https:\/\/uniformesludo.cl\/index.php\/tienda\/"},{"@type":"ListItem","position":3,"name":"Posavasos Destapador Olmux SK29 &#8211; SK30 &#8211; SK31 &#8211; SK32"}]},{"@type":"WebSite","@id":"https:\/\/uniformesludo.cl\/#website","url":"https:\/\/uniformesludo.cl\/","name":"Uniformes Ludo","description":"Es una de las empresas comercializadoras de Ropa de trabajo, confecci\u00f3n, productos de protecci\u00f3n, prevenci\u00f3n y seguridad una de las m\u00e1s importantes de nuestro pa\u00eds, reconocida a nivel Nacional, con numerosos clientes a lo largo de Chile que avalan su compromiso de calidad. De igual forma, existe una permanente preocupaci\u00f3n por mantener un servicio integral de excelencia que permita identificarnos como \u201cel mejor equipo, la mejor empresa e inversi\u00f3n\u201d.","potentialAction":[{"@type":"SearchAction","target":{"@type":"EntryPoint","urlTemplate":"https:\/\/uniformesludo.cl\/?s={search_term_string}"},"query-input":{"@type":"PropertyValueSpecification","valueRequired":true,"valueName":"search_term_string"}}],"inLanguage":"es"}]}},"_links":{"self":[{"href":"https:\/\/uniformesludo.cl\/index.php\/wp-json\/wp\/v2\/product\/10016169","targetHints":{"allow":["GET"]}}],"collection":[{"href":"https:\/\/uniformesludo.cl\/index.php\/wp-json\/wp\/v2\/product"}],"about":[{"href":"https:\/\/uniformesludo.cl\/index.php\/wp-json\/wp\/v2\/types\/product"}],"replies":[{"embeddable":true,"href":"https:\/\/uniformesludo.cl\/index.php\/wp-json\/wp\/v2\/comments?post=10016169"}],"wp:featuredmedia":[{"embeddable":true,"href":"https:\/\/uniformesludo.cl\/index.php\/wp-json\/wp\/v2\/media\/10016288"}],"wp:attachment":[{"href":"https:\/\/uniformesludo.cl\/index.php\/wp-json\/wp\/v2\/media?parent=10016169"}],"wp:term":[{"taxonomy":"product_brand","embeddable":true,"href":"https:\/\/uniformesludo.cl\/index.php\/wp-json\/wp\/v2\/product_brand?post=10016169"},{"taxonomy":"product_cat","embeddable":true,"href":"https:\/\/uniformesludo.cl\/index.php\/wp-json\/wp\/v2\/product_cat?post=10016169"},{"taxonomy":"product_tag","embeddable":true,"href":"https:\/\/uniformesludo.cl\/index.php\/wp-json\/wp\/v2\/product_tag?post=10016169"}],"curies":[{"name":"wp","href":"https:\/\/api.w.org\/{rel}","templated":true}]}}