{"id":10016168,"date":"2024-09-04T16:03:05","date_gmt":"2024-09-04T16:03:05","guid":{"rendered":"https:\/\/uniformesludo.cl\/?post_type=product&#038;p=10016168"},"modified":"2024-09-04T16:04:50","modified_gmt":"2024-09-04T16:04:50","slug":"toalla-rikat-sk27","status":"publish","type":"product","link":"https:\/\/uniformesludo.cl\/index.php\/producto\/toalla-rikat-sk27\/","title":{"rendered":"Toalla Rikat SK27"},"content":{"rendered":"","protected":false},"excerpt":{"rendered":"<p><em>Toalla de 90x30cm en material refrigerante SoftCool Extreme con protecci\u00f3n UV50. De 160g\/m2 y presentada en estuche individual transparente con asa mosquet\u00f3n de transporte integrada en tapa. Disponible color Negro. Otros colores de importaci\u00f3n.<\/em><\/p>\n<table width=\"500px\" cellspacing=\"0\" cellpadding=\"0\">\n<tbody>\n<tr>\n<td>Composici\u00f3n<\/td>\n<td>55% Nylon\/ 45% Poli\u00e9ster 160 g\/ m2<\/td>\n<\/tr>\n<tr>\n<td>Especificaciones art\u00edculo<\/td>\n<td>90 cm \/ 30 cm \/ cm | 98 gr<\/td>\n<\/tr>\n<tr>\n<td>Packaging: alto (cm)<\/td>\n<td>63<\/td>\n<\/tr>\n<tr>\n<td>Packaging: largo (cm)<\/td>\n<td>35<\/td>\n<\/tr>\n<tr>\n<td>Packaging: ancho (cm)<\/td>\n<td>35<\/td>\n<\/tr>\n<tr>\n<td>Peso caja (Kgr)<\/td>\n<td>11.5<\/td>\n<\/tr>\n<tr>\n<td>Unidades\/caja<\/td>\n<td>100<\/td>\n<\/tr>\n<\/tbody>\n<\/table>\n<p>&nbsp;<\/p>\n<table width=\"419\">\n<tbody>\n<tr>\n<td width=\"80\">C\u00f3digo<\/td>\n<td width=\"74\">602055100<\/td>\n<td width=\"265\">Color Azul\u00a0 \u00a0 \u00a0 SK 27<\/td>\n<\/tr>\n<\/tbody>\n<\/table>\n<p>&nbsp;<\/p>\n","protected":false},"featured_media":10016285,"comment_status":"closed","ping_status":"closed","template":"","meta":[],"product_brand":[],"product_cat":[578,589],"product_tag":[],"class_list":{"0":"post-10016168","1":"product","2":"type-product","3":"status-publish","4":"has-post-thumbnail","6":"product_cat-accesorios-herramientas","7":"product_cat-belleza-y-salud","9":"first","10":"instock","11":"shipping-taxable","12":"product-type-simple"},"aioseo_notices":[],"yoast_head":"<!-- This site is optimized with the Yoast SEO plugin v26.5 - https:\/\/yoast.com\/wordpress\/plugins\/seo\/ -->\n<title>Toalla Rikat SK27 - Uniformes Ludo<\/title>\n<meta name=\"robots\" content=\"index, follow, max-snippet:-1, max-image-preview:large, max-video-preview:-1\" \/>\n<link rel=\"canonical\" href=\"https:\/\/uniformesludo.cl\/index.php\/producto\/toalla-rikat-sk27\/\" \/>\n<meta property=\"og:locale\" content=\"es_ES\" \/>\n<meta property=\"og:type\" content=\"article\" \/>\n<meta property=\"og:title\" content=\"Toalla Rikat SK27 - Uniformes Ludo\" \/>\n<meta property=\"og:description\" content=\"Toalla de 90x30cm en material refrigerante SoftCool Extreme con protecci\u00f3n UV50. De 160g\/m2 y presentada en estuche individual transparente con asa mosquet\u00f3n de transporte integrada en tapa. Disponible color Negro. Otros colores de importaci\u00f3n.    Composici\u00f3n 55% Nylon\/ 45% Poli\u00e9ster 160 g\/ m2   Especificaciones art\u00edculo 90 cm \/ 30 cm \/ cm | 98 gr   Packaging: alto (cm) 63   Packaging: largo (cm) 35   Packaging: ancho (cm) 35   Peso caja (Kgr) 11.5   Unidades\/caja 100    &nbsp;    C\u00f3digo 602055100 Color Azul\u00a0 \u00a0 \u00a0 SK 27    &nbsp;\" \/>\n<meta property=\"og:url\" content=\"https:\/\/uniformesludo.cl\/index.php\/producto\/toalla-rikat-sk27\/\" \/>\n<meta property=\"og:site_name\" content=\"Uniformes Ludo\" \/>\n<meta property=\"article:modified_time\" content=\"2024-09-04T16:04:50+00:00\" \/>\n<meta property=\"og:image\" content=\"https:\/\/uniformesludo.cl\/wp-content\/uploads\/2024\/09\/toalla_micro_fibra_rikat_estuche_mosqueton.jpg\" \/>\n\t<meta property=\"og:image:width\" content=\"1000\" \/>\n\t<meta property=\"og:image:height\" content=\"1000\" \/>\n\t<meta property=\"og:image:type\" content=\"image\/jpeg\" \/>\n<meta name=\"twitter:card\" content=\"summary_large_image\" \/>\n<script type=\"application\/ld+json\" class=\"yoast-schema-graph\">{\"@context\":\"https:\/\/schema.org\",\"@graph\":[{\"@type\":\"WebPage\",\"@id\":\"https:\/\/uniformesludo.cl\/index.php\/producto\/toalla-rikat-sk27\/\",\"url\":\"https:\/\/uniformesludo.cl\/index.php\/producto\/toalla-rikat-sk27\/\",\"name\":\"Toalla Rikat SK27 - Uniformes Ludo\",\"isPartOf\":{\"@id\":\"https:\/\/uniformesludo.cl\/#website\"},\"primaryImageOfPage\":{\"@id\":\"https:\/\/uniformesludo.cl\/index.php\/producto\/toalla-rikat-sk27\/#primaryimage\"},\"image\":{\"@id\":\"https:\/\/uniformesludo.cl\/index.php\/producto\/toalla-rikat-sk27\/#primaryimage\"},\"thumbnailUrl\":\"https:\/\/uniformesludo.cl\/wp-content\/uploads\/2024\/09\/toalla_micro_fibra_rikat_estuche_mosqueton.jpg\",\"datePublished\":\"2024-09-04T16:03:05+00:00\",\"dateModified\":\"2024-09-04T16:04:50+00:00\",\"breadcrumb\":{\"@id\":\"https:\/\/uniformesludo.cl\/index.php\/producto\/toalla-rikat-sk27\/#breadcrumb\"},\"inLanguage\":\"es\",\"potentialAction\":[{\"@type\":\"ReadAction\",\"target\":[\"https:\/\/uniformesludo.cl\/index.php\/producto\/toalla-rikat-sk27\/\"]}]},{\"@type\":\"ImageObject\",\"inLanguage\":\"es\",\"@id\":\"https:\/\/uniformesludo.cl\/index.php\/producto\/toalla-rikat-sk27\/#primaryimage\",\"url\":\"https:\/\/uniformesludo.cl\/wp-content\/uploads\/2024\/09\/toalla_micro_fibra_rikat_estuche_mosqueton.jpg\",\"contentUrl\":\"https:\/\/uniformesludo.cl\/wp-content\/uploads\/2024\/09\/toalla_micro_fibra_rikat_estuche_mosqueton.jpg\",\"width\":1000,\"height\":1000},{\"@type\":\"BreadcrumbList\",\"@id\":\"https:\/\/uniformesludo.cl\/index.php\/producto\/toalla-rikat-sk27\/#breadcrumb\",\"itemListElement\":[{\"@type\":\"ListItem\",\"position\":1,\"name\":\"Portada\",\"item\":\"https:\/\/uniformesludo.cl\/\"},{\"@type\":\"ListItem\",\"position\":2,\"name\":\"Tienda\",\"item\":\"https:\/\/uniformesludo.cl\/index.php\/tienda\/\"},{\"@type\":\"ListItem\",\"position\":3,\"name\":\"Toalla Rikat SK27\"}]},{\"@type\":\"WebSite\",\"@id\":\"https:\/\/uniformesludo.cl\/#website\",\"url\":\"https:\/\/uniformesludo.cl\/\",\"name\":\"Uniformes Ludo\",\"description\":\"Es una de las empresas comercializadoras de Ropa de trabajo, confecci\u00f3n, productos de protecci\u00f3n, prevenci\u00f3n y seguridad una de las m\u00e1s importantes de nuestro pa\u00eds, reconocida a nivel Nacional, con numerosos clientes a lo largo de Chile que avalan su compromiso de calidad. De igual forma, existe una permanente preocupaci\u00f3n por mantener un servicio integral de excelencia que permita identificarnos como \u201cel mejor equipo, la mejor empresa e inversi\u00f3n\u201d.\",\"potentialAction\":[{\"@type\":\"SearchAction\",\"target\":{\"@type\":\"EntryPoint\",\"urlTemplate\":\"https:\/\/uniformesludo.cl\/?s={search_term_string}\"},\"query-input\":{\"@type\":\"PropertyValueSpecification\",\"valueRequired\":true,\"valueName\":\"search_term_string\"}}],\"inLanguage\":\"es\"}]}<\/script>\n<!-- \/ Yoast SEO plugin. -->","yoast_head_json":{"title":"Toalla Rikat SK27 - Uniformes Ludo","robots":{"index":"index","follow":"follow","max-snippet":"max-snippet:-1","max-image-preview":"max-image-preview:large","max-video-preview":"max-video-preview:-1"},"canonical":"https:\/\/uniformesludo.cl\/index.php\/producto\/toalla-rikat-sk27\/","og_locale":"es_ES","og_type":"article","og_title":"Toalla Rikat SK27 - Uniformes Ludo","og_description":"Toalla de 90x30cm en material refrigerante SoftCool Extreme con protecci\u00f3n UV50. De 160g\/m2 y presentada en estuche individual transparente con asa mosquet\u00f3n de transporte integrada en tapa. Disponible color Negro. Otros colores de importaci\u00f3n.    Composici\u00f3n 55% Nylon\/ 45% Poli\u00e9ster 160 g\/ m2   Especificaciones art\u00edculo 90 cm \/ 30 cm \/ cm | 98 gr   Packaging: alto (cm) 63   Packaging: largo (cm) 35   Packaging: ancho (cm) 35   Peso caja (Kgr) 11.5   Unidades\/caja 100    &nbsp;    C\u00f3digo 602055100 Color Azul\u00a0 \u00a0 \u00a0 SK 27    &nbsp;","og_url":"https:\/\/uniformesludo.cl\/index.php\/producto\/toalla-rikat-sk27\/","og_site_name":"Uniformes Ludo","article_modified_time":"2024-09-04T16:04:50+00:00","og_image":[{"width":1000,"height":1000,"url":"https:\/\/uniformesludo.cl\/wp-content\/uploads\/2024\/09\/toalla_micro_fibra_rikat_estuche_mosqueton.jpg","type":"image\/jpeg"}],"twitter_card":"summary_large_image","schema":{"@context":"https:\/\/schema.org","@graph":[{"@type":"WebPage","@id":"https:\/\/uniformesludo.cl\/index.php\/producto\/toalla-rikat-sk27\/","url":"https:\/\/uniformesludo.cl\/index.php\/producto\/toalla-rikat-sk27\/","name":"Toalla Rikat SK27 - Uniformes Ludo","isPartOf":{"@id":"https:\/\/uniformesludo.cl\/#website"},"primaryImageOfPage":{"@id":"https:\/\/uniformesludo.cl\/index.php\/producto\/toalla-rikat-sk27\/#primaryimage"},"image":{"@id":"https:\/\/uniformesludo.cl\/index.php\/producto\/toalla-rikat-sk27\/#primaryimage"},"thumbnailUrl":"https:\/\/uniformesludo.cl\/wp-content\/uploads\/2024\/09\/toalla_micro_fibra_rikat_estuche_mosqueton.jpg","datePublished":"2024-09-04T16:03:05+00:00","dateModified":"2024-09-04T16:04:50+00:00","breadcrumb":{"@id":"https:\/\/uniformesludo.cl\/index.php\/producto\/toalla-rikat-sk27\/#breadcrumb"},"inLanguage":"es","potentialAction":[{"@type":"ReadAction","target":["https:\/\/uniformesludo.cl\/index.php\/producto\/toalla-rikat-sk27\/"]}]},{"@type":"ImageObject","inLanguage":"es","@id":"https:\/\/uniformesludo.cl\/index.php\/producto\/toalla-rikat-sk27\/#primaryimage","url":"https:\/\/uniformesludo.cl\/wp-content\/uploads\/2024\/09\/toalla_micro_fibra_rikat_estuche_mosqueton.jpg","contentUrl":"https:\/\/uniformesludo.cl\/wp-content\/uploads\/2024\/09\/toalla_micro_fibra_rikat_estuche_mosqueton.jpg","width":1000,"height":1000},{"@type":"BreadcrumbList","@id":"https:\/\/uniformesludo.cl\/index.php\/producto\/toalla-rikat-sk27\/#breadcrumb","itemListElement":[{"@type":"ListItem","position":1,"name":"Portada","item":"https:\/\/uniformesludo.cl\/"},{"@type":"ListItem","position":2,"name":"Tienda","item":"https:\/\/uniformesludo.cl\/index.php\/tienda\/"},{"@type":"ListItem","position":3,"name":"Toalla Rikat SK27"}]},{"@type":"WebSite","@id":"https:\/\/uniformesludo.cl\/#website","url":"https:\/\/uniformesludo.cl\/","name":"Uniformes Ludo","description":"Es una de las empresas comercializadoras de Ropa de trabajo, confecci\u00f3n, productos de protecci\u00f3n, prevenci\u00f3n y seguridad una de las m\u00e1s importantes de nuestro pa\u00eds, reconocida a nivel Nacional, con numerosos clientes a lo largo de Chile que avalan su compromiso de calidad. De igual forma, existe una permanente preocupaci\u00f3n por mantener un servicio integral de excelencia que permita identificarnos como \u201cel mejor equipo, la mejor empresa e inversi\u00f3n\u201d.","potentialAction":[{"@type":"SearchAction","target":{"@type":"EntryPoint","urlTemplate":"https:\/\/uniformesludo.cl\/?s={search_term_string}"},"query-input":{"@type":"PropertyValueSpecification","valueRequired":true,"valueName":"search_term_string"}}],"inLanguage":"es"}]}},"_links":{"self":[{"href":"https:\/\/uniformesludo.cl\/index.php\/wp-json\/wp\/v2\/product\/10016168","targetHints":{"allow":["GET"]}}],"collection":[{"href":"https:\/\/uniformesludo.cl\/index.php\/wp-json\/wp\/v2\/product"}],"about":[{"href":"https:\/\/uniformesludo.cl\/index.php\/wp-json\/wp\/v2\/types\/product"}],"replies":[{"embeddable":true,"href":"https:\/\/uniformesludo.cl\/index.php\/wp-json\/wp\/v2\/comments?post=10016168"}],"wp:featuredmedia":[{"embeddable":true,"href":"https:\/\/uniformesludo.cl\/index.php\/wp-json\/wp\/v2\/media\/10016285"}],"wp:attachment":[{"href":"https:\/\/uniformesludo.cl\/index.php\/wp-json\/wp\/v2\/media?parent=10016168"}],"wp:term":[{"taxonomy":"product_brand","embeddable":true,"href":"https:\/\/uniformesludo.cl\/index.php\/wp-json\/wp\/v2\/product_brand?post=10016168"},{"taxonomy":"product_cat","embeddable":true,"href":"https:\/\/uniformesludo.cl\/index.php\/wp-json\/wp\/v2\/product_cat?post=10016168"},{"taxonomy":"product_tag","embeddable":true,"href":"https:\/\/uniformesludo.cl\/index.php\/wp-json\/wp\/v2\/product_tag?post=10016168"}],"curies":[{"name":"wp","href":"https:\/\/api.w.org\/{rel}","templated":true}]}}