{"id":10016167,"date":"2024-09-04T16:03:04","date_gmt":"2024-09-04T16:03:04","guid":{"rendered":"https:\/\/uniformesludo.cl\/?post_type=product&#038;p=10016167"},"modified":"2024-09-05T17:13:14","modified_gmt":"2024-09-05T17:13:14","slug":"mochila-plegable-mathis-sk24-sk25-sk26","status":"publish","type":"product","link":"https:\/\/uniformesludo.cl\/index.php\/producto\/mochila-plegable-mathis-sk24-sk25-sk26\/","title":{"rendered":"Mochila Plegable Mathis SK24 &#8211; SK25 &#8211; SK26"},"content":{"rendered":"","protected":false},"excerpt":{"rendered":"<p><span style=\"color: #000080;\"><strong>SK24\u00a0 Negro<\/strong><\/span><\/p>\n<p><span style=\"color: #000080;\"><strong>SK25\u00a0 Azul<\/strong><\/span><\/p>\n<p><span style=\"color: #000080;\"><strong>SK26\u00a0 Roja<\/strong><\/span><\/p>\n<p><em>Mochila plegable en suave poli\u00e9ster 210D de color Negro, con cierre de cremallera, bolsillo frontal y salida de auriculares. Con esquinas reforzadas, cintas de hombro regulables y accesorios en color gris. Plegado de peque\u00f1o tama\u00f1o con cinta de transporte. Otros colores de importaci\u00f3n.<\/em><\/p>\n<p>Tama\u00f1o: 30 cm \/ 42 cm \/ 12 cm.<\/p>\n<p>Capacidad: 16 Litros<\/p>\n","protected":false},"featured_media":10016278,"comment_status":"closed","ping_status":"closed","template":"","meta":[],"product_brand":[],"product_cat":[556],"product_tag":[],"class_list":{"0":"post-10016167","1":"product","2":"type-product","3":"status-publish","4":"has-post-thumbnail","6":"product_cat-mochilas-bolsos-bananos-morrales","8":"first","9":"instock","10":"shipping-taxable","11":"purchasable","12":"product-type-variable"},"aioseo_notices":[],"yoast_head":"<!-- This site is optimized with the Yoast SEO plugin v26.5 - https:\/\/yoast.com\/wordpress\/plugins\/seo\/ -->\n<title>Mochila Plegable Mathis SK24 - SK25 - SK26 - Uniformes Ludo<\/title>\n<meta name=\"robots\" content=\"index, follow, max-snippet:-1, max-image-preview:large, max-video-preview:-1\" \/>\n<link rel=\"canonical\" href=\"https:\/\/uniformesludo.cl\/index.php\/producto\/mochila-plegable-mathis-sk24-sk25-sk26\/\" \/>\n<meta property=\"og:locale\" content=\"es_ES\" \/>\n<meta property=\"og:type\" content=\"article\" \/>\n<meta property=\"og:title\" content=\"Mochila Plegable Mathis SK24 - SK25 - SK26 - Uniformes Ludo\" \/>\n<meta property=\"og:description\" content=\"SK24\u00a0 Negro  SK25\u00a0 Azul  SK26\u00a0 Roja  Mochila plegable en suave poli\u00e9ster 210D de color Negro, con cierre de cremallera, bolsillo frontal y salida de auriculares. Con esquinas reforzadas, cintas de hombro regulables y accesorios en color gris. Plegado de peque\u00f1o tama\u00f1o con cinta de transporte. Otros colores de importaci\u00f3n.  Tama\u00f1o: 30 cm \/ 42 cm \/ 12 cm.  Capacidad: 16 Litros\" \/>\n<meta property=\"og:url\" content=\"https:\/\/uniformesludo.cl\/index.php\/producto\/mochila-plegable-mathis-sk24-sk25-sk26\/\" \/>\n<meta property=\"og:site_name\" content=\"Uniformes Ludo\" \/>\n<meta property=\"article:modified_time\" content=\"2024-09-05T17:13:14+00:00\" \/>\n<meta property=\"og:image\" content=\"https:\/\/uniformesludo.cl\/wp-content\/uploads\/2024\/09\/Mochil_Plegable_Mathis_SK24_SK25_SK26_colores.jpg\" \/>\n\t<meta property=\"og:image:width\" content=\"500\" \/>\n\t<meta property=\"og:image:height\" content=\"500\" \/>\n\t<meta property=\"og:image:type\" content=\"image\/jpeg\" \/>\n<meta name=\"twitter:card\" content=\"summary_large_image\" \/>\n<script type=\"application\/ld+json\" class=\"yoast-schema-graph\">{\"@context\":\"https:\/\/schema.org\",\"@graph\":[{\"@type\":\"WebPage\",\"@id\":\"https:\/\/uniformesludo.cl\/index.php\/producto\/mochila-plegable-mathis-sk24-sk25-sk26\/\",\"url\":\"https:\/\/uniformesludo.cl\/index.php\/producto\/mochila-plegable-mathis-sk24-sk25-sk26\/\",\"name\":\"Mochila Plegable Mathis SK24 - SK25 - SK26 - Uniformes Ludo\",\"isPartOf\":{\"@id\":\"https:\/\/uniformesludo.cl\/#website\"},\"primaryImageOfPage\":{\"@id\":\"https:\/\/uniformesludo.cl\/index.php\/producto\/mochila-plegable-mathis-sk24-sk25-sk26\/#primaryimage\"},\"image\":{\"@id\":\"https:\/\/uniformesludo.cl\/index.php\/producto\/mochila-plegable-mathis-sk24-sk25-sk26\/#primaryimage\"},\"thumbnailUrl\":\"https:\/\/uniformesludo.cl\/wp-content\/uploads\/2024\/09\/Mochil_Plegable_Mathis_SK24_SK25_SK26_colores.jpg\",\"datePublished\":\"2024-09-04T16:03:04+00:00\",\"dateModified\":\"2024-09-05T17:13:14+00:00\",\"breadcrumb\":{\"@id\":\"https:\/\/uniformesludo.cl\/index.php\/producto\/mochila-plegable-mathis-sk24-sk25-sk26\/#breadcrumb\"},\"inLanguage\":\"es\",\"potentialAction\":[{\"@type\":\"ReadAction\",\"target\":[\"https:\/\/uniformesludo.cl\/index.php\/producto\/mochila-plegable-mathis-sk24-sk25-sk26\/\"]}]},{\"@type\":\"ImageObject\",\"inLanguage\":\"es\",\"@id\":\"https:\/\/uniformesludo.cl\/index.php\/producto\/mochila-plegable-mathis-sk24-sk25-sk26\/#primaryimage\",\"url\":\"https:\/\/uniformesludo.cl\/wp-content\/uploads\/2024\/09\/Mochil_Plegable_Mathis_SK24_SK25_SK26_colores.jpg\",\"contentUrl\":\"https:\/\/uniformesludo.cl\/wp-content\/uploads\/2024\/09\/Mochil_Plegable_Mathis_SK24_SK25_SK26_colores.jpg\",\"width\":500,\"height\":500},{\"@type\":\"BreadcrumbList\",\"@id\":\"https:\/\/uniformesludo.cl\/index.php\/producto\/mochila-plegable-mathis-sk24-sk25-sk26\/#breadcrumb\",\"itemListElement\":[{\"@type\":\"ListItem\",\"position\":1,\"name\":\"Portada\",\"item\":\"https:\/\/uniformesludo.cl\/\"},{\"@type\":\"ListItem\",\"position\":2,\"name\":\"Tienda\",\"item\":\"https:\/\/uniformesludo.cl\/index.php\/tienda\/\"},{\"@type\":\"ListItem\",\"position\":3,\"name\":\"Mochila Plegable Mathis SK24 &#8211; SK25 &#8211; SK26\"}]},{\"@type\":\"WebSite\",\"@id\":\"https:\/\/uniformesludo.cl\/#website\",\"url\":\"https:\/\/uniformesludo.cl\/\",\"name\":\"Uniformes Ludo\",\"description\":\"Es una de las empresas comercializadoras de Ropa de trabajo, confecci\u00f3n, productos de protecci\u00f3n, prevenci\u00f3n y seguridad una de las m\u00e1s importantes de nuestro pa\u00eds, reconocida a nivel Nacional, con numerosos clientes a lo largo de Chile que avalan su compromiso de calidad. De igual forma, existe una permanente preocupaci\u00f3n por mantener un servicio integral de excelencia que permita identificarnos como \u201cel mejor equipo, la mejor empresa e inversi\u00f3n\u201d.\",\"potentialAction\":[{\"@type\":\"SearchAction\",\"target\":{\"@type\":\"EntryPoint\",\"urlTemplate\":\"https:\/\/uniformesludo.cl\/?s={search_term_string}\"},\"query-input\":{\"@type\":\"PropertyValueSpecification\",\"valueRequired\":true,\"valueName\":\"search_term_string\"}}],\"inLanguage\":\"es\"}]}<\/script>\n<!-- \/ Yoast SEO plugin. -->","yoast_head_json":{"title":"Mochila Plegable Mathis SK24 - SK25 - SK26 - Uniformes Ludo","robots":{"index":"index","follow":"follow","max-snippet":"max-snippet:-1","max-image-preview":"max-image-preview:large","max-video-preview":"max-video-preview:-1"},"canonical":"https:\/\/uniformesludo.cl\/index.php\/producto\/mochila-plegable-mathis-sk24-sk25-sk26\/","og_locale":"es_ES","og_type":"article","og_title":"Mochila Plegable Mathis SK24 - SK25 - SK26 - Uniformes Ludo","og_description":"SK24\u00a0 Negro  SK25\u00a0 Azul  SK26\u00a0 Roja  Mochila plegable en suave poli\u00e9ster 210D de color Negro, con cierre de cremallera, bolsillo frontal y salida de auriculares. Con esquinas reforzadas, cintas de hombro regulables y accesorios en color gris. Plegado de peque\u00f1o tama\u00f1o con cinta de transporte. Otros colores de importaci\u00f3n.  Tama\u00f1o: 30 cm \/ 42 cm \/ 12 cm.  Capacidad: 16 Litros","og_url":"https:\/\/uniformesludo.cl\/index.php\/producto\/mochila-plegable-mathis-sk24-sk25-sk26\/","og_site_name":"Uniformes Ludo","article_modified_time":"2024-09-05T17:13:14+00:00","og_image":[{"width":500,"height":500,"url":"https:\/\/uniformesludo.cl\/wp-content\/uploads\/2024\/09\/Mochil_Plegable_Mathis_SK24_SK25_SK26_colores.jpg","type":"image\/jpeg"}],"twitter_card":"summary_large_image","schema":{"@context":"https:\/\/schema.org","@graph":[{"@type":"WebPage","@id":"https:\/\/uniformesludo.cl\/index.php\/producto\/mochila-plegable-mathis-sk24-sk25-sk26\/","url":"https:\/\/uniformesludo.cl\/index.php\/producto\/mochila-plegable-mathis-sk24-sk25-sk26\/","name":"Mochila Plegable Mathis SK24 - SK25 - SK26 - Uniformes Ludo","isPartOf":{"@id":"https:\/\/uniformesludo.cl\/#website"},"primaryImageOfPage":{"@id":"https:\/\/uniformesludo.cl\/index.php\/producto\/mochila-plegable-mathis-sk24-sk25-sk26\/#primaryimage"},"image":{"@id":"https:\/\/uniformesludo.cl\/index.php\/producto\/mochila-plegable-mathis-sk24-sk25-sk26\/#primaryimage"},"thumbnailUrl":"https:\/\/uniformesludo.cl\/wp-content\/uploads\/2024\/09\/Mochil_Plegable_Mathis_SK24_SK25_SK26_colores.jpg","datePublished":"2024-09-04T16:03:04+00:00","dateModified":"2024-09-05T17:13:14+00:00","breadcrumb":{"@id":"https:\/\/uniformesludo.cl\/index.php\/producto\/mochila-plegable-mathis-sk24-sk25-sk26\/#breadcrumb"},"inLanguage":"es","potentialAction":[{"@type":"ReadAction","target":["https:\/\/uniformesludo.cl\/index.php\/producto\/mochila-plegable-mathis-sk24-sk25-sk26\/"]}]},{"@type":"ImageObject","inLanguage":"es","@id":"https:\/\/uniformesludo.cl\/index.php\/producto\/mochila-plegable-mathis-sk24-sk25-sk26\/#primaryimage","url":"https:\/\/uniformesludo.cl\/wp-content\/uploads\/2024\/09\/Mochil_Plegable_Mathis_SK24_SK25_SK26_colores.jpg","contentUrl":"https:\/\/uniformesludo.cl\/wp-content\/uploads\/2024\/09\/Mochil_Plegable_Mathis_SK24_SK25_SK26_colores.jpg","width":500,"height":500},{"@type":"BreadcrumbList","@id":"https:\/\/uniformesludo.cl\/index.php\/producto\/mochila-plegable-mathis-sk24-sk25-sk26\/#breadcrumb","itemListElement":[{"@type":"ListItem","position":1,"name":"Portada","item":"https:\/\/uniformesludo.cl\/"},{"@type":"ListItem","position":2,"name":"Tienda","item":"https:\/\/uniformesludo.cl\/index.php\/tienda\/"},{"@type":"ListItem","position":3,"name":"Mochila Plegable Mathis SK24 &#8211; SK25 &#8211; SK26"}]},{"@type":"WebSite","@id":"https:\/\/uniformesludo.cl\/#website","url":"https:\/\/uniformesludo.cl\/","name":"Uniformes Ludo","description":"Es una de las empresas comercializadoras de Ropa de trabajo, confecci\u00f3n, productos de protecci\u00f3n, prevenci\u00f3n y seguridad una de las m\u00e1s importantes de nuestro pa\u00eds, reconocida a nivel Nacional, con numerosos clientes a lo largo de Chile que avalan su compromiso de calidad. De igual forma, existe una permanente preocupaci\u00f3n por mantener un servicio integral de excelencia que permita identificarnos como \u201cel mejor equipo, la mejor empresa e inversi\u00f3n\u201d.","potentialAction":[{"@type":"SearchAction","target":{"@type":"EntryPoint","urlTemplate":"https:\/\/uniformesludo.cl\/?s={search_term_string}"},"query-input":{"@type":"PropertyValueSpecification","valueRequired":true,"valueName":"search_term_string"}}],"inLanguage":"es"}]}},"_links":{"self":[{"href":"https:\/\/uniformesludo.cl\/index.php\/wp-json\/wp\/v2\/product\/10016167","targetHints":{"allow":["GET"]}}],"collection":[{"href":"https:\/\/uniformesludo.cl\/index.php\/wp-json\/wp\/v2\/product"}],"about":[{"href":"https:\/\/uniformesludo.cl\/index.php\/wp-json\/wp\/v2\/types\/product"}],"replies":[{"embeddable":true,"href":"https:\/\/uniformesludo.cl\/index.php\/wp-json\/wp\/v2\/comments?post=10016167"}],"wp:featuredmedia":[{"embeddable":true,"href":"https:\/\/uniformesludo.cl\/index.php\/wp-json\/wp\/v2\/media\/10016278"}],"wp:attachment":[{"href":"https:\/\/uniformesludo.cl\/index.php\/wp-json\/wp\/v2\/media?parent=10016167"}],"wp:term":[{"taxonomy":"product_brand","embeddable":true,"href":"https:\/\/uniformesludo.cl\/index.php\/wp-json\/wp\/v2\/product_brand?post=10016167"},{"taxonomy":"product_cat","embeddable":true,"href":"https:\/\/uniformesludo.cl\/index.php\/wp-json\/wp\/v2\/product_cat?post=10016167"},{"taxonomy":"product_tag","embeddable":true,"href":"https:\/\/uniformesludo.cl\/index.php\/wp-json\/wp\/v2\/product_tag?post=10016167"}],"curies":[{"name":"wp","href":"https:\/\/api.w.org\/{rel}","templated":true}]}}