{"id":10016097,"date":"2024-09-04T16:02:42","date_gmt":"2024-09-04T16:02:42","guid":{"rendered":"https:\/\/uniformesludo.cl\/?post_type=product&#038;p=10016097"},"modified":"2024-09-05T17:13:58","modified_gmt":"2024-09-05T17:13:58","slug":"toalla-absorbente-kotto-sk14-sk15","status":"publish","type":"product","link":"https:\/\/uniformesludo.cl\/index.php\/producto\/toalla-absorbente-kotto-sk14-sk15\/","title":{"rendered":"Toalla Absorbente Kotto SK14 &#8211; SK15"},"content":{"rendered":"","protected":false},"excerpt":{"rendered":"<p><em>Toalla de mano de 45x30cm en absorbente y suave microfibra de alto gramaje -345g\/m2-. Presentada en funda de PVC. Disponible en colores azul y negro. Otros colores de Importaci\u00f3n.<\/em><\/p>\n<table width=\"500\" cellspacing=\"0\" cellpadding=\"0\">\n<tbody>\n<tr>\n<td>Composici\u00f3n<\/td>\n<td>Microfibra 345 g\/ m2<\/td>\n<\/tr>\n<tr>\n<td>Especificaciones art\u00edculo<\/td>\n<td>45 cm \/ 30 cm \/ cm | 45 gr<\/td>\n<\/tr>\n<tr>\n<td>Packaging: alto (cm)<\/td>\n<td>33<\/td>\n<\/tr>\n<tr>\n<td>Packaging: largo (cm)<\/td>\n<td>26<\/td>\n<\/tr>\n<tr>\n<td>Packaging: ancho (cm)<\/td>\n<td>33<\/td>\n<\/tr>\n<tr>\n<td>Peso caja (Kgr)<\/td>\n<td>5<\/td>\n<\/tr>\n<tr>\n<td>Unidades\/caja<\/td>\n<td>100<\/td>\n<\/tr>\n<\/tbody>\n<\/table>\n<p>&nbsp;<\/p>\n","protected":false},"featured_media":10016263,"comment_status":"closed","ping_status":"closed","template":"","meta":[],"product_brand":[],"product_cat":[578,589],"product_tag":[],"class_list":{"0":"post-10016097","1":"product","2":"type-product","3":"status-publish","4":"has-post-thumbnail","6":"product_cat-accesorios-herramientas","7":"product_cat-belleza-y-salud","9":"first","10":"instock","11":"shipping-taxable","12":"purchasable","13":"product-type-variable"},"aioseo_notices":[],"yoast_head":"<!-- This site is optimized with the Yoast SEO plugin v26.5 - https:\/\/yoast.com\/wordpress\/plugins\/seo\/ -->\n<title>Toalla Absorbente Kotto SK14 - SK15 - Uniformes Ludo<\/title>\n<meta name=\"robots\" content=\"index, follow, max-snippet:-1, max-image-preview:large, max-video-preview:-1\" \/>\n<link rel=\"canonical\" href=\"https:\/\/uniformesludo.cl\/index.php\/producto\/toalla-absorbente-kotto-sk14-sk15\/\" \/>\n<meta property=\"og:locale\" content=\"es_ES\" \/>\n<meta property=\"og:type\" content=\"article\" \/>\n<meta property=\"og:title\" content=\"Toalla Absorbente Kotto SK14 - SK15 - Uniformes Ludo\" \/>\n<meta property=\"og:description\" content=\"Toalla de mano de 45x30cm en absorbente y suave microfibra de alto gramaje -345g\/m2-. Presentada en funda de PVC. Disponible en colores azul y negro. Otros colores de Importaci\u00f3n.    Composici\u00f3n Microfibra 345 g\/ m2   Especificaciones art\u00edculo 45 cm \/ 30 cm \/ cm | 45 gr   Packaging: alto (cm) 33   Packaging: largo (cm) 26   Packaging: ancho (cm) 33   Peso caja (Kgr) 5   Unidades\/caja 100    &nbsp;\" \/>\n<meta property=\"og:url\" content=\"https:\/\/uniformesludo.cl\/index.php\/producto\/toalla-absorbente-kotto-sk14-sk15\/\" \/>\n<meta property=\"og:site_name\" content=\"Uniformes Ludo\" \/>\n<meta property=\"article:modified_time\" content=\"2024-09-05T17:13:58+00:00\" \/>\n<meta property=\"og:image\" content=\"https:\/\/uniformesludo.cl\/wp-content\/uploads\/2024\/09\/toalla_mano_microfibra_kotto.jpg\" \/>\n\t<meta property=\"og:image:width\" content=\"600\" \/>\n\t<meta property=\"og:image:height\" content=\"600\" \/>\n\t<meta property=\"og:image:type\" content=\"image\/jpeg\" \/>\n<meta name=\"twitter:card\" content=\"summary_large_image\" \/>\n<script type=\"application\/ld+json\" class=\"yoast-schema-graph\">{\"@context\":\"https:\/\/schema.org\",\"@graph\":[{\"@type\":\"WebPage\",\"@id\":\"https:\/\/uniformesludo.cl\/index.php\/producto\/toalla-absorbente-kotto-sk14-sk15\/\",\"url\":\"https:\/\/uniformesludo.cl\/index.php\/producto\/toalla-absorbente-kotto-sk14-sk15\/\",\"name\":\"Toalla Absorbente Kotto SK14 - SK15 - Uniformes Ludo\",\"isPartOf\":{\"@id\":\"https:\/\/uniformesludo.cl\/#website\"},\"primaryImageOfPage\":{\"@id\":\"https:\/\/uniformesludo.cl\/index.php\/producto\/toalla-absorbente-kotto-sk14-sk15\/#primaryimage\"},\"image\":{\"@id\":\"https:\/\/uniformesludo.cl\/index.php\/producto\/toalla-absorbente-kotto-sk14-sk15\/#primaryimage\"},\"thumbnailUrl\":\"https:\/\/uniformesludo.cl\/wp-content\/uploads\/2024\/09\/toalla_mano_microfibra_kotto.jpg\",\"datePublished\":\"2024-09-04T16:02:42+00:00\",\"dateModified\":\"2024-09-05T17:13:58+00:00\",\"breadcrumb\":{\"@id\":\"https:\/\/uniformesludo.cl\/index.php\/producto\/toalla-absorbente-kotto-sk14-sk15\/#breadcrumb\"},\"inLanguage\":\"es\",\"potentialAction\":[{\"@type\":\"ReadAction\",\"target\":[\"https:\/\/uniformesludo.cl\/index.php\/producto\/toalla-absorbente-kotto-sk14-sk15\/\"]}]},{\"@type\":\"ImageObject\",\"inLanguage\":\"es\",\"@id\":\"https:\/\/uniformesludo.cl\/index.php\/producto\/toalla-absorbente-kotto-sk14-sk15\/#primaryimage\",\"url\":\"https:\/\/uniformesludo.cl\/wp-content\/uploads\/2024\/09\/toalla_mano_microfibra_kotto.jpg\",\"contentUrl\":\"https:\/\/uniformesludo.cl\/wp-content\/uploads\/2024\/09\/toalla_mano_microfibra_kotto.jpg\",\"width\":600,\"height\":600},{\"@type\":\"BreadcrumbList\",\"@id\":\"https:\/\/uniformesludo.cl\/index.php\/producto\/toalla-absorbente-kotto-sk14-sk15\/#breadcrumb\",\"itemListElement\":[{\"@type\":\"ListItem\",\"position\":1,\"name\":\"Portada\",\"item\":\"https:\/\/uniformesludo.cl\/\"},{\"@type\":\"ListItem\",\"position\":2,\"name\":\"Tienda\",\"item\":\"https:\/\/uniformesludo.cl\/index.php\/tienda\/\"},{\"@type\":\"ListItem\",\"position\":3,\"name\":\"Toalla Absorbente Kotto SK14 &#8211; SK15\"}]},{\"@type\":\"WebSite\",\"@id\":\"https:\/\/uniformesludo.cl\/#website\",\"url\":\"https:\/\/uniformesludo.cl\/\",\"name\":\"Uniformes Ludo\",\"description\":\"Es una de las empresas comercializadoras de Ropa de trabajo, confecci\u00f3n, productos de protecci\u00f3n, prevenci\u00f3n y seguridad una de las m\u00e1s importantes de nuestro pa\u00eds, reconocida a nivel Nacional, con numerosos clientes a lo largo de Chile que avalan su compromiso de calidad. De igual forma, existe una permanente preocupaci\u00f3n por mantener un servicio integral de excelencia que permita identificarnos como \u201cel mejor equipo, la mejor empresa e inversi\u00f3n\u201d.\",\"potentialAction\":[{\"@type\":\"SearchAction\",\"target\":{\"@type\":\"EntryPoint\",\"urlTemplate\":\"https:\/\/uniformesludo.cl\/?s={search_term_string}\"},\"query-input\":{\"@type\":\"PropertyValueSpecification\",\"valueRequired\":true,\"valueName\":\"search_term_string\"}}],\"inLanguage\":\"es\"}]}<\/script>\n<!-- \/ Yoast SEO plugin. -->","yoast_head_json":{"title":"Toalla Absorbente Kotto SK14 - SK15 - Uniformes Ludo","robots":{"index":"index","follow":"follow","max-snippet":"max-snippet:-1","max-image-preview":"max-image-preview:large","max-video-preview":"max-video-preview:-1"},"canonical":"https:\/\/uniformesludo.cl\/index.php\/producto\/toalla-absorbente-kotto-sk14-sk15\/","og_locale":"es_ES","og_type":"article","og_title":"Toalla Absorbente Kotto SK14 - SK15 - Uniformes Ludo","og_description":"Toalla de mano de 45x30cm en absorbente y suave microfibra de alto gramaje -345g\/m2-. Presentada en funda de PVC. Disponible en colores azul y negro. Otros colores de Importaci\u00f3n.    Composici\u00f3n Microfibra 345 g\/ m2   Especificaciones art\u00edculo 45 cm \/ 30 cm \/ cm | 45 gr   Packaging: alto (cm) 33   Packaging: largo (cm) 26   Packaging: ancho (cm) 33   Peso caja (Kgr) 5   Unidades\/caja 100    &nbsp;","og_url":"https:\/\/uniformesludo.cl\/index.php\/producto\/toalla-absorbente-kotto-sk14-sk15\/","og_site_name":"Uniformes Ludo","article_modified_time":"2024-09-05T17:13:58+00:00","og_image":[{"width":600,"height":600,"url":"https:\/\/uniformesludo.cl\/wp-content\/uploads\/2024\/09\/toalla_mano_microfibra_kotto.jpg","type":"image\/jpeg"}],"twitter_card":"summary_large_image","schema":{"@context":"https:\/\/schema.org","@graph":[{"@type":"WebPage","@id":"https:\/\/uniformesludo.cl\/index.php\/producto\/toalla-absorbente-kotto-sk14-sk15\/","url":"https:\/\/uniformesludo.cl\/index.php\/producto\/toalla-absorbente-kotto-sk14-sk15\/","name":"Toalla Absorbente Kotto SK14 - SK15 - Uniformes Ludo","isPartOf":{"@id":"https:\/\/uniformesludo.cl\/#website"},"primaryImageOfPage":{"@id":"https:\/\/uniformesludo.cl\/index.php\/producto\/toalla-absorbente-kotto-sk14-sk15\/#primaryimage"},"image":{"@id":"https:\/\/uniformesludo.cl\/index.php\/producto\/toalla-absorbente-kotto-sk14-sk15\/#primaryimage"},"thumbnailUrl":"https:\/\/uniformesludo.cl\/wp-content\/uploads\/2024\/09\/toalla_mano_microfibra_kotto.jpg","datePublished":"2024-09-04T16:02:42+00:00","dateModified":"2024-09-05T17:13:58+00:00","breadcrumb":{"@id":"https:\/\/uniformesludo.cl\/index.php\/producto\/toalla-absorbente-kotto-sk14-sk15\/#breadcrumb"},"inLanguage":"es","potentialAction":[{"@type":"ReadAction","target":["https:\/\/uniformesludo.cl\/index.php\/producto\/toalla-absorbente-kotto-sk14-sk15\/"]}]},{"@type":"ImageObject","inLanguage":"es","@id":"https:\/\/uniformesludo.cl\/index.php\/producto\/toalla-absorbente-kotto-sk14-sk15\/#primaryimage","url":"https:\/\/uniformesludo.cl\/wp-content\/uploads\/2024\/09\/toalla_mano_microfibra_kotto.jpg","contentUrl":"https:\/\/uniformesludo.cl\/wp-content\/uploads\/2024\/09\/toalla_mano_microfibra_kotto.jpg","width":600,"height":600},{"@type":"BreadcrumbList","@id":"https:\/\/uniformesludo.cl\/index.php\/producto\/toalla-absorbente-kotto-sk14-sk15\/#breadcrumb","itemListElement":[{"@type":"ListItem","position":1,"name":"Portada","item":"https:\/\/uniformesludo.cl\/"},{"@type":"ListItem","position":2,"name":"Tienda","item":"https:\/\/uniformesludo.cl\/index.php\/tienda\/"},{"@type":"ListItem","position":3,"name":"Toalla Absorbente Kotto SK14 &#8211; SK15"}]},{"@type":"WebSite","@id":"https:\/\/uniformesludo.cl\/#website","url":"https:\/\/uniformesludo.cl\/","name":"Uniformes Ludo","description":"Es una de las empresas comercializadoras de Ropa de trabajo, confecci\u00f3n, productos de protecci\u00f3n, prevenci\u00f3n y seguridad una de las m\u00e1s importantes de nuestro pa\u00eds, reconocida a nivel Nacional, con numerosos clientes a lo largo de Chile que avalan su compromiso de calidad. De igual forma, existe una permanente preocupaci\u00f3n por mantener un servicio integral de excelencia que permita identificarnos como \u201cel mejor equipo, la mejor empresa e inversi\u00f3n\u201d.","potentialAction":[{"@type":"SearchAction","target":{"@type":"EntryPoint","urlTemplate":"https:\/\/uniformesludo.cl\/?s={search_term_string}"},"query-input":{"@type":"PropertyValueSpecification","valueRequired":true,"valueName":"search_term_string"}}],"inLanguage":"es"}]}},"_links":{"self":[{"href":"https:\/\/uniformesludo.cl\/index.php\/wp-json\/wp\/v2\/product\/10016097","targetHints":{"allow":["GET"]}}],"collection":[{"href":"https:\/\/uniformesludo.cl\/index.php\/wp-json\/wp\/v2\/product"}],"about":[{"href":"https:\/\/uniformesludo.cl\/index.php\/wp-json\/wp\/v2\/types\/product"}],"replies":[{"embeddable":true,"href":"https:\/\/uniformesludo.cl\/index.php\/wp-json\/wp\/v2\/comments?post=10016097"}],"wp:featuredmedia":[{"embeddable":true,"href":"https:\/\/uniformesludo.cl\/index.php\/wp-json\/wp\/v2\/media\/10016263"}],"wp:attachment":[{"href":"https:\/\/uniformesludo.cl\/index.php\/wp-json\/wp\/v2\/media?parent=10016097"}],"wp:term":[{"taxonomy":"product_brand","embeddable":true,"href":"https:\/\/uniformesludo.cl\/index.php\/wp-json\/wp\/v2\/product_brand?post=10016097"},{"taxonomy":"product_cat","embeddable":true,"href":"https:\/\/uniformesludo.cl\/index.php\/wp-json\/wp\/v2\/product_cat?post=10016097"},{"taxonomy":"product_tag","embeddable":true,"href":"https:\/\/uniformesludo.cl\/index.php\/wp-json\/wp\/v2\/product_tag?post=10016097"}],"curies":[{"name":"wp","href":"https:\/\/api.w.org\/{rel}","templated":true}]}}