{"id":10016093,"date":"2024-09-04T16:02:42","date_gmt":"2024-09-04T16:02:42","guid":{"rendered":"https:\/\/uniformesludo.cl\/?post_type=product&#038;p=10016093"},"modified":"2024-09-04T16:04:03","modified_gmt":"2024-09-04T16:04:03","slug":"bolso-plegable-kenit-sk10","status":"publish","type":"product","link":"https:\/\/uniformesludo.cl\/index.php\/producto\/bolso-plegable-kenit-sk10\/","title":{"rendered":"Bolso Plegable Kenit SK10"},"content":{"rendered":"","protected":false},"excerpt":{"rendered":"<p><span style=\"color: #000080;\"><strong>SK10<\/strong><\/span><\/p>\n<p><em>Bolso plegable multiusos en suave poli\u00e9ster 210T en desenfadado dise\u00f1o bicolor retro NEGRO. Bolsillo principal con cierre de cremallera a juego y resistentes asas de nylon alrededor del cuerpo en color negro. Plegado de peque\u00f1o tama\u00f1o. Otros colores de importaci\u00f3n.<\/em><\/p>\n<p>Especificaciones art\u00edculo<\/p>\n<p>Di\u00e1metro: 25 cm, alto: 50 cm | Peso: 100 gr<\/p>\n<p>Unidades\/caja\u00a0 50<\/p>\n<table width=\"419\">\n<tbody>\n<tr>\n<td width=\"80\">Codigo<\/td>\n<td width=\"74\">602039310<\/td>\n<td width=\"265\">Color Negro\u00a0 \u00a0 \u00a0 \u00a0SK 10<\/td>\n<\/tr>\n<\/tbody>\n<\/table>\n","protected":false},"featured_media":10016246,"comment_status":"closed","ping_status":"closed","template":"","meta":[],"product_brand":[],"product_cat":[556],"product_tag":[],"class_list":{"0":"post-10016093","1":"product","2":"type-product","3":"status-publish","4":"has-post-thumbnail","6":"product_cat-mochilas-bolsos-bananos-morrales","8":"first","9":"outofstock","10":"shipping-taxable","11":"product-type-simple"},"aioseo_notices":[],"yoast_head":"<!-- This site is optimized with the Yoast SEO plugin v26.5 - https:\/\/yoast.com\/wordpress\/plugins\/seo\/ -->\n<title>Bolso Plegable Kenit SK10 - Uniformes Ludo<\/title>\n<meta name=\"robots\" content=\"index, follow, max-snippet:-1, max-image-preview:large, max-video-preview:-1\" \/>\n<link rel=\"canonical\" href=\"https:\/\/uniformesludo.cl\/index.php\/producto\/bolso-plegable-kenit-sk10\/\" \/>\n<meta property=\"og:locale\" content=\"es_ES\" \/>\n<meta property=\"og:type\" content=\"article\" \/>\n<meta property=\"og:title\" content=\"Bolso Plegable Kenit SK10 - Uniformes Ludo\" \/>\n<meta property=\"og:description\" content=\"SK10  Bolso plegable multiusos en suave poli\u00e9ster 210T en desenfadado dise\u00f1o bicolor retro NEGRO. Bolsillo principal con cierre de cremallera a juego y resistentes asas de nylon alrededor del cuerpo en color negro. Plegado de peque\u00f1o tama\u00f1o. Otros colores de importaci\u00f3n.  Especificaciones art\u00edculo  Di\u00e1metro: 25 cm, alto: 50 cm | Peso: 100 gr  Unidades\/caja\u00a0 50    Codigo 602039310 Color Negro\u00a0 \u00a0 \u00a0 \u00a0SK 10\" \/>\n<meta property=\"og:url\" content=\"https:\/\/uniformesludo.cl\/index.php\/producto\/bolso-plegable-kenit-sk10\/\" \/>\n<meta property=\"og:site_name\" content=\"Uniformes Ludo\" \/>\n<meta property=\"article:modified_time\" content=\"2024-09-04T16:04:03+00:00\" \/>\n<meta property=\"og:image\" content=\"https:\/\/uniformesludo.cl\/wp-content\/uploads\/2024\/09\/Bolso_Plegable_Kenit_SK10_negro.jpg\" \/>\n\t<meta property=\"og:image:width\" content=\"500\" \/>\n\t<meta property=\"og:image:height\" content=\"500\" \/>\n\t<meta property=\"og:image:type\" content=\"image\/jpeg\" \/>\n<meta name=\"twitter:card\" content=\"summary_large_image\" \/>\n<script type=\"application\/ld+json\" class=\"yoast-schema-graph\">{\"@context\":\"https:\/\/schema.org\",\"@graph\":[{\"@type\":\"WebPage\",\"@id\":\"https:\/\/uniformesludo.cl\/index.php\/producto\/bolso-plegable-kenit-sk10\/\",\"url\":\"https:\/\/uniformesludo.cl\/index.php\/producto\/bolso-plegable-kenit-sk10\/\",\"name\":\"Bolso Plegable Kenit SK10 - Uniformes Ludo\",\"isPartOf\":{\"@id\":\"https:\/\/uniformesludo.cl\/#website\"},\"primaryImageOfPage\":{\"@id\":\"https:\/\/uniformesludo.cl\/index.php\/producto\/bolso-plegable-kenit-sk10\/#primaryimage\"},\"image\":{\"@id\":\"https:\/\/uniformesludo.cl\/index.php\/producto\/bolso-plegable-kenit-sk10\/#primaryimage\"},\"thumbnailUrl\":\"https:\/\/uniformesludo.cl\/wp-content\/uploads\/2024\/09\/Bolso_Plegable_Kenit_SK10_negro.jpg\",\"datePublished\":\"2024-09-04T16:02:42+00:00\",\"dateModified\":\"2024-09-04T16:04:03+00:00\",\"breadcrumb\":{\"@id\":\"https:\/\/uniformesludo.cl\/index.php\/producto\/bolso-plegable-kenit-sk10\/#breadcrumb\"},\"inLanguage\":\"es\",\"potentialAction\":[{\"@type\":\"ReadAction\",\"target\":[\"https:\/\/uniformesludo.cl\/index.php\/producto\/bolso-plegable-kenit-sk10\/\"]}]},{\"@type\":\"ImageObject\",\"inLanguage\":\"es\",\"@id\":\"https:\/\/uniformesludo.cl\/index.php\/producto\/bolso-plegable-kenit-sk10\/#primaryimage\",\"url\":\"https:\/\/uniformesludo.cl\/wp-content\/uploads\/2024\/09\/Bolso_Plegable_Kenit_SK10_negro.jpg\",\"contentUrl\":\"https:\/\/uniformesludo.cl\/wp-content\/uploads\/2024\/09\/Bolso_Plegable_Kenit_SK10_negro.jpg\",\"width\":500,\"height\":500},{\"@type\":\"BreadcrumbList\",\"@id\":\"https:\/\/uniformesludo.cl\/index.php\/producto\/bolso-plegable-kenit-sk10\/#breadcrumb\",\"itemListElement\":[{\"@type\":\"ListItem\",\"position\":1,\"name\":\"Portada\",\"item\":\"https:\/\/uniformesludo.cl\/\"},{\"@type\":\"ListItem\",\"position\":2,\"name\":\"Tienda\",\"item\":\"https:\/\/uniformesludo.cl\/index.php\/tienda\/\"},{\"@type\":\"ListItem\",\"position\":3,\"name\":\"Bolso Plegable Kenit SK10\"}]},{\"@type\":\"WebSite\",\"@id\":\"https:\/\/uniformesludo.cl\/#website\",\"url\":\"https:\/\/uniformesludo.cl\/\",\"name\":\"Uniformes Ludo\",\"description\":\"Es una de las empresas comercializadoras de Ropa de trabajo, confecci\u00f3n, productos de protecci\u00f3n, prevenci\u00f3n y seguridad una de las m\u00e1s importantes de nuestro pa\u00eds, reconocida a nivel Nacional, con numerosos clientes a lo largo de Chile que avalan su compromiso de calidad. De igual forma, existe una permanente preocupaci\u00f3n por mantener un servicio integral de excelencia que permita identificarnos como \u201cel mejor equipo, la mejor empresa e inversi\u00f3n\u201d.\",\"potentialAction\":[{\"@type\":\"SearchAction\",\"target\":{\"@type\":\"EntryPoint\",\"urlTemplate\":\"https:\/\/uniformesludo.cl\/?s={search_term_string}\"},\"query-input\":{\"@type\":\"PropertyValueSpecification\",\"valueRequired\":true,\"valueName\":\"search_term_string\"}}],\"inLanguage\":\"es\"}]}<\/script>\n<!-- \/ Yoast SEO plugin. -->","yoast_head_json":{"title":"Bolso Plegable Kenit SK10 - Uniformes Ludo","robots":{"index":"index","follow":"follow","max-snippet":"max-snippet:-1","max-image-preview":"max-image-preview:large","max-video-preview":"max-video-preview:-1"},"canonical":"https:\/\/uniformesludo.cl\/index.php\/producto\/bolso-plegable-kenit-sk10\/","og_locale":"es_ES","og_type":"article","og_title":"Bolso Plegable Kenit SK10 - Uniformes Ludo","og_description":"SK10  Bolso plegable multiusos en suave poli\u00e9ster 210T en desenfadado dise\u00f1o bicolor retro NEGRO. Bolsillo principal con cierre de cremallera a juego y resistentes asas de nylon alrededor del cuerpo en color negro. Plegado de peque\u00f1o tama\u00f1o. Otros colores de importaci\u00f3n.  Especificaciones art\u00edculo  Di\u00e1metro: 25 cm, alto: 50 cm | Peso: 100 gr  Unidades\/caja\u00a0 50    Codigo 602039310 Color Negro\u00a0 \u00a0 \u00a0 \u00a0SK 10","og_url":"https:\/\/uniformesludo.cl\/index.php\/producto\/bolso-plegable-kenit-sk10\/","og_site_name":"Uniformes Ludo","article_modified_time":"2024-09-04T16:04:03+00:00","og_image":[{"width":500,"height":500,"url":"https:\/\/uniformesludo.cl\/wp-content\/uploads\/2024\/09\/Bolso_Plegable_Kenit_SK10_negro.jpg","type":"image\/jpeg"}],"twitter_card":"summary_large_image","schema":{"@context":"https:\/\/schema.org","@graph":[{"@type":"WebPage","@id":"https:\/\/uniformesludo.cl\/index.php\/producto\/bolso-plegable-kenit-sk10\/","url":"https:\/\/uniformesludo.cl\/index.php\/producto\/bolso-plegable-kenit-sk10\/","name":"Bolso Plegable Kenit SK10 - Uniformes Ludo","isPartOf":{"@id":"https:\/\/uniformesludo.cl\/#website"},"primaryImageOfPage":{"@id":"https:\/\/uniformesludo.cl\/index.php\/producto\/bolso-plegable-kenit-sk10\/#primaryimage"},"image":{"@id":"https:\/\/uniformesludo.cl\/index.php\/producto\/bolso-plegable-kenit-sk10\/#primaryimage"},"thumbnailUrl":"https:\/\/uniformesludo.cl\/wp-content\/uploads\/2024\/09\/Bolso_Plegable_Kenit_SK10_negro.jpg","datePublished":"2024-09-04T16:02:42+00:00","dateModified":"2024-09-04T16:04:03+00:00","breadcrumb":{"@id":"https:\/\/uniformesludo.cl\/index.php\/producto\/bolso-plegable-kenit-sk10\/#breadcrumb"},"inLanguage":"es","potentialAction":[{"@type":"ReadAction","target":["https:\/\/uniformesludo.cl\/index.php\/producto\/bolso-plegable-kenit-sk10\/"]}]},{"@type":"ImageObject","inLanguage":"es","@id":"https:\/\/uniformesludo.cl\/index.php\/producto\/bolso-plegable-kenit-sk10\/#primaryimage","url":"https:\/\/uniformesludo.cl\/wp-content\/uploads\/2024\/09\/Bolso_Plegable_Kenit_SK10_negro.jpg","contentUrl":"https:\/\/uniformesludo.cl\/wp-content\/uploads\/2024\/09\/Bolso_Plegable_Kenit_SK10_negro.jpg","width":500,"height":500},{"@type":"BreadcrumbList","@id":"https:\/\/uniformesludo.cl\/index.php\/producto\/bolso-plegable-kenit-sk10\/#breadcrumb","itemListElement":[{"@type":"ListItem","position":1,"name":"Portada","item":"https:\/\/uniformesludo.cl\/"},{"@type":"ListItem","position":2,"name":"Tienda","item":"https:\/\/uniformesludo.cl\/index.php\/tienda\/"},{"@type":"ListItem","position":3,"name":"Bolso Plegable Kenit SK10"}]},{"@type":"WebSite","@id":"https:\/\/uniformesludo.cl\/#website","url":"https:\/\/uniformesludo.cl\/","name":"Uniformes Ludo","description":"Es una de las empresas comercializadoras de Ropa de trabajo, confecci\u00f3n, productos de protecci\u00f3n, prevenci\u00f3n y seguridad una de las m\u00e1s importantes de nuestro pa\u00eds, reconocida a nivel Nacional, con numerosos clientes a lo largo de Chile que avalan su compromiso de calidad. De igual forma, existe una permanente preocupaci\u00f3n por mantener un servicio integral de excelencia que permita identificarnos como \u201cel mejor equipo, la mejor empresa e inversi\u00f3n\u201d.","potentialAction":[{"@type":"SearchAction","target":{"@type":"EntryPoint","urlTemplate":"https:\/\/uniformesludo.cl\/?s={search_term_string}"},"query-input":{"@type":"PropertyValueSpecification","valueRequired":true,"valueName":"search_term_string"}}],"inLanguage":"es"}]}},"_links":{"self":[{"href":"https:\/\/uniformesludo.cl\/index.php\/wp-json\/wp\/v2\/product\/10016093","targetHints":{"allow":["GET"]}}],"collection":[{"href":"https:\/\/uniformesludo.cl\/index.php\/wp-json\/wp\/v2\/product"}],"about":[{"href":"https:\/\/uniformesludo.cl\/index.php\/wp-json\/wp\/v2\/types\/product"}],"replies":[{"embeddable":true,"href":"https:\/\/uniformesludo.cl\/index.php\/wp-json\/wp\/v2\/comments?post=10016093"}],"wp:featuredmedia":[{"embeddable":true,"href":"https:\/\/uniformesludo.cl\/index.php\/wp-json\/wp\/v2\/media\/10016246"}],"wp:attachment":[{"href":"https:\/\/uniformesludo.cl\/index.php\/wp-json\/wp\/v2\/media?parent=10016093"}],"wp:term":[{"taxonomy":"product_brand","embeddable":true,"href":"https:\/\/uniformesludo.cl\/index.php\/wp-json\/wp\/v2\/product_brand?post=10016093"},{"taxonomy":"product_cat","embeddable":true,"href":"https:\/\/uniformesludo.cl\/index.php\/wp-json\/wp\/v2\/product_cat?post=10016093"},{"taxonomy":"product_tag","embeddable":true,"href":"https:\/\/uniformesludo.cl\/index.php\/wp-json\/wp\/v2\/product_tag?post=10016093"}],"curies":[{"name":"wp","href":"https:\/\/api.w.org\/{rel}","templated":true}]}}