{"id":10016087,"date":"2024-09-04T16:02:41","date_gmt":"2024-09-04T16:02:41","guid":{"rendered":"https:\/\/uniformesludo.cl\/?post_type=product&#038;p=10016087"},"modified":"2024-09-05T17:15:04","modified_gmt":"2024-09-05T17:15:04","slug":"libreta-ecologica-n41","status":"publish","type":"product","link":"https:\/\/uniformesludo.cl\/index.php\/producto\/libreta-ecologica-n41\/","title":{"rendered":"Libreta Ecol\u00f3gica N41"},"content":{"rendered":"","protected":false},"excerpt":{"rendered":"<p><span style=\"color: #000080;\"><strong>N41<\/strong><\/span><\/p>\n<p><em>Croquera ecol\u00f3gica en color Negro y Kraft. Anillado met\u00e1lico doble cero en dorado o negro.<\/em><\/p>\n<p>80 hojas papel de 80 grs color beige.<\/p>\n<p><strong>N41-T1<\/strong> Tama\u00f1o 8cms. x 10cms. (Con l\u00edneas). Tapas dura de 500grs.<br \/>\n<strong>N41-T2<\/strong> Tama\u00f1o 15cms. x 10cms. (Con l\u00edneas). Tapas dura de 500grs.<\/p>\n<p>80 hojas papel de 80 grs color beige.<\/p>\n<p><strong>N41-T3<\/strong> Tama\u00f1o 18cms. x 13cms. (Cuadriculadas con signo de reciclaje). Tapas dura de 500grs.<br \/>\n<strong>N41-T4<\/strong> Tama\u00f1o 21cms. x 15cms. (Cuadriculadas con signo de reciclaje). Tapas dura de 500grs.<\/p>\n<p><img decoding=\"async\" src=\"http:\/\/imblasco.cl\/regalos\/wp-content\/uploads\/2019\/06\/tampografia.png\" \/><img decoding=\"async\" src=\"http:\/\/imblasco.cl\/regalos\/wp-content\/uploads\/2019\/06\/serigrafia.png\" \/><img loading=\"lazy\" decoding=\"async\" class=\"alignnone size-full wp-image-509 lazy loaded\" src=\"https:\/\/imblasco.cl\/regalos\/wp-content\/uploads\/2019\/06\/laser.png\" alt=\"\" width=\"71\" height=\"71\" data-src=\"https:\/\/imblasco.cl\/regalos\/wp-content\/uploads\/2019\/06\/laser.png\" data-was-processed=\"true\" \/><\/p>\n","protected":false},"featured_media":10016224,"comment_status":"closed","ping_status":"closed","template":"","meta":[],"product_brand":[],"product_cat":[581],"product_tag":[],"class_list":{"0":"post-10016087","1":"product","2":"type-product","3":"status-publish","4":"has-post-thumbnail","6":"product_cat-libretas-cuadernos-memo-set","8":"first","9":"instock","10":"shipping-taxable","11":"purchasable","12":"product-type-variable"},"aioseo_notices":[],"yoast_head":"<!-- This site is optimized with the Yoast SEO plugin v26.5 - https:\/\/yoast.com\/wordpress\/plugins\/seo\/ -->\n<title>Libreta Ecol\u00f3gica N41 - Uniformes Ludo<\/title>\n<meta name=\"robots\" content=\"index, follow, max-snippet:-1, max-image-preview:large, max-video-preview:-1\" \/>\n<link rel=\"canonical\" href=\"https:\/\/uniformesludo.cl\/index.php\/producto\/libreta-ecologica-n41\/\" \/>\n<meta property=\"og:locale\" content=\"es_ES\" \/>\n<meta property=\"og:type\" content=\"article\" \/>\n<meta property=\"og:title\" content=\"Libreta Ecol\u00f3gica N41 - Uniformes Ludo\" \/>\n<meta property=\"og:description\" content=\"N41  Croquera ecol\u00f3gica en color Negro y Kraft. Anillado met\u00e1lico doble cero en dorado o negro.  80 hojas papel de 80 grs color beige.  N41-T1 Tama\u00f1o 8cms. x 10cms. (Con l\u00edneas). Tapas dura de 500grs. N41-T2 Tama\u00f1o 15cms. x 10cms. (Con l\u00edneas). Tapas dura de 500grs.  80 hojas papel de 80 grs color beige.  N41-T3 Tama\u00f1o 18cms. x 13cms. (Cuadriculadas con signo de reciclaje). Tapas dura de 500grs. N41-T4 Tama\u00f1o 21cms. x 15cms. (Cuadriculadas con signo de reciclaje). Tapas dura de 500grs.\" \/>\n<meta property=\"og:url\" content=\"https:\/\/uniformesludo.cl\/index.php\/producto\/libreta-ecologica-n41\/\" \/>\n<meta property=\"og:site_name\" content=\"Uniformes Ludo\" \/>\n<meta property=\"article:modified_time\" content=\"2024-09-05T17:15:04+00:00\" \/>\n<meta property=\"og:image\" content=\"https:\/\/uniformesludo.cl\/wp-content\/uploads\/2024\/09\/N41_tamanos-1.jpg\" \/>\n\t<meta property=\"og:image:width\" content=\"2481\" \/>\n\t<meta property=\"og:image:height\" content=\"2448\" \/>\n\t<meta property=\"og:image:type\" content=\"image\/jpeg\" \/>\n<meta name=\"twitter:card\" content=\"summary_large_image\" \/>\n<script type=\"application\/ld+json\" class=\"yoast-schema-graph\">{\"@context\":\"https:\/\/schema.org\",\"@graph\":[{\"@type\":\"WebPage\",\"@id\":\"https:\/\/uniformesludo.cl\/index.php\/producto\/libreta-ecologica-n41\/\",\"url\":\"https:\/\/uniformesludo.cl\/index.php\/producto\/libreta-ecologica-n41\/\",\"name\":\"Libreta Ecol\u00f3gica N41 - Uniformes Ludo\",\"isPartOf\":{\"@id\":\"https:\/\/uniformesludo.cl\/#website\"},\"primaryImageOfPage\":{\"@id\":\"https:\/\/uniformesludo.cl\/index.php\/producto\/libreta-ecologica-n41\/#primaryimage\"},\"image\":{\"@id\":\"https:\/\/uniformesludo.cl\/index.php\/producto\/libreta-ecologica-n41\/#primaryimage\"},\"thumbnailUrl\":\"https:\/\/uniformesludo.cl\/wp-content\/uploads\/2024\/09\/N41_tamanos-1.jpg\",\"datePublished\":\"2024-09-04T16:02:41+00:00\",\"dateModified\":\"2024-09-05T17:15:04+00:00\",\"breadcrumb\":{\"@id\":\"https:\/\/uniformesludo.cl\/index.php\/producto\/libreta-ecologica-n41\/#breadcrumb\"},\"inLanguage\":\"es\",\"potentialAction\":[{\"@type\":\"ReadAction\",\"target\":[\"https:\/\/uniformesludo.cl\/index.php\/producto\/libreta-ecologica-n41\/\"]}]},{\"@type\":\"ImageObject\",\"inLanguage\":\"es\",\"@id\":\"https:\/\/uniformesludo.cl\/index.php\/producto\/libreta-ecologica-n41\/#primaryimage\",\"url\":\"https:\/\/uniformesludo.cl\/wp-content\/uploads\/2024\/09\/N41_tamanos-1.jpg\",\"contentUrl\":\"https:\/\/uniformesludo.cl\/wp-content\/uploads\/2024\/09\/N41_tamanos-1.jpg\",\"width\":2481,\"height\":2448},{\"@type\":\"BreadcrumbList\",\"@id\":\"https:\/\/uniformesludo.cl\/index.php\/producto\/libreta-ecologica-n41\/#breadcrumb\",\"itemListElement\":[{\"@type\":\"ListItem\",\"position\":1,\"name\":\"Portada\",\"item\":\"https:\/\/uniformesludo.cl\/\"},{\"@type\":\"ListItem\",\"position\":2,\"name\":\"Tienda\",\"item\":\"https:\/\/uniformesludo.cl\/index.php\/tienda\/\"},{\"@type\":\"ListItem\",\"position\":3,\"name\":\"Libreta Ecol\u00f3gica N41\"}]},{\"@type\":\"WebSite\",\"@id\":\"https:\/\/uniformesludo.cl\/#website\",\"url\":\"https:\/\/uniformesludo.cl\/\",\"name\":\"Uniformes Ludo\",\"description\":\"Es una de las empresas comercializadoras de Ropa de trabajo, confecci\u00f3n, productos de protecci\u00f3n, prevenci\u00f3n y seguridad una de las m\u00e1s importantes de nuestro pa\u00eds, reconocida a nivel Nacional, con numerosos clientes a lo largo de Chile que avalan su compromiso de calidad. De igual forma, existe una permanente preocupaci\u00f3n por mantener un servicio integral de excelencia que permita identificarnos como \u201cel mejor equipo, la mejor empresa e inversi\u00f3n\u201d.\",\"potentialAction\":[{\"@type\":\"SearchAction\",\"target\":{\"@type\":\"EntryPoint\",\"urlTemplate\":\"https:\/\/uniformesludo.cl\/?s={search_term_string}\"},\"query-input\":{\"@type\":\"PropertyValueSpecification\",\"valueRequired\":true,\"valueName\":\"search_term_string\"}}],\"inLanguage\":\"es\"}]}<\/script>\n<!-- \/ Yoast SEO plugin. -->","yoast_head_json":{"title":"Libreta Ecol\u00f3gica N41 - Uniformes Ludo","robots":{"index":"index","follow":"follow","max-snippet":"max-snippet:-1","max-image-preview":"max-image-preview:large","max-video-preview":"max-video-preview:-1"},"canonical":"https:\/\/uniformesludo.cl\/index.php\/producto\/libreta-ecologica-n41\/","og_locale":"es_ES","og_type":"article","og_title":"Libreta Ecol\u00f3gica N41 - Uniformes Ludo","og_description":"N41  Croquera ecol\u00f3gica en color Negro y Kraft. Anillado met\u00e1lico doble cero en dorado o negro.  80 hojas papel de 80 grs color beige.  N41-T1 Tama\u00f1o 8cms. x 10cms. (Con l\u00edneas). Tapas dura de 500grs. N41-T2 Tama\u00f1o 15cms. x 10cms. (Con l\u00edneas). Tapas dura de 500grs.  80 hojas papel de 80 grs color beige.  N41-T3 Tama\u00f1o 18cms. x 13cms. (Cuadriculadas con signo de reciclaje). Tapas dura de 500grs. N41-T4 Tama\u00f1o 21cms. x 15cms. (Cuadriculadas con signo de reciclaje). Tapas dura de 500grs.","og_url":"https:\/\/uniformesludo.cl\/index.php\/producto\/libreta-ecologica-n41\/","og_site_name":"Uniformes Ludo","article_modified_time":"2024-09-05T17:15:04+00:00","og_image":[{"width":2481,"height":2448,"url":"https:\/\/uniformesludo.cl\/wp-content\/uploads\/2024\/09\/N41_tamanos-1.jpg","type":"image\/jpeg"}],"twitter_card":"summary_large_image","schema":{"@context":"https:\/\/schema.org","@graph":[{"@type":"WebPage","@id":"https:\/\/uniformesludo.cl\/index.php\/producto\/libreta-ecologica-n41\/","url":"https:\/\/uniformesludo.cl\/index.php\/producto\/libreta-ecologica-n41\/","name":"Libreta Ecol\u00f3gica N41 - Uniformes Ludo","isPartOf":{"@id":"https:\/\/uniformesludo.cl\/#website"},"primaryImageOfPage":{"@id":"https:\/\/uniformesludo.cl\/index.php\/producto\/libreta-ecologica-n41\/#primaryimage"},"image":{"@id":"https:\/\/uniformesludo.cl\/index.php\/producto\/libreta-ecologica-n41\/#primaryimage"},"thumbnailUrl":"https:\/\/uniformesludo.cl\/wp-content\/uploads\/2024\/09\/N41_tamanos-1.jpg","datePublished":"2024-09-04T16:02:41+00:00","dateModified":"2024-09-05T17:15:04+00:00","breadcrumb":{"@id":"https:\/\/uniformesludo.cl\/index.php\/producto\/libreta-ecologica-n41\/#breadcrumb"},"inLanguage":"es","potentialAction":[{"@type":"ReadAction","target":["https:\/\/uniformesludo.cl\/index.php\/producto\/libreta-ecologica-n41\/"]}]},{"@type":"ImageObject","inLanguage":"es","@id":"https:\/\/uniformesludo.cl\/index.php\/producto\/libreta-ecologica-n41\/#primaryimage","url":"https:\/\/uniformesludo.cl\/wp-content\/uploads\/2024\/09\/N41_tamanos-1.jpg","contentUrl":"https:\/\/uniformesludo.cl\/wp-content\/uploads\/2024\/09\/N41_tamanos-1.jpg","width":2481,"height":2448},{"@type":"BreadcrumbList","@id":"https:\/\/uniformesludo.cl\/index.php\/producto\/libreta-ecologica-n41\/#breadcrumb","itemListElement":[{"@type":"ListItem","position":1,"name":"Portada","item":"https:\/\/uniformesludo.cl\/"},{"@type":"ListItem","position":2,"name":"Tienda","item":"https:\/\/uniformesludo.cl\/index.php\/tienda\/"},{"@type":"ListItem","position":3,"name":"Libreta Ecol\u00f3gica N41"}]},{"@type":"WebSite","@id":"https:\/\/uniformesludo.cl\/#website","url":"https:\/\/uniformesludo.cl\/","name":"Uniformes Ludo","description":"Es una de las empresas comercializadoras de Ropa de trabajo, confecci\u00f3n, productos de protecci\u00f3n, prevenci\u00f3n y seguridad una de las m\u00e1s importantes de nuestro pa\u00eds, reconocida a nivel Nacional, con numerosos clientes a lo largo de Chile que avalan su compromiso de calidad. De igual forma, existe una permanente preocupaci\u00f3n por mantener un servicio integral de excelencia que permita identificarnos como \u201cel mejor equipo, la mejor empresa e inversi\u00f3n\u201d.","potentialAction":[{"@type":"SearchAction","target":{"@type":"EntryPoint","urlTemplate":"https:\/\/uniformesludo.cl\/?s={search_term_string}"},"query-input":{"@type":"PropertyValueSpecification","valueRequired":true,"valueName":"search_term_string"}}],"inLanguage":"es"}]}},"_links":{"self":[{"href":"https:\/\/uniformesludo.cl\/index.php\/wp-json\/wp\/v2\/product\/10016087","targetHints":{"allow":["GET"]}}],"collection":[{"href":"https:\/\/uniformesludo.cl\/index.php\/wp-json\/wp\/v2\/product"}],"about":[{"href":"https:\/\/uniformesludo.cl\/index.php\/wp-json\/wp\/v2\/types\/product"}],"replies":[{"embeddable":true,"href":"https:\/\/uniformesludo.cl\/index.php\/wp-json\/wp\/v2\/comments?post=10016087"}],"wp:featuredmedia":[{"embeddable":true,"href":"https:\/\/uniformesludo.cl\/index.php\/wp-json\/wp\/v2\/media\/10016224"}],"wp:attachment":[{"href":"https:\/\/uniformesludo.cl\/index.php\/wp-json\/wp\/v2\/media?parent=10016087"}],"wp:term":[{"taxonomy":"product_brand","embeddable":true,"href":"https:\/\/uniformesludo.cl\/index.php\/wp-json\/wp\/v2\/product_brand?post=10016087"},{"taxonomy":"product_cat","embeddable":true,"href":"https:\/\/uniformesludo.cl\/index.php\/wp-json\/wp\/v2\/product_cat?post=10016087"},{"taxonomy":"product_tag","embeddable":true,"href":"https:\/\/uniformesludo.cl\/index.php\/wp-json\/wp\/v2\/product_tag?post=10016087"}],"curies":[{"name":"wp","href":"https:\/\/api.w.org\/{rel}","templated":true}]}}