{"id":10015940,"date":"2024-09-04T16:01:18","date_gmt":"2024-09-04T16:01:18","guid":{"rendered":"https:\/\/uniformesludo.cl\/?post_type=product&#038;p=10015940"},"modified":"2024-09-04T16:02:26","modified_gmt":"2024-09-04T16:02:26","slug":"pendrive-bamboo-deluxe-pd1","status":"publish","type":"product","link":"https:\/\/uniformesludo.cl\/index.php\/producto\/pendrive-bamboo-deluxe-pd1\/","title":{"rendered":"Pendrive Bamboo Deluxe PD1"},"content":{"rendered":"","protected":false},"excerpt":{"rendered":"<p><span style=\"color: #000080;\"><strong>PD1<\/strong><\/span><\/p>\n<p><em>Pendrive giratorio de madera de bamb\u00fa. Capacidad de <strong>16 GB<\/strong>. Presentado en elegante estuche tambi\u00e9n de madera de bamb\u00fa.<\/em><\/p>\n<p>Caja de 92 unidades.<\/p>\n<p>601054600<\/p>\n<p><img loading=\"lazy\" decoding=\"async\" class=\"alignnone size-full wp-image-511\" src=\"http:\/\/imblasco.cl\/regalos\/wp-content\/uploads\/2019\/06\/serigrafia.png\" alt=\"\" width=\"71\" height=\"71\" \/> \u00a0<img loading=\"lazy\" decoding=\"async\" class=\"alignnone size-full wp-image-513\" src=\"http:\/\/imblasco.cl\/regalos\/wp-content\/uploads\/2019\/06\/tampografia.png\" alt=\"\" width=\"71\" height=\"71\" \/><img loading=\"lazy\" decoding=\"async\" class=\"alignnone size-full wp-image-509\" src=\"http:\/\/imblasco.cl\/regalos\/wp-content\/uploads\/2019\/06\/laser.png\" alt=\"\" width=\"71\" height=\"71\" \/>\u00a0<img loading=\"lazy\" decoding=\"async\" class=\"alignnone size-full wp-image-508\" src=\"http:\/\/imblasco.cl\/regalos\/wp-content\/uploads\/2019\/06\/fibra.png\" alt=\"\" width=\"71\" height=\"71\" \/><\/p>\n","protected":false},"featured_media":10016054,"comment_status":"closed","ping_status":"closed","template":"","meta":[],"product_brand":[],"product_cat":[567,592,568],"product_tag":[],"class_list":{"0":"post-10015940","1":"product","2":"type-product","3":"status-publish","4":"has-post-thumbnail","6":"product_cat-linea-bamboo","7":"product_cat-pendrives","8":"product_cat-regalos-y-trofeos-premium","10":"first","11":"instock","12":"shipping-taxable","13":"product-type-simple"},"aioseo_notices":[],"yoast_head":"<!-- This site is optimized with the Yoast SEO plugin v26.5 - https:\/\/yoast.com\/wordpress\/plugins\/seo\/ -->\n<title>Pendrive Bamboo Deluxe PD1 - Uniformes Ludo<\/title>\n<meta name=\"robots\" content=\"index, follow, max-snippet:-1, max-image-preview:large, max-video-preview:-1\" \/>\n<link rel=\"canonical\" href=\"https:\/\/uniformesludo.cl\/index.php\/producto\/pendrive-bamboo-deluxe-pd1\/\" \/>\n<meta property=\"og:locale\" content=\"es_ES\" \/>\n<meta property=\"og:type\" content=\"article\" \/>\n<meta property=\"og:title\" content=\"Pendrive Bamboo Deluxe PD1 - Uniformes Ludo\" \/>\n<meta property=\"og:description\" content=\"PD1  Pendrive giratorio de madera de bamb\u00fa. Capacidad de 16 GB. Presentado en elegante estuche tambi\u00e9n de madera de bamb\u00fa.  Caja de 92 unidades.  601054600   \u00a0\u00a0\" \/>\n<meta property=\"og:url\" content=\"https:\/\/uniformesludo.cl\/index.php\/producto\/pendrive-bamboo-deluxe-pd1\/\" \/>\n<meta property=\"og:site_name\" content=\"Uniformes Ludo\" \/>\n<meta property=\"article:modified_time\" content=\"2024-09-04T16:02:26+00:00\" \/>\n<meta property=\"og:image\" content=\"https:\/\/uniformesludo.cl\/wp-content\/uploads\/2024\/09\/pendrive_bamboo_deluxe_caja_estuche_pd1_portada.jpg\" \/>\n\t<meta property=\"og:image:width\" content=\"500\" \/>\n\t<meta property=\"og:image:height\" content=\"500\" \/>\n\t<meta property=\"og:image:type\" content=\"image\/jpeg\" \/>\n<meta name=\"twitter:card\" content=\"summary_large_image\" \/>\n<script type=\"application\/ld+json\" class=\"yoast-schema-graph\">{\"@context\":\"https:\/\/schema.org\",\"@graph\":[{\"@type\":\"WebPage\",\"@id\":\"https:\/\/uniformesludo.cl\/index.php\/producto\/pendrive-bamboo-deluxe-pd1\/\",\"url\":\"https:\/\/uniformesludo.cl\/index.php\/producto\/pendrive-bamboo-deluxe-pd1\/\",\"name\":\"Pendrive Bamboo Deluxe PD1 - Uniformes Ludo\",\"isPartOf\":{\"@id\":\"https:\/\/uniformesludo.cl\/#website\"},\"primaryImageOfPage\":{\"@id\":\"https:\/\/uniformesludo.cl\/index.php\/producto\/pendrive-bamboo-deluxe-pd1\/#primaryimage\"},\"image\":{\"@id\":\"https:\/\/uniformesludo.cl\/index.php\/producto\/pendrive-bamboo-deluxe-pd1\/#primaryimage\"},\"thumbnailUrl\":\"https:\/\/uniformesludo.cl\/wp-content\/uploads\/2024\/09\/pendrive_bamboo_deluxe_caja_estuche_pd1_portada.jpg\",\"datePublished\":\"2024-09-04T16:01:18+00:00\",\"dateModified\":\"2024-09-04T16:02:26+00:00\",\"breadcrumb\":{\"@id\":\"https:\/\/uniformesludo.cl\/index.php\/producto\/pendrive-bamboo-deluxe-pd1\/#breadcrumb\"},\"inLanguage\":\"es\",\"potentialAction\":[{\"@type\":\"ReadAction\",\"target\":[\"https:\/\/uniformesludo.cl\/index.php\/producto\/pendrive-bamboo-deluxe-pd1\/\"]}]},{\"@type\":\"ImageObject\",\"inLanguage\":\"es\",\"@id\":\"https:\/\/uniformesludo.cl\/index.php\/producto\/pendrive-bamboo-deluxe-pd1\/#primaryimage\",\"url\":\"https:\/\/uniformesludo.cl\/wp-content\/uploads\/2024\/09\/pendrive_bamboo_deluxe_caja_estuche_pd1_portada.jpg\",\"contentUrl\":\"https:\/\/uniformesludo.cl\/wp-content\/uploads\/2024\/09\/pendrive_bamboo_deluxe_caja_estuche_pd1_portada.jpg\",\"width\":500,\"height\":500},{\"@type\":\"BreadcrumbList\",\"@id\":\"https:\/\/uniformesludo.cl\/index.php\/producto\/pendrive-bamboo-deluxe-pd1\/#breadcrumb\",\"itemListElement\":[{\"@type\":\"ListItem\",\"position\":1,\"name\":\"Portada\",\"item\":\"https:\/\/uniformesludo.cl\/\"},{\"@type\":\"ListItem\",\"position\":2,\"name\":\"Tienda\",\"item\":\"https:\/\/uniformesludo.cl\/index.php\/tienda\/\"},{\"@type\":\"ListItem\",\"position\":3,\"name\":\"Pendrive Bamboo Deluxe PD1\"}]},{\"@type\":\"WebSite\",\"@id\":\"https:\/\/uniformesludo.cl\/#website\",\"url\":\"https:\/\/uniformesludo.cl\/\",\"name\":\"Uniformes Ludo\",\"description\":\"Es una de las empresas comercializadoras de Ropa de trabajo, confecci\u00f3n, productos de protecci\u00f3n, prevenci\u00f3n y seguridad una de las m\u00e1s importantes de nuestro pa\u00eds, reconocida a nivel Nacional, con numerosos clientes a lo largo de Chile que avalan su compromiso de calidad. De igual forma, existe una permanente preocupaci\u00f3n por mantener un servicio integral de excelencia que permita identificarnos como \u201cel mejor equipo, la mejor empresa e inversi\u00f3n\u201d.\",\"potentialAction\":[{\"@type\":\"SearchAction\",\"target\":{\"@type\":\"EntryPoint\",\"urlTemplate\":\"https:\/\/uniformesludo.cl\/?s={search_term_string}\"},\"query-input\":{\"@type\":\"PropertyValueSpecification\",\"valueRequired\":true,\"valueName\":\"search_term_string\"}}],\"inLanguage\":\"es\"}]}<\/script>\n<!-- \/ Yoast SEO plugin. -->","yoast_head_json":{"title":"Pendrive Bamboo Deluxe PD1 - Uniformes Ludo","robots":{"index":"index","follow":"follow","max-snippet":"max-snippet:-1","max-image-preview":"max-image-preview:large","max-video-preview":"max-video-preview:-1"},"canonical":"https:\/\/uniformesludo.cl\/index.php\/producto\/pendrive-bamboo-deluxe-pd1\/","og_locale":"es_ES","og_type":"article","og_title":"Pendrive Bamboo Deluxe PD1 - Uniformes Ludo","og_description":"PD1  Pendrive giratorio de madera de bamb\u00fa. Capacidad de 16 GB. Presentado en elegante estuche tambi\u00e9n de madera de bamb\u00fa.  Caja de 92 unidades.  601054600   \u00a0\u00a0","og_url":"https:\/\/uniformesludo.cl\/index.php\/producto\/pendrive-bamboo-deluxe-pd1\/","og_site_name":"Uniformes Ludo","article_modified_time":"2024-09-04T16:02:26+00:00","og_image":[{"width":500,"height":500,"url":"https:\/\/uniformesludo.cl\/wp-content\/uploads\/2024\/09\/pendrive_bamboo_deluxe_caja_estuche_pd1_portada.jpg","type":"image\/jpeg"}],"twitter_card":"summary_large_image","schema":{"@context":"https:\/\/schema.org","@graph":[{"@type":"WebPage","@id":"https:\/\/uniformesludo.cl\/index.php\/producto\/pendrive-bamboo-deluxe-pd1\/","url":"https:\/\/uniformesludo.cl\/index.php\/producto\/pendrive-bamboo-deluxe-pd1\/","name":"Pendrive Bamboo Deluxe PD1 - Uniformes Ludo","isPartOf":{"@id":"https:\/\/uniformesludo.cl\/#website"},"primaryImageOfPage":{"@id":"https:\/\/uniformesludo.cl\/index.php\/producto\/pendrive-bamboo-deluxe-pd1\/#primaryimage"},"image":{"@id":"https:\/\/uniformesludo.cl\/index.php\/producto\/pendrive-bamboo-deluxe-pd1\/#primaryimage"},"thumbnailUrl":"https:\/\/uniformesludo.cl\/wp-content\/uploads\/2024\/09\/pendrive_bamboo_deluxe_caja_estuche_pd1_portada.jpg","datePublished":"2024-09-04T16:01:18+00:00","dateModified":"2024-09-04T16:02:26+00:00","breadcrumb":{"@id":"https:\/\/uniformesludo.cl\/index.php\/producto\/pendrive-bamboo-deluxe-pd1\/#breadcrumb"},"inLanguage":"es","potentialAction":[{"@type":"ReadAction","target":["https:\/\/uniformesludo.cl\/index.php\/producto\/pendrive-bamboo-deluxe-pd1\/"]}]},{"@type":"ImageObject","inLanguage":"es","@id":"https:\/\/uniformesludo.cl\/index.php\/producto\/pendrive-bamboo-deluxe-pd1\/#primaryimage","url":"https:\/\/uniformesludo.cl\/wp-content\/uploads\/2024\/09\/pendrive_bamboo_deluxe_caja_estuche_pd1_portada.jpg","contentUrl":"https:\/\/uniformesludo.cl\/wp-content\/uploads\/2024\/09\/pendrive_bamboo_deluxe_caja_estuche_pd1_portada.jpg","width":500,"height":500},{"@type":"BreadcrumbList","@id":"https:\/\/uniformesludo.cl\/index.php\/producto\/pendrive-bamboo-deluxe-pd1\/#breadcrumb","itemListElement":[{"@type":"ListItem","position":1,"name":"Portada","item":"https:\/\/uniformesludo.cl\/"},{"@type":"ListItem","position":2,"name":"Tienda","item":"https:\/\/uniformesludo.cl\/index.php\/tienda\/"},{"@type":"ListItem","position":3,"name":"Pendrive Bamboo Deluxe PD1"}]},{"@type":"WebSite","@id":"https:\/\/uniformesludo.cl\/#website","url":"https:\/\/uniformesludo.cl\/","name":"Uniformes Ludo","description":"Es una de las empresas comercializadoras de Ropa de trabajo, confecci\u00f3n, productos de protecci\u00f3n, prevenci\u00f3n y seguridad una de las m\u00e1s importantes de nuestro pa\u00eds, reconocida a nivel Nacional, con numerosos clientes a lo largo de Chile que avalan su compromiso de calidad. De igual forma, existe una permanente preocupaci\u00f3n por mantener un servicio integral de excelencia que permita identificarnos como \u201cel mejor equipo, la mejor empresa e inversi\u00f3n\u201d.","potentialAction":[{"@type":"SearchAction","target":{"@type":"EntryPoint","urlTemplate":"https:\/\/uniformesludo.cl\/?s={search_term_string}"},"query-input":{"@type":"PropertyValueSpecification","valueRequired":true,"valueName":"search_term_string"}}],"inLanguage":"es"}]}},"_links":{"self":[{"href":"https:\/\/uniformesludo.cl\/index.php\/wp-json\/wp\/v2\/product\/10015940","targetHints":{"allow":["GET"]}}],"collection":[{"href":"https:\/\/uniformesludo.cl\/index.php\/wp-json\/wp\/v2\/product"}],"about":[{"href":"https:\/\/uniformesludo.cl\/index.php\/wp-json\/wp\/v2\/types\/product"}],"replies":[{"embeddable":true,"href":"https:\/\/uniformesludo.cl\/index.php\/wp-json\/wp\/v2\/comments?post=10015940"}],"wp:featuredmedia":[{"embeddable":true,"href":"https:\/\/uniformesludo.cl\/index.php\/wp-json\/wp\/v2\/media\/10016054"}],"wp:attachment":[{"href":"https:\/\/uniformesludo.cl\/index.php\/wp-json\/wp\/v2\/media?parent=10015940"}],"wp:term":[{"taxonomy":"product_brand","embeddable":true,"href":"https:\/\/uniformesludo.cl\/index.php\/wp-json\/wp\/v2\/product_brand?post=10015940"},{"taxonomy":"product_cat","embeddable":true,"href":"https:\/\/uniformesludo.cl\/index.php\/wp-json\/wp\/v2\/product_cat?post=10015940"},{"taxonomy":"product_tag","embeddable":true,"href":"https:\/\/uniformesludo.cl\/index.php\/wp-json\/wp\/v2\/product_tag?post=10015940"}],"curies":[{"name":"wp","href":"https:\/\/api.w.org\/{rel}","templated":true}]}}