{"id":10015889,"date":"2024-09-04T16:00:30","date_gmt":"2024-09-04T16:00:30","guid":{"rendered":"https:\/\/uniformesludo.cl\/?post_type=product&#038;p=10015889"},"modified":"2024-09-04T16:01:54","modified_gmt":"2024-09-04T16:01:54","slug":"set-de-vino-deluxe-caoba-w10","status":"publish","type":"product","link":"https:\/\/uniformesludo.cl\/index.php\/producto\/set-de-vino-deluxe-caoba-w10\/","title":{"rendered":"Set de Vino Deluxe Caoba W10"},"content":{"rendered":"","protected":false},"excerpt":{"rendered":"<p><span style=\"color: #000080;\"><strong>W10<\/strong><\/span><\/p>\n<p><em>Set de vino deluxe en caja de madera color Caoba que incluye sacacorchos, anillo de vino, vertedor\u00a0de vino, bomba de vacio, tap\u00f3n de vino, cortador de l\u00e1minas, espiral de repuesto. Presentaci\u00f3n en caja de cart\u00f3n duro negra.<\/em><\/p>\n<p>Sacacorchos (aleaci\u00f3n de zinc + ABS, chapado en cobre)<br \/>\nAnillo de vino (acero inoxidable)<br \/>\nVertedor de vino (silicona AS)<br \/>\nBomba de vac\u00edo\u00a0 (silicona AS)<br \/>\nCortador de l\u00e1minas (ABS + acero inoxidable)<br \/>\nTap\u00f3n de vino (aleaci\u00f3n de zinc, cromado)<br \/>\nEspiral de repuesto (acero inoxidable)<\/p>\n<p>Caja de 8 unidades.<\/p>\n<p>601062010<\/p>\n<p><img loading=\"lazy\" decoding=\"async\" class=\"alignnone size-full wp-image-511\" src=\"http:\/\/imblasco.cl\/regalos\/wp-content\/uploads\/2019\/06\/serigrafia.png\" alt=\"\" width=\"71\" height=\"71\" \/> \u00a0<img loading=\"lazy\" decoding=\"async\" class=\"alignnone size-full wp-image-513\" src=\"http:\/\/imblasco.cl\/regalos\/wp-content\/uploads\/2019\/06\/tampografia.png\" alt=\"\" width=\"71\" height=\"71\" \/><img loading=\"lazy\" decoding=\"async\" class=\"alignnone size-full wp-image-509\" src=\"http:\/\/imblasco.cl\/regalos\/wp-content\/uploads\/2019\/06\/laser.png\" alt=\"\" width=\"71\" height=\"71\" \/><\/p>\n","protected":false},"featured_media":10016005,"comment_status":"closed","ping_status":"closed","template":"","meta":[],"product_brand":[],"product_cat":[575,568,569,559],"product_tag":[],"class_list":{"0":"post-10015889","1":"product","2":"type-product","3":"status-publish","4":"has-post-thumbnail","6":"product_cat-linea-cobre","7":"product_cat-regalos-y-trofeos-premium","8":"product_cat-set-de-regalos","9":"product_cat-set-de-vino-descorchadores-bolsas-para-vinos","11":"first","12":"instock","13":"shipping-taxable","14":"product-type-simple"},"aioseo_notices":[],"yoast_head":"<!-- This site is optimized with the Yoast SEO plugin v26.5 - https:\/\/yoast.com\/wordpress\/plugins\/seo\/ -->\n<title>Set de Vino Deluxe Caoba W10 - Uniformes Ludo<\/title>\n<meta name=\"robots\" content=\"index, follow, max-snippet:-1, max-image-preview:large, max-video-preview:-1\" \/>\n<link rel=\"canonical\" href=\"https:\/\/uniformesludo.cl\/index.php\/producto\/set-de-vino-deluxe-caoba-w10\/\" \/>\n<meta property=\"og:locale\" content=\"es_ES\" \/>\n<meta property=\"og:type\" content=\"article\" \/>\n<meta property=\"og:title\" content=\"Set de Vino Deluxe Caoba W10 - Uniformes Ludo\" \/>\n<meta property=\"og:description\" content=\"W10  Set de vino deluxe en caja de madera color Caoba que incluye sacacorchos, anillo de vino, vertedor\u00a0de vino, bomba de vacio, tap\u00f3n de vino, cortador de l\u00e1minas, espiral de repuesto. Presentaci\u00f3n en caja de cart\u00f3n duro negra.  Sacacorchos (aleaci\u00f3n de zinc + ABS, chapado en cobre) Anillo de vino (acero inoxidable) Vertedor de vino (silicona AS) Bomba de vac\u00edo\u00a0 (silicona AS) Cortador de l\u00e1minas (ABS + acero inoxidable) Tap\u00f3n de vino (aleaci\u00f3n de zinc, cromado) Espiral de repuesto (acero inoxidable)  Caja de 8 unidades.  601062010   \u00a0\" \/>\n<meta property=\"og:url\" content=\"https:\/\/uniformesludo.cl\/index.php\/producto\/set-de-vino-deluxe-caoba-w10\/\" \/>\n<meta property=\"og:site_name\" content=\"Uniformes Ludo\" \/>\n<meta property=\"article:modified_time\" content=\"2024-09-04T16:01:54+00:00\" \/>\n<meta property=\"og:image\" content=\"https:\/\/uniformesludo.cl\/wp-content\/uploads\/2024\/09\/set_vino_sacacorchos_metalico_madera_caoba_caja_W10_2.jpg\" \/>\n\t<meta property=\"og:image:width\" content=\"500\" \/>\n\t<meta property=\"og:image:height\" content=\"500\" \/>\n\t<meta property=\"og:image:type\" content=\"image\/jpeg\" \/>\n<meta name=\"twitter:card\" content=\"summary_large_image\" \/>\n<script type=\"application\/ld+json\" class=\"yoast-schema-graph\">{\"@context\":\"https:\/\/schema.org\",\"@graph\":[{\"@type\":\"WebPage\",\"@id\":\"https:\/\/uniformesludo.cl\/index.php\/producto\/set-de-vino-deluxe-caoba-w10\/\",\"url\":\"https:\/\/uniformesludo.cl\/index.php\/producto\/set-de-vino-deluxe-caoba-w10\/\",\"name\":\"Set de Vino Deluxe Caoba W10 - Uniformes Ludo\",\"isPartOf\":{\"@id\":\"https:\/\/uniformesludo.cl\/#website\"},\"primaryImageOfPage\":{\"@id\":\"https:\/\/uniformesludo.cl\/index.php\/producto\/set-de-vino-deluxe-caoba-w10\/#primaryimage\"},\"image\":{\"@id\":\"https:\/\/uniformesludo.cl\/index.php\/producto\/set-de-vino-deluxe-caoba-w10\/#primaryimage\"},\"thumbnailUrl\":\"https:\/\/uniformesludo.cl\/wp-content\/uploads\/2024\/09\/set_vino_sacacorchos_metalico_madera_caoba_caja_W10_2.jpg\",\"datePublished\":\"2024-09-04T16:00:30+00:00\",\"dateModified\":\"2024-09-04T16:01:54+00:00\",\"breadcrumb\":{\"@id\":\"https:\/\/uniformesludo.cl\/index.php\/producto\/set-de-vino-deluxe-caoba-w10\/#breadcrumb\"},\"inLanguage\":\"es\",\"potentialAction\":[{\"@type\":\"ReadAction\",\"target\":[\"https:\/\/uniformesludo.cl\/index.php\/producto\/set-de-vino-deluxe-caoba-w10\/\"]}]},{\"@type\":\"ImageObject\",\"inLanguage\":\"es\",\"@id\":\"https:\/\/uniformesludo.cl\/index.php\/producto\/set-de-vino-deluxe-caoba-w10\/#primaryimage\",\"url\":\"https:\/\/uniformesludo.cl\/wp-content\/uploads\/2024\/09\/set_vino_sacacorchos_metalico_madera_caoba_caja_W10_2.jpg\",\"contentUrl\":\"https:\/\/uniformesludo.cl\/wp-content\/uploads\/2024\/09\/set_vino_sacacorchos_metalico_madera_caoba_caja_W10_2.jpg\",\"width\":500,\"height\":500},{\"@type\":\"BreadcrumbList\",\"@id\":\"https:\/\/uniformesludo.cl\/index.php\/producto\/set-de-vino-deluxe-caoba-w10\/#breadcrumb\",\"itemListElement\":[{\"@type\":\"ListItem\",\"position\":1,\"name\":\"Portada\",\"item\":\"https:\/\/uniformesludo.cl\/\"},{\"@type\":\"ListItem\",\"position\":2,\"name\":\"Tienda\",\"item\":\"https:\/\/uniformesludo.cl\/index.php\/tienda\/\"},{\"@type\":\"ListItem\",\"position\":3,\"name\":\"Set de Vino Deluxe Caoba W10\"}]},{\"@type\":\"WebSite\",\"@id\":\"https:\/\/uniformesludo.cl\/#website\",\"url\":\"https:\/\/uniformesludo.cl\/\",\"name\":\"Uniformes Ludo\",\"description\":\"Es una de las empresas comercializadoras de Ropa de trabajo, confecci\u00f3n, productos de protecci\u00f3n, prevenci\u00f3n y seguridad una de las m\u00e1s importantes de nuestro pa\u00eds, reconocida a nivel Nacional, con numerosos clientes a lo largo de Chile que avalan su compromiso de calidad. De igual forma, existe una permanente preocupaci\u00f3n por mantener un servicio integral de excelencia que permita identificarnos como \u201cel mejor equipo, la mejor empresa e inversi\u00f3n\u201d.\",\"potentialAction\":[{\"@type\":\"SearchAction\",\"target\":{\"@type\":\"EntryPoint\",\"urlTemplate\":\"https:\/\/uniformesludo.cl\/?s={search_term_string}\"},\"query-input\":{\"@type\":\"PropertyValueSpecification\",\"valueRequired\":true,\"valueName\":\"search_term_string\"}}],\"inLanguage\":\"es\"}]}<\/script>\n<!-- \/ Yoast SEO plugin. -->","yoast_head_json":{"title":"Set de Vino Deluxe Caoba W10 - Uniformes Ludo","robots":{"index":"index","follow":"follow","max-snippet":"max-snippet:-1","max-image-preview":"max-image-preview:large","max-video-preview":"max-video-preview:-1"},"canonical":"https:\/\/uniformesludo.cl\/index.php\/producto\/set-de-vino-deluxe-caoba-w10\/","og_locale":"es_ES","og_type":"article","og_title":"Set de Vino Deluxe Caoba W10 - Uniformes Ludo","og_description":"W10  Set de vino deluxe en caja de madera color Caoba que incluye sacacorchos, anillo de vino, vertedor\u00a0de vino, bomba de vacio, tap\u00f3n de vino, cortador de l\u00e1minas, espiral de repuesto. Presentaci\u00f3n en caja de cart\u00f3n duro negra.  Sacacorchos (aleaci\u00f3n de zinc + ABS, chapado en cobre) Anillo de vino (acero inoxidable) Vertedor de vino (silicona AS) Bomba de vac\u00edo\u00a0 (silicona AS) Cortador de l\u00e1minas (ABS + acero inoxidable) Tap\u00f3n de vino (aleaci\u00f3n de zinc, cromado) Espiral de repuesto (acero inoxidable)  Caja de 8 unidades.  601062010   \u00a0","og_url":"https:\/\/uniformesludo.cl\/index.php\/producto\/set-de-vino-deluxe-caoba-w10\/","og_site_name":"Uniformes Ludo","article_modified_time":"2024-09-04T16:01:54+00:00","og_image":[{"width":500,"height":500,"url":"https:\/\/uniformesludo.cl\/wp-content\/uploads\/2024\/09\/set_vino_sacacorchos_metalico_madera_caoba_caja_W10_2.jpg","type":"image\/jpeg"}],"twitter_card":"summary_large_image","schema":{"@context":"https:\/\/schema.org","@graph":[{"@type":"WebPage","@id":"https:\/\/uniformesludo.cl\/index.php\/producto\/set-de-vino-deluxe-caoba-w10\/","url":"https:\/\/uniformesludo.cl\/index.php\/producto\/set-de-vino-deluxe-caoba-w10\/","name":"Set de Vino Deluxe Caoba W10 - Uniformes Ludo","isPartOf":{"@id":"https:\/\/uniformesludo.cl\/#website"},"primaryImageOfPage":{"@id":"https:\/\/uniformesludo.cl\/index.php\/producto\/set-de-vino-deluxe-caoba-w10\/#primaryimage"},"image":{"@id":"https:\/\/uniformesludo.cl\/index.php\/producto\/set-de-vino-deluxe-caoba-w10\/#primaryimage"},"thumbnailUrl":"https:\/\/uniformesludo.cl\/wp-content\/uploads\/2024\/09\/set_vino_sacacorchos_metalico_madera_caoba_caja_W10_2.jpg","datePublished":"2024-09-04T16:00:30+00:00","dateModified":"2024-09-04T16:01:54+00:00","breadcrumb":{"@id":"https:\/\/uniformesludo.cl\/index.php\/producto\/set-de-vino-deluxe-caoba-w10\/#breadcrumb"},"inLanguage":"es","potentialAction":[{"@type":"ReadAction","target":["https:\/\/uniformesludo.cl\/index.php\/producto\/set-de-vino-deluxe-caoba-w10\/"]}]},{"@type":"ImageObject","inLanguage":"es","@id":"https:\/\/uniformesludo.cl\/index.php\/producto\/set-de-vino-deluxe-caoba-w10\/#primaryimage","url":"https:\/\/uniformesludo.cl\/wp-content\/uploads\/2024\/09\/set_vino_sacacorchos_metalico_madera_caoba_caja_W10_2.jpg","contentUrl":"https:\/\/uniformesludo.cl\/wp-content\/uploads\/2024\/09\/set_vino_sacacorchos_metalico_madera_caoba_caja_W10_2.jpg","width":500,"height":500},{"@type":"BreadcrumbList","@id":"https:\/\/uniformesludo.cl\/index.php\/producto\/set-de-vino-deluxe-caoba-w10\/#breadcrumb","itemListElement":[{"@type":"ListItem","position":1,"name":"Portada","item":"https:\/\/uniformesludo.cl\/"},{"@type":"ListItem","position":2,"name":"Tienda","item":"https:\/\/uniformesludo.cl\/index.php\/tienda\/"},{"@type":"ListItem","position":3,"name":"Set de Vino Deluxe Caoba W10"}]},{"@type":"WebSite","@id":"https:\/\/uniformesludo.cl\/#website","url":"https:\/\/uniformesludo.cl\/","name":"Uniformes Ludo","description":"Es una de las empresas comercializadoras de Ropa de trabajo, confecci\u00f3n, productos de protecci\u00f3n, prevenci\u00f3n y seguridad una de las m\u00e1s importantes de nuestro pa\u00eds, reconocida a nivel Nacional, con numerosos clientes a lo largo de Chile que avalan su compromiso de calidad. De igual forma, existe una permanente preocupaci\u00f3n por mantener un servicio integral de excelencia que permita identificarnos como \u201cel mejor equipo, la mejor empresa e inversi\u00f3n\u201d.","potentialAction":[{"@type":"SearchAction","target":{"@type":"EntryPoint","urlTemplate":"https:\/\/uniformesludo.cl\/?s={search_term_string}"},"query-input":{"@type":"PropertyValueSpecification","valueRequired":true,"valueName":"search_term_string"}}],"inLanguage":"es"}]}},"_links":{"self":[{"href":"https:\/\/uniformesludo.cl\/index.php\/wp-json\/wp\/v2\/product\/10015889","targetHints":{"allow":["GET"]}}],"collection":[{"href":"https:\/\/uniformesludo.cl\/index.php\/wp-json\/wp\/v2\/product"}],"about":[{"href":"https:\/\/uniformesludo.cl\/index.php\/wp-json\/wp\/v2\/types\/product"}],"replies":[{"embeddable":true,"href":"https:\/\/uniformesludo.cl\/index.php\/wp-json\/wp\/v2\/comments?post=10015889"}],"wp:featuredmedia":[{"embeddable":true,"href":"https:\/\/uniformesludo.cl\/index.php\/wp-json\/wp\/v2\/media\/10016005"}],"wp:attachment":[{"href":"https:\/\/uniformesludo.cl\/index.php\/wp-json\/wp\/v2\/media?parent=10015889"}],"wp:term":[{"taxonomy":"product_brand","embeddable":true,"href":"https:\/\/uniformesludo.cl\/index.php\/wp-json\/wp\/v2\/product_brand?post=10015889"},{"taxonomy":"product_cat","embeddable":true,"href":"https:\/\/uniformesludo.cl\/index.php\/wp-json\/wp\/v2\/product_cat?post=10015889"},{"taxonomy":"product_tag","embeddable":true,"href":"https:\/\/uniformesludo.cl\/index.php\/wp-json\/wp\/v2\/product_tag?post=10015889"}],"curies":[{"name":"wp","href":"https:\/\/api.w.org\/{rel}","templated":true}]}}