{"id":10015813,"date":"2024-09-04T15:59:43","date_gmt":"2024-09-04T15:59:43","guid":{"rendered":"https:\/\/uniformesludo.cl\/?post_type=product&#038;p=10015813"},"modified":"2024-09-04T16:00:44","modified_gmt":"2024-09-04T16:00:44","slug":"set-de-costura-va15","status":"publish","type":"product","link":"https:\/\/uniformesludo.cl\/index.php\/producto\/set-de-costura-va15\/","title":{"rendered":"Set de costura VA15"},"content":{"rendered":"","protected":false},"excerpt":{"rendered":"<p><span style=\"color: #000080;\"><strong>VA15<\/strong><\/span><\/p>\n<p><em>Set de costura en estuche de PVC color blanco. Incluye pinza, pasadores de bola, tijera, hilo de algod\u00f3n multicolor, agujas de coser, botones de repuesto, botones de presi\u00f3n, pasador y enhebrador. Presentaci\u00f3n en caja individual de cartulina blanca.<\/em><\/p>\n<p>1 pinza peque\u00f1a,<br \/>\n3 pasadores de bola,<br \/>\n1 tijera, hilo de algod\u00f3n multicolor<br \/>\n6 rollos, 3 agujas de coser, 2 botones<br \/>\nde repuesto, 2 botones de presi\u00f3n, 1 pasador,<br \/>\n1 enhebrador de aguja.<\/p>\n<p>601055395<\/p>\n<p><img loading=\"lazy\" decoding=\"async\" class=\"alignnone size-full wp-image-513\" src=\"http:\/\/imblasco.cl\/regalos\/wp-content\/uploads\/2019\/06\/tampografia.png\" alt=\"\" width=\"71\" height=\"71\" \/> \u00a0<img loading=\"lazy\" decoding=\"async\" class=\"alignnone size-full wp-image-511\" src=\"http:\/\/imblasco.cl\/regalos\/wp-content\/uploads\/2019\/06\/serigrafia.png\" alt=\"\" width=\"71\" height=\"71\" \/>\u00a0<img loading=\"lazy\" decoding=\"async\" class=\"alignnone size-full wp-image-508\" src=\"http:\/\/imblasco.cl\/regalos\/wp-content\/uploads\/2019\/06\/fibra.png\" alt=\"\" width=\"71\" height=\"71\" \/><\/p>\n","protected":false},"featured_media":10015903,"comment_status":"closed","ping_status":"closed","template":"","meta":[],"product_brand":[],"product_cat":[578,569],"product_tag":[],"class_list":{"0":"post-10015813","1":"product","2":"type-product","3":"status-publish","4":"has-post-thumbnail","6":"product_cat-accesorios-herramientas","7":"product_cat-set-de-regalos","9":"first","10":"instock","11":"shipping-taxable","12":"product-type-simple"},"aioseo_notices":[],"yoast_head":"<!-- This site is optimized with the Yoast SEO plugin v26.5 - https:\/\/yoast.com\/wordpress\/plugins\/seo\/ -->\n<title>Set de costura VA15 - Uniformes Ludo<\/title>\n<meta name=\"robots\" content=\"index, follow, max-snippet:-1, max-image-preview:large, max-video-preview:-1\" \/>\n<link rel=\"canonical\" href=\"https:\/\/uniformesludo.cl\/index.php\/producto\/set-de-costura-va15\/\" \/>\n<meta property=\"og:locale\" content=\"es_ES\" \/>\n<meta property=\"og:type\" content=\"article\" \/>\n<meta property=\"og:title\" content=\"Set de costura VA15 - Uniformes Ludo\" \/>\n<meta property=\"og:description\" content=\"VA15  Set de costura en estuche de PVC color blanco. Incluye pinza, pasadores de bola, tijera, hilo de algod\u00f3n multicolor, agujas de coser, botones de repuesto, botones de presi\u00f3n, pasador y enhebrador. Presentaci\u00f3n en caja individual de cartulina blanca.  1 pinza peque\u00f1a, 3 pasadores de bola, 1 tijera, hilo de algod\u00f3n multicolor 6 rollos, 3 agujas de coser, 2 botones de repuesto, 2 botones de presi\u00f3n, 1 pasador, 1 enhebrador de aguja.  601055395   \u00a0\u00a0\" \/>\n<meta property=\"og:url\" content=\"https:\/\/uniformesludo.cl\/index.php\/producto\/set-de-costura-va15\/\" \/>\n<meta property=\"og:site_name\" content=\"Uniformes Ludo\" \/>\n<meta property=\"article:modified_time\" content=\"2024-09-04T16:00:44+00:00\" \/>\n<meta property=\"og:image\" content=\"https:\/\/uniformesludo.cl\/wp-content\/uploads\/2024\/09\/set_costura_va15_portada.jpg\" \/>\n\t<meta property=\"og:image:width\" content=\"500\" \/>\n\t<meta property=\"og:image:height\" content=\"500\" \/>\n\t<meta property=\"og:image:type\" content=\"image\/jpeg\" \/>\n<meta name=\"twitter:card\" content=\"summary_large_image\" \/>\n<script type=\"application\/ld+json\" class=\"yoast-schema-graph\">{\"@context\":\"https:\/\/schema.org\",\"@graph\":[{\"@type\":\"WebPage\",\"@id\":\"https:\/\/uniformesludo.cl\/index.php\/producto\/set-de-costura-va15\/\",\"url\":\"https:\/\/uniformesludo.cl\/index.php\/producto\/set-de-costura-va15\/\",\"name\":\"Set de costura VA15 - Uniformes Ludo\",\"isPartOf\":{\"@id\":\"https:\/\/uniformesludo.cl\/#website\"},\"primaryImageOfPage\":{\"@id\":\"https:\/\/uniformesludo.cl\/index.php\/producto\/set-de-costura-va15\/#primaryimage\"},\"image\":{\"@id\":\"https:\/\/uniformesludo.cl\/index.php\/producto\/set-de-costura-va15\/#primaryimage\"},\"thumbnailUrl\":\"https:\/\/uniformesludo.cl\/wp-content\/uploads\/2024\/09\/set_costura_va15_portada.jpg\",\"datePublished\":\"2024-09-04T15:59:43+00:00\",\"dateModified\":\"2024-09-04T16:00:44+00:00\",\"breadcrumb\":{\"@id\":\"https:\/\/uniformesludo.cl\/index.php\/producto\/set-de-costura-va15\/#breadcrumb\"},\"inLanguage\":\"es\",\"potentialAction\":[{\"@type\":\"ReadAction\",\"target\":[\"https:\/\/uniformesludo.cl\/index.php\/producto\/set-de-costura-va15\/\"]}]},{\"@type\":\"ImageObject\",\"inLanguage\":\"es\",\"@id\":\"https:\/\/uniformesludo.cl\/index.php\/producto\/set-de-costura-va15\/#primaryimage\",\"url\":\"https:\/\/uniformesludo.cl\/wp-content\/uploads\/2024\/09\/set_costura_va15_portada.jpg\",\"contentUrl\":\"https:\/\/uniformesludo.cl\/wp-content\/uploads\/2024\/09\/set_costura_va15_portada.jpg\",\"width\":500,\"height\":500},{\"@type\":\"BreadcrumbList\",\"@id\":\"https:\/\/uniformesludo.cl\/index.php\/producto\/set-de-costura-va15\/#breadcrumb\",\"itemListElement\":[{\"@type\":\"ListItem\",\"position\":1,\"name\":\"Portada\",\"item\":\"https:\/\/uniformesludo.cl\/\"},{\"@type\":\"ListItem\",\"position\":2,\"name\":\"Tienda\",\"item\":\"https:\/\/uniformesludo.cl\/index.php\/tienda\/\"},{\"@type\":\"ListItem\",\"position\":3,\"name\":\"Set de costura VA15\"}]},{\"@type\":\"WebSite\",\"@id\":\"https:\/\/uniformesludo.cl\/#website\",\"url\":\"https:\/\/uniformesludo.cl\/\",\"name\":\"Uniformes Ludo\",\"description\":\"Es una de las empresas comercializadoras de Ropa de trabajo, confecci\u00f3n, productos de protecci\u00f3n, prevenci\u00f3n y seguridad una de las m\u00e1s importantes de nuestro pa\u00eds, reconocida a nivel Nacional, con numerosos clientes a lo largo de Chile que avalan su compromiso de calidad. De igual forma, existe una permanente preocupaci\u00f3n por mantener un servicio integral de excelencia que permita identificarnos como \u201cel mejor equipo, la mejor empresa e inversi\u00f3n\u201d.\",\"potentialAction\":[{\"@type\":\"SearchAction\",\"target\":{\"@type\":\"EntryPoint\",\"urlTemplate\":\"https:\/\/uniformesludo.cl\/?s={search_term_string}\"},\"query-input\":{\"@type\":\"PropertyValueSpecification\",\"valueRequired\":true,\"valueName\":\"search_term_string\"}}],\"inLanguage\":\"es\"}]}<\/script>\n<!-- \/ Yoast SEO plugin. -->","yoast_head_json":{"title":"Set de costura VA15 - Uniformes Ludo","robots":{"index":"index","follow":"follow","max-snippet":"max-snippet:-1","max-image-preview":"max-image-preview:large","max-video-preview":"max-video-preview:-1"},"canonical":"https:\/\/uniformesludo.cl\/index.php\/producto\/set-de-costura-va15\/","og_locale":"es_ES","og_type":"article","og_title":"Set de costura VA15 - Uniformes Ludo","og_description":"VA15  Set de costura en estuche de PVC color blanco. Incluye pinza, pasadores de bola, tijera, hilo de algod\u00f3n multicolor, agujas de coser, botones de repuesto, botones de presi\u00f3n, pasador y enhebrador. Presentaci\u00f3n en caja individual de cartulina blanca.  1 pinza peque\u00f1a, 3 pasadores de bola, 1 tijera, hilo de algod\u00f3n multicolor 6 rollos, 3 agujas de coser, 2 botones de repuesto, 2 botones de presi\u00f3n, 1 pasador, 1 enhebrador de aguja.  601055395   \u00a0\u00a0","og_url":"https:\/\/uniformesludo.cl\/index.php\/producto\/set-de-costura-va15\/","og_site_name":"Uniformes Ludo","article_modified_time":"2024-09-04T16:00:44+00:00","og_image":[{"width":500,"height":500,"url":"https:\/\/uniformesludo.cl\/wp-content\/uploads\/2024\/09\/set_costura_va15_portada.jpg","type":"image\/jpeg"}],"twitter_card":"summary_large_image","schema":{"@context":"https:\/\/schema.org","@graph":[{"@type":"WebPage","@id":"https:\/\/uniformesludo.cl\/index.php\/producto\/set-de-costura-va15\/","url":"https:\/\/uniformesludo.cl\/index.php\/producto\/set-de-costura-va15\/","name":"Set de costura VA15 - Uniformes Ludo","isPartOf":{"@id":"https:\/\/uniformesludo.cl\/#website"},"primaryImageOfPage":{"@id":"https:\/\/uniformesludo.cl\/index.php\/producto\/set-de-costura-va15\/#primaryimage"},"image":{"@id":"https:\/\/uniformesludo.cl\/index.php\/producto\/set-de-costura-va15\/#primaryimage"},"thumbnailUrl":"https:\/\/uniformesludo.cl\/wp-content\/uploads\/2024\/09\/set_costura_va15_portada.jpg","datePublished":"2024-09-04T15:59:43+00:00","dateModified":"2024-09-04T16:00:44+00:00","breadcrumb":{"@id":"https:\/\/uniformesludo.cl\/index.php\/producto\/set-de-costura-va15\/#breadcrumb"},"inLanguage":"es","potentialAction":[{"@type":"ReadAction","target":["https:\/\/uniformesludo.cl\/index.php\/producto\/set-de-costura-va15\/"]}]},{"@type":"ImageObject","inLanguage":"es","@id":"https:\/\/uniformesludo.cl\/index.php\/producto\/set-de-costura-va15\/#primaryimage","url":"https:\/\/uniformesludo.cl\/wp-content\/uploads\/2024\/09\/set_costura_va15_portada.jpg","contentUrl":"https:\/\/uniformesludo.cl\/wp-content\/uploads\/2024\/09\/set_costura_va15_portada.jpg","width":500,"height":500},{"@type":"BreadcrumbList","@id":"https:\/\/uniformesludo.cl\/index.php\/producto\/set-de-costura-va15\/#breadcrumb","itemListElement":[{"@type":"ListItem","position":1,"name":"Portada","item":"https:\/\/uniformesludo.cl\/"},{"@type":"ListItem","position":2,"name":"Tienda","item":"https:\/\/uniformesludo.cl\/index.php\/tienda\/"},{"@type":"ListItem","position":3,"name":"Set de costura VA15"}]},{"@type":"WebSite","@id":"https:\/\/uniformesludo.cl\/#website","url":"https:\/\/uniformesludo.cl\/","name":"Uniformes Ludo","description":"Es una de las empresas comercializadoras de Ropa de trabajo, confecci\u00f3n, productos de protecci\u00f3n, prevenci\u00f3n y seguridad una de las m\u00e1s importantes de nuestro pa\u00eds, reconocida a nivel Nacional, con numerosos clientes a lo largo de Chile que avalan su compromiso de calidad. De igual forma, existe una permanente preocupaci\u00f3n por mantener un servicio integral de excelencia que permita identificarnos como \u201cel mejor equipo, la mejor empresa e inversi\u00f3n\u201d.","potentialAction":[{"@type":"SearchAction","target":{"@type":"EntryPoint","urlTemplate":"https:\/\/uniformesludo.cl\/?s={search_term_string}"},"query-input":{"@type":"PropertyValueSpecification","valueRequired":true,"valueName":"search_term_string"}}],"inLanguage":"es"}]}},"_links":{"self":[{"href":"https:\/\/uniformesludo.cl\/index.php\/wp-json\/wp\/v2\/product\/10015813","targetHints":{"allow":["GET"]}}],"collection":[{"href":"https:\/\/uniformesludo.cl\/index.php\/wp-json\/wp\/v2\/product"}],"about":[{"href":"https:\/\/uniformesludo.cl\/index.php\/wp-json\/wp\/v2\/types\/product"}],"replies":[{"embeddable":true,"href":"https:\/\/uniformesludo.cl\/index.php\/wp-json\/wp\/v2\/comments?post=10015813"}],"wp:featuredmedia":[{"embeddable":true,"href":"https:\/\/uniformesludo.cl\/index.php\/wp-json\/wp\/v2\/media\/10015903"}],"wp:attachment":[{"href":"https:\/\/uniformesludo.cl\/index.php\/wp-json\/wp\/v2\/media?parent=10015813"}],"wp:term":[{"taxonomy":"product_brand","embeddable":true,"href":"https:\/\/uniformesludo.cl\/index.php\/wp-json\/wp\/v2\/product_brand?post=10015813"},{"taxonomy":"product_cat","embeddable":true,"href":"https:\/\/uniformesludo.cl\/index.php\/wp-json\/wp\/v2\/product_cat?post=10015813"},{"taxonomy":"product_tag","embeddable":true,"href":"https:\/\/uniformesludo.cl\/index.php\/wp-json\/wp\/v2\/product_tag?post=10015813"}],"curies":[{"name":"wp","href":"https:\/\/api.w.org\/{rel}","templated":true}]}}