{"id":10015660,"date":"2024-09-04T15:58:33","date_gmt":"2024-09-04T15:58:33","guid":{"rendered":"https:\/\/uniformesludo.cl\/?post_type=product&#038;p=10015660"},"modified":"2024-09-04T15:59:32","modified_gmt":"2024-09-04T15:59:32","slug":"libreta-memo-set-ecologica-n22","status":"publish","type":"product","link":"https:\/\/uniformesludo.cl\/index.php\/producto\/libreta-memo-set-ecologica-n22\/","title":{"rendered":"Libreta Memo Set Ecol\u00f3gica N22"},"content":{"rendered":"","protected":false},"excerpt":{"rendered":"<p><span style=\"color: #000080;\"><strong>N22<\/strong><\/span><\/p>\n<p><em>Libreta memo set ecol\u00f3gica con anillado doble cero met\u00e1lico y marcador de d\u00eda de la semana. Incluye set de post-it y bol\u00edgrafo ecol\u00f3gico.<\/em><\/p>\n<p><em>125 Flag Post-it.<\/em><br \/>\n<em>70 hojas lineadas papel kraft \u00a070 grs, <\/em><br \/>\n<em>impreso signo reciclaje.<\/em><br \/>\n<em>Caja de 100 unidades.<\/em><\/p>\n<p>601060744<\/p>\n<p><img loading=\"lazy\" decoding=\"async\" class=\"alignnone size-full wp-image-513\" src=\"http:\/\/imblasco.cl\/regalos\/wp-content\/uploads\/2019\/06\/tampografia.png\" alt=\"\" width=\"71\" height=\"71\" \/> \u00a0<img loading=\"lazy\" decoding=\"async\" class=\"alignnone size-full wp-image-511\" src=\"http:\/\/imblasco.cl\/regalos\/wp-content\/uploads\/2019\/06\/serigrafia.png\" alt=\"\" width=\"71\" height=\"71\" \/>\u00a0<img loading=\"lazy\" decoding=\"async\" class=\"alignnone size-full wp-image-509\" src=\"http:\/\/imblasco.cl\/regalos\/wp-content\/uploads\/2019\/06\/laser.png\" alt=\"\" width=\"71\" height=\"71\" \/><\/p>\n","protected":false},"featured_media":10015790,"comment_status":"closed","ping_status":"closed","template":"","meta":[],"product_brand":[],"product_cat":[581],"product_tag":[],"class_list":{"0":"post-10015660","1":"product","2":"type-product","3":"status-publish","4":"has-post-thumbnail","6":"product_cat-libretas-cuadernos-memo-set","8":"first","9":"instock","10":"shipping-taxable","11":"product-type-simple"},"aioseo_notices":[],"yoast_head":"<!-- This site is optimized with the Yoast SEO plugin v26.5 - https:\/\/yoast.com\/wordpress\/plugins\/seo\/ -->\n<title>Libreta Memo Set Ecol\u00f3gica N22 - Uniformes Ludo<\/title>\n<meta name=\"robots\" content=\"index, follow, max-snippet:-1, max-image-preview:large, max-video-preview:-1\" \/>\n<link rel=\"canonical\" href=\"https:\/\/uniformesludo.cl\/index.php\/producto\/libreta-memo-set-ecologica-n22\/\" \/>\n<meta property=\"og:locale\" content=\"es_ES\" \/>\n<meta property=\"og:type\" content=\"article\" \/>\n<meta property=\"og:title\" content=\"Libreta Memo Set Ecol\u00f3gica N22 - Uniformes Ludo\" \/>\n<meta property=\"og:description\" content=\"N22  Libreta memo set ecol\u00f3gica con anillado doble cero met\u00e1lico y marcador de d\u00eda de la semana. Incluye set de post-it y bol\u00edgrafo ecol\u00f3gico.  125 Flag Post-it. 70 hojas lineadas papel kraft \u00a070 grs,  impreso signo reciclaje. Caja de 100 unidades.  601060744   \u00a0\u00a0\" \/>\n<meta property=\"og:url\" content=\"https:\/\/uniformesludo.cl\/index.php\/producto\/libreta-memo-set-ecologica-n22\/\" \/>\n<meta property=\"og:site_name\" content=\"Uniformes Ludo\" \/>\n<meta property=\"article:modified_time\" content=\"2024-09-04T15:59:32+00:00\" \/>\n<meta property=\"og:image\" content=\"https:\/\/uniformesludo.cl\/wp-content\/uploads\/2024\/09\/N22-portada.jpg\" \/>\n\t<meta property=\"og:image:width\" content=\"1500\" \/>\n\t<meta property=\"og:image:height\" content=\"1500\" \/>\n\t<meta property=\"og:image:type\" content=\"image\/jpeg\" \/>\n<meta name=\"twitter:card\" content=\"summary_large_image\" \/>\n<script type=\"application\/ld+json\" class=\"yoast-schema-graph\">{\"@context\":\"https:\/\/schema.org\",\"@graph\":[{\"@type\":\"WebPage\",\"@id\":\"https:\/\/uniformesludo.cl\/index.php\/producto\/libreta-memo-set-ecologica-n22\/\",\"url\":\"https:\/\/uniformesludo.cl\/index.php\/producto\/libreta-memo-set-ecologica-n22\/\",\"name\":\"Libreta Memo Set Ecol\u00f3gica N22 - Uniformes Ludo\",\"isPartOf\":{\"@id\":\"https:\/\/uniformesludo.cl\/#website\"},\"primaryImageOfPage\":{\"@id\":\"https:\/\/uniformesludo.cl\/index.php\/producto\/libreta-memo-set-ecologica-n22\/#primaryimage\"},\"image\":{\"@id\":\"https:\/\/uniformesludo.cl\/index.php\/producto\/libreta-memo-set-ecologica-n22\/#primaryimage\"},\"thumbnailUrl\":\"https:\/\/uniformesludo.cl\/wp-content\/uploads\/2024\/09\/N22-portada.jpg\",\"datePublished\":\"2024-09-04T15:58:33+00:00\",\"dateModified\":\"2024-09-04T15:59:32+00:00\",\"breadcrumb\":{\"@id\":\"https:\/\/uniformesludo.cl\/index.php\/producto\/libreta-memo-set-ecologica-n22\/#breadcrumb\"},\"inLanguage\":\"es\",\"potentialAction\":[{\"@type\":\"ReadAction\",\"target\":[\"https:\/\/uniformesludo.cl\/index.php\/producto\/libreta-memo-set-ecologica-n22\/\"]}]},{\"@type\":\"ImageObject\",\"inLanguage\":\"es\",\"@id\":\"https:\/\/uniformesludo.cl\/index.php\/producto\/libreta-memo-set-ecologica-n22\/#primaryimage\",\"url\":\"https:\/\/uniformesludo.cl\/wp-content\/uploads\/2024\/09\/N22-portada.jpg\",\"contentUrl\":\"https:\/\/uniformesludo.cl\/wp-content\/uploads\/2024\/09\/N22-portada.jpg\",\"width\":1500,\"height\":1500},{\"@type\":\"BreadcrumbList\",\"@id\":\"https:\/\/uniformesludo.cl\/index.php\/producto\/libreta-memo-set-ecologica-n22\/#breadcrumb\",\"itemListElement\":[{\"@type\":\"ListItem\",\"position\":1,\"name\":\"Portada\",\"item\":\"https:\/\/uniformesludo.cl\/\"},{\"@type\":\"ListItem\",\"position\":2,\"name\":\"Tienda\",\"item\":\"https:\/\/uniformesludo.cl\/index.php\/tienda\/\"},{\"@type\":\"ListItem\",\"position\":3,\"name\":\"Libreta Memo Set Ecol\u00f3gica N22\"}]},{\"@type\":\"WebSite\",\"@id\":\"https:\/\/uniformesludo.cl\/#website\",\"url\":\"https:\/\/uniformesludo.cl\/\",\"name\":\"Uniformes Ludo\",\"description\":\"Es una de las empresas comercializadoras de Ropa de trabajo, confecci\u00f3n, productos de protecci\u00f3n, prevenci\u00f3n y seguridad una de las m\u00e1s importantes de nuestro pa\u00eds, reconocida a nivel Nacional, con numerosos clientes a lo largo de Chile que avalan su compromiso de calidad. De igual forma, existe una permanente preocupaci\u00f3n por mantener un servicio integral de excelencia que permita identificarnos como \u201cel mejor equipo, la mejor empresa e inversi\u00f3n\u201d.\",\"potentialAction\":[{\"@type\":\"SearchAction\",\"target\":{\"@type\":\"EntryPoint\",\"urlTemplate\":\"https:\/\/uniformesludo.cl\/?s={search_term_string}\"},\"query-input\":{\"@type\":\"PropertyValueSpecification\",\"valueRequired\":true,\"valueName\":\"search_term_string\"}}],\"inLanguage\":\"es\"}]}<\/script>\n<!-- \/ Yoast SEO plugin. -->","yoast_head_json":{"title":"Libreta Memo Set Ecol\u00f3gica N22 - Uniformes Ludo","robots":{"index":"index","follow":"follow","max-snippet":"max-snippet:-1","max-image-preview":"max-image-preview:large","max-video-preview":"max-video-preview:-1"},"canonical":"https:\/\/uniformesludo.cl\/index.php\/producto\/libreta-memo-set-ecologica-n22\/","og_locale":"es_ES","og_type":"article","og_title":"Libreta Memo Set Ecol\u00f3gica N22 - Uniformes Ludo","og_description":"N22  Libreta memo set ecol\u00f3gica con anillado doble cero met\u00e1lico y marcador de d\u00eda de la semana. Incluye set de post-it y bol\u00edgrafo ecol\u00f3gico.  125 Flag Post-it. 70 hojas lineadas papel kraft \u00a070 grs,  impreso signo reciclaje. Caja de 100 unidades.  601060744   \u00a0\u00a0","og_url":"https:\/\/uniformesludo.cl\/index.php\/producto\/libreta-memo-set-ecologica-n22\/","og_site_name":"Uniformes Ludo","article_modified_time":"2024-09-04T15:59:32+00:00","og_image":[{"width":1500,"height":1500,"url":"https:\/\/uniformesludo.cl\/wp-content\/uploads\/2024\/09\/N22-portada.jpg","type":"image\/jpeg"}],"twitter_card":"summary_large_image","schema":{"@context":"https:\/\/schema.org","@graph":[{"@type":"WebPage","@id":"https:\/\/uniformesludo.cl\/index.php\/producto\/libreta-memo-set-ecologica-n22\/","url":"https:\/\/uniformesludo.cl\/index.php\/producto\/libreta-memo-set-ecologica-n22\/","name":"Libreta Memo Set Ecol\u00f3gica N22 - Uniformes Ludo","isPartOf":{"@id":"https:\/\/uniformesludo.cl\/#website"},"primaryImageOfPage":{"@id":"https:\/\/uniformesludo.cl\/index.php\/producto\/libreta-memo-set-ecologica-n22\/#primaryimage"},"image":{"@id":"https:\/\/uniformesludo.cl\/index.php\/producto\/libreta-memo-set-ecologica-n22\/#primaryimage"},"thumbnailUrl":"https:\/\/uniformesludo.cl\/wp-content\/uploads\/2024\/09\/N22-portada.jpg","datePublished":"2024-09-04T15:58:33+00:00","dateModified":"2024-09-04T15:59:32+00:00","breadcrumb":{"@id":"https:\/\/uniformesludo.cl\/index.php\/producto\/libreta-memo-set-ecologica-n22\/#breadcrumb"},"inLanguage":"es","potentialAction":[{"@type":"ReadAction","target":["https:\/\/uniformesludo.cl\/index.php\/producto\/libreta-memo-set-ecologica-n22\/"]}]},{"@type":"ImageObject","inLanguage":"es","@id":"https:\/\/uniformesludo.cl\/index.php\/producto\/libreta-memo-set-ecologica-n22\/#primaryimage","url":"https:\/\/uniformesludo.cl\/wp-content\/uploads\/2024\/09\/N22-portada.jpg","contentUrl":"https:\/\/uniformesludo.cl\/wp-content\/uploads\/2024\/09\/N22-portada.jpg","width":1500,"height":1500},{"@type":"BreadcrumbList","@id":"https:\/\/uniformesludo.cl\/index.php\/producto\/libreta-memo-set-ecologica-n22\/#breadcrumb","itemListElement":[{"@type":"ListItem","position":1,"name":"Portada","item":"https:\/\/uniformesludo.cl\/"},{"@type":"ListItem","position":2,"name":"Tienda","item":"https:\/\/uniformesludo.cl\/index.php\/tienda\/"},{"@type":"ListItem","position":3,"name":"Libreta Memo Set Ecol\u00f3gica N22"}]},{"@type":"WebSite","@id":"https:\/\/uniformesludo.cl\/#website","url":"https:\/\/uniformesludo.cl\/","name":"Uniformes Ludo","description":"Es una de las empresas comercializadoras de Ropa de trabajo, confecci\u00f3n, productos de protecci\u00f3n, prevenci\u00f3n y seguridad una de las m\u00e1s importantes de nuestro pa\u00eds, reconocida a nivel Nacional, con numerosos clientes a lo largo de Chile que avalan su compromiso de calidad. De igual forma, existe una permanente preocupaci\u00f3n por mantener un servicio integral de excelencia que permita identificarnos como \u201cel mejor equipo, la mejor empresa e inversi\u00f3n\u201d.","potentialAction":[{"@type":"SearchAction","target":{"@type":"EntryPoint","urlTemplate":"https:\/\/uniformesludo.cl\/?s={search_term_string}"},"query-input":{"@type":"PropertyValueSpecification","valueRequired":true,"valueName":"search_term_string"}}],"inLanguage":"es"}]}},"_links":{"self":[{"href":"https:\/\/uniformesludo.cl\/index.php\/wp-json\/wp\/v2\/product\/10015660","targetHints":{"allow":["GET"]}}],"collection":[{"href":"https:\/\/uniformesludo.cl\/index.php\/wp-json\/wp\/v2\/product"}],"about":[{"href":"https:\/\/uniformesludo.cl\/index.php\/wp-json\/wp\/v2\/types\/product"}],"replies":[{"embeddable":true,"href":"https:\/\/uniformesludo.cl\/index.php\/wp-json\/wp\/v2\/comments?post=10015660"}],"wp:featuredmedia":[{"embeddable":true,"href":"https:\/\/uniformesludo.cl\/index.php\/wp-json\/wp\/v2\/media\/10015790"}],"wp:attachment":[{"href":"https:\/\/uniformesludo.cl\/index.php\/wp-json\/wp\/v2\/media?parent=10015660"}],"wp:term":[{"taxonomy":"product_brand","embeddable":true,"href":"https:\/\/uniformesludo.cl\/index.php\/wp-json\/wp\/v2\/product_brand?post=10015660"},{"taxonomy":"product_cat","embeddable":true,"href":"https:\/\/uniformesludo.cl\/index.php\/wp-json\/wp\/v2\/product_cat?post=10015660"},{"taxonomy":"product_tag","embeddable":true,"href":"https:\/\/uniformesludo.cl\/index.php\/wp-json\/wp\/v2\/product_tag?post=10015660"}],"curies":[{"name":"wp","href":"https:\/\/api.w.org\/{rel}","templated":true}]}}