{"id":10015303,"date":"2024-09-04T15:55:15","date_gmt":"2024-09-04T15:55:15","guid":{"rendered":"https:\/\/uniformesludo.cl\/?post_type=product&#038;p=10015303"},"modified":"2024-09-04T15:56:28","modified_gmt":"2024-09-04T15:56:28","slug":"botella-sublimable-acero-inoxidable-m91","status":"publish","type":"product","link":"https:\/\/uniformesludo.cl\/index.php\/producto\/botella-sublimable-acero-inoxidable-m91\/","title":{"rendered":"Botella Sublimable Acero Inoxidable M91"},"content":{"rendered":"","protected":false},"excerpt":{"rendered":"<p><span style=\"color: #000080;\"><strong>M91<\/strong><\/span><\/p>\n<p><em>Botella blanca para sublimaci\u00f3n de acero inoxidable SS201,con tapa rosca negra pl\u00e1stica y dosificador. Capacidad de 650 ml. Presentaci\u00f3n en bolsa pl\u00e1stica dentro de caja de cart\u00f3n negra.<\/em><\/p>\n<p>Marca\u00a0<strong>Polar<\/strong>. Alta calidad sublimable.<br \/>\nCaja de 80 unidades.<\/p>\n<p>Acero Inoxidable SS201.<\/p>\n<p>601063181<\/p>\n<hr \/>\n<p><em>Indicaciones para sublimaci\u00f3n:<\/em><\/p>\n<p>Temperatura: 180\u00b0 &#8211; 190\u00b0 grados Celsius<\/p>\n<p>Tiempo: 90 segundos<\/p>\n<p><strong>Remover la tapa para sublimar\u00a0 \u00a0<\/strong><\/p>\n<p><img loading=\"lazy\" decoding=\"async\" class=\"alignnone size-full wp-image-512\" src=\"http:\/\/imblasco.cl\/regalos\/wp-content\/uploads\/2019\/06\/sublimacion.png\" alt=\"\" width=\"71\" height=\"71\" \/><img loading=\"lazy\" decoding=\"async\" class=\"alignnone size-full wp-image-511\" src=\"http:\/\/imblasco.cl\/regalos\/wp-content\/uploads\/2019\/06\/serigrafia.png\" alt=\"\" width=\"71\" height=\"71\" \/><\/p>\n","protected":false},"featured_media":10015448,"comment_status":"closed","ping_status":"closed","template":"","meta":[],"product_brand":[],"product_cat":[573,570,557,568],"product_tag":[],"class_list":{"0":"post-10015303","1":"product","2":"type-product","3":"status-publish","4":"has-post-thumbnail","6":"product_cat-botellas","7":"product_cat-botellas-mugs-tazones-termos-vasos","8":"product_cat-productos-para-sublimacion","9":"product_cat-regalos-y-trofeos-premium","11":"first","12":"outofstock","13":"shipping-taxable","14":"product-type-simple"},"aioseo_notices":[],"yoast_head":"<!-- This site is optimized with the Yoast SEO plugin v26.5 - https:\/\/yoast.com\/wordpress\/plugins\/seo\/ -->\n<title>Botella Sublimable Acero Inoxidable M91 - Uniformes Ludo<\/title>\n<meta name=\"robots\" content=\"index, follow, max-snippet:-1, max-image-preview:large, max-video-preview:-1\" \/>\n<link rel=\"canonical\" href=\"https:\/\/uniformesludo.cl\/index.php\/producto\/botella-sublimable-acero-inoxidable-m91\/\" \/>\n<meta property=\"og:locale\" content=\"es_ES\" \/>\n<meta property=\"og:type\" content=\"article\" \/>\n<meta property=\"og:title\" content=\"Botella Sublimable Acero Inoxidable M91 - Uniformes Ludo\" \/>\n<meta property=\"og:description\" content=\"M91  Botella blanca para sublimaci\u00f3n de acero inoxidable SS201,con tapa rosca negra pl\u00e1stica y dosificador. Capacidad de 650 ml. Presentaci\u00f3n en bolsa pl\u00e1stica dentro de caja de cart\u00f3n negra.  Marca\u00a0Polar. Alta calidad sublimable. Caja de 80 unidades.  Acero Inoxidable SS201.  601063181    Indicaciones para sublimaci\u00f3n:  Temperatura: 180\u00b0 - 190\u00b0 grados Celsius  Tiempo: 90 segundos  Remover la tapa para sublimar\u00a0 \u00a0\" \/>\n<meta property=\"og:url\" content=\"https:\/\/uniformesludo.cl\/index.php\/producto\/botella-sublimable-acero-inoxidable-m91\/\" \/>\n<meta property=\"og:site_name\" content=\"Uniformes Ludo\" \/>\n<meta property=\"article:modified_time\" content=\"2024-09-04T15:56:28+00:00\" \/>\n<meta property=\"og:image\" content=\"https:\/\/uniformesludo.cl\/wp-content\/uploads\/2024\/09\/M91-nuevo-stock.jpg\" \/>\n\t<meta property=\"og:image:width\" content=\"1500\" \/>\n\t<meta property=\"og:image:height\" content=\"1500\" \/>\n\t<meta property=\"og:image:type\" content=\"image\/jpeg\" \/>\n<meta name=\"twitter:card\" content=\"summary_large_image\" \/>\n<script type=\"application\/ld+json\" class=\"yoast-schema-graph\">{\"@context\":\"https:\/\/schema.org\",\"@graph\":[{\"@type\":\"WebPage\",\"@id\":\"https:\/\/uniformesludo.cl\/index.php\/producto\/botella-sublimable-acero-inoxidable-m91\/\",\"url\":\"https:\/\/uniformesludo.cl\/index.php\/producto\/botella-sublimable-acero-inoxidable-m91\/\",\"name\":\"Botella Sublimable Acero Inoxidable M91 - Uniformes Ludo\",\"isPartOf\":{\"@id\":\"https:\/\/uniformesludo.cl\/#website\"},\"primaryImageOfPage\":{\"@id\":\"https:\/\/uniformesludo.cl\/index.php\/producto\/botella-sublimable-acero-inoxidable-m91\/#primaryimage\"},\"image\":{\"@id\":\"https:\/\/uniformesludo.cl\/index.php\/producto\/botella-sublimable-acero-inoxidable-m91\/#primaryimage\"},\"thumbnailUrl\":\"https:\/\/uniformesludo.cl\/wp-content\/uploads\/2024\/09\/M91-nuevo-stock.jpg\",\"datePublished\":\"2024-09-04T15:55:15+00:00\",\"dateModified\":\"2024-09-04T15:56:28+00:00\",\"breadcrumb\":{\"@id\":\"https:\/\/uniformesludo.cl\/index.php\/producto\/botella-sublimable-acero-inoxidable-m91\/#breadcrumb\"},\"inLanguage\":\"es\",\"potentialAction\":[{\"@type\":\"ReadAction\",\"target\":[\"https:\/\/uniformesludo.cl\/index.php\/producto\/botella-sublimable-acero-inoxidable-m91\/\"]}]},{\"@type\":\"ImageObject\",\"inLanguage\":\"es\",\"@id\":\"https:\/\/uniformesludo.cl\/index.php\/producto\/botella-sublimable-acero-inoxidable-m91\/#primaryimage\",\"url\":\"https:\/\/uniformesludo.cl\/wp-content\/uploads\/2024\/09\/M91-nuevo-stock.jpg\",\"contentUrl\":\"https:\/\/uniformesludo.cl\/wp-content\/uploads\/2024\/09\/M91-nuevo-stock.jpg\",\"width\":1500,\"height\":1500},{\"@type\":\"BreadcrumbList\",\"@id\":\"https:\/\/uniformesludo.cl\/index.php\/producto\/botella-sublimable-acero-inoxidable-m91\/#breadcrumb\",\"itemListElement\":[{\"@type\":\"ListItem\",\"position\":1,\"name\":\"Portada\",\"item\":\"https:\/\/uniformesludo.cl\/\"},{\"@type\":\"ListItem\",\"position\":2,\"name\":\"Tienda\",\"item\":\"https:\/\/uniformesludo.cl\/index.php\/tienda\/\"},{\"@type\":\"ListItem\",\"position\":3,\"name\":\"Botella Sublimable Acero Inoxidable M91\"}]},{\"@type\":\"WebSite\",\"@id\":\"https:\/\/uniformesludo.cl\/#website\",\"url\":\"https:\/\/uniformesludo.cl\/\",\"name\":\"Uniformes Ludo\",\"description\":\"Es una de las empresas comercializadoras de Ropa de trabajo, confecci\u00f3n, productos de protecci\u00f3n, prevenci\u00f3n y seguridad una de las m\u00e1s importantes de nuestro pa\u00eds, reconocida a nivel Nacional, con numerosos clientes a lo largo de Chile que avalan su compromiso de calidad. De igual forma, existe una permanente preocupaci\u00f3n por mantener un servicio integral de excelencia que permita identificarnos como \u201cel mejor equipo, la mejor empresa e inversi\u00f3n\u201d.\",\"potentialAction\":[{\"@type\":\"SearchAction\",\"target\":{\"@type\":\"EntryPoint\",\"urlTemplate\":\"https:\/\/uniformesludo.cl\/?s={search_term_string}\"},\"query-input\":{\"@type\":\"PropertyValueSpecification\",\"valueRequired\":true,\"valueName\":\"search_term_string\"}}],\"inLanguage\":\"es\"}]}<\/script>\n<!-- \/ Yoast SEO plugin. -->","yoast_head_json":{"title":"Botella Sublimable Acero Inoxidable M91 - Uniformes Ludo","robots":{"index":"index","follow":"follow","max-snippet":"max-snippet:-1","max-image-preview":"max-image-preview:large","max-video-preview":"max-video-preview:-1"},"canonical":"https:\/\/uniformesludo.cl\/index.php\/producto\/botella-sublimable-acero-inoxidable-m91\/","og_locale":"es_ES","og_type":"article","og_title":"Botella Sublimable Acero Inoxidable M91 - Uniformes Ludo","og_description":"M91  Botella blanca para sublimaci\u00f3n de acero inoxidable SS201,con tapa rosca negra pl\u00e1stica y dosificador. Capacidad de 650 ml. Presentaci\u00f3n en bolsa pl\u00e1stica dentro de caja de cart\u00f3n negra.  Marca\u00a0Polar. Alta calidad sublimable. Caja de 80 unidades.  Acero Inoxidable SS201.  601063181    Indicaciones para sublimaci\u00f3n:  Temperatura: 180\u00b0 - 190\u00b0 grados Celsius  Tiempo: 90 segundos  Remover la tapa para sublimar\u00a0 \u00a0","og_url":"https:\/\/uniformesludo.cl\/index.php\/producto\/botella-sublimable-acero-inoxidable-m91\/","og_site_name":"Uniformes Ludo","article_modified_time":"2024-09-04T15:56:28+00:00","og_image":[{"width":1500,"height":1500,"url":"https:\/\/uniformesludo.cl\/wp-content\/uploads\/2024\/09\/M91-nuevo-stock.jpg","type":"image\/jpeg"}],"twitter_card":"summary_large_image","schema":{"@context":"https:\/\/schema.org","@graph":[{"@type":"WebPage","@id":"https:\/\/uniformesludo.cl\/index.php\/producto\/botella-sublimable-acero-inoxidable-m91\/","url":"https:\/\/uniformesludo.cl\/index.php\/producto\/botella-sublimable-acero-inoxidable-m91\/","name":"Botella Sublimable Acero Inoxidable M91 - Uniformes Ludo","isPartOf":{"@id":"https:\/\/uniformesludo.cl\/#website"},"primaryImageOfPage":{"@id":"https:\/\/uniformesludo.cl\/index.php\/producto\/botella-sublimable-acero-inoxidable-m91\/#primaryimage"},"image":{"@id":"https:\/\/uniformesludo.cl\/index.php\/producto\/botella-sublimable-acero-inoxidable-m91\/#primaryimage"},"thumbnailUrl":"https:\/\/uniformesludo.cl\/wp-content\/uploads\/2024\/09\/M91-nuevo-stock.jpg","datePublished":"2024-09-04T15:55:15+00:00","dateModified":"2024-09-04T15:56:28+00:00","breadcrumb":{"@id":"https:\/\/uniformesludo.cl\/index.php\/producto\/botella-sublimable-acero-inoxidable-m91\/#breadcrumb"},"inLanguage":"es","potentialAction":[{"@type":"ReadAction","target":["https:\/\/uniformesludo.cl\/index.php\/producto\/botella-sublimable-acero-inoxidable-m91\/"]}]},{"@type":"ImageObject","inLanguage":"es","@id":"https:\/\/uniformesludo.cl\/index.php\/producto\/botella-sublimable-acero-inoxidable-m91\/#primaryimage","url":"https:\/\/uniformesludo.cl\/wp-content\/uploads\/2024\/09\/M91-nuevo-stock.jpg","contentUrl":"https:\/\/uniformesludo.cl\/wp-content\/uploads\/2024\/09\/M91-nuevo-stock.jpg","width":1500,"height":1500},{"@type":"BreadcrumbList","@id":"https:\/\/uniformesludo.cl\/index.php\/producto\/botella-sublimable-acero-inoxidable-m91\/#breadcrumb","itemListElement":[{"@type":"ListItem","position":1,"name":"Portada","item":"https:\/\/uniformesludo.cl\/"},{"@type":"ListItem","position":2,"name":"Tienda","item":"https:\/\/uniformesludo.cl\/index.php\/tienda\/"},{"@type":"ListItem","position":3,"name":"Botella Sublimable Acero Inoxidable M91"}]},{"@type":"WebSite","@id":"https:\/\/uniformesludo.cl\/#website","url":"https:\/\/uniformesludo.cl\/","name":"Uniformes Ludo","description":"Es una de las empresas comercializadoras de Ropa de trabajo, confecci\u00f3n, productos de protecci\u00f3n, prevenci\u00f3n y seguridad una de las m\u00e1s importantes de nuestro pa\u00eds, reconocida a nivel Nacional, con numerosos clientes a lo largo de Chile que avalan su compromiso de calidad. De igual forma, existe una permanente preocupaci\u00f3n por mantener un servicio integral de excelencia que permita identificarnos como \u201cel mejor equipo, la mejor empresa e inversi\u00f3n\u201d.","potentialAction":[{"@type":"SearchAction","target":{"@type":"EntryPoint","urlTemplate":"https:\/\/uniformesludo.cl\/?s={search_term_string}"},"query-input":{"@type":"PropertyValueSpecification","valueRequired":true,"valueName":"search_term_string"}}],"inLanguage":"es"}]}},"_links":{"self":[{"href":"https:\/\/uniformesludo.cl\/index.php\/wp-json\/wp\/v2\/product\/10015303","targetHints":{"allow":["GET"]}}],"collection":[{"href":"https:\/\/uniformesludo.cl\/index.php\/wp-json\/wp\/v2\/product"}],"about":[{"href":"https:\/\/uniformesludo.cl\/index.php\/wp-json\/wp\/v2\/types\/product"}],"replies":[{"embeddable":true,"href":"https:\/\/uniformesludo.cl\/index.php\/wp-json\/wp\/v2\/comments?post=10015303"}],"wp:featuredmedia":[{"embeddable":true,"href":"https:\/\/uniformesludo.cl\/index.php\/wp-json\/wp\/v2\/media\/10015448"}],"wp:attachment":[{"href":"https:\/\/uniformesludo.cl\/index.php\/wp-json\/wp\/v2\/media?parent=10015303"}],"wp:term":[{"taxonomy":"product_brand","embeddable":true,"href":"https:\/\/uniformesludo.cl\/index.php\/wp-json\/wp\/v2\/product_brand?post=10015303"},{"taxonomy":"product_cat","embeddable":true,"href":"https:\/\/uniformesludo.cl\/index.php\/wp-json\/wp\/v2\/product_cat?post=10015303"},{"taxonomy":"product_tag","embeddable":true,"href":"https:\/\/uniformesludo.cl\/index.php\/wp-json\/wp\/v2\/product_tag?post=10015303"}],"curies":[{"name":"wp","href":"https:\/\/api.w.org\/{rel}","templated":true}]}}