{"id":10015301,"date":"2024-09-04T15:55:14","date_gmt":"2024-09-04T15:55:14","guid":{"rendered":"https:\/\/uniformesludo.cl\/?post_type=product&#038;p=10015301"},"modified":"2024-09-04T15:56:18","modified_gmt":"2024-09-04T15:56:18","slug":"tazon-sublimacion-con-caja-99223","status":"publish","type":"product","link":"https:\/\/uniformesludo.cl\/index.php\/producto\/tazon-sublimacion-con-caja-99223\/","title":{"rendered":"Taz\u00f3n Sublimaci\u00f3n con caja 99223"},"content":{"rendered":"","protected":false},"excerpt":{"rendered":"<p><span style=\"color: #000080;\"><strong>99223<\/strong><\/span><\/p>\n<p><em>Taz\u00f3n para sublimaci\u00f3n de alta calidad de 11oz. Capacidad de 350 ml. Presentaci\u00f3n en caja de cart\u00f3n blanca.<\/em><\/p>\n<p>Marca <strong>Polar<\/strong>. Alta calidad sublimable.<br \/>\nCaja de 40 unidades.<\/p>\n<p>Se vende \u00fanicamente el taz\u00f3n con su caja individual. Nada por separado.<\/p>\n<p>591089120<\/p>\n<table width=\"320\">\n<tbody>\n<tr>\n<td colspan=\"4\" width=\"320\">Escala de Valores<\/td>\n<\/tr>\n<tr>\n<td>1<\/td>\n<td>&#8211;<\/td>\n<td>39<\/td>\n<td>\u00a0$\u00a0\u00a0\u00a0\u00a0\u00a0\u00a0\u00a0\u00a0\u00a0 1.190<\/td>\n<\/tr>\n<tr>\n<td>40<\/td>\n<td>&#8211;<\/td>\n<td>120<\/td>\n<td>\u00a0$\u00a0\u00a0\u00a0\u00a0\u00a0\u00a0\u00a0\u00a0\u00a0\u00a0\u00a0\u00a0 940<\/td>\n<\/tr>\n<tr>\n<td>121<\/td>\n<td>&#8211;<\/td>\n<td>400<\/td>\n<td>\u00a0$\u00a0\u00a0\u00a0\u00a0\u00a0\u00a0\u00a0\u00a0\u00a0\u00a0\u00a0\u00a0 893<\/td>\n<\/tr>\n<tr>\n<td>401<\/td>\n<td>&#8211;<\/td>\n<td>800<\/td>\n<td>\u00a0$\u00a0\u00a0\u00a0\u00a0\u00a0\u00a0\u00a0\u00a0\u00a0\u00a0\u00a0\u00a0 800<\/td>\n<\/tr>\n<tr>\n<td>801+<\/td>\n<td>&#8211;<\/td>\n<td><\/td>\n<td>\u00a0$\u00a0\u00a0\u00a0\u00a0\u00a0\u00a0\u00a0\u00a0\u00a0\u00a0\u00a0\u00a0 750<\/td>\n<\/tr>\n<\/tbody>\n<\/table>\n<p>Sugerencia de sublimaci\u00f3n : 180\u00b0 &#8211; 190\u00b0 Celsius con 120 &#8211; 180 Segundos.<\/p>\n<p><img loading=\"lazy\" decoding=\"async\" class=\"alignnone size-full wp-image-512\" src=\"http:\/\/imblasco.cl\/regalos\/wp-content\/uploads\/2019\/06\/sublimacion.png\" alt=\"\" width=\"71\" height=\"71\" \/><\/p>\n","protected":false},"featured_media":10015432,"comment_status":"closed","ping_status":"closed","template":"","meta":[],"product_brand":[],"product_cat":[570,571,557],"product_tag":[],"class_list":{"0":"post-10015301","1":"product","2":"type-product","3":"status-publish","4":"has-post-thumbnail","6":"product_cat-botellas-mugs-tazones-termos-vasos","7":"product_cat-mugs-y-tazones","8":"product_cat-productos-para-sublimacion","10":"first","11":"instock","12":"shipping-taxable","13":"product-type-simple"},"aioseo_notices":[],"yoast_head":"<!-- This site is optimized with the Yoast SEO plugin v26.5 - https:\/\/yoast.com\/wordpress\/plugins\/seo\/ -->\n<title>Taz\u00f3n Sublimaci\u00f3n con caja 99223 - Uniformes Ludo<\/title>\n<meta name=\"robots\" content=\"index, follow, max-snippet:-1, max-image-preview:large, max-video-preview:-1\" \/>\n<link rel=\"canonical\" href=\"https:\/\/uniformesludo.cl\/index.php\/producto\/tazon-sublimacion-con-caja-99223\/\" \/>\n<meta property=\"og:locale\" content=\"es_ES\" \/>\n<meta property=\"og:type\" content=\"article\" \/>\n<meta property=\"og:title\" content=\"Taz\u00f3n Sublimaci\u00f3n con caja 99223 - Uniformes Ludo\" \/>\n<meta property=\"og:description\" content=\"99223  Taz\u00f3n para sublimaci\u00f3n de alta calidad de 11oz. Capacidad de 350 ml. Presentaci\u00f3n en caja de cart\u00f3n blanca.  Marca Polar. Alta calidad sublimable. Caja de 40 unidades.  Se vende \u00fanicamente el taz\u00f3n con su caja individual. Nada por separado.  591089120    Escala de Valores   1 - 39 \u00a0$\u00a0\u00a0\u00a0\u00a0\u00a0\u00a0\u00a0\u00a0\u00a0 1.190   40 - 120 \u00a0$\u00a0\u00a0\u00a0\u00a0\u00a0\u00a0\u00a0\u00a0\u00a0\u00a0\u00a0\u00a0 940   121 - 400 \u00a0$\u00a0\u00a0\u00a0\u00a0\u00a0\u00a0\u00a0\u00a0\u00a0\u00a0\u00a0\u00a0 893   401 - 800 \u00a0$\u00a0\u00a0\u00a0\u00a0\u00a0\u00a0\u00a0\u00a0\u00a0\u00a0\u00a0\u00a0 800   801+ -  \u00a0$\u00a0\u00a0\u00a0\u00a0\u00a0\u00a0\u00a0\u00a0\u00a0\u00a0\u00a0\u00a0 750    Sugerencia de sublimaci\u00f3n : 180\u00b0 - 190\u00b0 Celsius con 120 - 180 Segundos.\" \/>\n<meta property=\"og:url\" content=\"https:\/\/uniformesludo.cl\/index.php\/producto\/tazon-sublimacion-con-caja-99223\/\" \/>\n<meta property=\"og:site_name\" content=\"Uniformes Ludo\" \/>\n<meta property=\"article:modified_time\" content=\"2024-09-04T15:56:18+00:00\" \/>\n<meta property=\"og:image\" content=\"https:\/\/uniformesludo.cl\/wp-content\/uploads\/2024\/09\/99223-portada-scaled-1.jpg\" \/>\n\t<meta property=\"og:image:width\" content=\"2560\" \/>\n\t<meta property=\"og:image:height\" content=\"2560\" \/>\n\t<meta property=\"og:image:type\" content=\"image\/jpeg\" \/>\n<meta name=\"twitter:card\" content=\"summary_large_image\" \/>\n<script type=\"application\/ld+json\" class=\"yoast-schema-graph\">{\"@context\":\"https:\/\/schema.org\",\"@graph\":[{\"@type\":\"WebPage\",\"@id\":\"https:\/\/uniformesludo.cl\/index.php\/producto\/tazon-sublimacion-con-caja-99223\/\",\"url\":\"https:\/\/uniformesludo.cl\/index.php\/producto\/tazon-sublimacion-con-caja-99223\/\",\"name\":\"Taz\u00f3n Sublimaci\u00f3n con caja 99223 - Uniformes Ludo\",\"isPartOf\":{\"@id\":\"https:\/\/uniformesludo.cl\/#website\"},\"primaryImageOfPage\":{\"@id\":\"https:\/\/uniformesludo.cl\/index.php\/producto\/tazon-sublimacion-con-caja-99223\/#primaryimage\"},\"image\":{\"@id\":\"https:\/\/uniformesludo.cl\/index.php\/producto\/tazon-sublimacion-con-caja-99223\/#primaryimage\"},\"thumbnailUrl\":\"https:\/\/uniformesludo.cl\/wp-content\/uploads\/2024\/09\/99223-portada-scaled-1.jpg\",\"datePublished\":\"2024-09-04T15:55:14+00:00\",\"dateModified\":\"2024-09-04T15:56:18+00:00\",\"breadcrumb\":{\"@id\":\"https:\/\/uniformesludo.cl\/index.php\/producto\/tazon-sublimacion-con-caja-99223\/#breadcrumb\"},\"inLanguage\":\"es\",\"potentialAction\":[{\"@type\":\"ReadAction\",\"target\":[\"https:\/\/uniformesludo.cl\/index.php\/producto\/tazon-sublimacion-con-caja-99223\/\"]}]},{\"@type\":\"ImageObject\",\"inLanguage\":\"es\",\"@id\":\"https:\/\/uniformesludo.cl\/index.php\/producto\/tazon-sublimacion-con-caja-99223\/#primaryimage\",\"url\":\"https:\/\/uniformesludo.cl\/wp-content\/uploads\/2024\/09\/99223-portada-scaled-1.jpg\",\"contentUrl\":\"https:\/\/uniformesludo.cl\/wp-content\/uploads\/2024\/09\/99223-portada-scaled-1.jpg\",\"width\":2560,\"height\":2560},{\"@type\":\"BreadcrumbList\",\"@id\":\"https:\/\/uniformesludo.cl\/index.php\/producto\/tazon-sublimacion-con-caja-99223\/#breadcrumb\",\"itemListElement\":[{\"@type\":\"ListItem\",\"position\":1,\"name\":\"Portada\",\"item\":\"https:\/\/uniformesludo.cl\/\"},{\"@type\":\"ListItem\",\"position\":2,\"name\":\"Tienda\",\"item\":\"https:\/\/uniformesludo.cl\/index.php\/tienda\/\"},{\"@type\":\"ListItem\",\"position\":3,\"name\":\"Taz\u00f3n Sublimaci\u00f3n con caja 99223\"}]},{\"@type\":\"WebSite\",\"@id\":\"https:\/\/uniformesludo.cl\/#website\",\"url\":\"https:\/\/uniformesludo.cl\/\",\"name\":\"Uniformes Ludo\",\"description\":\"Es una de las empresas comercializadoras de Ropa de trabajo, confecci\u00f3n, productos de protecci\u00f3n, prevenci\u00f3n y seguridad una de las m\u00e1s importantes de nuestro pa\u00eds, reconocida a nivel Nacional, con numerosos clientes a lo largo de Chile que avalan su compromiso de calidad. De igual forma, existe una permanente preocupaci\u00f3n por mantener un servicio integral de excelencia que permita identificarnos como \u201cel mejor equipo, la mejor empresa e inversi\u00f3n\u201d.\",\"potentialAction\":[{\"@type\":\"SearchAction\",\"target\":{\"@type\":\"EntryPoint\",\"urlTemplate\":\"https:\/\/uniformesludo.cl\/?s={search_term_string}\"},\"query-input\":{\"@type\":\"PropertyValueSpecification\",\"valueRequired\":true,\"valueName\":\"search_term_string\"}}],\"inLanguage\":\"es\"}]}<\/script>\n<!-- \/ Yoast SEO plugin. -->","yoast_head_json":{"title":"Taz\u00f3n Sublimaci\u00f3n con caja 99223 - Uniformes Ludo","robots":{"index":"index","follow":"follow","max-snippet":"max-snippet:-1","max-image-preview":"max-image-preview:large","max-video-preview":"max-video-preview:-1"},"canonical":"https:\/\/uniformesludo.cl\/index.php\/producto\/tazon-sublimacion-con-caja-99223\/","og_locale":"es_ES","og_type":"article","og_title":"Taz\u00f3n Sublimaci\u00f3n con caja 99223 - Uniformes Ludo","og_description":"99223  Taz\u00f3n para sublimaci\u00f3n de alta calidad de 11oz. Capacidad de 350 ml. Presentaci\u00f3n en caja de cart\u00f3n blanca.  Marca Polar. Alta calidad sublimable. Caja de 40 unidades.  Se vende \u00fanicamente el taz\u00f3n con su caja individual. Nada por separado.  591089120    Escala de Valores   1 - 39 \u00a0$\u00a0\u00a0\u00a0\u00a0\u00a0\u00a0\u00a0\u00a0\u00a0 1.190   40 - 120 \u00a0$\u00a0\u00a0\u00a0\u00a0\u00a0\u00a0\u00a0\u00a0\u00a0\u00a0\u00a0\u00a0 940   121 - 400 \u00a0$\u00a0\u00a0\u00a0\u00a0\u00a0\u00a0\u00a0\u00a0\u00a0\u00a0\u00a0\u00a0 893   401 - 800 \u00a0$\u00a0\u00a0\u00a0\u00a0\u00a0\u00a0\u00a0\u00a0\u00a0\u00a0\u00a0\u00a0 800   801+ -  \u00a0$\u00a0\u00a0\u00a0\u00a0\u00a0\u00a0\u00a0\u00a0\u00a0\u00a0\u00a0\u00a0 750    Sugerencia de sublimaci\u00f3n : 180\u00b0 - 190\u00b0 Celsius con 120 - 180 Segundos.","og_url":"https:\/\/uniformesludo.cl\/index.php\/producto\/tazon-sublimacion-con-caja-99223\/","og_site_name":"Uniformes Ludo","article_modified_time":"2024-09-04T15:56:18+00:00","og_image":[{"width":2560,"height":2560,"url":"https:\/\/uniformesludo.cl\/wp-content\/uploads\/2024\/09\/99223-portada-scaled-1.jpg","type":"image\/jpeg"}],"twitter_card":"summary_large_image","schema":{"@context":"https:\/\/schema.org","@graph":[{"@type":"WebPage","@id":"https:\/\/uniformesludo.cl\/index.php\/producto\/tazon-sublimacion-con-caja-99223\/","url":"https:\/\/uniformesludo.cl\/index.php\/producto\/tazon-sublimacion-con-caja-99223\/","name":"Taz\u00f3n Sublimaci\u00f3n con caja 99223 - Uniformes Ludo","isPartOf":{"@id":"https:\/\/uniformesludo.cl\/#website"},"primaryImageOfPage":{"@id":"https:\/\/uniformesludo.cl\/index.php\/producto\/tazon-sublimacion-con-caja-99223\/#primaryimage"},"image":{"@id":"https:\/\/uniformesludo.cl\/index.php\/producto\/tazon-sublimacion-con-caja-99223\/#primaryimage"},"thumbnailUrl":"https:\/\/uniformesludo.cl\/wp-content\/uploads\/2024\/09\/99223-portada-scaled-1.jpg","datePublished":"2024-09-04T15:55:14+00:00","dateModified":"2024-09-04T15:56:18+00:00","breadcrumb":{"@id":"https:\/\/uniformesludo.cl\/index.php\/producto\/tazon-sublimacion-con-caja-99223\/#breadcrumb"},"inLanguage":"es","potentialAction":[{"@type":"ReadAction","target":["https:\/\/uniformesludo.cl\/index.php\/producto\/tazon-sublimacion-con-caja-99223\/"]}]},{"@type":"ImageObject","inLanguage":"es","@id":"https:\/\/uniformesludo.cl\/index.php\/producto\/tazon-sublimacion-con-caja-99223\/#primaryimage","url":"https:\/\/uniformesludo.cl\/wp-content\/uploads\/2024\/09\/99223-portada-scaled-1.jpg","contentUrl":"https:\/\/uniformesludo.cl\/wp-content\/uploads\/2024\/09\/99223-portada-scaled-1.jpg","width":2560,"height":2560},{"@type":"BreadcrumbList","@id":"https:\/\/uniformesludo.cl\/index.php\/producto\/tazon-sublimacion-con-caja-99223\/#breadcrumb","itemListElement":[{"@type":"ListItem","position":1,"name":"Portada","item":"https:\/\/uniformesludo.cl\/"},{"@type":"ListItem","position":2,"name":"Tienda","item":"https:\/\/uniformesludo.cl\/index.php\/tienda\/"},{"@type":"ListItem","position":3,"name":"Taz\u00f3n Sublimaci\u00f3n con caja 99223"}]},{"@type":"WebSite","@id":"https:\/\/uniformesludo.cl\/#website","url":"https:\/\/uniformesludo.cl\/","name":"Uniformes Ludo","description":"Es una de las empresas comercializadoras de Ropa de trabajo, confecci\u00f3n, productos de protecci\u00f3n, prevenci\u00f3n y seguridad una de las m\u00e1s importantes de nuestro pa\u00eds, reconocida a nivel Nacional, con numerosos clientes a lo largo de Chile que avalan su compromiso de calidad. De igual forma, existe una permanente preocupaci\u00f3n por mantener un servicio integral de excelencia que permita identificarnos como \u201cel mejor equipo, la mejor empresa e inversi\u00f3n\u201d.","potentialAction":[{"@type":"SearchAction","target":{"@type":"EntryPoint","urlTemplate":"https:\/\/uniformesludo.cl\/?s={search_term_string}"},"query-input":{"@type":"PropertyValueSpecification","valueRequired":true,"valueName":"search_term_string"}}],"inLanguage":"es"}]}},"_links":{"self":[{"href":"https:\/\/uniformesludo.cl\/index.php\/wp-json\/wp\/v2\/product\/10015301","targetHints":{"allow":["GET"]}}],"collection":[{"href":"https:\/\/uniformesludo.cl\/index.php\/wp-json\/wp\/v2\/product"}],"about":[{"href":"https:\/\/uniformesludo.cl\/index.php\/wp-json\/wp\/v2\/types\/product"}],"replies":[{"embeddable":true,"href":"https:\/\/uniformesludo.cl\/index.php\/wp-json\/wp\/v2\/comments?post=10015301"}],"wp:featuredmedia":[{"embeddable":true,"href":"https:\/\/uniformesludo.cl\/index.php\/wp-json\/wp\/v2\/media\/10015432"}],"wp:attachment":[{"href":"https:\/\/uniformesludo.cl\/index.php\/wp-json\/wp\/v2\/media?parent=10015301"}],"wp:term":[{"taxonomy":"product_brand","embeddable":true,"href":"https:\/\/uniformesludo.cl\/index.php\/wp-json\/wp\/v2\/product_brand?post=10015301"},{"taxonomy":"product_cat","embeddable":true,"href":"https:\/\/uniformesludo.cl\/index.php\/wp-json\/wp\/v2\/product_cat?post=10015301"},{"taxonomy":"product_tag","embeddable":true,"href":"https:\/\/uniformesludo.cl\/index.php\/wp-json\/wp\/v2\/product_tag?post=10015301"}],"curies":[{"name":"wp","href":"https:\/\/api.w.org\/{rel}","templated":true}]}}