{"id":10013546,"date":"2023-09-12T20:15:52","date_gmt":"2023-09-12T20:15:52","guid":{"rendered":"https:\/\/uniformesludo.cl\/?post_type=product&#038;p=10013546"},"modified":"2024-08-21T16:23:09","modified_gmt":"2024-08-21T16:23:09","slug":"zapatilla-brisa-aislante-tp-4031-nd-tempest","status":"publish","type":"product","link":"https:\/\/uniformesludo.cl\/index.php\/producto\/zapatilla-brisa-aislante-tp-4031-nd-tempest\/","title":{"rendered":"ZAPATILLA BRISA AISLANTE TP 4031 ND TEMPEST"},"content":{"rendered":"<h3>Especificaciones del producto<\/h3>\n<p>&#8211; CONSTRUCCI\u00d3N:<\/p>\n<p>Inyecci\u00f3n directa al cuero.<\/p>\n<p>&#8211; APARADO:<\/p>\n<p>Cuero Nobuck.<\/p>\n<p>&#8211; PLANTA:<\/p>\n<p>Poliuretano (PU) Bidensidad (Bicolor) resistente a hidrocarburos y aislante el\u00e9ctrica<\/p>\n<p>&#8211; PUNTERA:<\/p>\n<p>De acero templado de alta resistencia seg\u00fan Norma NCh 772\/2<\/p>\n<p>&#8211; PLANTILLA DE ARMADO:<\/p>\n<p>De alta absorci\u00f3n y expulsi\u00f3n de agua<\/p>\n<p>&#8211; PLANTILLA INTERIOR:<\/p>\n<p>Anat\u00f3mica intercambiable, EVA forrada en Cambrell con tratamiento antimic\u00e9tico.<\/p>\n","protected":false},"excerpt":{"rendered":"<p><a id=\"btncotizar\" href=\"https:\/\/uniformesludo.cl\/index.php\/cotizacion\/\">Cotizar<\/a><\/p>\n","protected":false},"featured_media":10013545,"comment_status":"closed","ping_status":"closed","template":"","meta":[],"product_brand":[],"product_cat":[539],"product_tag":[],"class_list":{"0":"post-10013546","1":"product","2":"type-product","3":"status-publish","4":"has-post-thumbnail","6":"product_cat-zapatillas","8":"first","9":"instock","10":"shipping-taxable","11":"product-type-simple"},"aioseo_notices":[],"yoast_head":"<!-- This site is optimized with the Yoast SEO plugin v26.5 - https:\/\/yoast.com\/wordpress\/plugins\/seo\/ -->\n<title>ZAPATILLA BRISA AISLANTE TP 4031 ND TEMPEST - Uniformes Ludo<\/title>\n<meta name=\"robots\" content=\"index, follow, max-snippet:-1, max-image-preview:large, max-video-preview:-1\" \/>\n<link rel=\"canonical\" href=\"https:\/\/uniformesludo.cl\/index.php\/producto\/zapatilla-brisa-aislante-tp-4031-nd-tempest\/\" \/>\n<meta property=\"og:locale\" content=\"es_ES\" \/>\n<meta property=\"og:type\" content=\"article\" \/>\n<meta property=\"og:title\" content=\"ZAPATILLA BRISA AISLANTE TP 4031 ND TEMPEST - Uniformes Ludo\" \/>\n<meta property=\"og:description\" content=\"Cotizar\" \/>\n<meta property=\"og:url\" content=\"https:\/\/uniformesludo.cl\/index.php\/producto\/zapatilla-brisa-aislante-tp-4031-nd-tempest\/\" \/>\n<meta property=\"og:site_name\" content=\"Uniformes Ludo\" \/>\n<meta property=\"article:modified_time\" content=\"2024-08-21T16:23:09+00:00\" \/>\n<meta property=\"og:image\" content=\"https:\/\/uniformesludo.cl\/wp-content\/uploads\/2023\/09\/ZAPATILLA-BRISA-AISLANTE-TP-4031-ND-TEMPEST.png\" \/>\n\t<meta property=\"og:image:width\" content=\"503\" \/>\n\t<meta property=\"og:image:height\" content=\"503\" \/>\n\t<meta property=\"og:image:type\" content=\"image\/png\" \/>\n<meta name=\"twitter:card\" content=\"summary_large_image\" \/>\n<script type=\"application\/ld+json\" class=\"yoast-schema-graph\">{\"@context\":\"https:\/\/schema.org\",\"@graph\":[{\"@type\":\"WebPage\",\"@id\":\"https:\/\/uniformesludo.cl\/index.php\/producto\/zapatilla-brisa-aislante-tp-4031-nd-tempest\/\",\"url\":\"https:\/\/uniformesludo.cl\/index.php\/producto\/zapatilla-brisa-aislante-tp-4031-nd-tempest\/\",\"name\":\"ZAPATILLA BRISA AISLANTE TP 4031 ND TEMPEST - Uniformes Ludo\",\"isPartOf\":{\"@id\":\"https:\/\/uniformesludo.cl\/#website\"},\"primaryImageOfPage\":{\"@id\":\"https:\/\/uniformesludo.cl\/index.php\/producto\/zapatilla-brisa-aislante-tp-4031-nd-tempest\/#primaryimage\"},\"image\":{\"@id\":\"https:\/\/uniformesludo.cl\/index.php\/producto\/zapatilla-brisa-aislante-tp-4031-nd-tempest\/#primaryimage\"},\"thumbnailUrl\":\"https:\/\/uniformesludo.cl\/wp-content\/uploads\/2023\/09\/ZAPATILLA-BRISA-AISLANTE-TP-4031-ND-TEMPEST.png\",\"datePublished\":\"2023-09-12T20:15:52+00:00\",\"dateModified\":\"2024-08-21T16:23:09+00:00\",\"breadcrumb\":{\"@id\":\"https:\/\/uniformesludo.cl\/index.php\/producto\/zapatilla-brisa-aislante-tp-4031-nd-tempest\/#breadcrumb\"},\"inLanguage\":\"es\",\"potentialAction\":[{\"@type\":\"ReadAction\",\"target\":[\"https:\/\/uniformesludo.cl\/index.php\/producto\/zapatilla-brisa-aislante-tp-4031-nd-tempest\/\"]}]},{\"@type\":\"ImageObject\",\"inLanguage\":\"es\",\"@id\":\"https:\/\/uniformesludo.cl\/index.php\/producto\/zapatilla-brisa-aislante-tp-4031-nd-tempest\/#primaryimage\",\"url\":\"https:\/\/uniformesludo.cl\/wp-content\/uploads\/2023\/09\/ZAPATILLA-BRISA-AISLANTE-TP-4031-ND-TEMPEST.png\",\"contentUrl\":\"https:\/\/uniformesludo.cl\/wp-content\/uploads\/2023\/09\/ZAPATILLA-BRISA-AISLANTE-TP-4031-ND-TEMPEST.png\",\"width\":503,\"height\":503},{\"@type\":\"BreadcrumbList\",\"@id\":\"https:\/\/uniformesludo.cl\/index.php\/producto\/zapatilla-brisa-aislante-tp-4031-nd-tempest\/#breadcrumb\",\"itemListElement\":[{\"@type\":\"ListItem\",\"position\":1,\"name\":\"Portada\",\"item\":\"https:\/\/uniformesludo.cl\/\"},{\"@type\":\"ListItem\",\"position\":2,\"name\":\"Tienda\",\"item\":\"https:\/\/uniformesludo.cl\/index.php\/tienda\/\"},{\"@type\":\"ListItem\",\"position\":3,\"name\":\"ZAPATILLA BRISA AISLANTE TP 4031 ND TEMPEST\"}]},{\"@type\":\"WebSite\",\"@id\":\"https:\/\/uniformesludo.cl\/#website\",\"url\":\"https:\/\/uniformesludo.cl\/\",\"name\":\"Uniformes Ludo\",\"description\":\"Es una de las empresas comercializadoras de Ropa de trabajo, confecci\u00f3n, productos de protecci\u00f3n, prevenci\u00f3n y seguridad una de las m\u00e1s importantes de nuestro pa\u00eds, reconocida a nivel Nacional, con numerosos clientes a lo largo de Chile que avalan su compromiso de calidad. De igual forma, existe una permanente preocupaci\u00f3n por mantener un servicio integral de excelencia que permita identificarnos como \u201cel mejor equipo, la mejor empresa e inversi\u00f3n\u201d.\",\"potentialAction\":[{\"@type\":\"SearchAction\",\"target\":{\"@type\":\"EntryPoint\",\"urlTemplate\":\"https:\/\/uniformesludo.cl\/?s={search_term_string}\"},\"query-input\":{\"@type\":\"PropertyValueSpecification\",\"valueRequired\":true,\"valueName\":\"search_term_string\"}}],\"inLanguage\":\"es\"}]}<\/script>\n<!-- \/ Yoast SEO plugin. -->","yoast_head_json":{"title":"ZAPATILLA BRISA AISLANTE TP 4031 ND TEMPEST - Uniformes Ludo","robots":{"index":"index","follow":"follow","max-snippet":"max-snippet:-1","max-image-preview":"max-image-preview:large","max-video-preview":"max-video-preview:-1"},"canonical":"https:\/\/uniformesludo.cl\/index.php\/producto\/zapatilla-brisa-aislante-tp-4031-nd-tempest\/","og_locale":"es_ES","og_type":"article","og_title":"ZAPATILLA BRISA AISLANTE TP 4031 ND TEMPEST - Uniformes Ludo","og_description":"Cotizar","og_url":"https:\/\/uniformesludo.cl\/index.php\/producto\/zapatilla-brisa-aislante-tp-4031-nd-tempest\/","og_site_name":"Uniformes Ludo","article_modified_time":"2024-08-21T16:23:09+00:00","og_image":[{"width":503,"height":503,"url":"https:\/\/uniformesludo.cl\/wp-content\/uploads\/2023\/09\/ZAPATILLA-BRISA-AISLANTE-TP-4031-ND-TEMPEST.png","type":"image\/png"}],"twitter_card":"summary_large_image","schema":{"@context":"https:\/\/schema.org","@graph":[{"@type":"WebPage","@id":"https:\/\/uniformesludo.cl\/index.php\/producto\/zapatilla-brisa-aislante-tp-4031-nd-tempest\/","url":"https:\/\/uniformesludo.cl\/index.php\/producto\/zapatilla-brisa-aislante-tp-4031-nd-tempest\/","name":"ZAPATILLA BRISA AISLANTE TP 4031 ND TEMPEST - Uniformes Ludo","isPartOf":{"@id":"https:\/\/uniformesludo.cl\/#website"},"primaryImageOfPage":{"@id":"https:\/\/uniformesludo.cl\/index.php\/producto\/zapatilla-brisa-aislante-tp-4031-nd-tempest\/#primaryimage"},"image":{"@id":"https:\/\/uniformesludo.cl\/index.php\/producto\/zapatilla-brisa-aislante-tp-4031-nd-tempest\/#primaryimage"},"thumbnailUrl":"https:\/\/uniformesludo.cl\/wp-content\/uploads\/2023\/09\/ZAPATILLA-BRISA-AISLANTE-TP-4031-ND-TEMPEST.png","datePublished":"2023-09-12T20:15:52+00:00","dateModified":"2024-08-21T16:23:09+00:00","breadcrumb":{"@id":"https:\/\/uniformesludo.cl\/index.php\/producto\/zapatilla-brisa-aislante-tp-4031-nd-tempest\/#breadcrumb"},"inLanguage":"es","potentialAction":[{"@type":"ReadAction","target":["https:\/\/uniformesludo.cl\/index.php\/producto\/zapatilla-brisa-aislante-tp-4031-nd-tempest\/"]}]},{"@type":"ImageObject","inLanguage":"es","@id":"https:\/\/uniformesludo.cl\/index.php\/producto\/zapatilla-brisa-aislante-tp-4031-nd-tempest\/#primaryimage","url":"https:\/\/uniformesludo.cl\/wp-content\/uploads\/2023\/09\/ZAPATILLA-BRISA-AISLANTE-TP-4031-ND-TEMPEST.png","contentUrl":"https:\/\/uniformesludo.cl\/wp-content\/uploads\/2023\/09\/ZAPATILLA-BRISA-AISLANTE-TP-4031-ND-TEMPEST.png","width":503,"height":503},{"@type":"BreadcrumbList","@id":"https:\/\/uniformesludo.cl\/index.php\/producto\/zapatilla-brisa-aislante-tp-4031-nd-tempest\/#breadcrumb","itemListElement":[{"@type":"ListItem","position":1,"name":"Portada","item":"https:\/\/uniformesludo.cl\/"},{"@type":"ListItem","position":2,"name":"Tienda","item":"https:\/\/uniformesludo.cl\/index.php\/tienda\/"},{"@type":"ListItem","position":3,"name":"ZAPATILLA BRISA AISLANTE TP 4031 ND TEMPEST"}]},{"@type":"WebSite","@id":"https:\/\/uniformesludo.cl\/#website","url":"https:\/\/uniformesludo.cl\/","name":"Uniformes Ludo","description":"Es una de las empresas comercializadoras de Ropa de trabajo, confecci\u00f3n, productos de protecci\u00f3n, prevenci\u00f3n y seguridad una de las m\u00e1s importantes de nuestro pa\u00eds, reconocida a nivel Nacional, con numerosos clientes a lo largo de Chile que avalan su compromiso de calidad. De igual forma, existe una permanente preocupaci\u00f3n por mantener un servicio integral de excelencia que permita identificarnos como \u201cel mejor equipo, la mejor empresa e inversi\u00f3n\u201d.","potentialAction":[{"@type":"SearchAction","target":{"@type":"EntryPoint","urlTemplate":"https:\/\/uniformesludo.cl\/?s={search_term_string}"},"query-input":{"@type":"PropertyValueSpecification","valueRequired":true,"valueName":"search_term_string"}}],"inLanguage":"es"}]}},"_links":{"self":[{"href":"https:\/\/uniformesludo.cl\/index.php\/wp-json\/wp\/v2\/product\/10013546","targetHints":{"allow":["GET"]}}],"collection":[{"href":"https:\/\/uniformesludo.cl\/index.php\/wp-json\/wp\/v2\/product"}],"about":[{"href":"https:\/\/uniformesludo.cl\/index.php\/wp-json\/wp\/v2\/types\/product"}],"replies":[{"embeddable":true,"href":"https:\/\/uniformesludo.cl\/index.php\/wp-json\/wp\/v2\/comments?post=10013546"}],"wp:featuredmedia":[{"embeddable":true,"href":"https:\/\/uniformesludo.cl\/index.php\/wp-json\/wp\/v2\/media\/10013545"}],"wp:attachment":[{"href":"https:\/\/uniformesludo.cl\/index.php\/wp-json\/wp\/v2\/media?parent=10013546"}],"wp:term":[{"taxonomy":"product_brand","embeddable":true,"href":"https:\/\/uniformesludo.cl\/index.php\/wp-json\/wp\/v2\/product_brand?post=10013546"},{"taxonomy":"product_cat","embeddable":true,"href":"https:\/\/uniformesludo.cl\/index.php\/wp-json\/wp\/v2\/product_cat?post=10013546"},{"taxonomy":"product_tag","embeddable":true,"href":"https:\/\/uniformesludo.cl\/index.php\/wp-json\/wp\/v2\/product_tag?post=10013546"}],"curies":[{"name":"wp","href":"https:\/\/api.w.org\/{rel}","templated":true}]}}