{"id":10013451,"date":"2023-09-12T18:58:47","date_gmt":"2023-09-12T18:58:47","guid":{"rendered":"https:\/\/uniformesludo.cl\/?post_type=product&#038;p=10013451"},"modified":"2023-11-20T19:27:17","modified_gmt":"2023-11-20T19:27:17","slug":"lente-steelpro-nexis-claro-gris-int-out-espejado","status":"publish","type":"product","link":"https:\/\/uniformesludo.cl\/index.php\/producto\/lente-steelpro-nexis-claro-gris-int-out-espejado\/","title":{"rendered":"LENTE STEELPRO NEXIS CLARO-GRIS-INT OUT-ESPEJADO"},"content":{"rendered":"<h3>Especificaciones del producto<\/h3>\n<p>&#8211; Lente de policarbonato, con dise\u00f1o deportivo y liviano, patillas ajustables y suaves  <\/p>\n<p>&#8211; Merco liviano, flexible y resistente  <\/p>\n<p>&#8211; Tiene un buen ajuste al rostro.  <\/p>\n<p>&#8211; Incluye cord\u00f3n.  <\/p>\n<p>&#8211; Anti-Empa\u00f1ante  <\/p>\n<p>&#8211; Anti-Rayadura  <\/p>\n<p>&#8211; Anti-Impacto  <\/p>\n<p>&#8211; Filtro UV 99,9%.<\/p>\n","protected":false},"excerpt":{"rendered":"<p><a id=\"btncotizar\" href=\"https:\/\/uniformesludo.cl\/index.php\/cotizacion\/\">Cotizar<\/a><\/p>\n","protected":false},"featured_media":10013452,"comment_status":"closed","ping_status":"closed","template":"","meta":[],"product_brand":[],"product_cat":[534],"product_tag":[],"class_list":{"0":"post-10013451","1":"product","2":"type-product","3":"status-publish","4":"has-post-thumbnail","6":"product_cat-proteccion-de-vista","8":"first","9":"instock","10":"shipping-taxable","11":"product-type-simple"},"aioseo_notices":[],"yoast_head":"<!-- This site is optimized with the Yoast SEO plugin v26.5 - https:\/\/yoast.com\/wordpress\/plugins\/seo\/ -->\n<title>LENTE STEELPRO NEXIS CLARO-GRIS-INT OUT-ESPEJADO - Uniformes Ludo<\/title>\n<meta name=\"robots\" content=\"index, follow, max-snippet:-1, max-image-preview:large, max-video-preview:-1\" \/>\n<link rel=\"canonical\" href=\"https:\/\/uniformesludo.cl\/index.php\/producto\/lente-steelpro-nexis-claro-gris-int-out-espejado\/\" \/>\n<meta property=\"og:locale\" content=\"es_ES\" \/>\n<meta property=\"og:type\" content=\"article\" \/>\n<meta property=\"og:title\" content=\"LENTE STEELPRO NEXIS CLARO-GRIS-INT OUT-ESPEJADO - Uniformes Ludo\" \/>\n<meta property=\"og:description\" content=\"Cotizar\" \/>\n<meta property=\"og:url\" content=\"https:\/\/uniformesludo.cl\/index.php\/producto\/lente-steelpro-nexis-claro-gris-int-out-espejado\/\" \/>\n<meta property=\"og:site_name\" content=\"Uniformes Ludo\" \/>\n<meta property=\"article:modified_time\" content=\"2023-11-20T19:27:17+00:00\" \/>\n<meta property=\"og:image\" content=\"https:\/\/uniformesludo.cl\/wp-content\/uploads\/2023\/09\/LENTE-STEELPRO-NEXIS-CLARO-GRIS-INT-OUT-ESPEJADO.png\" \/>\n\t<meta property=\"og:image:width\" content=\"214\" \/>\n\t<meta property=\"og:image:height\" content=\"214\" \/>\n\t<meta property=\"og:image:type\" content=\"image\/png\" \/>\n<meta name=\"twitter:card\" content=\"summary_large_image\" \/>\n<script type=\"application\/ld+json\" class=\"yoast-schema-graph\">{\"@context\":\"https:\/\/schema.org\",\"@graph\":[{\"@type\":\"WebPage\",\"@id\":\"https:\/\/uniformesludo.cl\/index.php\/producto\/lente-steelpro-nexis-claro-gris-int-out-espejado\/\",\"url\":\"https:\/\/uniformesludo.cl\/index.php\/producto\/lente-steelpro-nexis-claro-gris-int-out-espejado\/\",\"name\":\"LENTE STEELPRO NEXIS CLARO-GRIS-INT OUT-ESPEJADO - Uniformes Ludo\",\"isPartOf\":{\"@id\":\"https:\/\/uniformesludo.cl\/#website\"},\"primaryImageOfPage\":{\"@id\":\"https:\/\/uniformesludo.cl\/index.php\/producto\/lente-steelpro-nexis-claro-gris-int-out-espejado\/#primaryimage\"},\"image\":{\"@id\":\"https:\/\/uniformesludo.cl\/index.php\/producto\/lente-steelpro-nexis-claro-gris-int-out-espejado\/#primaryimage\"},\"thumbnailUrl\":\"https:\/\/uniformesludo.cl\/wp-content\/uploads\/2023\/09\/LENTE-STEELPRO-NEXIS-CLARO-GRIS-INT-OUT-ESPEJADO.png\",\"datePublished\":\"2023-09-12T18:58:47+00:00\",\"dateModified\":\"2023-11-20T19:27:17+00:00\",\"breadcrumb\":{\"@id\":\"https:\/\/uniformesludo.cl\/index.php\/producto\/lente-steelpro-nexis-claro-gris-int-out-espejado\/#breadcrumb\"},\"inLanguage\":\"es\",\"potentialAction\":[{\"@type\":\"ReadAction\",\"target\":[\"https:\/\/uniformesludo.cl\/index.php\/producto\/lente-steelpro-nexis-claro-gris-int-out-espejado\/\"]}]},{\"@type\":\"ImageObject\",\"inLanguage\":\"es\",\"@id\":\"https:\/\/uniformesludo.cl\/index.php\/producto\/lente-steelpro-nexis-claro-gris-int-out-espejado\/#primaryimage\",\"url\":\"https:\/\/uniformesludo.cl\/wp-content\/uploads\/2023\/09\/LENTE-STEELPRO-NEXIS-CLARO-GRIS-INT-OUT-ESPEJADO.png\",\"contentUrl\":\"https:\/\/uniformesludo.cl\/wp-content\/uploads\/2023\/09\/LENTE-STEELPRO-NEXIS-CLARO-GRIS-INT-OUT-ESPEJADO.png\",\"width\":214,\"height\":214},{\"@type\":\"BreadcrumbList\",\"@id\":\"https:\/\/uniformesludo.cl\/index.php\/producto\/lente-steelpro-nexis-claro-gris-int-out-espejado\/#breadcrumb\",\"itemListElement\":[{\"@type\":\"ListItem\",\"position\":1,\"name\":\"Portada\",\"item\":\"https:\/\/uniformesludo.cl\/\"},{\"@type\":\"ListItem\",\"position\":2,\"name\":\"Tienda\",\"item\":\"https:\/\/uniformesludo.cl\/index.php\/tienda\/\"},{\"@type\":\"ListItem\",\"position\":3,\"name\":\"LENTE STEELPRO NEXIS CLARO-GRIS-INT OUT-ESPEJADO\"}]},{\"@type\":\"WebSite\",\"@id\":\"https:\/\/uniformesludo.cl\/#website\",\"url\":\"https:\/\/uniformesludo.cl\/\",\"name\":\"Uniformes Ludo\",\"description\":\"Es una de las empresas comercializadoras de Ropa de trabajo, confecci\u00f3n, productos de protecci\u00f3n, prevenci\u00f3n y seguridad una de las m\u00e1s importantes de nuestro pa\u00eds, reconocida a nivel Nacional, con numerosos clientes a lo largo de Chile que avalan su compromiso de calidad. De igual forma, existe una permanente preocupaci\u00f3n por mantener un servicio integral de excelencia que permita identificarnos como \u201cel mejor equipo, la mejor empresa e inversi\u00f3n\u201d.\",\"potentialAction\":[{\"@type\":\"SearchAction\",\"target\":{\"@type\":\"EntryPoint\",\"urlTemplate\":\"https:\/\/uniformesludo.cl\/?s={search_term_string}\"},\"query-input\":{\"@type\":\"PropertyValueSpecification\",\"valueRequired\":true,\"valueName\":\"search_term_string\"}}],\"inLanguage\":\"es\"}]}<\/script>\n<!-- \/ Yoast SEO plugin. -->","yoast_head_json":{"title":"LENTE STEELPRO NEXIS CLARO-GRIS-INT OUT-ESPEJADO - Uniformes Ludo","robots":{"index":"index","follow":"follow","max-snippet":"max-snippet:-1","max-image-preview":"max-image-preview:large","max-video-preview":"max-video-preview:-1"},"canonical":"https:\/\/uniformesludo.cl\/index.php\/producto\/lente-steelpro-nexis-claro-gris-int-out-espejado\/","og_locale":"es_ES","og_type":"article","og_title":"LENTE STEELPRO NEXIS CLARO-GRIS-INT OUT-ESPEJADO - Uniformes Ludo","og_description":"Cotizar","og_url":"https:\/\/uniformesludo.cl\/index.php\/producto\/lente-steelpro-nexis-claro-gris-int-out-espejado\/","og_site_name":"Uniformes Ludo","article_modified_time":"2023-11-20T19:27:17+00:00","og_image":[{"width":214,"height":214,"url":"https:\/\/uniformesludo.cl\/wp-content\/uploads\/2023\/09\/LENTE-STEELPRO-NEXIS-CLARO-GRIS-INT-OUT-ESPEJADO.png","type":"image\/png"}],"twitter_card":"summary_large_image","schema":{"@context":"https:\/\/schema.org","@graph":[{"@type":"WebPage","@id":"https:\/\/uniformesludo.cl\/index.php\/producto\/lente-steelpro-nexis-claro-gris-int-out-espejado\/","url":"https:\/\/uniformesludo.cl\/index.php\/producto\/lente-steelpro-nexis-claro-gris-int-out-espejado\/","name":"LENTE STEELPRO NEXIS CLARO-GRIS-INT OUT-ESPEJADO - Uniformes Ludo","isPartOf":{"@id":"https:\/\/uniformesludo.cl\/#website"},"primaryImageOfPage":{"@id":"https:\/\/uniformesludo.cl\/index.php\/producto\/lente-steelpro-nexis-claro-gris-int-out-espejado\/#primaryimage"},"image":{"@id":"https:\/\/uniformesludo.cl\/index.php\/producto\/lente-steelpro-nexis-claro-gris-int-out-espejado\/#primaryimage"},"thumbnailUrl":"https:\/\/uniformesludo.cl\/wp-content\/uploads\/2023\/09\/LENTE-STEELPRO-NEXIS-CLARO-GRIS-INT-OUT-ESPEJADO.png","datePublished":"2023-09-12T18:58:47+00:00","dateModified":"2023-11-20T19:27:17+00:00","breadcrumb":{"@id":"https:\/\/uniformesludo.cl\/index.php\/producto\/lente-steelpro-nexis-claro-gris-int-out-espejado\/#breadcrumb"},"inLanguage":"es","potentialAction":[{"@type":"ReadAction","target":["https:\/\/uniformesludo.cl\/index.php\/producto\/lente-steelpro-nexis-claro-gris-int-out-espejado\/"]}]},{"@type":"ImageObject","inLanguage":"es","@id":"https:\/\/uniformesludo.cl\/index.php\/producto\/lente-steelpro-nexis-claro-gris-int-out-espejado\/#primaryimage","url":"https:\/\/uniformesludo.cl\/wp-content\/uploads\/2023\/09\/LENTE-STEELPRO-NEXIS-CLARO-GRIS-INT-OUT-ESPEJADO.png","contentUrl":"https:\/\/uniformesludo.cl\/wp-content\/uploads\/2023\/09\/LENTE-STEELPRO-NEXIS-CLARO-GRIS-INT-OUT-ESPEJADO.png","width":214,"height":214},{"@type":"BreadcrumbList","@id":"https:\/\/uniformesludo.cl\/index.php\/producto\/lente-steelpro-nexis-claro-gris-int-out-espejado\/#breadcrumb","itemListElement":[{"@type":"ListItem","position":1,"name":"Portada","item":"https:\/\/uniformesludo.cl\/"},{"@type":"ListItem","position":2,"name":"Tienda","item":"https:\/\/uniformesludo.cl\/index.php\/tienda\/"},{"@type":"ListItem","position":3,"name":"LENTE STEELPRO NEXIS CLARO-GRIS-INT OUT-ESPEJADO"}]},{"@type":"WebSite","@id":"https:\/\/uniformesludo.cl\/#website","url":"https:\/\/uniformesludo.cl\/","name":"Uniformes Ludo","description":"Es una de las empresas comercializadoras de Ropa de trabajo, confecci\u00f3n, productos de protecci\u00f3n, prevenci\u00f3n y seguridad una de las m\u00e1s importantes de nuestro pa\u00eds, reconocida a nivel Nacional, con numerosos clientes a lo largo de Chile que avalan su compromiso de calidad. De igual forma, existe una permanente preocupaci\u00f3n por mantener un servicio integral de excelencia que permita identificarnos como \u201cel mejor equipo, la mejor empresa e inversi\u00f3n\u201d.","potentialAction":[{"@type":"SearchAction","target":{"@type":"EntryPoint","urlTemplate":"https:\/\/uniformesludo.cl\/?s={search_term_string}"},"query-input":{"@type":"PropertyValueSpecification","valueRequired":true,"valueName":"search_term_string"}}],"inLanguage":"es"}]}},"_links":{"self":[{"href":"https:\/\/uniformesludo.cl\/index.php\/wp-json\/wp\/v2\/product\/10013451","targetHints":{"allow":["GET"]}}],"collection":[{"href":"https:\/\/uniformesludo.cl\/index.php\/wp-json\/wp\/v2\/product"}],"about":[{"href":"https:\/\/uniformesludo.cl\/index.php\/wp-json\/wp\/v2\/types\/product"}],"replies":[{"embeddable":true,"href":"https:\/\/uniformesludo.cl\/index.php\/wp-json\/wp\/v2\/comments?post=10013451"}],"wp:featuredmedia":[{"embeddable":true,"href":"https:\/\/uniformesludo.cl\/index.php\/wp-json\/wp\/v2\/media\/10013452"}],"wp:attachment":[{"href":"https:\/\/uniformesludo.cl\/index.php\/wp-json\/wp\/v2\/media?parent=10013451"}],"wp:term":[{"taxonomy":"product_brand","embeddable":true,"href":"https:\/\/uniformesludo.cl\/index.php\/wp-json\/wp\/v2\/product_brand?post=10013451"},{"taxonomy":"product_cat","embeddable":true,"href":"https:\/\/uniformesludo.cl\/index.php\/wp-json\/wp\/v2\/product_cat?post=10013451"},{"taxonomy":"product_tag","embeddable":true,"href":"https:\/\/uniformesludo.cl\/index.php\/wp-json\/wp\/v2\/product_tag?post=10013451"}],"curies":[{"name":"wp","href":"https:\/\/api.w.org\/{rel}","templated":true}]}}