{"id":10013384,"date":"2023-09-12T18:08:22","date_gmt":"2023-09-12T18:08:22","guid":{"rendered":"https:\/\/uniformesludo.cl\/?post_type=product&#038;p=10013384"},"modified":"2023-11-20T19:27:05","modified_gmt":"2023-11-20T19:27:05","slug":"respirador-m500-filtro-mgv-500-gases-y-vapores-filtro-m500-mhe-particulas","status":"publish","type":"product","link":"https:\/\/uniformesludo.cl\/index.php\/producto\/respirador-m500-filtro-mgv-500-gases-y-vapores-filtro-m500-mhe-particulas\/","title":{"rendered":"RESPIRADOR M500 FILTRO MGV 500 GASES Y VAPORES FILTRO M500 &#8211; MHE PARTICULAS"},"content":{"rendered":"<h3>Especificaciones del producto<\/h3>\n<p>\u2014 Respirador con filtros desplazados que permiten una mejor distribuci\u00f3n del peso agregando mayor comodidad al usuario.<\/p>\n<p>&#8211; Certificaci\u00f3n NIOSH \/ Respiradores y filtros se venden por separado.<\/p>\n<p>&#8211; Permite una conexi\u00f3n f\u00e1cil y r\u00e1pida de los filtros debido su sistema de bayoneta.<\/p>\n<p>\u2014 Fabricado en elast\u00f3mero termoplastico (TPE), ofreciendo una comodidad superior manteniendo el excelente sello facial.<\/p>\n<p>&#8211; De gran durabilidad y resistencia al calor. No posee partes met\u00e1licas.<\/p>\n<p>&#8211; Ajuste al rostro mediante arn\u00e9s de cabeza y banda el\u00e1stica que permite el descanso del respirador sobre el pecho, protegido del medio ambiente. <\/p>\n<p>&#8211; El cabezal fabricado en cinta poliester otorga una absoluta comodidad al momento de posicionarlo en el cuello.<\/p>\n<p>&#8211; Repuestos de banda el\u00e1stica y set de v\u00e1lvulas a disposici\u00f3n del usuario.<\/p>\n<p>&#8211; V\u00e1lvulas de inhalaci\u00f3n y exhalaci\u00f3n extra delgadas proporcionando una mejor y f\u00e1cil respiraci\u00f3n.<\/p>\n<p>&#8211; Respirador de dos v\u00edas que cuenta con una completa gama de filtros sencillos y mixtos, contra todo tipo de particulados y contaminantes qu\u00edmicos.<\/p>\n","protected":false},"excerpt":{"rendered":"<p><a id=\"btncotizar\" href=\"https:\/\/uniformesludo.cl\/index.php\/cotizacion\/\">Cotizar<\/a><\/p>\n","protected":false},"featured_media":10013385,"comment_status":"closed","ping_status":"closed","template":"","meta":[],"product_brand":[],"product_cat":[532],"product_tag":[],"class_list":{"0":"post-10013384","1":"product","2":"type-product","3":"status-publish","4":"has-post-thumbnail","6":"product_cat-proteccion-respiratoria-seguridad-industrial","8":"first","9":"instock","10":"shipping-taxable","11":"product-type-simple"},"aioseo_notices":[],"yoast_head":"<!-- This site is optimized with the Yoast SEO plugin v26.5 - https:\/\/yoast.com\/wordpress\/plugins\/seo\/ -->\n<title>RESPIRADOR M500 FILTRO MGV 500 GASES Y VAPORES FILTRO M500 - MHE PARTICULAS - Uniformes Ludo<\/title>\n<meta name=\"robots\" content=\"index, follow, max-snippet:-1, max-image-preview:large, max-video-preview:-1\" \/>\n<link rel=\"canonical\" href=\"https:\/\/uniformesludo.cl\/index.php\/producto\/respirador-m500-filtro-mgv-500-gases-y-vapores-filtro-m500-mhe-particulas\/\" \/>\n<meta property=\"og:locale\" content=\"es_ES\" \/>\n<meta property=\"og:type\" content=\"article\" \/>\n<meta property=\"og:title\" content=\"RESPIRADOR M500 FILTRO MGV 500 GASES Y VAPORES FILTRO M500 - MHE PARTICULAS - Uniformes Ludo\" \/>\n<meta property=\"og:description\" content=\"Cotizar\" \/>\n<meta property=\"og:url\" content=\"https:\/\/uniformesludo.cl\/index.php\/producto\/respirador-m500-filtro-mgv-500-gases-y-vapores-filtro-m500-mhe-particulas\/\" \/>\n<meta property=\"og:site_name\" content=\"Uniformes Ludo\" \/>\n<meta property=\"article:modified_time\" content=\"2023-11-20T19:27:05+00:00\" \/>\n<meta property=\"og:image\" content=\"https:\/\/uniformesludo.cl\/wp-content\/uploads\/2023\/09\/RESPIRADOR-M500-FILTRO-MGV-500-GASES-Y-VAPORES-FILTRO-M500-MHE-PARTICULAS.png\" \/>\n\t<meta property=\"og:image:width\" content=\"448\" \/>\n\t<meta property=\"og:image:height\" content=\"448\" \/>\n\t<meta property=\"og:image:type\" content=\"image\/png\" \/>\n<meta name=\"twitter:card\" content=\"summary_large_image\" \/>\n<meta name=\"twitter:label1\" content=\"Tiempo de lectura\" \/>\n\t<meta name=\"twitter:data1\" content=\"1 minuto\" \/>\n<script type=\"application\/ld+json\" class=\"yoast-schema-graph\">{\"@context\":\"https:\/\/schema.org\",\"@graph\":[{\"@type\":\"WebPage\",\"@id\":\"https:\/\/uniformesludo.cl\/index.php\/producto\/respirador-m500-filtro-mgv-500-gases-y-vapores-filtro-m500-mhe-particulas\/\",\"url\":\"https:\/\/uniformesludo.cl\/index.php\/producto\/respirador-m500-filtro-mgv-500-gases-y-vapores-filtro-m500-mhe-particulas\/\",\"name\":\"RESPIRADOR M500 FILTRO MGV 500 GASES Y VAPORES FILTRO M500 - MHE PARTICULAS - Uniformes Ludo\",\"isPartOf\":{\"@id\":\"https:\/\/uniformesludo.cl\/#website\"},\"primaryImageOfPage\":{\"@id\":\"https:\/\/uniformesludo.cl\/index.php\/producto\/respirador-m500-filtro-mgv-500-gases-y-vapores-filtro-m500-mhe-particulas\/#primaryimage\"},\"image\":{\"@id\":\"https:\/\/uniformesludo.cl\/index.php\/producto\/respirador-m500-filtro-mgv-500-gases-y-vapores-filtro-m500-mhe-particulas\/#primaryimage\"},\"thumbnailUrl\":\"https:\/\/uniformesludo.cl\/wp-content\/uploads\/2023\/09\/RESPIRADOR-M500-FILTRO-MGV-500-GASES-Y-VAPORES-FILTRO-M500-MHE-PARTICULAS.png\",\"datePublished\":\"2023-09-12T18:08:22+00:00\",\"dateModified\":\"2023-11-20T19:27:05+00:00\",\"breadcrumb\":{\"@id\":\"https:\/\/uniformesludo.cl\/index.php\/producto\/respirador-m500-filtro-mgv-500-gases-y-vapores-filtro-m500-mhe-particulas\/#breadcrumb\"},\"inLanguage\":\"es\",\"potentialAction\":[{\"@type\":\"ReadAction\",\"target\":[\"https:\/\/uniformesludo.cl\/index.php\/producto\/respirador-m500-filtro-mgv-500-gases-y-vapores-filtro-m500-mhe-particulas\/\"]}]},{\"@type\":\"ImageObject\",\"inLanguage\":\"es\",\"@id\":\"https:\/\/uniformesludo.cl\/index.php\/producto\/respirador-m500-filtro-mgv-500-gases-y-vapores-filtro-m500-mhe-particulas\/#primaryimage\",\"url\":\"https:\/\/uniformesludo.cl\/wp-content\/uploads\/2023\/09\/RESPIRADOR-M500-FILTRO-MGV-500-GASES-Y-VAPORES-FILTRO-M500-MHE-PARTICULAS.png\",\"contentUrl\":\"https:\/\/uniformesludo.cl\/wp-content\/uploads\/2023\/09\/RESPIRADOR-M500-FILTRO-MGV-500-GASES-Y-VAPORES-FILTRO-M500-MHE-PARTICULAS.png\",\"width\":448,\"height\":448},{\"@type\":\"BreadcrumbList\",\"@id\":\"https:\/\/uniformesludo.cl\/index.php\/producto\/respirador-m500-filtro-mgv-500-gases-y-vapores-filtro-m500-mhe-particulas\/#breadcrumb\",\"itemListElement\":[{\"@type\":\"ListItem\",\"position\":1,\"name\":\"Portada\",\"item\":\"https:\/\/uniformesludo.cl\/\"},{\"@type\":\"ListItem\",\"position\":2,\"name\":\"Tienda\",\"item\":\"https:\/\/uniformesludo.cl\/index.php\/tienda\/\"},{\"@type\":\"ListItem\",\"position\":3,\"name\":\"RESPIRADOR M500 FILTRO MGV 500 GASES Y VAPORES FILTRO M500 &#8211; MHE PARTICULAS\"}]},{\"@type\":\"WebSite\",\"@id\":\"https:\/\/uniformesludo.cl\/#website\",\"url\":\"https:\/\/uniformesludo.cl\/\",\"name\":\"Uniformes Ludo\",\"description\":\"Es una de las empresas comercializadoras de Ropa de trabajo, confecci\u00f3n, productos de protecci\u00f3n, prevenci\u00f3n y seguridad una de las m\u00e1s importantes de nuestro pa\u00eds, reconocida a nivel Nacional, con numerosos clientes a lo largo de Chile que avalan su compromiso de calidad. De igual forma, existe una permanente preocupaci\u00f3n por mantener un servicio integral de excelencia que permita identificarnos como \u201cel mejor equipo, la mejor empresa e inversi\u00f3n\u201d.\",\"potentialAction\":[{\"@type\":\"SearchAction\",\"target\":{\"@type\":\"EntryPoint\",\"urlTemplate\":\"https:\/\/uniformesludo.cl\/?s={search_term_string}\"},\"query-input\":{\"@type\":\"PropertyValueSpecification\",\"valueRequired\":true,\"valueName\":\"search_term_string\"}}],\"inLanguage\":\"es\"}]}<\/script>\n<!-- \/ Yoast SEO plugin. -->","yoast_head_json":{"title":"RESPIRADOR M500 FILTRO MGV 500 GASES Y VAPORES FILTRO M500 - MHE PARTICULAS - Uniformes Ludo","robots":{"index":"index","follow":"follow","max-snippet":"max-snippet:-1","max-image-preview":"max-image-preview:large","max-video-preview":"max-video-preview:-1"},"canonical":"https:\/\/uniformesludo.cl\/index.php\/producto\/respirador-m500-filtro-mgv-500-gases-y-vapores-filtro-m500-mhe-particulas\/","og_locale":"es_ES","og_type":"article","og_title":"RESPIRADOR M500 FILTRO MGV 500 GASES Y VAPORES FILTRO M500 - MHE PARTICULAS - Uniformes Ludo","og_description":"Cotizar","og_url":"https:\/\/uniformesludo.cl\/index.php\/producto\/respirador-m500-filtro-mgv-500-gases-y-vapores-filtro-m500-mhe-particulas\/","og_site_name":"Uniformes Ludo","article_modified_time":"2023-11-20T19:27:05+00:00","og_image":[{"width":448,"height":448,"url":"https:\/\/uniformesludo.cl\/wp-content\/uploads\/2023\/09\/RESPIRADOR-M500-FILTRO-MGV-500-GASES-Y-VAPORES-FILTRO-M500-MHE-PARTICULAS.png","type":"image\/png"}],"twitter_card":"summary_large_image","twitter_misc":{"Tiempo de lectura":"1 minuto"},"schema":{"@context":"https:\/\/schema.org","@graph":[{"@type":"WebPage","@id":"https:\/\/uniformesludo.cl\/index.php\/producto\/respirador-m500-filtro-mgv-500-gases-y-vapores-filtro-m500-mhe-particulas\/","url":"https:\/\/uniformesludo.cl\/index.php\/producto\/respirador-m500-filtro-mgv-500-gases-y-vapores-filtro-m500-mhe-particulas\/","name":"RESPIRADOR M500 FILTRO MGV 500 GASES Y VAPORES FILTRO M500 - MHE PARTICULAS - Uniformes Ludo","isPartOf":{"@id":"https:\/\/uniformesludo.cl\/#website"},"primaryImageOfPage":{"@id":"https:\/\/uniformesludo.cl\/index.php\/producto\/respirador-m500-filtro-mgv-500-gases-y-vapores-filtro-m500-mhe-particulas\/#primaryimage"},"image":{"@id":"https:\/\/uniformesludo.cl\/index.php\/producto\/respirador-m500-filtro-mgv-500-gases-y-vapores-filtro-m500-mhe-particulas\/#primaryimage"},"thumbnailUrl":"https:\/\/uniformesludo.cl\/wp-content\/uploads\/2023\/09\/RESPIRADOR-M500-FILTRO-MGV-500-GASES-Y-VAPORES-FILTRO-M500-MHE-PARTICULAS.png","datePublished":"2023-09-12T18:08:22+00:00","dateModified":"2023-11-20T19:27:05+00:00","breadcrumb":{"@id":"https:\/\/uniformesludo.cl\/index.php\/producto\/respirador-m500-filtro-mgv-500-gases-y-vapores-filtro-m500-mhe-particulas\/#breadcrumb"},"inLanguage":"es","potentialAction":[{"@type":"ReadAction","target":["https:\/\/uniformesludo.cl\/index.php\/producto\/respirador-m500-filtro-mgv-500-gases-y-vapores-filtro-m500-mhe-particulas\/"]}]},{"@type":"ImageObject","inLanguage":"es","@id":"https:\/\/uniformesludo.cl\/index.php\/producto\/respirador-m500-filtro-mgv-500-gases-y-vapores-filtro-m500-mhe-particulas\/#primaryimage","url":"https:\/\/uniformesludo.cl\/wp-content\/uploads\/2023\/09\/RESPIRADOR-M500-FILTRO-MGV-500-GASES-Y-VAPORES-FILTRO-M500-MHE-PARTICULAS.png","contentUrl":"https:\/\/uniformesludo.cl\/wp-content\/uploads\/2023\/09\/RESPIRADOR-M500-FILTRO-MGV-500-GASES-Y-VAPORES-FILTRO-M500-MHE-PARTICULAS.png","width":448,"height":448},{"@type":"BreadcrumbList","@id":"https:\/\/uniformesludo.cl\/index.php\/producto\/respirador-m500-filtro-mgv-500-gases-y-vapores-filtro-m500-mhe-particulas\/#breadcrumb","itemListElement":[{"@type":"ListItem","position":1,"name":"Portada","item":"https:\/\/uniformesludo.cl\/"},{"@type":"ListItem","position":2,"name":"Tienda","item":"https:\/\/uniformesludo.cl\/index.php\/tienda\/"},{"@type":"ListItem","position":3,"name":"RESPIRADOR M500 FILTRO MGV 500 GASES Y VAPORES FILTRO M500 &#8211; MHE PARTICULAS"}]},{"@type":"WebSite","@id":"https:\/\/uniformesludo.cl\/#website","url":"https:\/\/uniformesludo.cl\/","name":"Uniformes Ludo","description":"Es una de las empresas comercializadoras de Ropa de trabajo, confecci\u00f3n, productos de protecci\u00f3n, prevenci\u00f3n y seguridad una de las m\u00e1s importantes de nuestro pa\u00eds, reconocida a nivel Nacional, con numerosos clientes a lo largo de Chile que avalan su compromiso de calidad. De igual forma, existe una permanente preocupaci\u00f3n por mantener un servicio integral de excelencia que permita identificarnos como \u201cel mejor equipo, la mejor empresa e inversi\u00f3n\u201d.","potentialAction":[{"@type":"SearchAction","target":{"@type":"EntryPoint","urlTemplate":"https:\/\/uniformesludo.cl\/?s={search_term_string}"},"query-input":{"@type":"PropertyValueSpecification","valueRequired":true,"valueName":"search_term_string"}}],"inLanguage":"es"}]}},"_links":{"self":[{"href":"https:\/\/uniformesludo.cl\/index.php\/wp-json\/wp\/v2\/product\/10013384","targetHints":{"allow":["GET"]}}],"collection":[{"href":"https:\/\/uniformesludo.cl\/index.php\/wp-json\/wp\/v2\/product"}],"about":[{"href":"https:\/\/uniformesludo.cl\/index.php\/wp-json\/wp\/v2\/types\/product"}],"replies":[{"embeddable":true,"href":"https:\/\/uniformesludo.cl\/index.php\/wp-json\/wp\/v2\/comments?post=10013384"}],"wp:featuredmedia":[{"embeddable":true,"href":"https:\/\/uniformesludo.cl\/index.php\/wp-json\/wp\/v2\/media\/10013385"}],"wp:attachment":[{"href":"https:\/\/uniformesludo.cl\/index.php\/wp-json\/wp\/v2\/media?parent=10013384"}],"wp:term":[{"taxonomy":"product_brand","embeddable":true,"href":"https:\/\/uniformesludo.cl\/index.php\/wp-json\/wp\/v2\/product_brand?post=10013384"},{"taxonomy":"product_cat","embeddable":true,"href":"https:\/\/uniformesludo.cl\/index.php\/wp-json\/wp\/v2\/product_cat?post=10013384"},{"taxonomy":"product_tag","embeddable":true,"href":"https:\/\/uniformesludo.cl\/index.php\/wp-json\/wp\/v2\/product_tag?post=10013384"}],"curies":[{"name":"wp","href":"https:\/\/api.w.org\/{rel}","templated":true}]}}