{"id":10013300,"date":"2023-09-11T20:05:37","date_gmt":"2023-09-11T20:05:37","guid":{"rendered":"https:\/\/uniformesludo.cl\/?post_type=product&#038;p=10013300"},"modified":"2024-08-09T18:26:27","modified_gmt":"2024-08-09T18:26:27","slug":"botin-outdoor-bering-high-hw-blue","status":"publish","type":"product","link":"https:\/\/uniformesludo.cl\/index.php\/producto\/botin-outdoor-bering-high-hw-blue\/","title":{"rendered":"BOTIN OUTDOOR BERING HIGH HW BLUE"},"content":{"rendered":"<h3>Descripci\u00f3n<\/h3>\n<p>&#8211; Calzado de seguridad clase I, antideslizante y plantilla interior de gel, que<\/p>\n<p>entrega comodidad y confort &#8211; Zapato liviano, respirable, blando e impermeable.<\/p>\n<p>&#8211; Condici\u00f3n que se consigue con su membrana Smart-Dry y<\/p>\n<p>Malla Waterproof, otorgando impermeabilidad y respirabilidad. Posee una<\/p>\n<p>protecci\u00f3n de goma en la punta y en el tal\u00f3n.<\/p>\n<p>&#8211; Costuras con hilo de nylon de<\/p>\n<p>alta resistencia, plantilla interior anat\u00f3mica antibacterial y se complementa<\/p>\n<p>con una suela con gran agarre y frenado, con entre suela de Eva.<\/p>\n<p>&#8211; Calzado Anti\u00e1cido. Perfecto en caminatas, tanto en climas fr\u00edos y lluviosos,<\/p>\n<p>como en la ciudad.<\/p>\n<p>&#8211; Dise\u00f1o Outdoor Ca\u00f1a baja, mide 14 cm. &#8211; Sobrepuntera y laterales de goma.<\/p>\n<p>&#8211; Reflectante en la zona del ta\u00f3n.<\/p>\n<p>&#8211; Certificado EN 1SO 20345 (Antideslizante) Ensayo NCh 1836 (Planta resistente a los<\/p>\n<p>hidrocarburos) Ensayo NCh 214712 (Aislaci\u00f3n el\u00e9ctrica) 750 grs. (Un zapato talla 41)<\/p>\n<p>&#8211; Inscrito en Registro de Fabricantes e Importadores de ISP<\/p>\n","protected":false},"excerpt":{"rendered":"<p><a id=\"btncotizar\" href=\"https:\/\/uniformesludo.cl\/index.php\/cotizacion\/\">Cotizar<\/a><\/p>\n","protected":false},"featured_media":10013301,"comment_status":"closed","ping_status":"closed","template":"","meta":[],"product_brand":[],"product_cat":[528],"product_tag":[552],"class_list":{"0":"post-10013300","1":"product","2":"type-product","3":"status-publish","4":"has-post-thumbnail","6":"product_cat-botines","7":"product_tag-zapatos","9":"first","10":"instock","11":"shipping-taxable","12":"product-type-simple"},"aioseo_notices":[],"yoast_head":"<!-- This site is optimized with the Yoast SEO plugin v26.5 - https:\/\/yoast.com\/wordpress\/plugins\/seo\/ -->\n<title>BOTIN OUTDOOR BERING HIGH HW BLUE - Uniformes Ludo<\/title>\n<meta name=\"robots\" content=\"index, follow, max-snippet:-1, max-image-preview:large, max-video-preview:-1\" \/>\n<link rel=\"canonical\" href=\"https:\/\/uniformesludo.cl\/index.php\/producto\/botin-outdoor-bering-high-hw-blue\/\" \/>\n<meta property=\"og:locale\" content=\"es_ES\" \/>\n<meta property=\"og:type\" content=\"article\" \/>\n<meta property=\"og:title\" content=\"BOTIN OUTDOOR BERING HIGH HW BLUE - Uniformes Ludo\" \/>\n<meta property=\"og:description\" content=\"Cotizar\" \/>\n<meta property=\"og:url\" content=\"https:\/\/uniformesludo.cl\/index.php\/producto\/botin-outdoor-bering-high-hw-blue\/\" \/>\n<meta property=\"og:site_name\" content=\"Uniformes Ludo\" \/>\n<meta property=\"article:modified_time\" content=\"2024-08-09T18:26:27+00:00\" \/>\n<meta property=\"og:image\" content=\"https:\/\/uniformesludo.cl\/wp-content\/uploads\/2023\/09\/BOTIN-OUTDOOR-BERING-HIGH-HW-BLUE.png\" \/>\n\t<meta property=\"og:image:width\" content=\"444\" \/>\n\t<meta property=\"og:image:height\" content=\"444\" \/>\n\t<meta property=\"og:image:type\" content=\"image\/png\" \/>\n<meta name=\"twitter:card\" content=\"summary_large_image\" \/>\n<meta name=\"twitter:label1\" content=\"Tiempo de lectura\" \/>\n\t<meta name=\"twitter:data1\" content=\"1 minuto\" \/>\n<script type=\"application\/ld+json\" class=\"yoast-schema-graph\">{\"@context\":\"https:\/\/schema.org\",\"@graph\":[{\"@type\":\"WebPage\",\"@id\":\"https:\/\/uniformesludo.cl\/index.php\/producto\/botin-outdoor-bering-high-hw-blue\/\",\"url\":\"https:\/\/uniformesludo.cl\/index.php\/producto\/botin-outdoor-bering-high-hw-blue\/\",\"name\":\"BOTIN OUTDOOR BERING HIGH HW BLUE - Uniformes Ludo\",\"isPartOf\":{\"@id\":\"https:\/\/uniformesludo.cl\/#website\"},\"primaryImageOfPage\":{\"@id\":\"https:\/\/uniformesludo.cl\/index.php\/producto\/botin-outdoor-bering-high-hw-blue\/#primaryimage\"},\"image\":{\"@id\":\"https:\/\/uniformesludo.cl\/index.php\/producto\/botin-outdoor-bering-high-hw-blue\/#primaryimage\"},\"thumbnailUrl\":\"https:\/\/uniformesludo.cl\/wp-content\/uploads\/2023\/09\/BOTIN-OUTDOOR-BERING-HIGH-HW-BLUE.png\",\"datePublished\":\"2023-09-11T20:05:37+00:00\",\"dateModified\":\"2024-08-09T18:26:27+00:00\",\"breadcrumb\":{\"@id\":\"https:\/\/uniformesludo.cl\/index.php\/producto\/botin-outdoor-bering-high-hw-blue\/#breadcrumb\"},\"inLanguage\":\"es\",\"potentialAction\":[{\"@type\":\"ReadAction\",\"target\":[\"https:\/\/uniformesludo.cl\/index.php\/producto\/botin-outdoor-bering-high-hw-blue\/\"]}]},{\"@type\":\"ImageObject\",\"inLanguage\":\"es\",\"@id\":\"https:\/\/uniformesludo.cl\/index.php\/producto\/botin-outdoor-bering-high-hw-blue\/#primaryimage\",\"url\":\"https:\/\/uniformesludo.cl\/wp-content\/uploads\/2023\/09\/BOTIN-OUTDOOR-BERING-HIGH-HW-BLUE.png\",\"contentUrl\":\"https:\/\/uniformesludo.cl\/wp-content\/uploads\/2023\/09\/BOTIN-OUTDOOR-BERING-HIGH-HW-BLUE.png\",\"width\":444,\"height\":444},{\"@type\":\"BreadcrumbList\",\"@id\":\"https:\/\/uniformesludo.cl\/index.php\/producto\/botin-outdoor-bering-high-hw-blue\/#breadcrumb\",\"itemListElement\":[{\"@type\":\"ListItem\",\"position\":1,\"name\":\"Portada\",\"item\":\"https:\/\/uniformesludo.cl\/\"},{\"@type\":\"ListItem\",\"position\":2,\"name\":\"Tienda\",\"item\":\"https:\/\/uniformesludo.cl\/index.php\/tienda\/\"},{\"@type\":\"ListItem\",\"position\":3,\"name\":\"BOTIN OUTDOOR BERING HIGH HW BLUE\"}]},{\"@type\":\"WebSite\",\"@id\":\"https:\/\/uniformesludo.cl\/#website\",\"url\":\"https:\/\/uniformesludo.cl\/\",\"name\":\"Uniformes Ludo\",\"description\":\"Es una de las empresas comercializadoras de Ropa de trabajo, confecci\u00f3n, productos de protecci\u00f3n, prevenci\u00f3n y seguridad una de las m\u00e1s importantes de nuestro pa\u00eds, reconocida a nivel Nacional, con numerosos clientes a lo largo de Chile que avalan su compromiso de calidad. De igual forma, existe una permanente preocupaci\u00f3n por mantener un servicio integral de excelencia que permita identificarnos como \u201cel mejor equipo, la mejor empresa e inversi\u00f3n\u201d.\",\"potentialAction\":[{\"@type\":\"SearchAction\",\"target\":{\"@type\":\"EntryPoint\",\"urlTemplate\":\"https:\/\/uniformesludo.cl\/?s={search_term_string}\"},\"query-input\":{\"@type\":\"PropertyValueSpecification\",\"valueRequired\":true,\"valueName\":\"search_term_string\"}}],\"inLanguage\":\"es\"}]}<\/script>\n<!-- \/ Yoast SEO plugin. -->","yoast_head_json":{"title":"BOTIN OUTDOOR BERING HIGH HW BLUE - Uniformes Ludo","robots":{"index":"index","follow":"follow","max-snippet":"max-snippet:-1","max-image-preview":"max-image-preview:large","max-video-preview":"max-video-preview:-1"},"canonical":"https:\/\/uniformesludo.cl\/index.php\/producto\/botin-outdoor-bering-high-hw-blue\/","og_locale":"es_ES","og_type":"article","og_title":"BOTIN OUTDOOR BERING HIGH HW BLUE - Uniformes Ludo","og_description":"Cotizar","og_url":"https:\/\/uniformesludo.cl\/index.php\/producto\/botin-outdoor-bering-high-hw-blue\/","og_site_name":"Uniformes Ludo","article_modified_time":"2024-08-09T18:26:27+00:00","og_image":[{"width":444,"height":444,"url":"https:\/\/uniformesludo.cl\/wp-content\/uploads\/2023\/09\/BOTIN-OUTDOOR-BERING-HIGH-HW-BLUE.png","type":"image\/png"}],"twitter_card":"summary_large_image","twitter_misc":{"Tiempo de lectura":"1 minuto"},"schema":{"@context":"https:\/\/schema.org","@graph":[{"@type":"WebPage","@id":"https:\/\/uniformesludo.cl\/index.php\/producto\/botin-outdoor-bering-high-hw-blue\/","url":"https:\/\/uniformesludo.cl\/index.php\/producto\/botin-outdoor-bering-high-hw-blue\/","name":"BOTIN OUTDOOR BERING HIGH HW BLUE - Uniformes Ludo","isPartOf":{"@id":"https:\/\/uniformesludo.cl\/#website"},"primaryImageOfPage":{"@id":"https:\/\/uniformesludo.cl\/index.php\/producto\/botin-outdoor-bering-high-hw-blue\/#primaryimage"},"image":{"@id":"https:\/\/uniformesludo.cl\/index.php\/producto\/botin-outdoor-bering-high-hw-blue\/#primaryimage"},"thumbnailUrl":"https:\/\/uniformesludo.cl\/wp-content\/uploads\/2023\/09\/BOTIN-OUTDOOR-BERING-HIGH-HW-BLUE.png","datePublished":"2023-09-11T20:05:37+00:00","dateModified":"2024-08-09T18:26:27+00:00","breadcrumb":{"@id":"https:\/\/uniformesludo.cl\/index.php\/producto\/botin-outdoor-bering-high-hw-blue\/#breadcrumb"},"inLanguage":"es","potentialAction":[{"@type":"ReadAction","target":["https:\/\/uniformesludo.cl\/index.php\/producto\/botin-outdoor-bering-high-hw-blue\/"]}]},{"@type":"ImageObject","inLanguage":"es","@id":"https:\/\/uniformesludo.cl\/index.php\/producto\/botin-outdoor-bering-high-hw-blue\/#primaryimage","url":"https:\/\/uniformesludo.cl\/wp-content\/uploads\/2023\/09\/BOTIN-OUTDOOR-BERING-HIGH-HW-BLUE.png","contentUrl":"https:\/\/uniformesludo.cl\/wp-content\/uploads\/2023\/09\/BOTIN-OUTDOOR-BERING-HIGH-HW-BLUE.png","width":444,"height":444},{"@type":"BreadcrumbList","@id":"https:\/\/uniformesludo.cl\/index.php\/producto\/botin-outdoor-bering-high-hw-blue\/#breadcrumb","itemListElement":[{"@type":"ListItem","position":1,"name":"Portada","item":"https:\/\/uniformesludo.cl\/"},{"@type":"ListItem","position":2,"name":"Tienda","item":"https:\/\/uniformesludo.cl\/index.php\/tienda\/"},{"@type":"ListItem","position":3,"name":"BOTIN OUTDOOR BERING HIGH HW BLUE"}]},{"@type":"WebSite","@id":"https:\/\/uniformesludo.cl\/#website","url":"https:\/\/uniformesludo.cl\/","name":"Uniformes Ludo","description":"Es una de las empresas comercializadoras de Ropa de trabajo, confecci\u00f3n, productos de protecci\u00f3n, prevenci\u00f3n y seguridad una de las m\u00e1s importantes de nuestro pa\u00eds, reconocida a nivel Nacional, con numerosos clientes a lo largo de Chile que avalan su compromiso de calidad. De igual forma, existe una permanente preocupaci\u00f3n por mantener un servicio integral de excelencia que permita identificarnos como \u201cel mejor equipo, la mejor empresa e inversi\u00f3n\u201d.","potentialAction":[{"@type":"SearchAction","target":{"@type":"EntryPoint","urlTemplate":"https:\/\/uniformesludo.cl\/?s={search_term_string}"},"query-input":{"@type":"PropertyValueSpecification","valueRequired":true,"valueName":"search_term_string"}}],"inLanguage":"es"}]}},"_links":{"self":[{"href":"https:\/\/uniformesludo.cl\/index.php\/wp-json\/wp\/v2\/product\/10013300","targetHints":{"allow":["GET"]}}],"collection":[{"href":"https:\/\/uniformesludo.cl\/index.php\/wp-json\/wp\/v2\/product"}],"about":[{"href":"https:\/\/uniformesludo.cl\/index.php\/wp-json\/wp\/v2\/types\/product"}],"replies":[{"embeddable":true,"href":"https:\/\/uniformesludo.cl\/index.php\/wp-json\/wp\/v2\/comments?post=10013300"}],"wp:featuredmedia":[{"embeddable":true,"href":"https:\/\/uniformesludo.cl\/index.php\/wp-json\/wp\/v2\/media\/10013301"}],"wp:attachment":[{"href":"https:\/\/uniformesludo.cl\/index.php\/wp-json\/wp\/v2\/media?parent=10013300"}],"wp:term":[{"taxonomy":"product_brand","embeddable":true,"href":"https:\/\/uniformesludo.cl\/index.php\/wp-json\/wp\/v2\/product_brand?post=10013300"},{"taxonomy":"product_cat","embeddable":true,"href":"https:\/\/uniformesludo.cl\/index.php\/wp-json\/wp\/v2\/product_cat?post=10013300"},{"taxonomy":"product_tag","embeddable":true,"href":"https:\/\/uniformesludo.cl\/index.php\/wp-json\/wp\/v2\/product_tag?post=10013300"}],"curies":[{"name":"wp","href":"https:\/\/api.w.org\/{rel}","templated":true}]}}