{"id":10013296,"date":"2023-09-11T19:59:29","date_gmt":"2023-09-11T19:59:29","guid":{"rendered":"https:\/\/uniformesludo.cl\/?post_type=product&#038;p=10013296"},"modified":"2024-08-09T18:26:27","modified_gmt":"2024-08-09T18:26:27","slug":"botin-climber-gardena-gris-y-morado","status":"publish","type":"product","link":"https:\/\/uniformesludo.cl\/index.php\/producto\/botin-climber-gardena-gris-y-morado\/","title":{"rendered":"BOTIN CLIMBER GARDENA GRIS Y MORADO"},"content":{"rendered":"<h3>Descripci\u00f3n<\/h3>\n<p>ZAPATOS DE SEGURIDAD PREMIUM CON ALTO COMFORT Seguridad certificada y<\/p>\n<p>comodidad premium para tus actividades. Zapatos con m\u00e1xima tecnolog\u00eda. La suela de<\/p>\n<p>caucho de gran tracci\u00f3n te ofrece un excelente agarre. La plantila de armado con<\/p>\n<p>tecnolog\u00eda Penetration proof anticlavo te permitir\u00e1n caminar con tranquilidad. Su<\/p>\n<p>capellada forrada en cuero natural Chileno te ofrece respirabiliad, resistencia y<\/p>\n<p>flexibilidad para que puedas trabajar con total comodidad. Su dise\u00f1o outdoor, innovador<\/p>\n<p>te garantizan un estilo \u00fanico.<\/p>\n<h3>Especificaciones del producto<\/h3>\n<p>&#8211; CONSTRUCCI\u00d3N: Cementado.<\/p>\n<p>&#8211; APARADO: Cuero<\/p>\n<p>Crazy Horse W.R.<\/p>\n<p>&#8211; PLANTA: Bimaterialidad Caucho y Eva con aislaci\u00f3n el\u00e9ctrica y sistema anti corrosi\u00f3n.<\/p>\n<p>&#8211; PUNTERA: Composite, en base a norma NCh 772\/2.<\/p>\n<p>&#8211; PLANTILLA DE ARMADO: Tecnolog\u00eda penetration proof anticlavos.<\/p>\n<p>&#8211; PLANTILLA INTERIOR: Eva anat\u00f3mica intercambiable forrada con Cambrell.<\/p>\n","protected":false},"excerpt":{"rendered":"<p><a id=\"btncotizar\" href=\"https:\/\/uniformesludo.cl\/index.php\/cotizacion\/\">Cotizar<\/a><\/p>\n","protected":false},"featured_media":10013297,"comment_status":"closed","ping_status":"closed","template":"","meta":[],"product_brand":[],"product_cat":[528],"product_tag":[552],"class_list":{"0":"post-10013296","1":"product","2":"type-product","3":"status-publish","4":"has-post-thumbnail","6":"product_cat-botines","7":"product_tag-zapatos","9":"first","10":"instock","11":"shipping-taxable","12":"product-type-simple"},"aioseo_notices":[],"yoast_head":"<!-- This site is optimized with the Yoast SEO plugin v26.5 - https:\/\/yoast.com\/wordpress\/plugins\/seo\/ -->\n<title>BOTIN CLIMBER GARDENA GRIS Y MORADO - Uniformes Ludo<\/title>\n<meta name=\"robots\" content=\"index, follow, max-snippet:-1, max-image-preview:large, max-video-preview:-1\" \/>\n<link rel=\"canonical\" href=\"https:\/\/uniformesludo.cl\/index.php\/producto\/botin-climber-gardena-gris-y-morado\/\" \/>\n<meta property=\"og:locale\" content=\"es_ES\" \/>\n<meta property=\"og:type\" content=\"article\" \/>\n<meta property=\"og:title\" content=\"BOTIN CLIMBER GARDENA GRIS Y MORADO - Uniformes Ludo\" \/>\n<meta property=\"og:description\" content=\"Cotizar\" \/>\n<meta property=\"og:url\" content=\"https:\/\/uniformesludo.cl\/index.php\/producto\/botin-climber-gardena-gris-y-morado\/\" \/>\n<meta property=\"og:site_name\" content=\"Uniformes Ludo\" \/>\n<meta property=\"article:modified_time\" content=\"2024-08-09T18:26:27+00:00\" \/>\n<meta property=\"og:image\" content=\"https:\/\/uniformesludo.cl\/wp-content\/uploads\/2023\/09\/BOTIN-CLIMBER-GARDENA-GRIS-Y-MORADO.png\" \/>\n\t<meta property=\"og:image:width\" content=\"424\" \/>\n\t<meta property=\"og:image:height\" content=\"424\" \/>\n\t<meta property=\"og:image:type\" content=\"image\/png\" \/>\n<meta name=\"twitter:card\" content=\"summary_large_image\" \/>\n<meta name=\"twitter:label1\" content=\"Tiempo de lectura\" \/>\n\t<meta name=\"twitter:data1\" content=\"1 minuto\" \/>\n<script type=\"application\/ld+json\" class=\"yoast-schema-graph\">{\"@context\":\"https:\/\/schema.org\",\"@graph\":[{\"@type\":\"WebPage\",\"@id\":\"https:\/\/uniformesludo.cl\/index.php\/producto\/botin-climber-gardena-gris-y-morado\/\",\"url\":\"https:\/\/uniformesludo.cl\/index.php\/producto\/botin-climber-gardena-gris-y-morado\/\",\"name\":\"BOTIN CLIMBER GARDENA GRIS Y MORADO - Uniformes Ludo\",\"isPartOf\":{\"@id\":\"https:\/\/uniformesludo.cl\/#website\"},\"primaryImageOfPage\":{\"@id\":\"https:\/\/uniformesludo.cl\/index.php\/producto\/botin-climber-gardena-gris-y-morado\/#primaryimage\"},\"image\":{\"@id\":\"https:\/\/uniformesludo.cl\/index.php\/producto\/botin-climber-gardena-gris-y-morado\/#primaryimage\"},\"thumbnailUrl\":\"https:\/\/uniformesludo.cl\/wp-content\/uploads\/2023\/09\/BOTIN-CLIMBER-GARDENA-GRIS-Y-MORADO.png\",\"datePublished\":\"2023-09-11T19:59:29+00:00\",\"dateModified\":\"2024-08-09T18:26:27+00:00\",\"breadcrumb\":{\"@id\":\"https:\/\/uniformesludo.cl\/index.php\/producto\/botin-climber-gardena-gris-y-morado\/#breadcrumb\"},\"inLanguage\":\"es\",\"potentialAction\":[{\"@type\":\"ReadAction\",\"target\":[\"https:\/\/uniformesludo.cl\/index.php\/producto\/botin-climber-gardena-gris-y-morado\/\"]}]},{\"@type\":\"ImageObject\",\"inLanguage\":\"es\",\"@id\":\"https:\/\/uniformesludo.cl\/index.php\/producto\/botin-climber-gardena-gris-y-morado\/#primaryimage\",\"url\":\"https:\/\/uniformesludo.cl\/wp-content\/uploads\/2023\/09\/BOTIN-CLIMBER-GARDENA-GRIS-Y-MORADO.png\",\"contentUrl\":\"https:\/\/uniformesludo.cl\/wp-content\/uploads\/2023\/09\/BOTIN-CLIMBER-GARDENA-GRIS-Y-MORADO.png\",\"width\":424,\"height\":424},{\"@type\":\"BreadcrumbList\",\"@id\":\"https:\/\/uniformesludo.cl\/index.php\/producto\/botin-climber-gardena-gris-y-morado\/#breadcrumb\",\"itemListElement\":[{\"@type\":\"ListItem\",\"position\":1,\"name\":\"Portada\",\"item\":\"https:\/\/uniformesludo.cl\/\"},{\"@type\":\"ListItem\",\"position\":2,\"name\":\"Tienda\",\"item\":\"https:\/\/uniformesludo.cl\/index.php\/tienda\/\"},{\"@type\":\"ListItem\",\"position\":3,\"name\":\"BOTIN CLIMBER GARDENA GRIS Y MORADO\"}]},{\"@type\":\"WebSite\",\"@id\":\"https:\/\/uniformesludo.cl\/#website\",\"url\":\"https:\/\/uniformesludo.cl\/\",\"name\":\"Uniformes Ludo\",\"description\":\"Es una de las empresas comercializadoras de Ropa de trabajo, confecci\u00f3n, productos de protecci\u00f3n, prevenci\u00f3n y seguridad una de las m\u00e1s importantes de nuestro pa\u00eds, reconocida a nivel Nacional, con numerosos clientes a lo largo de Chile que avalan su compromiso de calidad. De igual forma, existe una permanente preocupaci\u00f3n por mantener un servicio integral de excelencia que permita identificarnos como \u201cel mejor equipo, la mejor empresa e inversi\u00f3n\u201d.\",\"potentialAction\":[{\"@type\":\"SearchAction\",\"target\":{\"@type\":\"EntryPoint\",\"urlTemplate\":\"https:\/\/uniformesludo.cl\/?s={search_term_string}\"},\"query-input\":{\"@type\":\"PropertyValueSpecification\",\"valueRequired\":true,\"valueName\":\"search_term_string\"}}],\"inLanguage\":\"es\"}]}<\/script>\n<!-- \/ Yoast SEO plugin. -->","yoast_head_json":{"title":"BOTIN CLIMBER GARDENA GRIS Y MORADO - Uniformes Ludo","robots":{"index":"index","follow":"follow","max-snippet":"max-snippet:-1","max-image-preview":"max-image-preview:large","max-video-preview":"max-video-preview:-1"},"canonical":"https:\/\/uniformesludo.cl\/index.php\/producto\/botin-climber-gardena-gris-y-morado\/","og_locale":"es_ES","og_type":"article","og_title":"BOTIN CLIMBER GARDENA GRIS Y MORADO - Uniformes Ludo","og_description":"Cotizar","og_url":"https:\/\/uniformesludo.cl\/index.php\/producto\/botin-climber-gardena-gris-y-morado\/","og_site_name":"Uniformes Ludo","article_modified_time":"2024-08-09T18:26:27+00:00","og_image":[{"width":424,"height":424,"url":"https:\/\/uniformesludo.cl\/wp-content\/uploads\/2023\/09\/BOTIN-CLIMBER-GARDENA-GRIS-Y-MORADO.png","type":"image\/png"}],"twitter_card":"summary_large_image","twitter_misc":{"Tiempo de lectura":"1 minuto"},"schema":{"@context":"https:\/\/schema.org","@graph":[{"@type":"WebPage","@id":"https:\/\/uniformesludo.cl\/index.php\/producto\/botin-climber-gardena-gris-y-morado\/","url":"https:\/\/uniformesludo.cl\/index.php\/producto\/botin-climber-gardena-gris-y-morado\/","name":"BOTIN CLIMBER GARDENA GRIS Y MORADO - Uniformes Ludo","isPartOf":{"@id":"https:\/\/uniformesludo.cl\/#website"},"primaryImageOfPage":{"@id":"https:\/\/uniformesludo.cl\/index.php\/producto\/botin-climber-gardena-gris-y-morado\/#primaryimage"},"image":{"@id":"https:\/\/uniformesludo.cl\/index.php\/producto\/botin-climber-gardena-gris-y-morado\/#primaryimage"},"thumbnailUrl":"https:\/\/uniformesludo.cl\/wp-content\/uploads\/2023\/09\/BOTIN-CLIMBER-GARDENA-GRIS-Y-MORADO.png","datePublished":"2023-09-11T19:59:29+00:00","dateModified":"2024-08-09T18:26:27+00:00","breadcrumb":{"@id":"https:\/\/uniformesludo.cl\/index.php\/producto\/botin-climber-gardena-gris-y-morado\/#breadcrumb"},"inLanguage":"es","potentialAction":[{"@type":"ReadAction","target":["https:\/\/uniformesludo.cl\/index.php\/producto\/botin-climber-gardena-gris-y-morado\/"]}]},{"@type":"ImageObject","inLanguage":"es","@id":"https:\/\/uniformesludo.cl\/index.php\/producto\/botin-climber-gardena-gris-y-morado\/#primaryimage","url":"https:\/\/uniformesludo.cl\/wp-content\/uploads\/2023\/09\/BOTIN-CLIMBER-GARDENA-GRIS-Y-MORADO.png","contentUrl":"https:\/\/uniformesludo.cl\/wp-content\/uploads\/2023\/09\/BOTIN-CLIMBER-GARDENA-GRIS-Y-MORADO.png","width":424,"height":424},{"@type":"BreadcrumbList","@id":"https:\/\/uniformesludo.cl\/index.php\/producto\/botin-climber-gardena-gris-y-morado\/#breadcrumb","itemListElement":[{"@type":"ListItem","position":1,"name":"Portada","item":"https:\/\/uniformesludo.cl\/"},{"@type":"ListItem","position":2,"name":"Tienda","item":"https:\/\/uniformesludo.cl\/index.php\/tienda\/"},{"@type":"ListItem","position":3,"name":"BOTIN CLIMBER GARDENA GRIS Y MORADO"}]},{"@type":"WebSite","@id":"https:\/\/uniformesludo.cl\/#website","url":"https:\/\/uniformesludo.cl\/","name":"Uniformes Ludo","description":"Es una de las empresas comercializadoras de Ropa de trabajo, confecci\u00f3n, productos de protecci\u00f3n, prevenci\u00f3n y seguridad una de las m\u00e1s importantes de nuestro pa\u00eds, reconocida a nivel Nacional, con numerosos clientes a lo largo de Chile que avalan su compromiso de calidad. De igual forma, existe una permanente preocupaci\u00f3n por mantener un servicio integral de excelencia que permita identificarnos como \u201cel mejor equipo, la mejor empresa e inversi\u00f3n\u201d.","potentialAction":[{"@type":"SearchAction","target":{"@type":"EntryPoint","urlTemplate":"https:\/\/uniformesludo.cl\/?s={search_term_string}"},"query-input":{"@type":"PropertyValueSpecification","valueRequired":true,"valueName":"search_term_string"}}],"inLanguage":"es"}]}},"_links":{"self":[{"href":"https:\/\/uniformesludo.cl\/index.php\/wp-json\/wp\/v2\/product\/10013296","targetHints":{"allow":["GET"]}}],"collection":[{"href":"https:\/\/uniformesludo.cl\/index.php\/wp-json\/wp\/v2\/product"}],"about":[{"href":"https:\/\/uniformesludo.cl\/index.php\/wp-json\/wp\/v2\/types\/product"}],"replies":[{"embeddable":true,"href":"https:\/\/uniformesludo.cl\/index.php\/wp-json\/wp\/v2\/comments?post=10013296"}],"wp:featuredmedia":[{"embeddable":true,"href":"https:\/\/uniformesludo.cl\/index.php\/wp-json\/wp\/v2\/media\/10013297"}],"wp:attachment":[{"href":"https:\/\/uniformesludo.cl\/index.php\/wp-json\/wp\/v2\/media?parent=10013296"}],"wp:term":[{"taxonomy":"product_brand","embeddable":true,"href":"https:\/\/uniformesludo.cl\/index.php\/wp-json\/wp\/v2\/product_brand?post=10013296"},{"taxonomy":"product_cat","embeddable":true,"href":"https:\/\/uniformesludo.cl\/index.php\/wp-json\/wp\/v2\/product_cat?post=10013296"},{"taxonomy":"product_tag","embeddable":true,"href":"https:\/\/uniformesludo.cl\/index.php\/wp-json\/wp\/v2\/product_tag?post=10013296"}],"curies":[{"name":"wp","href":"https:\/\/api.w.org\/{rel}","templated":true}]}}