{"id":10012787,"date":"2023-01-25T20:37:27","date_gmt":"2023-01-25T20:37:27","guid":{"rendered":"https:\/\/uniformesludo.cl\/?post_type=product&#038;p=10012787"},"modified":"2023-11-20T19:26:29","modified_gmt":"2023-11-20T19:26:29","slug":"set-asado-grill","status":"publish","type":"product","link":"https:\/\/uniformesludo.cl\/index.php\/producto\/set-asado-grill\/","title":{"rendered":"SET ASADO GRILL"},"content":{"rendered":"","protected":false},"excerpt":{"rendered":"<p>9,5 x 35,5 (estuche cerrado) 20 x 35,5 (estuche abierto). Tenedor: 33 cm y cuchillo: 32,5 cm. Set de cuchillo y tenedor con mango de madera. Estuche de polyester con cierre.<\/p>\n<p>&lt;span style=\u00bbcolor:#ff0099&#8243;&gt;&lt;strong&gt;El art\u00edculo puede contener informaci\u00f3n adicional en el packing, por favor comunicarse con su ejecutivo de ventas.&amp;nbsp;&lt;\/strong&gt;&lt;\/span&gt;<\/p>\n<div class=\"packing\">\n<div class=\"title\"><strong>Packing<\/strong><\/div>\n<div class=\"measures\">\n<div class=\"packing-label\">Medidas: 54,50 x 39,50 x 37,50 cm<\/div>\n<\/div>\n<div class=\"volume\">\n<div class=\"packing-label\">Volumen: 0,081 m\u00b3<\/div>\n<\/div>\n<div class=\"quantity\">\n<div class=\"packing-label\">Cantidad por caja: 50<\/div>\n<\/div>\n<div class=\"weight\">\n<div class=\"packing-label\">Peso total: 18,50 kg<\/div>\n<\/div>\n<\/div>\n<p><a id=\"btncotizar\" href=\"https:\/\/uniformesludo.cl\/index.php\/cotizacion\/\">Cotizar<\/a><\/p>\n","protected":false},"featured_media":10012788,"comment_status":"closed","ping_status":"closed","template":"","meta":[],"product_brand":[],"product_cat":[504],"product_tag":[],"class_list":{"0":"post-10012787","1":"product","2":"type-product","3":"status-publish","4":"has-post-thumbnail","6":"product_cat-articulos-publicitarios","8":"first","9":"instock","10":"shipping-taxable","11":"product-type-simple"},"aioseo_notices":[],"yoast_head":"<!-- This site is optimized with the Yoast SEO plugin v26.5 - https:\/\/yoast.com\/wordpress\/plugins\/seo\/ -->\n<title>SET ASADO GRILL - Uniformes Ludo<\/title>\n<meta name=\"robots\" content=\"index, follow, max-snippet:-1, max-image-preview:large, max-video-preview:-1\" \/>\n<link rel=\"canonical\" href=\"https:\/\/uniformesludo.cl\/index.php\/producto\/set-asado-grill\/\" \/>\n<meta property=\"og:locale\" content=\"es_ES\" \/>\n<meta property=\"og:type\" content=\"article\" \/>\n<meta property=\"og:title\" content=\"SET ASADO GRILL - Uniformes Ludo\" \/>\n<meta property=\"og:description\" content=\"9,5 x 35,5 (estuche cerrado) 20 x 35,5 (estuche abierto). Tenedor: 33 cm y cuchillo: 32,5 cm. Set de cuchillo y tenedor con mango de madera. Estuche de polyester con cierre.  &lt;span style=&quot;color:#ff0099&quot;&gt;&lt;strong&gt;El art\u00edculo puede contener informaci\u00f3n adicional en el packing, por favor comunicarse con su ejecutivo de ventas.&amp;nbsp;&lt;\/strong&gt;&lt;\/span&gt;  Packing  Medidas: 54,50 x 39,50 x 37,50 cm   Volumen: 0,081 m\u00b3   Cantidad por caja: 50   Peso total: 18,50 kg    Cotizar\" \/>\n<meta property=\"og:url\" content=\"https:\/\/uniformesludo.cl\/index.php\/producto\/set-asado-grill\/\" \/>\n<meta property=\"og:site_name\" content=\"Uniformes Ludo\" \/>\n<meta property=\"article:modified_time\" content=\"2023-11-20T19:26:29+00:00\" \/>\n<meta property=\"og:image\" content=\"https:\/\/uniformesludo.cl\/wp-content\/uploads\/2023\/01\/alt__promocional_publicitario_set_asado_T416_Kit_.jpg\" \/>\n\t<meta property=\"og:image:width\" content=\"845\" \/>\n\t<meta property=\"og:image:height\" content=\"945\" \/>\n\t<meta property=\"og:image:type\" content=\"image\/jpeg\" \/>\n<meta name=\"twitter:card\" content=\"summary_large_image\" \/>\n<script type=\"application\/ld+json\" class=\"yoast-schema-graph\">{\"@context\":\"https:\/\/schema.org\",\"@graph\":[{\"@type\":\"WebPage\",\"@id\":\"https:\/\/uniformesludo.cl\/index.php\/producto\/set-asado-grill\/\",\"url\":\"https:\/\/uniformesludo.cl\/index.php\/producto\/set-asado-grill\/\",\"name\":\"SET ASADO GRILL - Uniformes Ludo\",\"isPartOf\":{\"@id\":\"https:\/\/uniformesludo.cl\/#website\"},\"primaryImageOfPage\":{\"@id\":\"https:\/\/uniformesludo.cl\/index.php\/producto\/set-asado-grill\/#primaryimage\"},\"image\":{\"@id\":\"https:\/\/uniformesludo.cl\/index.php\/producto\/set-asado-grill\/#primaryimage\"},\"thumbnailUrl\":\"https:\/\/uniformesludo.cl\/wp-content\/uploads\/2023\/01\/alt__promocional_publicitario_set_asado_T416_Kit_.jpg\",\"datePublished\":\"2023-01-25T20:37:27+00:00\",\"dateModified\":\"2023-11-20T19:26:29+00:00\",\"breadcrumb\":{\"@id\":\"https:\/\/uniformesludo.cl\/index.php\/producto\/set-asado-grill\/#breadcrumb\"},\"inLanguage\":\"es\",\"potentialAction\":[{\"@type\":\"ReadAction\",\"target\":[\"https:\/\/uniformesludo.cl\/index.php\/producto\/set-asado-grill\/\"]}]},{\"@type\":\"ImageObject\",\"inLanguage\":\"es\",\"@id\":\"https:\/\/uniformesludo.cl\/index.php\/producto\/set-asado-grill\/#primaryimage\",\"url\":\"https:\/\/uniformesludo.cl\/wp-content\/uploads\/2023\/01\/alt__promocional_publicitario_set_asado_T416_Kit_.jpg\",\"contentUrl\":\"https:\/\/uniformesludo.cl\/wp-content\/uploads\/2023\/01\/alt__promocional_publicitario_set_asado_T416_Kit_.jpg\",\"width\":845,\"height\":945},{\"@type\":\"BreadcrumbList\",\"@id\":\"https:\/\/uniformesludo.cl\/index.php\/producto\/set-asado-grill\/#breadcrumb\",\"itemListElement\":[{\"@type\":\"ListItem\",\"position\":1,\"name\":\"Portada\",\"item\":\"https:\/\/uniformesludo.cl\/\"},{\"@type\":\"ListItem\",\"position\":2,\"name\":\"Tienda\",\"item\":\"https:\/\/uniformesludo.cl\/index.php\/tienda\/\"},{\"@type\":\"ListItem\",\"position\":3,\"name\":\"SET ASADO GRILL\"}]},{\"@type\":\"WebSite\",\"@id\":\"https:\/\/uniformesludo.cl\/#website\",\"url\":\"https:\/\/uniformesludo.cl\/\",\"name\":\"Uniformes Ludo\",\"description\":\"Es una de las empresas comercializadoras de Ropa de trabajo, confecci\u00f3n, productos de protecci\u00f3n, prevenci\u00f3n y seguridad una de las m\u00e1s importantes de nuestro pa\u00eds, reconocida a nivel Nacional, con numerosos clientes a lo largo de Chile que avalan su compromiso de calidad. De igual forma, existe una permanente preocupaci\u00f3n por mantener un servicio integral de excelencia que permita identificarnos como \u201cel mejor equipo, la mejor empresa e inversi\u00f3n\u201d.\",\"potentialAction\":[{\"@type\":\"SearchAction\",\"target\":{\"@type\":\"EntryPoint\",\"urlTemplate\":\"https:\/\/uniformesludo.cl\/?s={search_term_string}\"},\"query-input\":{\"@type\":\"PropertyValueSpecification\",\"valueRequired\":true,\"valueName\":\"search_term_string\"}}],\"inLanguage\":\"es\"}]}<\/script>\n<!-- \/ Yoast SEO plugin. -->","yoast_head_json":{"title":"SET ASADO GRILL - Uniformes Ludo","robots":{"index":"index","follow":"follow","max-snippet":"max-snippet:-1","max-image-preview":"max-image-preview:large","max-video-preview":"max-video-preview:-1"},"canonical":"https:\/\/uniformesludo.cl\/index.php\/producto\/set-asado-grill\/","og_locale":"es_ES","og_type":"article","og_title":"SET ASADO GRILL - Uniformes Ludo","og_description":"9,5 x 35,5 (estuche cerrado) 20 x 35,5 (estuche abierto). Tenedor: 33 cm y cuchillo: 32,5 cm. Set de cuchillo y tenedor con mango de madera. Estuche de polyester con cierre.  &lt;span style=\"color:#ff0099\"&gt;&lt;strong&gt;El art\u00edculo puede contener informaci\u00f3n adicional en el packing, por favor comunicarse con su ejecutivo de ventas.&amp;nbsp;&lt;\/strong&gt;&lt;\/span&gt;  Packing  Medidas: 54,50 x 39,50 x 37,50 cm   Volumen: 0,081 m\u00b3   Cantidad por caja: 50   Peso total: 18,50 kg    Cotizar","og_url":"https:\/\/uniformesludo.cl\/index.php\/producto\/set-asado-grill\/","og_site_name":"Uniformes Ludo","article_modified_time":"2023-11-20T19:26:29+00:00","og_image":[{"width":845,"height":945,"url":"https:\/\/uniformesludo.cl\/wp-content\/uploads\/2023\/01\/alt__promocional_publicitario_set_asado_T416_Kit_.jpg","type":"image\/jpeg"}],"twitter_card":"summary_large_image","schema":{"@context":"https:\/\/schema.org","@graph":[{"@type":"WebPage","@id":"https:\/\/uniformesludo.cl\/index.php\/producto\/set-asado-grill\/","url":"https:\/\/uniformesludo.cl\/index.php\/producto\/set-asado-grill\/","name":"SET ASADO GRILL - Uniformes Ludo","isPartOf":{"@id":"https:\/\/uniformesludo.cl\/#website"},"primaryImageOfPage":{"@id":"https:\/\/uniformesludo.cl\/index.php\/producto\/set-asado-grill\/#primaryimage"},"image":{"@id":"https:\/\/uniformesludo.cl\/index.php\/producto\/set-asado-grill\/#primaryimage"},"thumbnailUrl":"https:\/\/uniformesludo.cl\/wp-content\/uploads\/2023\/01\/alt__promocional_publicitario_set_asado_T416_Kit_.jpg","datePublished":"2023-01-25T20:37:27+00:00","dateModified":"2023-11-20T19:26:29+00:00","breadcrumb":{"@id":"https:\/\/uniformesludo.cl\/index.php\/producto\/set-asado-grill\/#breadcrumb"},"inLanguage":"es","potentialAction":[{"@type":"ReadAction","target":["https:\/\/uniformesludo.cl\/index.php\/producto\/set-asado-grill\/"]}]},{"@type":"ImageObject","inLanguage":"es","@id":"https:\/\/uniformesludo.cl\/index.php\/producto\/set-asado-grill\/#primaryimage","url":"https:\/\/uniformesludo.cl\/wp-content\/uploads\/2023\/01\/alt__promocional_publicitario_set_asado_T416_Kit_.jpg","contentUrl":"https:\/\/uniformesludo.cl\/wp-content\/uploads\/2023\/01\/alt__promocional_publicitario_set_asado_T416_Kit_.jpg","width":845,"height":945},{"@type":"BreadcrumbList","@id":"https:\/\/uniformesludo.cl\/index.php\/producto\/set-asado-grill\/#breadcrumb","itemListElement":[{"@type":"ListItem","position":1,"name":"Portada","item":"https:\/\/uniformesludo.cl\/"},{"@type":"ListItem","position":2,"name":"Tienda","item":"https:\/\/uniformesludo.cl\/index.php\/tienda\/"},{"@type":"ListItem","position":3,"name":"SET ASADO GRILL"}]},{"@type":"WebSite","@id":"https:\/\/uniformesludo.cl\/#website","url":"https:\/\/uniformesludo.cl\/","name":"Uniformes Ludo","description":"Es una de las empresas comercializadoras de Ropa de trabajo, confecci\u00f3n, productos de protecci\u00f3n, prevenci\u00f3n y seguridad una de las m\u00e1s importantes de nuestro pa\u00eds, reconocida a nivel Nacional, con numerosos clientes a lo largo de Chile que avalan su compromiso de calidad. De igual forma, existe una permanente preocupaci\u00f3n por mantener un servicio integral de excelencia que permita identificarnos como \u201cel mejor equipo, la mejor empresa e inversi\u00f3n\u201d.","potentialAction":[{"@type":"SearchAction","target":{"@type":"EntryPoint","urlTemplate":"https:\/\/uniformesludo.cl\/?s={search_term_string}"},"query-input":{"@type":"PropertyValueSpecification","valueRequired":true,"valueName":"search_term_string"}}],"inLanguage":"es"}]}},"_links":{"self":[{"href":"https:\/\/uniformesludo.cl\/index.php\/wp-json\/wp\/v2\/product\/10012787","targetHints":{"allow":["GET"]}}],"collection":[{"href":"https:\/\/uniformesludo.cl\/index.php\/wp-json\/wp\/v2\/product"}],"about":[{"href":"https:\/\/uniformesludo.cl\/index.php\/wp-json\/wp\/v2\/types\/product"}],"replies":[{"embeddable":true,"href":"https:\/\/uniformesludo.cl\/index.php\/wp-json\/wp\/v2\/comments?post=10012787"}],"wp:featuredmedia":[{"embeddable":true,"href":"https:\/\/uniformesludo.cl\/index.php\/wp-json\/wp\/v2\/media\/10012788"}],"wp:attachment":[{"href":"https:\/\/uniformesludo.cl\/index.php\/wp-json\/wp\/v2\/media?parent=10012787"}],"wp:term":[{"taxonomy":"product_brand","embeddable":true,"href":"https:\/\/uniformesludo.cl\/index.php\/wp-json\/wp\/v2\/product_brand?post=10012787"},{"taxonomy":"product_cat","embeddable":true,"href":"https:\/\/uniformesludo.cl\/index.php\/wp-json\/wp\/v2\/product_cat?post=10012787"},{"taxonomy":"product_tag","embeddable":true,"href":"https:\/\/uniformesludo.cl\/index.php\/wp-json\/wp\/v2\/product_tag?post=10012787"}],"curies":[{"name":"wp","href":"https:\/\/api.w.org\/{rel}","templated":true}]}}