{"id":10012656,"date":"2023-01-25T19:53:53","date_gmt":"2023-01-25T19:53:53","guid":{"rendered":"https:\/\/uniformesludo.cl\/?post_type=product&#038;p=10012656"},"modified":"2023-11-20T19:26:19","modified_gmt":"2023-11-20T19:26:19","slug":"botella-hawaii","status":"publish","type":"product","link":"https:\/\/uniformesludo.cl\/index.php\/producto\/botella-hawaii\/","title":{"rendered":"BOTELLA \u00abHAWAII\u00bb"},"content":{"rendered":"","protected":false},"excerpt":{"rendered":"<p>\u00d8 6 x 20 cm. Plastico PET. Capacidad 600 ml. Peso de la botella: 61 gramos &#8211; Peso de la tapa: 26 gramos. Pl\u00e1stico. Cuerpo transparente. Tapa a rosca. Libre de BPA. <span style=\"color: #ffffff\"><span style=\"background-color: #ff0099\">ATENCI\u00d3N<\/span><\/span><span style=\"color: #ff0099\">\u00a0\u00a0Botella y tapa se entregan por separado. \/ No utilizar con bebidas gaseosas ni l\u00edquidos calientes. \/ El manejo de este producto es delicado. \/ No exponer al sol y\u00a0temperaturas altas.\u00a0<\/span><\/p>\n<p><span style=\"background-color:#ff0099\">TENGA EN CUENTA QUE EL STOCK DE LAS BOTELLAS Y TAPAS CAMBIAN CONSTANTEMENTE, POR ESO LE SUGERIMOS QUE ANTES DE CONFIRMAR LA RESERVA COMUNIQUESE TELEFONICAMENTE O VIA MAIL CON SU EJECUTIVO DE VENTAS.<\/span><\/p>\n<p><strong>Packing<\/strong><\/p>\n<p>Medidas: 46,00 x 50,00 x 71,50 cm<\/p>\n<p>Volumen: 0,164 m\u00b3<\/p>\n<p>Cantidad por caja: 168<\/p>\n<p>Peso total: 11,70 kg<\/p>\n<p><a id=\"btncotizar\" href=\"https:\/\/uniformesludo.cl\/index.php\/cotizacion\/\">Cotizar<\/a><\/p>\n","protected":false},"featured_media":10012657,"comment_status":"closed","ping_status":"closed","template":"","meta":[],"product_brand":[],"product_cat":[504],"product_tag":[],"class_list":{"0":"post-10012656","1":"product","2":"type-product","3":"status-publish","4":"has-post-thumbnail","6":"product_cat-articulos-publicitarios","8":"first","9":"instock","10":"shipping-taxable","11":"product-type-simple"},"aioseo_notices":[],"yoast_head":"<!-- This site is optimized with the Yoast SEO plugin v26.5 - https:\/\/yoast.com\/wordpress\/plugins\/seo\/ -->\n<title>BOTELLA &quot;HAWAII&quot; - Uniformes Ludo<\/title>\n<meta name=\"robots\" content=\"index, follow, max-snippet:-1, max-image-preview:large, max-video-preview:-1\" \/>\n<link rel=\"canonical\" href=\"https:\/\/uniformesludo.cl\/index.php\/producto\/botella-hawaii\/\" \/>\n<meta property=\"og:locale\" content=\"es_ES\" \/>\n<meta property=\"og:type\" content=\"article\" \/>\n<meta property=\"og:title\" content=\"BOTELLA &quot;HAWAII&quot; - Uniformes Ludo\" \/>\n<meta property=\"og:description\" content=\"\u00d8 6 x 20 cm. Plastico PET. Capacidad 600 ml. Peso de la botella: 61 gramos - Peso de la tapa: 26 gramos. Pl\u00e1stico. Cuerpo transparente. Tapa a rosca. Libre de BPA. ATENCI\u00d3N\u00a0\u00a0Botella y tapa se entregan por separado. \/ No utilizar con bebidas gaseosas ni l\u00edquidos calientes. \/ El manejo de este producto es delicado. \/ No exponer al sol y\u00a0temperaturas altas.\u00a0 TENGA EN CUENTA QUE EL STOCK DE LAS BOTELLAS Y TAPAS CAMBIAN CONSTANTEMENTE, POR ESO LE SUGERIMOS QUE ANTES DE CONFIRMAR LA RESERVA COMUNIQUESE TELEFONICAMENTE O VIA MAIL CON SU EJECUTIVO DE VENTAS.  Packing Medidas: 46,00 x 50,00 x 71,50 cm Volumen: 0,164 m\u00b3 Cantidad por caja: 168 Peso total: 11,70 kg  Cotizar\" \/>\n<meta property=\"og:url\" content=\"https:\/\/uniformesludo.cl\/index.php\/producto\/botella-hawaii\/\" \/>\n<meta property=\"og:site_name\" content=\"Uniformes Ludo\" \/>\n<meta property=\"article:modified_time\" content=\"2023-11-20T19:26:19+00:00\" \/>\n<meta property=\"og:image\" content=\"https:\/\/uniformesludo.cl\/wp-content\/uploads\/2023\/01\/alt_promocional_publicitario_botella_T538_T540_verde.jpg\" \/>\n\t<meta property=\"og:image:width\" content=\"700\" \/>\n\t<meta property=\"og:image:height\" content=\"700\" \/>\n\t<meta property=\"og:image:type\" content=\"image\/jpeg\" \/>\n<meta name=\"twitter:card\" content=\"summary_large_image\" \/>\n<script type=\"application\/ld+json\" class=\"yoast-schema-graph\">{\"@context\":\"https:\/\/schema.org\",\"@graph\":[{\"@type\":\"WebPage\",\"@id\":\"https:\/\/uniformesludo.cl\/index.php\/producto\/botella-hawaii\/\",\"url\":\"https:\/\/uniformesludo.cl\/index.php\/producto\/botella-hawaii\/\",\"name\":\"BOTELLA \\\"HAWAII\\\" - Uniformes Ludo\",\"isPartOf\":{\"@id\":\"https:\/\/uniformesludo.cl\/#website\"},\"primaryImageOfPage\":{\"@id\":\"https:\/\/uniformesludo.cl\/index.php\/producto\/botella-hawaii\/#primaryimage\"},\"image\":{\"@id\":\"https:\/\/uniformesludo.cl\/index.php\/producto\/botella-hawaii\/#primaryimage\"},\"thumbnailUrl\":\"https:\/\/uniformesludo.cl\/wp-content\/uploads\/2023\/01\/alt_promocional_publicitario_botella_T538_T540_verde.jpg\",\"datePublished\":\"2023-01-25T19:53:53+00:00\",\"dateModified\":\"2023-11-20T19:26:19+00:00\",\"breadcrumb\":{\"@id\":\"https:\/\/uniformesludo.cl\/index.php\/producto\/botella-hawaii\/#breadcrumb\"},\"inLanguage\":\"es\",\"potentialAction\":[{\"@type\":\"ReadAction\",\"target\":[\"https:\/\/uniformesludo.cl\/index.php\/producto\/botella-hawaii\/\"]}]},{\"@type\":\"ImageObject\",\"inLanguage\":\"es\",\"@id\":\"https:\/\/uniformesludo.cl\/index.php\/producto\/botella-hawaii\/#primaryimage\",\"url\":\"https:\/\/uniformesludo.cl\/wp-content\/uploads\/2023\/01\/alt_promocional_publicitario_botella_T538_T540_verde.jpg\",\"contentUrl\":\"https:\/\/uniformesludo.cl\/wp-content\/uploads\/2023\/01\/alt_promocional_publicitario_botella_T538_T540_verde.jpg\",\"width\":700,\"height\":700},{\"@type\":\"BreadcrumbList\",\"@id\":\"https:\/\/uniformesludo.cl\/index.php\/producto\/botella-hawaii\/#breadcrumb\",\"itemListElement\":[{\"@type\":\"ListItem\",\"position\":1,\"name\":\"Portada\",\"item\":\"https:\/\/uniformesludo.cl\/\"},{\"@type\":\"ListItem\",\"position\":2,\"name\":\"Tienda\",\"item\":\"https:\/\/uniformesludo.cl\/index.php\/tienda\/\"},{\"@type\":\"ListItem\",\"position\":3,\"name\":\"BOTELLA \u00abHAWAII\u00bb\"}]},{\"@type\":\"WebSite\",\"@id\":\"https:\/\/uniformesludo.cl\/#website\",\"url\":\"https:\/\/uniformesludo.cl\/\",\"name\":\"Uniformes Ludo\",\"description\":\"Es una de las empresas comercializadoras de Ropa de trabajo, confecci\u00f3n, productos de protecci\u00f3n, prevenci\u00f3n y seguridad una de las m\u00e1s importantes de nuestro pa\u00eds, reconocida a nivel Nacional, con numerosos clientes a lo largo de Chile que avalan su compromiso de calidad. De igual forma, existe una permanente preocupaci\u00f3n por mantener un servicio integral de excelencia que permita identificarnos como \u201cel mejor equipo, la mejor empresa e inversi\u00f3n\u201d.\",\"potentialAction\":[{\"@type\":\"SearchAction\",\"target\":{\"@type\":\"EntryPoint\",\"urlTemplate\":\"https:\/\/uniformesludo.cl\/?s={search_term_string}\"},\"query-input\":{\"@type\":\"PropertyValueSpecification\",\"valueRequired\":true,\"valueName\":\"search_term_string\"}}],\"inLanguage\":\"es\"}]}<\/script>\n<!-- \/ Yoast SEO plugin. -->","yoast_head_json":{"title":"BOTELLA \"HAWAII\" - Uniformes Ludo","robots":{"index":"index","follow":"follow","max-snippet":"max-snippet:-1","max-image-preview":"max-image-preview:large","max-video-preview":"max-video-preview:-1"},"canonical":"https:\/\/uniformesludo.cl\/index.php\/producto\/botella-hawaii\/","og_locale":"es_ES","og_type":"article","og_title":"BOTELLA \"HAWAII\" - Uniformes Ludo","og_description":"\u00d8 6 x 20 cm. Plastico PET. Capacidad 600 ml. Peso de la botella: 61 gramos - Peso de la tapa: 26 gramos. Pl\u00e1stico. Cuerpo transparente. Tapa a rosca. Libre de BPA. ATENCI\u00d3N\u00a0\u00a0Botella y tapa se entregan por separado. \/ No utilizar con bebidas gaseosas ni l\u00edquidos calientes. \/ El manejo de este producto es delicado. \/ No exponer al sol y\u00a0temperaturas altas.\u00a0 TENGA EN CUENTA QUE EL STOCK DE LAS BOTELLAS Y TAPAS CAMBIAN CONSTANTEMENTE, POR ESO LE SUGERIMOS QUE ANTES DE CONFIRMAR LA RESERVA COMUNIQUESE TELEFONICAMENTE O VIA MAIL CON SU EJECUTIVO DE VENTAS.  Packing Medidas: 46,00 x 50,00 x 71,50 cm Volumen: 0,164 m\u00b3 Cantidad por caja: 168 Peso total: 11,70 kg  Cotizar","og_url":"https:\/\/uniformesludo.cl\/index.php\/producto\/botella-hawaii\/","og_site_name":"Uniformes Ludo","article_modified_time":"2023-11-20T19:26:19+00:00","og_image":[{"width":700,"height":700,"url":"https:\/\/uniformesludo.cl\/wp-content\/uploads\/2023\/01\/alt_promocional_publicitario_botella_T538_T540_verde.jpg","type":"image\/jpeg"}],"twitter_card":"summary_large_image","schema":{"@context":"https:\/\/schema.org","@graph":[{"@type":"WebPage","@id":"https:\/\/uniformesludo.cl\/index.php\/producto\/botella-hawaii\/","url":"https:\/\/uniformesludo.cl\/index.php\/producto\/botella-hawaii\/","name":"BOTELLA \"HAWAII\" - Uniformes Ludo","isPartOf":{"@id":"https:\/\/uniformesludo.cl\/#website"},"primaryImageOfPage":{"@id":"https:\/\/uniformesludo.cl\/index.php\/producto\/botella-hawaii\/#primaryimage"},"image":{"@id":"https:\/\/uniformesludo.cl\/index.php\/producto\/botella-hawaii\/#primaryimage"},"thumbnailUrl":"https:\/\/uniformesludo.cl\/wp-content\/uploads\/2023\/01\/alt_promocional_publicitario_botella_T538_T540_verde.jpg","datePublished":"2023-01-25T19:53:53+00:00","dateModified":"2023-11-20T19:26:19+00:00","breadcrumb":{"@id":"https:\/\/uniformesludo.cl\/index.php\/producto\/botella-hawaii\/#breadcrumb"},"inLanguage":"es","potentialAction":[{"@type":"ReadAction","target":["https:\/\/uniformesludo.cl\/index.php\/producto\/botella-hawaii\/"]}]},{"@type":"ImageObject","inLanguage":"es","@id":"https:\/\/uniformesludo.cl\/index.php\/producto\/botella-hawaii\/#primaryimage","url":"https:\/\/uniformesludo.cl\/wp-content\/uploads\/2023\/01\/alt_promocional_publicitario_botella_T538_T540_verde.jpg","contentUrl":"https:\/\/uniformesludo.cl\/wp-content\/uploads\/2023\/01\/alt_promocional_publicitario_botella_T538_T540_verde.jpg","width":700,"height":700},{"@type":"BreadcrumbList","@id":"https:\/\/uniformesludo.cl\/index.php\/producto\/botella-hawaii\/#breadcrumb","itemListElement":[{"@type":"ListItem","position":1,"name":"Portada","item":"https:\/\/uniformesludo.cl\/"},{"@type":"ListItem","position":2,"name":"Tienda","item":"https:\/\/uniformesludo.cl\/index.php\/tienda\/"},{"@type":"ListItem","position":3,"name":"BOTELLA \u00abHAWAII\u00bb"}]},{"@type":"WebSite","@id":"https:\/\/uniformesludo.cl\/#website","url":"https:\/\/uniformesludo.cl\/","name":"Uniformes Ludo","description":"Es una de las empresas comercializadoras de Ropa de trabajo, confecci\u00f3n, productos de protecci\u00f3n, prevenci\u00f3n y seguridad una de las m\u00e1s importantes de nuestro pa\u00eds, reconocida a nivel Nacional, con numerosos clientes a lo largo de Chile que avalan su compromiso de calidad. De igual forma, existe una permanente preocupaci\u00f3n por mantener un servicio integral de excelencia que permita identificarnos como \u201cel mejor equipo, la mejor empresa e inversi\u00f3n\u201d.","potentialAction":[{"@type":"SearchAction","target":{"@type":"EntryPoint","urlTemplate":"https:\/\/uniformesludo.cl\/?s={search_term_string}"},"query-input":{"@type":"PropertyValueSpecification","valueRequired":true,"valueName":"search_term_string"}}],"inLanguage":"es"}]}},"_links":{"self":[{"href":"https:\/\/uniformesludo.cl\/index.php\/wp-json\/wp\/v2\/product\/10012656","targetHints":{"allow":["GET"]}}],"collection":[{"href":"https:\/\/uniformesludo.cl\/index.php\/wp-json\/wp\/v2\/product"}],"about":[{"href":"https:\/\/uniformesludo.cl\/index.php\/wp-json\/wp\/v2\/types\/product"}],"replies":[{"embeddable":true,"href":"https:\/\/uniformesludo.cl\/index.php\/wp-json\/wp\/v2\/comments?post=10012656"}],"wp:featuredmedia":[{"embeddable":true,"href":"https:\/\/uniformesludo.cl\/index.php\/wp-json\/wp\/v2\/media\/10012657"}],"wp:attachment":[{"href":"https:\/\/uniformesludo.cl\/index.php\/wp-json\/wp\/v2\/media?parent=10012656"}],"wp:term":[{"taxonomy":"product_brand","embeddable":true,"href":"https:\/\/uniformesludo.cl\/index.php\/wp-json\/wp\/v2\/product_brand?post=10012656"},{"taxonomy":"product_cat","embeddable":true,"href":"https:\/\/uniformesludo.cl\/index.php\/wp-json\/wp\/v2\/product_cat?post=10012656"},{"taxonomy":"product_tag","embeddable":true,"href":"https:\/\/uniformesludo.cl\/index.php\/wp-json\/wp\/v2\/product_tag?post=10012656"}],"curies":[{"name":"wp","href":"https:\/\/api.w.org\/{rel}","templated":true}]}}