{"id":10012624,"date":"2023-01-25T19:38:52","date_gmt":"2023-01-25T19:38:52","guid":{"rendered":"https:\/\/uniformesludo.cl\/?post_type=product&#038;p=10012624"},"modified":"2023-11-20T19:26:17","modified_gmt":"2023-11-20T19:26:17","slug":"vaso-termico-canele-xl","status":"publish","type":"product","link":"https:\/\/uniformesludo.cl\/index.php\/producto\/vaso-termico-canele-xl\/","title":{"rendered":"VASO T\u00c9RMICO \u00abCANELE+ XL\u00bb"},"content":{"rendered":"","protected":false},"excerpt":{"rendered":"<p>\u00d8 9,5 x 18,7 cm. Capacidad 450ml. Pl\u00e1stico BPA free y TPR. Vaso doble pared con tapa a rosca anti-vuelco para mantener las bebidas fr\u00edas o calientes. Reutilizable. Apto para lavavajillas. Presentaci\u00f3n en caja de regalo.<\/p>\n<p><strong>Packing<\/strong><\/p>\n<p>Medidas: 50,50 x 40,50 x 41,00 cm<\/p>\n<p>Volumen: 0,084 m\u00b3<\/p>\n<p>Cantidad por caja: 40<\/p>\n<p>Peso total: 9,70 kg<\/p>\n<p><a id=\"btncotizar\" href=\"https:\/\/uniformesludo.cl\/index.php\/cotizacion\/\">Cotizar<\/a><\/p>\n","protected":false},"featured_media":10012625,"comment_status":"closed","ping_status":"closed","template":"","meta":[],"product_brand":[],"product_cat":[504],"product_tag":[],"class_list":{"0":"post-10012624","1":"product","2":"type-product","3":"status-publish","4":"has-post-thumbnail","6":"product_cat-articulos-publicitarios","8":"first","9":"instock","10":"shipping-taxable","11":"product-type-simple"},"aioseo_notices":[],"yoast_head":"<!-- This site is optimized with the Yoast SEO plugin v26.5 - https:\/\/yoast.com\/wordpress\/plugins\/seo\/ -->\n<title>VASO T\u00c9RMICO &quot;CANELE+ XL&quot; - Uniformes Ludo<\/title>\n<meta name=\"robots\" content=\"index, follow, max-snippet:-1, max-image-preview:large, max-video-preview:-1\" \/>\n<link rel=\"canonical\" href=\"https:\/\/uniformesludo.cl\/index.php\/producto\/vaso-termico-canele-xl\/\" \/>\n<meta property=\"og:locale\" content=\"es_ES\" \/>\n<meta property=\"og:type\" content=\"article\" \/>\n<meta property=\"og:title\" content=\"VASO T\u00c9RMICO &quot;CANELE+ XL&quot; - Uniformes Ludo\" \/>\n<meta property=\"og:description\" content=\"\u00d8 9,5 x 18,7 cm. Capacidad 450ml. Pl\u00e1stico BPA free y TPR. Vaso doble pared con tapa a rosca anti-vuelco para mantener las bebidas fr\u00edas o calientes. Reutilizable. Apto para lavavajillas. Presentaci\u00f3n en caja de regalo.  Packing Medidas: 50,50 x 40,50 x 41,00 cm Volumen: 0,084 m\u00b3 Cantidad por caja: 40 Peso total: 9,70 kg  Cotizar\" \/>\n<meta property=\"og:url\" content=\"https:\/\/uniformesludo.cl\/index.php\/producto\/vaso-termico-canele-xl\/\" \/>\n<meta property=\"og:site_name\" content=\"Uniformes Ludo\" \/>\n<meta property=\"article:modified_time\" content=\"2023-11-20T19:26:17+00:00\" \/>\n<meta property=\"og:image\" content=\"https:\/\/uniformesludo.cl\/wp-content\/uploads\/2023\/01\/CaneleI___XL_1_grisoscuro.jpg\" \/>\n\t<meta property=\"og:image:width\" content=\"700\" \/>\n\t<meta property=\"og:image:height\" content=\"700\" \/>\n\t<meta property=\"og:image:type\" content=\"image\/jpeg\" \/>\n<meta name=\"twitter:card\" content=\"summary_large_image\" \/>\n<script type=\"application\/ld+json\" class=\"yoast-schema-graph\">{\"@context\":\"https:\/\/schema.org\",\"@graph\":[{\"@type\":\"WebPage\",\"@id\":\"https:\/\/uniformesludo.cl\/index.php\/producto\/vaso-termico-canele-xl\/\",\"url\":\"https:\/\/uniformesludo.cl\/index.php\/producto\/vaso-termico-canele-xl\/\",\"name\":\"VASO T\u00c9RMICO \\\"CANELE+ XL\\\" - Uniformes Ludo\",\"isPartOf\":{\"@id\":\"https:\/\/uniformesludo.cl\/#website\"},\"primaryImageOfPage\":{\"@id\":\"https:\/\/uniformesludo.cl\/index.php\/producto\/vaso-termico-canele-xl\/#primaryimage\"},\"image\":{\"@id\":\"https:\/\/uniformesludo.cl\/index.php\/producto\/vaso-termico-canele-xl\/#primaryimage\"},\"thumbnailUrl\":\"https:\/\/uniformesludo.cl\/wp-content\/uploads\/2023\/01\/CaneleI___XL_1_grisoscuro.jpg\",\"datePublished\":\"2023-01-25T19:38:52+00:00\",\"dateModified\":\"2023-11-20T19:26:17+00:00\",\"breadcrumb\":{\"@id\":\"https:\/\/uniformesludo.cl\/index.php\/producto\/vaso-termico-canele-xl\/#breadcrumb\"},\"inLanguage\":\"es\",\"potentialAction\":[{\"@type\":\"ReadAction\",\"target\":[\"https:\/\/uniformesludo.cl\/index.php\/producto\/vaso-termico-canele-xl\/\"]}]},{\"@type\":\"ImageObject\",\"inLanguage\":\"es\",\"@id\":\"https:\/\/uniformesludo.cl\/index.php\/producto\/vaso-termico-canele-xl\/#primaryimage\",\"url\":\"https:\/\/uniformesludo.cl\/wp-content\/uploads\/2023\/01\/CaneleI___XL_1_grisoscuro.jpg\",\"contentUrl\":\"https:\/\/uniformesludo.cl\/wp-content\/uploads\/2023\/01\/CaneleI___XL_1_grisoscuro.jpg\",\"width\":700,\"height\":700},{\"@type\":\"BreadcrumbList\",\"@id\":\"https:\/\/uniformesludo.cl\/index.php\/producto\/vaso-termico-canele-xl\/#breadcrumb\",\"itemListElement\":[{\"@type\":\"ListItem\",\"position\":1,\"name\":\"Portada\",\"item\":\"https:\/\/uniformesludo.cl\/\"},{\"@type\":\"ListItem\",\"position\":2,\"name\":\"Tienda\",\"item\":\"https:\/\/uniformesludo.cl\/index.php\/tienda\/\"},{\"@type\":\"ListItem\",\"position\":3,\"name\":\"VASO T\u00c9RMICO \u00abCANELE+ XL\u00bb\"}]},{\"@type\":\"WebSite\",\"@id\":\"https:\/\/uniformesludo.cl\/#website\",\"url\":\"https:\/\/uniformesludo.cl\/\",\"name\":\"Uniformes Ludo\",\"description\":\"Es una de las empresas comercializadoras de Ropa de trabajo, confecci\u00f3n, productos de protecci\u00f3n, prevenci\u00f3n y seguridad una de las m\u00e1s importantes de nuestro pa\u00eds, reconocida a nivel Nacional, con numerosos clientes a lo largo de Chile que avalan su compromiso de calidad. De igual forma, existe una permanente preocupaci\u00f3n por mantener un servicio integral de excelencia que permita identificarnos como \u201cel mejor equipo, la mejor empresa e inversi\u00f3n\u201d.\",\"potentialAction\":[{\"@type\":\"SearchAction\",\"target\":{\"@type\":\"EntryPoint\",\"urlTemplate\":\"https:\/\/uniformesludo.cl\/?s={search_term_string}\"},\"query-input\":{\"@type\":\"PropertyValueSpecification\",\"valueRequired\":true,\"valueName\":\"search_term_string\"}}],\"inLanguage\":\"es\"}]}<\/script>\n<!-- \/ Yoast SEO plugin. -->","yoast_head_json":{"title":"VASO T\u00c9RMICO \"CANELE+ XL\" - Uniformes Ludo","robots":{"index":"index","follow":"follow","max-snippet":"max-snippet:-1","max-image-preview":"max-image-preview:large","max-video-preview":"max-video-preview:-1"},"canonical":"https:\/\/uniformesludo.cl\/index.php\/producto\/vaso-termico-canele-xl\/","og_locale":"es_ES","og_type":"article","og_title":"VASO T\u00c9RMICO \"CANELE+ XL\" - Uniformes Ludo","og_description":"\u00d8 9,5 x 18,7 cm. Capacidad 450ml. Pl\u00e1stico BPA free y TPR. Vaso doble pared con tapa a rosca anti-vuelco para mantener las bebidas fr\u00edas o calientes. Reutilizable. Apto para lavavajillas. Presentaci\u00f3n en caja de regalo.  Packing Medidas: 50,50 x 40,50 x 41,00 cm Volumen: 0,084 m\u00b3 Cantidad por caja: 40 Peso total: 9,70 kg  Cotizar","og_url":"https:\/\/uniformesludo.cl\/index.php\/producto\/vaso-termico-canele-xl\/","og_site_name":"Uniformes Ludo","article_modified_time":"2023-11-20T19:26:17+00:00","og_image":[{"width":700,"height":700,"url":"https:\/\/uniformesludo.cl\/wp-content\/uploads\/2023\/01\/CaneleI___XL_1_grisoscuro.jpg","type":"image\/jpeg"}],"twitter_card":"summary_large_image","schema":{"@context":"https:\/\/schema.org","@graph":[{"@type":"WebPage","@id":"https:\/\/uniformesludo.cl\/index.php\/producto\/vaso-termico-canele-xl\/","url":"https:\/\/uniformesludo.cl\/index.php\/producto\/vaso-termico-canele-xl\/","name":"VASO T\u00c9RMICO \"CANELE+ XL\" - Uniformes Ludo","isPartOf":{"@id":"https:\/\/uniformesludo.cl\/#website"},"primaryImageOfPage":{"@id":"https:\/\/uniformesludo.cl\/index.php\/producto\/vaso-termico-canele-xl\/#primaryimage"},"image":{"@id":"https:\/\/uniformesludo.cl\/index.php\/producto\/vaso-termico-canele-xl\/#primaryimage"},"thumbnailUrl":"https:\/\/uniformesludo.cl\/wp-content\/uploads\/2023\/01\/CaneleI___XL_1_grisoscuro.jpg","datePublished":"2023-01-25T19:38:52+00:00","dateModified":"2023-11-20T19:26:17+00:00","breadcrumb":{"@id":"https:\/\/uniformesludo.cl\/index.php\/producto\/vaso-termico-canele-xl\/#breadcrumb"},"inLanguage":"es","potentialAction":[{"@type":"ReadAction","target":["https:\/\/uniformesludo.cl\/index.php\/producto\/vaso-termico-canele-xl\/"]}]},{"@type":"ImageObject","inLanguage":"es","@id":"https:\/\/uniformesludo.cl\/index.php\/producto\/vaso-termico-canele-xl\/#primaryimage","url":"https:\/\/uniformesludo.cl\/wp-content\/uploads\/2023\/01\/CaneleI___XL_1_grisoscuro.jpg","contentUrl":"https:\/\/uniformesludo.cl\/wp-content\/uploads\/2023\/01\/CaneleI___XL_1_grisoscuro.jpg","width":700,"height":700},{"@type":"BreadcrumbList","@id":"https:\/\/uniformesludo.cl\/index.php\/producto\/vaso-termico-canele-xl\/#breadcrumb","itemListElement":[{"@type":"ListItem","position":1,"name":"Portada","item":"https:\/\/uniformesludo.cl\/"},{"@type":"ListItem","position":2,"name":"Tienda","item":"https:\/\/uniformesludo.cl\/index.php\/tienda\/"},{"@type":"ListItem","position":3,"name":"VASO T\u00c9RMICO \u00abCANELE+ XL\u00bb"}]},{"@type":"WebSite","@id":"https:\/\/uniformesludo.cl\/#website","url":"https:\/\/uniformesludo.cl\/","name":"Uniformes Ludo","description":"Es una de las empresas comercializadoras de Ropa de trabajo, confecci\u00f3n, productos de protecci\u00f3n, prevenci\u00f3n y seguridad una de las m\u00e1s importantes de nuestro pa\u00eds, reconocida a nivel Nacional, con numerosos clientes a lo largo de Chile que avalan su compromiso de calidad. De igual forma, existe una permanente preocupaci\u00f3n por mantener un servicio integral de excelencia que permita identificarnos como \u201cel mejor equipo, la mejor empresa e inversi\u00f3n\u201d.","potentialAction":[{"@type":"SearchAction","target":{"@type":"EntryPoint","urlTemplate":"https:\/\/uniformesludo.cl\/?s={search_term_string}"},"query-input":{"@type":"PropertyValueSpecification","valueRequired":true,"valueName":"search_term_string"}}],"inLanguage":"es"}]}},"_links":{"self":[{"href":"https:\/\/uniformesludo.cl\/index.php\/wp-json\/wp\/v2\/product\/10012624","targetHints":{"allow":["GET"]}}],"collection":[{"href":"https:\/\/uniformesludo.cl\/index.php\/wp-json\/wp\/v2\/product"}],"about":[{"href":"https:\/\/uniformesludo.cl\/index.php\/wp-json\/wp\/v2\/types\/product"}],"replies":[{"embeddable":true,"href":"https:\/\/uniformesludo.cl\/index.php\/wp-json\/wp\/v2\/comments?post=10012624"}],"wp:featuredmedia":[{"embeddable":true,"href":"https:\/\/uniformesludo.cl\/index.php\/wp-json\/wp\/v2\/media\/10012625"}],"wp:attachment":[{"href":"https:\/\/uniformesludo.cl\/index.php\/wp-json\/wp\/v2\/media?parent=10012624"}],"wp:term":[{"taxonomy":"product_brand","embeddable":true,"href":"https:\/\/uniformesludo.cl\/index.php\/wp-json\/wp\/v2\/product_brand?post=10012624"},{"taxonomy":"product_cat","embeddable":true,"href":"https:\/\/uniformesludo.cl\/index.php\/wp-json\/wp\/v2\/product_cat?post=10012624"},{"taxonomy":"product_tag","embeddable":true,"href":"https:\/\/uniformesludo.cl\/index.php\/wp-json\/wp\/v2\/product_tag?post=10012624"}],"curies":[{"name":"wp","href":"https:\/\/api.w.org\/{rel}","templated":true}]}}