{"id":10012516,"date":"2023-01-25T18:59:38","date_gmt":"2023-01-25T18:59:38","guid":{"rendered":"https:\/\/uniformesludo.cl\/?post_type=product&#038;p=10012516"},"modified":"2023-11-20T19:26:10","modified_gmt":"2023-11-20T19:26:10","slug":"bolsas-organizadoras-para-viajes-boston","status":"publish","type":"product","link":"https:\/\/uniformesludo.cl\/index.php\/producto\/bolsas-organizadoras-para-viajes-boston\/","title":{"rendered":"BOLSAS ORGANIZADORAS PARA VIAJES \u00abBOSTON\u00bb"},"content":{"rendered":"","protected":false},"excerpt":{"rendered":"<p>Organizador grande: 45 x 33 x 8,5 cm \/ Organizador mediano: 33 x 28 x 8,5 cm \/ Organizador peque\u00f1o: 33 x 17 x 10 cm. <strong>RPET<\/strong>. Bolsas organizadoras para viaje. Permite guardar de forma prolija diferentes elementos en un producto reciclado. <strong>RPET<\/strong>: <strong>es un material que marca tendencia<\/strong> en la elaboraci\u00f3n de art\u00edculos\u00a0promocionales. Se trata de realizar tejidos a partir de botellas de pl\u00e1stico recicladas. <strong>Un nuevo tipo de pl\u00e1stico que entra en la categor\u00eda de material reciclado.<\/strong> Adem\u00e1s de esta sostenibilidad, los tejidos RPET son materiales muy resistentes que cuentan con una larga durabilidad. Tambi\u00e9n tienen otras ventajas como alta tolerancia al calor y son flexibles e impermeables. Es decir, los beneficios que se atribuyen a otros pl\u00e1sticos como el poli\u00e9ster tradicional, pero <strong>sin potenciar una producci\u00f3n contaminante.<\/strong><\/p>\n<div class=\"packing\">\n<div class=\"title\"><strong>Packing<\/strong><\/div>\n<div class=\"measures\">\n<div class=\"packing-label\">Medidas: 39,00 x 51,00 x 41,00 cm<\/div>\n<\/div>\n<div class=\"volume\">\n<div class=\"packing-label\">Volumen: 0,081 m\u00b3<\/div>\n<\/div>\n<div class=\"quantity\">\n<div class=\"packing-label\">Cantidad por caja: 100<\/div>\n<\/div>\n<div class=\"weight\">\n<div class=\"packing-label\">Peso total: 13,00 kg<\/div>\n<\/div>\n<\/div>\n<p><a id=\"btncotizar\" href=\"https:\/\/uniformesludo.cl\/index.php\/cotizacion\/\">Cotizar<\/a><\/p>\n","protected":false},"featured_media":10012517,"comment_status":"closed","ping_status":"closed","template":"","meta":[],"product_brand":[],"product_cat":[504],"product_tag":[],"class_list":{"0":"post-10012516","1":"product","2":"type-product","3":"status-publish","4":"has-post-thumbnail","6":"product_cat-articulos-publicitarios","8":"first","9":"instock","10":"shipping-taxable","11":"product-type-simple"},"aioseo_notices":[],"yoast_head":"<!-- This site is optimized with the Yoast SEO plugin v26.5 - https:\/\/yoast.com\/wordpress\/plugins\/seo\/ -->\n<title>BOLSAS ORGANIZADORAS PARA VIAJES &quot;BOSTON&quot; - Uniformes Ludo<\/title>\n<meta name=\"robots\" content=\"index, follow, max-snippet:-1, max-image-preview:large, max-video-preview:-1\" \/>\n<link rel=\"canonical\" href=\"https:\/\/uniformesludo.cl\/index.php\/producto\/bolsas-organizadoras-para-viajes-boston\/\" \/>\n<meta property=\"og:locale\" content=\"es_ES\" \/>\n<meta property=\"og:type\" content=\"article\" \/>\n<meta property=\"og:title\" content=\"BOLSAS ORGANIZADORAS PARA VIAJES &quot;BOSTON&quot; - Uniformes Ludo\" \/>\n<meta property=\"og:description\" content=\"Organizador grande: 45 x 33 x 8,5 cm \/ Organizador mediano: 33 x 28 x 8,5 cm \/ Organizador peque\u00f1o: 33 x 17 x 10 cm. RPET. Bolsas organizadoras para viaje. Permite guardar de forma prolija diferentes elementos en un producto reciclado. RPET: es un material que marca tendencia en la elaboraci\u00f3n de art\u00edculos\u00a0promocionales. Se trata de realizar tejidos a partir de botellas de pl\u00e1stico recicladas. Un nuevo tipo de pl\u00e1stico que entra en la categor\u00eda de material reciclado. Adem\u00e1s de esta sostenibilidad, los tejidos RPET son materiales muy resistentes que cuentan con una larga durabilidad. Tambi\u00e9n tienen otras ventajas como alta tolerancia al calor y son flexibles e impermeables. Es decir, los beneficios que se atribuyen a otros pl\u00e1sticos como el poli\u00e9ster tradicional, pero sin potenciar una producci\u00f3n contaminante.  Packing  Medidas: 39,00 x 51,00 x 41,00 cm   Volumen: 0,081 m\u00b3   Cantidad por caja: 100   Peso total: 13,00 kg    Cotizar\" \/>\n<meta property=\"og:url\" content=\"https:\/\/uniformesludo.cl\/index.php\/producto\/bolsas-organizadoras-para-viajes-boston\/\" \/>\n<meta property=\"og:site_name\" content=\"Uniformes Ludo\" \/>\n<meta property=\"article:modified_time\" content=\"2023-11-20T19:26:10+00:00\" \/>\n<meta property=\"og:image\" content=\"https:\/\/uniformesludo.cl\/wp-content\/uploads\/2023\/01\/T571_composicion.jpg\" \/>\n\t<meta property=\"og:image:width\" content=\"700\" \/>\n\t<meta property=\"og:image:height\" content=\"700\" \/>\n\t<meta property=\"og:image:type\" content=\"image\/jpeg\" \/>\n<meta name=\"twitter:card\" content=\"summary_large_image\" \/>\n<script type=\"application\/ld+json\" class=\"yoast-schema-graph\">{\"@context\":\"https:\/\/schema.org\",\"@graph\":[{\"@type\":\"WebPage\",\"@id\":\"https:\/\/uniformesludo.cl\/index.php\/producto\/bolsas-organizadoras-para-viajes-boston\/\",\"url\":\"https:\/\/uniformesludo.cl\/index.php\/producto\/bolsas-organizadoras-para-viajes-boston\/\",\"name\":\"BOLSAS ORGANIZADORAS PARA VIAJES \\\"BOSTON\\\" - Uniformes Ludo\",\"isPartOf\":{\"@id\":\"https:\/\/uniformesludo.cl\/#website\"},\"primaryImageOfPage\":{\"@id\":\"https:\/\/uniformesludo.cl\/index.php\/producto\/bolsas-organizadoras-para-viajes-boston\/#primaryimage\"},\"image\":{\"@id\":\"https:\/\/uniformesludo.cl\/index.php\/producto\/bolsas-organizadoras-para-viajes-boston\/#primaryimage\"},\"thumbnailUrl\":\"https:\/\/uniformesludo.cl\/wp-content\/uploads\/2023\/01\/T571_composicion.jpg\",\"datePublished\":\"2023-01-25T18:59:38+00:00\",\"dateModified\":\"2023-11-20T19:26:10+00:00\",\"breadcrumb\":{\"@id\":\"https:\/\/uniformesludo.cl\/index.php\/producto\/bolsas-organizadoras-para-viajes-boston\/#breadcrumb\"},\"inLanguage\":\"es\",\"potentialAction\":[{\"@type\":\"ReadAction\",\"target\":[\"https:\/\/uniformesludo.cl\/index.php\/producto\/bolsas-organizadoras-para-viajes-boston\/\"]}]},{\"@type\":\"ImageObject\",\"inLanguage\":\"es\",\"@id\":\"https:\/\/uniformesludo.cl\/index.php\/producto\/bolsas-organizadoras-para-viajes-boston\/#primaryimage\",\"url\":\"https:\/\/uniformesludo.cl\/wp-content\/uploads\/2023\/01\/T571_composicion.jpg\",\"contentUrl\":\"https:\/\/uniformesludo.cl\/wp-content\/uploads\/2023\/01\/T571_composicion.jpg\",\"width\":700,\"height\":700},{\"@type\":\"BreadcrumbList\",\"@id\":\"https:\/\/uniformesludo.cl\/index.php\/producto\/bolsas-organizadoras-para-viajes-boston\/#breadcrumb\",\"itemListElement\":[{\"@type\":\"ListItem\",\"position\":1,\"name\":\"Portada\",\"item\":\"https:\/\/uniformesludo.cl\/\"},{\"@type\":\"ListItem\",\"position\":2,\"name\":\"Tienda\",\"item\":\"https:\/\/uniformesludo.cl\/index.php\/tienda\/\"},{\"@type\":\"ListItem\",\"position\":3,\"name\":\"BOLSAS ORGANIZADORAS PARA VIAJES \u00abBOSTON\u00bb\"}]},{\"@type\":\"WebSite\",\"@id\":\"https:\/\/uniformesludo.cl\/#website\",\"url\":\"https:\/\/uniformesludo.cl\/\",\"name\":\"Uniformes Ludo\",\"description\":\"Es una de las empresas comercializadoras de Ropa de trabajo, confecci\u00f3n, productos de protecci\u00f3n, prevenci\u00f3n y seguridad una de las m\u00e1s importantes de nuestro pa\u00eds, reconocida a nivel Nacional, con numerosos clientes a lo largo de Chile que avalan su compromiso de calidad. De igual forma, existe una permanente preocupaci\u00f3n por mantener un servicio integral de excelencia que permita identificarnos como \u201cel mejor equipo, la mejor empresa e inversi\u00f3n\u201d.\",\"potentialAction\":[{\"@type\":\"SearchAction\",\"target\":{\"@type\":\"EntryPoint\",\"urlTemplate\":\"https:\/\/uniformesludo.cl\/?s={search_term_string}\"},\"query-input\":{\"@type\":\"PropertyValueSpecification\",\"valueRequired\":true,\"valueName\":\"search_term_string\"}}],\"inLanguage\":\"es\"}]}<\/script>\n<!-- \/ Yoast SEO plugin. -->","yoast_head_json":{"title":"BOLSAS ORGANIZADORAS PARA VIAJES \"BOSTON\" - Uniformes Ludo","robots":{"index":"index","follow":"follow","max-snippet":"max-snippet:-1","max-image-preview":"max-image-preview:large","max-video-preview":"max-video-preview:-1"},"canonical":"https:\/\/uniformesludo.cl\/index.php\/producto\/bolsas-organizadoras-para-viajes-boston\/","og_locale":"es_ES","og_type":"article","og_title":"BOLSAS ORGANIZADORAS PARA VIAJES \"BOSTON\" - Uniformes Ludo","og_description":"Organizador grande: 45 x 33 x 8,5 cm \/ Organizador mediano: 33 x 28 x 8,5 cm \/ Organizador peque\u00f1o: 33 x 17 x 10 cm. RPET. Bolsas organizadoras para viaje. Permite guardar de forma prolija diferentes elementos en un producto reciclado. RPET: es un material que marca tendencia en la elaboraci\u00f3n de art\u00edculos\u00a0promocionales. Se trata de realizar tejidos a partir de botellas de pl\u00e1stico recicladas. Un nuevo tipo de pl\u00e1stico que entra en la categor\u00eda de material reciclado. Adem\u00e1s de esta sostenibilidad, los tejidos RPET son materiales muy resistentes que cuentan con una larga durabilidad. Tambi\u00e9n tienen otras ventajas como alta tolerancia al calor y son flexibles e impermeables. Es decir, los beneficios que se atribuyen a otros pl\u00e1sticos como el poli\u00e9ster tradicional, pero sin potenciar una producci\u00f3n contaminante.  Packing  Medidas: 39,00 x 51,00 x 41,00 cm   Volumen: 0,081 m\u00b3   Cantidad por caja: 100   Peso total: 13,00 kg    Cotizar","og_url":"https:\/\/uniformesludo.cl\/index.php\/producto\/bolsas-organizadoras-para-viajes-boston\/","og_site_name":"Uniformes Ludo","article_modified_time":"2023-11-20T19:26:10+00:00","og_image":[{"width":700,"height":700,"url":"https:\/\/uniformesludo.cl\/wp-content\/uploads\/2023\/01\/T571_composicion.jpg","type":"image\/jpeg"}],"twitter_card":"summary_large_image","schema":{"@context":"https:\/\/schema.org","@graph":[{"@type":"WebPage","@id":"https:\/\/uniformesludo.cl\/index.php\/producto\/bolsas-organizadoras-para-viajes-boston\/","url":"https:\/\/uniformesludo.cl\/index.php\/producto\/bolsas-organizadoras-para-viajes-boston\/","name":"BOLSAS ORGANIZADORAS PARA VIAJES \"BOSTON\" - Uniformes Ludo","isPartOf":{"@id":"https:\/\/uniformesludo.cl\/#website"},"primaryImageOfPage":{"@id":"https:\/\/uniformesludo.cl\/index.php\/producto\/bolsas-organizadoras-para-viajes-boston\/#primaryimage"},"image":{"@id":"https:\/\/uniformesludo.cl\/index.php\/producto\/bolsas-organizadoras-para-viajes-boston\/#primaryimage"},"thumbnailUrl":"https:\/\/uniformesludo.cl\/wp-content\/uploads\/2023\/01\/T571_composicion.jpg","datePublished":"2023-01-25T18:59:38+00:00","dateModified":"2023-11-20T19:26:10+00:00","breadcrumb":{"@id":"https:\/\/uniformesludo.cl\/index.php\/producto\/bolsas-organizadoras-para-viajes-boston\/#breadcrumb"},"inLanguage":"es","potentialAction":[{"@type":"ReadAction","target":["https:\/\/uniformesludo.cl\/index.php\/producto\/bolsas-organizadoras-para-viajes-boston\/"]}]},{"@type":"ImageObject","inLanguage":"es","@id":"https:\/\/uniformesludo.cl\/index.php\/producto\/bolsas-organizadoras-para-viajes-boston\/#primaryimage","url":"https:\/\/uniformesludo.cl\/wp-content\/uploads\/2023\/01\/T571_composicion.jpg","contentUrl":"https:\/\/uniformesludo.cl\/wp-content\/uploads\/2023\/01\/T571_composicion.jpg","width":700,"height":700},{"@type":"BreadcrumbList","@id":"https:\/\/uniformesludo.cl\/index.php\/producto\/bolsas-organizadoras-para-viajes-boston\/#breadcrumb","itemListElement":[{"@type":"ListItem","position":1,"name":"Portada","item":"https:\/\/uniformesludo.cl\/"},{"@type":"ListItem","position":2,"name":"Tienda","item":"https:\/\/uniformesludo.cl\/index.php\/tienda\/"},{"@type":"ListItem","position":3,"name":"BOLSAS ORGANIZADORAS PARA VIAJES \u00abBOSTON\u00bb"}]},{"@type":"WebSite","@id":"https:\/\/uniformesludo.cl\/#website","url":"https:\/\/uniformesludo.cl\/","name":"Uniformes Ludo","description":"Es una de las empresas comercializadoras de Ropa de trabajo, confecci\u00f3n, productos de protecci\u00f3n, prevenci\u00f3n y seguridad una de las m\u00e1s importantes de nuestro pa\u00eds, reconocida a nivel Nacional, con numerosos clientes a lo largo de Chile que avalan su compromiso de calidad. De igual forma, existe una permanente preocupaci\u00f3n por mantener un servicio integral de excelencia que permita identificarnos como \u201cel mejor equipo, la mejor empresa e inversi\u00f3n\u201d.","potentialAction":[{"@type":"SearchAction","target":{"@type":"EntryPoint","urlTemplate":"https:\/\/uniformesludo.cl\/?s={search_term_string}"},"query-input":{"@type":"PropertyValueSpecification","valueRequired":true,"valueName":"search_term_string"}}],"inLanguage":"es"}]}},"_links":{"self":[{"href":"https:\/\/uniformesludo.cl\/index.php\/wp-json\/wp\/v2\/product\/10012516","targetHints":{"allow":["GET"]}}],"collection":[{"href":"https:\/\/uniformesludo.cl\/index.php\/wp-json\/wp\/v2\/product"}],"about":[{"href":"https:\/\/uniformesludo.cl\/index.php\/wp-json\/wp\/v2\/types\/product"}],"replies":[{"embeddable":true,"href":"https:\/\/uniformesludo.cl\/index.php\/wp-json\/wp\/v2\/comments?post=10012516"}],"wp:featuredmedia":[{"embeddable":true,"href":"https:\/\/uniformesludo.cl\/index.php\/wp-json\/wp\/v2\/media\/10012517"}],"wp:attachment":[{"href":"https:\/\/uniformesludo.cl\/index.php\/wp-json\/wp\/v2\/media?parent=10012516"}],"wp:term":[{"taxonomy":"product_brand","embeddable":true,"href":"https:\/\/uniformesludo.cl\/index.php\/wp-json\/wp\/v2\/product_brand?post=10012516"},{"taxonomy":"product_cat","embeddable":true,"href":"https:\/\/uniformesludo.cl\/index.php\/wp-json\/wp\/v2\/product_cat?post=10012516"},{"taxonomy":"product_tag","embeddable":true,"href":"https:\/\/uniformesludo.cl\/index.php\/wp-json\/wp\/v2\/product_tag?post=10012516"}],"curies":[{"name":"wp","href":"https:\/\/api.w.org\/{rel}","templated":true}]}}