{"id":10012393,"date":"2023-01-25T18:10:35","date_gmt":"2023-01-25T18:10:35","guid":{"rendered":"https:\/\/uniformesludo.cl\/?post_type=product&#038;p=10012393"},"modified":"2023-11-20T19:26:00","modified_gmt":"2023-11-20T19:26:00","slug":"botella-park","status":"publish","type":"product","link":"https:\/\/uniformesludo.cl\/index.php\/producto\/botella-park\/","title":{"rendered":"Botella \u00abPARK\u00bb"},"content":{"rendered":"","protected":false},"excerpt":{"rendered":"<p>\u00d8 6,2 x 23 cm. Capacidad 500 ml. Vidrio resistente. Cuerpo trasl\u00facido con tapa a rosca de bamb\u00fa. Botella apta para microondas y lavavajillas, la tapa no puede ser expuesta a estos electrodom\u00e9sticos. Presentaci\u00f3n en caja de regalo.<\/p>\n<p><span style=\"color: #ff0099\"><strong>El art\u00edculo puede contener informaci\u00f3n adicional en el packing, por favor comunicarse con su ejecutivo de ventas.\u00a0<\/strong><\/span><\/p>\n<p><strong>Packing<\/strong><\/p>\n<p>Medidas: 47,50 x 43,50 x 36,50 cm<\/p>\n<p>Volumen: 0,750 m\u00b3<\/p>\n<p>Cantidad por caja: 60<\/p>\n<p>Peso total: 20,50 kg<\/p>\n<p><a id=\"btncotizar\" href=\"https:\/\/uniformesludo.cl\/index.php\/cotizacion\/\">Cotizar<\/a><\/p>\n","protected":false},"featured_media":10012394,"comment_status":"closed","ping_status":"closed","template":"","meta":[],"product_brand":[],"product_cat":[504],"product_tag":[],"class_list":{"0":"post-10012393","1":"product","2":"type-product","3":"status-publish","4":"has-post-thumbnail","6":"product_cat-articulos-publicitarios","8":"first","9":"instock","10":"shipping-taxable","11":"product-type-simple"},"aioseo_notices":[],"yoast_head":"<!-- This site is optimized with the Yoast SEO plugin v26.5 - https:\/\/yoast.com\/wordpress\/plugins\/seo\/ -->\n<title>Botella &quot;PARK&quot; - Uniformes Ludo<\/title>\n<meta name=\"robots\" content=\"index, follow, max-snippet:-1, max-image-preview:large, max-video-preview:-1\" \/>\n<link rel=\"canonical\" href=\"https:\/\/uniformesludo.cl\/index.php\/producto\/botella-park\/\" \/>\n<meta property=\"og:locale\" content=\"es_ES\" \/>\n<meta property=\"og:type\" content=\"article\" \/>\n<meta property=\"og:title\" content=\"Botella &quot;PARK&quot; - Uniformes Ludo\" \/>\n<meta property=\"og:description\" content=\"\u00d8 6,2 x 23 cm. Capacidad 500 ml. Vidrio resistente. Cuerpo trasl\u00facido con tapa a rosca de bamb\u00fa. Botella apta para microondas y lavavajillas, la tapa no puede ser expuesta a estos electrodom\u00e9sticos. Presentaci\u00f3n en caja de regalo. El art\u00edculo puede contener informaci\u00f3n adicional en el packing, por favor comunicarse con su ejecutivo de ventas.\u00a0  Packing Medidas: 47,50 x 43,50 x 36,50 cm Volumen: 0,750 m\u00b3 Cantidad por caja: 60 Peso total: 20,50 kg  Cotizar\" \/>\n<meta property=\"og:url\" content=\"https:\/\/uniformesludo.cl\/index.php\/producto\/botella-park\/\" \/>\n<meta property=\"og:site_name\" content=\"Uniformes Ludo\" \/>\n<meta property=\"article:modified_time\" content=\"2023-11-20T19:26:00+00:00\" \/>\n<meta property=\"og:image\" content=\"https:\/\/uniformesludo.cl\/wp-content\/uploads\/2023\/01\/T578_frente.jpg\" \/>\n\t<meta property=\"og:image:width\" content=\"700\" \/>\n\t<meta property=\"og:image:height\" content=\"700\" \/>\n\t<meta property=\"og:image:type\" content=\"image\/jpeg\" \/>\n<meta name=\"twitter:card\" content=\"summary_large_image\" \/>\n<script type=\"application\/ld+json\" class=\"yoast-schema-graph\">{\"@context\":\"https:\/\/schema.org\",\"@graph\":[{\"@type\":\"WebPage\",\"@id\":\"https:\/\/uniformesludo.cl\/index.php\/producto\/botella-park\/\",\"url\":\"https:\/\/uniformesludo.cl\/index.php\/producto\/botella-park\/\",\"name\":\"Botella \\\"PARK\\\" - Uniformes Ludo\",\"isPartOf\":{\"@id\":\"https:\/\/uniformesludo.cl\/#website\"},\"primaryImageOfPage\":{\"@id\":\"https:\/\/uniformesludo.cl\/index.php\/producto\/botella-park\/#primaryimage\"},\"image\":{\"@id\":\"https:\/\/uniformesludo.cl\/index.php\/producto\/botella-park\/#primaryimage\"},\"thumbnailUrl\":\"https:\/\/uniformesludo.cl\/wp-content\/uploads\/2023\/01\/T578_frente.jpg\",\"datePublished\":\"2023-01-25T18:10:35+00:00\",\"dateModified\":\"2023-11-20T19:26:00+00:00\",\"breadcrumb\":{\"@id\":\"https:\/\/uniformesludo.cl\/index.php\/producto\/botella-park\/#breadcrumb\"},\"inLanguage\":\"es\",\"potentialAction\":[{\"@type\":\"ReadAction\",\"target\":[\"https:\/\/uniformesludo.cl\/index.php\/producto\/botella-park\/\"]}]},{\"@type\":\"ImageObject\",\"inLanguage\":\"es\",\"@id\":\"https:\/\/uniformesludo.cl\/index.php\/producto\/botella-park\/#primaryimage\",\"url\":\"https:\/\/uniformesludo.cl\/wp-content\/uploads\/2023\/01\/T578_frente.jpg\",\"contentUrl\":\"https:\/\/uniformesludo.cl\/wp-content\/uploads\/2023\/01\/T578_frente.jpg\",\"width\":700,\"height\":700},{\"@type\":\"BreadcrumbList\",\"@id\":\"https:\/\/uniformesludo.cl\/index.php\/producto\/botella-park\/#breadcrumb\",\"itemListElement\":[{\"@type\":\"ListItem\",\"position\":1,\"name\":\"Portada\",\"item\":\"https:\/\/uniformesludo.cl\/\"},{\"@type\":\"ListItem\",\"position\":2,\"name\":\"Tienda\",\"item\":\"https:\/\/uniformesludo.cl\/index.php\/tienda\/\"},{\"@type\":\"ListItem\",\"position\":3,\"name\":\"Botella \u00abPARK\u00bb\"}]},{\"@type\":\"WebSite\",\"@id\":\"https:\/\/uniformesludo.cl\/#website\",\"url\":\"https:\/\/uniformesludo.cl\/\",\"name\":\"Uniformes Ludo\",\"description\":\"Es una de las empresas comercializadoras de Ropa de trabajo, confecci\u00f3n, productos de protecci\u00f3n, prevenci\u00f3n y seguridad una de las m\u00e1s importantes de nuestro pa\u00eds, reconocida a nivel Nacional, con numerosos clientes a lo largo de Chile que avalan su compromiso de calidad. De igual forma, existe una permanente preocupaci\u00f3n por mantener un servicio integral de excelencia que permita identificarnos como \u201cel mejor equipo, la mejor empresa e inversi\u00f3n\u201d.\",\"potentialAction\":[{\"@type\":\"SearchAction\",\"target\":{\"@type\":\"EntryPoint\",\"urlTemplate\":\"https:\/\/uniformesludo.cl\/?s={search_term_string}\"},\"query-input\":{\"@type\":\"PropertyValueSpecification\",\"valueRequired\":true,\"valueName\":\"search_term_string\"}}],\"inLanguage\":\"es\"}]}<\/script>\n<!-- \/ Yoast SEO plugin. -->","yoast_head_json":{"title":"Botella \"PARK\" - Uniformes Ludo","robots":{"index":"index","follow":"follow","max-snippet":"max-snippet:-1","max-image-preview":"max-image-preview:large","max-video-preview":"max-video-preview:-1"},"canonical":"https:\/\/uniformesludo.cl\/index.php\/producto\/botella-park\/","og_locale":"es_ES","og_type":"article","og_title":"Botella \"PARK\" - Uniformes Ludo","og_description":"\u00d8 6,2 x 23 cm. Capacidad 500 ml. Vidrio resistente. Cuerpo trasl\u00facido con tapa a rosca de bamb\u00fa. Botella apta para microondas y lavavajillas, la tapa no puede ser expuesta a estos electrodom\u00e9sticos. Presentaci\u00f3n en caja de regalo. El art\u00edculo puede contener informaci\u00f3n adicional en el packing, por favor comunicarse con su ejecutivo de ventas.\u00a0  Packing Medidas: 47,50 x 43,50 x 36,50 cm Volumen: 0,750 m\u00b3 Cantidad por caja: 60 Peso total: 20,50 kg  Cotizar","og_url":"https:\/\/uniformesludo.cl\/index.php\/producto\/botella-park\/","og_site_name":"Uniformes Ludo","article_modified_time":"2023-11-20T19:26:00+00:00","og_image":[{"width":700,"height":700,"url":"https:\/\/uniformesludo.cl\/wp-content\/uploads\/2023\/01\/T578_frente.jpg","type":"image\/jpeg"}],"twitter_card":"summary_large_image","schema":{"@context":"https:\/\/schema.org","@graph":[{"@type":"WebPage","@id":"https:\/\/uniformesludo.cl\/index.php\/producto\/botella-park\/","url":"https:\/\/uniformesludo.cl\/index.php\/producto\/botella-park\/","name":"Botella \"PARK\" - Uniformes Ludo","isPartOf":{"@id":"https:\/\/uniformesludo.cl\/#website"},"primaryImageOfPage":{"@id":"https:\/\/uniformesludo.cl\/index.php\/producto\/botella-park\/#primaryimage"},"image":{"@id":"https:\/\/uniformesludo.cl\/index.php\/producto\/botella-park\/#primaryimage"},"thumbnailUrl":"https:\/\/uniformesludo.cl\/wp-content\/uploads\/2023\/01\/T578_frente.jpg","datePublished":"2023-01-25T18:10:35+00:00","dateModified":"2023-11-20T19:26:00+00:00","breadcrumb":{"@id":"https:\/\/uniformesludo.cl\/index.php\/producto\/botella-park\/#breadcrumb"},"inLanguage":"es","potentialAction":[{"@type":"ReadAction","target":["https:\/\/uniformesludo.cl\/index.php\/producto\/botella-park\/"]}]},{"@type":"ImageObject","inLanguage":"es","@id":"https:\/\/uniformesludo.cl\/index.php\/producto\/botella-park\/#primaryimage","url":"https:\/\/uniformesludo.cl\/wp-content\/uploads\/2023\/01\/T578_frente.jpg","contentUrl":"https:\/\/uniformesludo.cl\/wp-content\/uploads\/2023\/01\/T578_frente.jpg","width":700,"height":700},{"@type":"BreadcrumbList","@id":"https:\/\/uniformesludo.cl\/index.php\/producto\/botella-park\/#breadcrumb","itemListElement":[{"@type":"ListItem","position":1,"name":"Portada","item":"https:\/\/uniformesludo.cl\/"},{"@type":"ListItem","position":2,"name":"Tienda","item":"https:\/\/uniformesludo.cl\/index.php\/tienda\/"},{"@type":"ListItem","position":3,"name":"Botella \u00abPARK\u00bb"}]},{"@type":"WebSite","@id":"https:\/\/uniformesludo.cl\/#website","url":"https:\/\/uniformesludo.cl\/","name":"Uniformes Ludo","description":"Es una de las empresas comercializadoras de Ropa de trabajo, confecci\u00f3n, productos de protecci\u00f3n, prevenci\u00f3n y seguridad una de las m\u00e1s importantes de nuestro pa\u00eds, reconocida a nivel Nacional, con numerosos clientes a lo largo de Chile que avalan su compromiso de calidad. De igual forma, existe una permanente preocupaci\u00f3n por mantener un servicio integral de excelencia que permita identificarnos como \u201cel mejor equipo, la mejor empresa e inversi\u00f3n\u201d.","potentialAction":[{"@type":"SearchAction","target":{"@type":"EntryPoint","urlTemplate":"https:\/\/uniformesludo.cl\/?s={search_term_string}"},"query-input":{"@type":"PropertyValueSpecification","valueRequired":true,"valueName":"search_term_string"}}],"inLanguage":"es"}]}},"_links":{"self":[{"href":"https:\/\/uniformesludo.cl\/index.php\/wp-json\/wp\/v2\/product\/10012393","targetHints":{"allow":["GET"]}}],"collection":[{"href":"https:\/\/uniformesludo.cl\/index.php\/wp-json\/wp\/v2\/product"}],"about":[{"href":"https:\/\/uniformesludo.cl\/index.php\/wp-json\/wp\/v2\/types\/product"}],"replies":[{"embeddable":true,"href":"https:\/\/uniformesludo.cl\/index.php\/wp-json\/wp\/v2\/comments?post=10012393"}],"wp:featuredmedia":[{"embeddable":true,"href":"https:\/\/uniformesludo.cl\/index.php\/wp-json\/wp\/v2\/media\/10012394"}],"wp:attachment":[{"href":"https:\/\/uniformesludo.cl\/index.php\/wp-json\/wp\/v2\/media?parent=10012393"}],"wp:term":[{"taxonomy":"product_brand","embeddable":true,"href":"https:\/\/uniformesludo.cl\/index.php\/wp-json\/wp\/v2\/product_brand?post=10012393"},{"taxonomy":"product_cat","embeddable":true,"href":"https:\/\/uniformesludo.cl\/index.php\/wp-json\/wp\/v2\/product_cat?post=10012393"},{"taxonomy":"product_tag","embeddable":true,"href":"https:\/\/uniformesludo.cl\/index.php\/wp-json\/wp\/v2\/product_tag?post=10012393"}],"curies":[{"name":"wp","href":"https:\/\/api.w.org\/{rel}","templated":true}]}}