{"id":10012157,"date":"2023-01-25T14:57:40","date_gmt":"2023-01-25T14:57:40","guid":{"rendered":"https:\/\/uniformesludo.cl\/?post_type=product&#038;p=10012157"},"modified":"2023-11-20T19:25:42","modified_gmt":"2023-11-20T19:25:42","slug":"botella-termica-hydro-ii","status":"publish","type":"product","link":"https:\/\/uniformesludo.cl\/index.php\/producto\/botella-termica-hydro-ii\/","title":{"rendered":"BOTELLA T\u00c9RMICA \u00abHYDRO II\u00bb"},"content":{"rendered":"","protected":false},"excerpt":{"rendered":"<p>\u00d8 7,3 x 26 cm. Capacidad 650 ml. Acero inoxidable. Botella doble pared, sellada al vac\u00edo. Interior en acero 304 y exterior en acero 201. Tapa de acero a rosca con manija rebatible met\u00e1lica . La medida de este termo es tan practica que con el tendras el liquido necesario para estar hidratada en el momento del d\u00eda que elijas. Mantiene hasta 12 hs la temperatura de las bebidas calientes y 24 hs de las bebidas fr\u00edas. Presentaci\u00f3n en caja de regalo.<\/p>\n<p><strong>Packing<\/strong><\/p>\n<p>Medidas: 50,00 x 34,00 x 28,50 cm<\/p>\n<p>Volumen: 0,050 m\u00b3<\/p>\n<p>Cantidad por caja: 24<\/p>\n<p>Peso total: 10,40 kg<\/p>\n<p><a id=\"btncotizar\" href=\"https:\/\/uniformesludo.cl\/index.php\/cotizacion\/\">Cotizar<\/a><\/p>\n","protected":false},"featured_media":10012158,"comment_status":"closed","ping_status":"closed","template":"","meta":[],"product_brand":[],"product_cat":[504],"product_tag":[],"class_list":{"0":"post-10012157","1":"product","2":"type-product","3":"status-publish","4":"has-post-thumbnail","6":"product_cat-articulos-publicitarios","8":"first","9":"instock","10":"shipping-taxable","11":"product-type-simple"},"aioseo_notices":[],"yoast_head":"<!-- This site is optimized with the Yoast SEO plugin v26.5 - https:\/\/yoast.com\/wordpress\/plugins\/seo\/ -->\n<title>BOTELLA T\u00c9RMICA &quot;HYDRO II&quot; - Uniformes Ludo<\/title>\n<meta name=\"robots\" content=\"index, follow, max-snippet:-1, max-image-preview:large, max-video-preview:-1\" \/>\n<link rel=\"canonical\" href=\"https:\/\/uniformesludo.cl\/index.php\/producto\/botella-termica-hydro-ii\/\" \/>\n<meta property=\"og:locale\" content=\"es_ES\" \/>\n<meta property=\"og:type\" content=\"article\" \/>\n<meta property=\"og:title\" content=\"BOTELLA T\u00c9RMICA &quot;HYDRO II&quot; - Uniformes Ludo\" \/>\n<meta property=\"og:description\" content=\"\u00d8 7,3 x 26 cm. Capacidad 650 ml. Acero inoxidable. Botella doble pared, sellada al vac\u00edo. Interior en acero 304 y exterior en acero 201. Tapa de acero a rosca con manija rebatible met\u00e1lica . La medida de este termo es tan practica que con el tendras el liquido necesario para estar hidratada en el momento del d\u00eda que elijas. Mantiene hasta 12 hs la temperatura de las bebidas calientes y 24 hs de las bebidas fr\u00edas. Presentaci\u00f3n en caja de regalo.  Packing Medidas: 50,00 x 34,00 x 28,50 cm Volumen: 0,050 m\u00b3 Cantidad por caja: 24 Peso total: 10,40 kg  Cotizar\" \/>\n<meta property=\"og:url\" content=\"https:\/\/uniformesludo.cl\/index.php\/producto\/botella-termica-hydro-ii\/\" \/>\n<meta property=\"og:site_name\" content=\"Uniformes Ludo\" \/>\n<meta property=\"article:modified_time\" content=\"2023-11-20T19:25:42+00:00\" \/>\n<meta property=\"og:image\" content=\"https:\/\/uniformesludo.cl\/wp-content\/uploads\/2023\/01\/K103-blanco-frente.jpg\" \/>\n\t<meta property=\"og:image:width\" content=\"700\" \/>\n\t<meta property=\"og:image:height\" content=\"700\" \/>\n\t<meta property=\"og:image:type\" content=\"image\/jpeg\" \/>\n<meta name=\"twitter:card\" content=\"summary_large_image\" \/>\n<script type=\"application\/ld+json\" class=\"yoast-schema-graph\">{\"@context\":\"https:\/\/schema.org\",\"@graph\":[{\"@type\":\"WebPage\",\"@id\":\"https:\/\/uniformesludo.cl\/index.php\/producto\/botella-termica-hydro-ii\/\",\"url\":\"https:\/\/uniformesludo.cl\/index.php\/producto\/botella-termica-hydro-ii\/\",\"name\":\"BOTELLA T\u00c9RMICA \\\"HYDRO II\\\" - Uniformes Ludo\",\"isPartOf\":{\"@id\":\"https:\/\/uniformesludo.cl\/#website\"},\"primaryImageOfPage\":{\"@id\":\"https:\/\/uniformesludo.cl\/index.php\/producto\/botella-termica-hydro-ii\/#primaryimage\"},\"image\":{\"@id\":\"https:\/\/uniformesludo.cl\/index.php\/producto\/botella-termica-hydro-ii\/#primaryimage\"},\"thumbnailUrl\":\"https:\/\/uniformesludo.cl\/wp-content\/uploads\/2023\/01\/K103-blanco-frente.jpg\",\"datePublished\":\"2023-01-25T14:57:40+00:00\",\"dateModified\":\"2023-11-20T19:25:42+00:00\",\"breadcrumb\":{\"@id\":\"https:\/\/uniformesludo.cl\/index.php\/producto\/botella-termica-hydro-ii\/#breadcrumb\"},\"inLanguage\":\"es\",\"potentialAction\":[{\"@type\":\"ReadAction\",\"target\":[\"https:\/\/uniformesludo.cl\/index.php\/producto\/botella-termica-hydro-ii\/\"]}]},{\"@type\":\"ImageObject\",\"inLanguage\":\"es\",\"@id\":\"https:\/\/uniformesludo.cl\/index.php\/producto\/botella-termica-hydro-ii\/#primaryimage\",\"url\":\"https:\/\/uniformesludo.cl\/wp-content\/uploads\/2023\/01\/K103-blanco-frente.jpg\",\"contentUrl\":\"https:\/\/uniformesludo.cl\/wp-content\/uploads\/2023\/01\/K103-blanco-frente.jpg\",\"width\":700,\"height\":700},{\"@type\":\"BreadcrumbList\",\"@id\":\"https:\/\/uniformesludo.cl\/index.php\/producto\/botella-termica-hydro-ii\/#breadcrumb\",\"itemListElement\":[{\"@type\":\"ListItem\",\"position\":1,\"name\":\"Portada\",\"item\":\"https:\/\/uniformesludo.cl\/\"},{\"@type\":\"ListItem\",\"position\":2,\"name\":\"Tienda\",\"item\":\"https:\/\/uniformesludo.cl\/index.php\/tienda\/\"},{\"@type\":\"ListItem\",\"position\":3,\"name\":\"BOTELLA T\u00c9RMICA \u00abHYDRO II\u00bb\"}]},{\"@type\":\"WebSite\",\"@id\":\"https:\/\/uniformesludo.cl\/#website\",\"url\":\"https:\/\/uniformesludo.cl\/\",\"name\":\"Uniformes Ludo\",\"description\":\"Es una de las empresas comercializadoras de Ropa de trabajo, confecci\u00f3n, productos de protecci\u00f3n, prevenci\u00f3n y seguridad una de las m\u00e1s importantes de nuestro pa\u00eds, reconocida a nivel Nacional, con numerosos clientes a lo largo de Chile que avalan su compromiso de calidad. De igual forma, existe una permanente preocupaci\u00f3n por mantener un servicio integral de excelencia que permita identificarnos como \u201cel mejor equipo, la mejor empresa e inversi\u00f3n\u201d.\",\"potentialAction\":[{\"@type\":\"SearchAction\",\"target\":{\"@type\":\"EntryPoint\",\"urlTemplate\":\"https:\/\/uniformesludo.cl\/?s={search_term_string}\"},\"query-input\":{\"@type\":\"PropertyValueSpecification\",\"valueRequired\":true,\"valueName\":\"search_term_string\"}}],\"inLanguage\":\"es\"}]}<\/script>\n<!-- \/ Yoast SEO plugin. -->","yoast_head_json":{"title":"BOTELLA T\u00c9RMICA \"HYDRO II\" - Uniformes Ludo","robots":{"index":"index","follow":"follow","max-snippet":"max-snippet:-1","max-image-preview":"max-image-preview:large","max-video-preview":"max-video-preview:-1"},"canonical":"https:\/\/uniformesludo.cl\/index.php\/producto\/botella-termica-hydro-ii\/","og_locale":"es_ES","og_type":"article","og_title":"BOTELLA T\u00c9RMICA \"HYDRO II\" - Uniformes Ludo","og_description":"\u00d8 7,3 x 26 cm. Capacidad 650 ml. Acero inoxidable. Botella doble pared, sellada al vac\u00edo. Interior en acero 304 y exterior en acero 201. Tapa de acero a rosca con manija rebatible met\u00e1lica . La medida de este termo es tan practica que con el tendras el liquido necesario para estar hidratada en el momento del d\u00eda que elijas. Mantiene hasta 12 hs la temperatura de las bebidas calientes y 24 hs de las bebidas fr\u00edas. Presentaci\u00f3n en caja de regalo.  Packing Medidas: 50,00 x 34,00 x 28,50 cm Volumen: 0,050 m\u00b3 Cantidad por caja: 24 Peso total: 10,40 kg  Cotizar","og_url":"https:\/\/uniformesludo.cl\/index.php\/producto\/botella-termica-hydro-ii\/","og_site_name":"Uniformes Ludo","article_modified_time":"2023-11-20T19:25:42+00:00","og_image":[{"width":700,"height":700,"url":"https:\/\/uniformesludo.cl\/wp-content\/uploads\/2023\/01\/K103-blanco-frente.jpg","type":"image\/jpeg"}],"twitter_card":"summary_large_image","schema":{"@context":"https:\/\/schema.org","@graph":[{"@type":"WebPage","@id":"https:\/\/uniformesludo.cl\/index.php\/producto\/botella-termica-hydro-ii\/","url":"https:\/\/uniformesludo.cl\/index.php\/producto\/botella-termica-hydro-ii\/","name":"BOTELLA T\u00c9RMICA \"HYDRO II\" - Uniformes Ludo","isPartOf":{"@id":"https:\/\/uniformesludo.cl\/#website"},"primaryImageOfPage":{"@id":"https:\/\/uniformesludo.cl\/index.php\/producto\/botella-termica-hydro-ii\/#primaryimage"},"image":{"@id":"https:\/\/uniformesludo.cl\/index.php\/producto\/botella-termica-hydro-ii\/#primaryimage"},"thumbnailUrl":"https:\/\/uniformesludo.cl\/wp-content\/uploads\/2023\/01\/K103-blanco-frente.jpg","datePublished":"2023-01-25T14:57:40+00:00","dateModified":"2023-11-20T19:25:42+00:00","breadcrumb":{"@id":"https:\/\/uniformesludo.cl\/index.php\/producto\/botella-termica-hydro-ii\/#breadcrumb"},"inLanguage":"es","potentialAction":[{"@type":"ReadAction","target":["https:\/\/uniformesludo.cl\/index.php\/producto\/botella-termica-hydro-ii\/"]}]},{"@type":"ImageObject","inLanguage":"es","@id":"https:\/\/uniformesludo.cl\/index.php\/producto\/botella-termica-hydro-ii\/#primaryimage","url":"https:\/\/uniformesludo.cl\/wp-content\/uploads\/2023\/01\/K103-blanco-frente.jpg","contentUrl":"https:\/\/uniformesludo.cl\/wp-content\/uploads\/2023\/01\/K103-blanco-frente.jpg","width":700,"height":700},{"@type":"BreadcrumbList","@id":"https:\/\/uniformesludo.cl\/index.php\/producto\/botella-termica-hydro-ii\/#breadcrumb","itemListElement":[{"@type":"ListItem","position":1,"name":"Portada","item":"https:\/\/uniformesludo.cl\/"},{"@type":"ListItem","position":2,"name":"Tienda","item":"https:\/\/uniformesludo.cl\/index.php\/tienda\/"},{"@type":"ListItem","position":3,"name":"BOTELLA T\u00c9RMICA \u00abHYDRO II\u00bb"}]},{"@type":"WebSite","@id":"https:\/\/uniformesludo.cl\/#website","url":"https:\/\/uniformesludo.cl\/","name":"Uniformes Ludo","description":"Es una de las empresas comercializadoras de Ropa de trabajo, confecci\u00f3n, productos de protecci\u00f3n, prevenci\u00f3n y seguridad una de las m\u00e1s importantes de nuestro pa\u00eds, reconocida a nivel Nacional, con numerosos clientes a lo largo de Chile que avalan su compromiso de calidad. De igual forma, existe una permanente preocupaci\u00f3n por mantener un servicio integral de excelencia que permita identificarnos como \u201cel mejor equipo, la mejor empresa e inversi\u00f3n\u201d.","potentialAction":[{"@type":"SearchAction","target":{"@type":"EntryPoint","urlTemplate":"https:\/\/uniformesludo.cl\/?s={search_term_string}"},"query-input":{"@type":"PropertyValueSpecification","valueRequired":true,"valueName":"search_term_string"}}],"inLanguage":"es"}]}},"_links":{"self":[{"href":"https:\/\/uniformesludo.cl\/index.php\/wp-json\/wp\/v2\/product\/10012157","targetHints":{"allow":["GET"]}}],"collection":[{"href":"https:\/\/uniformesludo.cl\/index.php\/wp-json\/wp\/v2\/product"}],"about":[{"href":"https:\/\/uniformesludo.cl\/index.php\/wp-json\/wp\/v2\/types\/product"}],"replies":[{"embeddable":true,"href":"https:\/\/uniformesludo.cl\/index.php\/wp-json\/wp\/v2\/comments?post=10012157"}],"wp:featuredmedia":[{"embeddable":true,"href":"https:\/\/uniformesludo.cl\/index.php\/wp-json\/wp\/v2\/media\/10012158"}],"wp:attachment":[{"href":"https:\/\/uniformesludo.cl\/index.php\/wp-json\/wp\/v2\/media?parent=10012157"}],"wp:term":[{"taxonomy":"product_brand","embeddable":true,"href":"https:\/\/uniformesludo.cl\/index.php\/wp-json\/wp\/v2\/product_brand?post=10012157"},{"taxonomy":"product_cat","embeddable":true,"href":"https:\/\/uniformesludo.cl\/index.php\/wp-json\/wp\/v2\/product_cat?post=10012157"},{"taxonomy":"product_tag","embeddable":true,"href":"https:\/\/uniformesludo.cl\/index.php\/wp-json\/wp\/v2\/product_tag?post=10012157"}],"curies":[{"name":"wp","href":"https:\/\/api.w.org\/{rel}","templated":true}]}}