{"id":10012033,"date":"2023-01-24T20:57:09","date_gmt":"2023-01-24T20:57:09","guid":{"rendered":"https:\/\/uniformesludo.cl\/?post_type=product&#038;p=10012033"},"modified":"2023-11-20T19:25:29","modified_gmt":"2023-11-20T19:25:29","slug":"bolso-picnic-cannaria","status":"publish","type":"product","link":"https:\/\/uniformesludo.cl\/index.php\/producto\/bolso-picnic-cannaria\/","title":{"rendered":"Bolso Picnic \u00abCannaria\u00bb"},"content":{"rendered":"","protected":false},"excerpt":{"rendered":"<p>32 x 23 x 14 cm. Capacidad 10 litros. Poli\u00e9ster. Bolso picnic con bolsillo frontal. Interior acolchado con divisi\u00f3n para un termo o botella y accesorios para transportar lo que desees. Detalle de color negro en la parte inferior. Correa regulable y manija en la parte superior.<\/p>\n<div class=\"packing\">\n<div class=\"title\"><strong>Packing<\/strong><\/div>\n<div class=\"measures\">\n<div class=\"packing-label\">Medidas: 32,00 x 29,00 x 50,00 cm<\/div>\n<\/div>\n<div class=\"volume\">\n<div class=\"packing-label\">Volumen: 0,046 m\u00b3<\/div>\n<\/div>\n<div class=\"quantity\">\n<div class=\"packing-label\">Cantidad por caja: 20<\/div>\n<\/div>\n<div class=\"weight\">\n<div class=\"packing-label\">Peso total: 6,10 kg<\/div>\n<\/div>\n<\/div>\n<p><a id=\"btncotizar\" href=\"https:\/\/uniformesludo.cl\/index.php\/cotizacion\/\">Cotizar<\/a><\/p>\n","protected":false},"featured_media":10012034,"comment_status":"closed","ping_status":"closed","template":"","meta":[],"product_brand":[],"product_cat":[504],"product_tag":[],"class_list":{"0":"post-10012033","1":"product","2":"type-product","3":"status-publish","4":"has-post-thumbnail","6":"product_cat-articulos-publicitarios","8":"first","9":"instock","10":"shipping-taxable","11":"product-type-simple"},"aioseo_notices":[],"yoast_head":"<!-- This site is optimized with the Yoast SEO plugin v26.5 - https:\/\/yoast.com\/wordpress\/plugins\/seo\/ -->\n<title>Bolso Picnic &quot;Cannaria&quot; - Uniformes Ludo<\/title>\n<meta name=\"robots\" content=\"index, follow, max-snippet:-1, max-image-preview:large, max-video-preview:-1\" \/>\n<link rel=\"canonical\" href=\"https:\/\/uniformesludo.cl\/index.php\/producto\/bolso-picnic-cannaria\/\" \/>\n<meta property=\"og:locale\" content=\"es_ES\" \/>\n<meta property=\"og:type\" content=\"article\" \/>\n<meta property=\"og:title\" content=\"Bolso Picnic &quot;Cannaria&quot; - Uniformes Ludo\" \/>\n<meta property=\"og:description\" content=\"32 x 23 x 14 cm. Capacidad 10 litros. Poli\u00e9ster. Bolso picnic con bolsillo frontal. Interior acolchado con divisi\u00f3n para un termo o botella y accesorios para transportar lo que desees. Detalle de color negro en la parte inferior. Correa regulable y manija en la parte superior.  Packing  Medidas: 32,00 x 29,00 x 50,00 cm   Volumen: 0,046 m\u00b3   Cantidad por caja: 20   Peso total: 6,10 kg    Cotizar\" \/>\n<meta property=\"og:url\" content=\"https:\/\/uniformesludo.cl\/index.php\/producto\/bolso-picnic-cannaria\/\" \/>\n<meta property=\"og:site_name\" content=\"Uniformes Ludo\" \/>\n<meta property=\"article:modified_time\" content=\"2023-11-20T19:25:29+00:00\" \/>\n<meta property=\"og:image\" content=\"https:\/\/uniformesludo.cl\/wp-content\/uploads\/2023\/01\/promocional_publicitario_bolso_matero_T554_frente.jpg\" \/>\n\t<meta property=\"og:image:width\" content=\"700\" \/>\n\t<meta property=\"og:image:height\" content=\"700\" \/>\n\t<meta property=\"og:image:type\" content=\"image\/jpeg\" \/>\n<meta name=\"twitter:card\" content=\"summary_large_image\" \/>\n<script type=\"application\/ld+json\" class=\"yoast-schema-graph\">{\"@context\":\"https:\/\/schema.org\",\"@graph\":[{\"@type\":\"WebPage\",\"@id\":\"https:\/\/uniformesludo.cl\/index.php\/producto\/bolso-picnic-cannaria\/\",\"url\":\"https:\/\/uniformesludo.cl\/index.php\/producto\/bolso-picnic-cannaria\/\",\"name\":\"Bolso Picnic \\\"Cannaria\\\" - Uniformes Ludo\",\"isPartOf\":{\"@id\":\"https:\/\/uniformesludo.cl\/#website\"},\"primaryImageOfPage\":{\"@id\":\"https:\/\/uniformesludo.cl\/index.php\/producto\/bolso-picnic-cannaria\/#primaryimage\"},\"image\":{\"@id\":\"https:\/\/uniformesludo.cl\/index.php\/producto\/bolso-picnic-cannaria\/#primaryimage\"},\"thumbnailUrl\":\"https:\/\/uniformesludo.cl\/wp-content\/uploads\/2023\/01\/promocional_publicitario_bolso_matero_T554_frente.jpg\",\"datePublished\":\"2023-01-24T20:57:09+00:00\",\"dateModified\":\"2023-11-20T19:25:29+00:00\",\"breadcrumb\":{\"@id\":\"https:\/\/uniformesludo.cl\/index.php\/producto\/bolso-picnic-cannaria\/#breadcrumb\"},\"inLanguage\":\"es\",\"potentialAction\":[{\"@type\":\"ReadAction\",\"target\":[\"https:\/\/uniformesludo.cl\/index.php\/producto\/bolso-picnic-cannaria\/\"]}]},{\"@type\":\"ImageObject\",\"inLanguage\":\"es\",\"@id\":\"https:\/\/uniformesludo.cl\/index.php\/producto\/bolso-picnic-cannaria\/#primaryimage\",\"url\":\"https:\/\/uniformesludo.cl\/wp-content\/uploads\/2023\/01\/promocional_publicitario_bolso_matero_T554_frente.jpg\",\"contentUrl\":\"https:\/\/uniformesludo.cl\/wp-content\/uploads\/2023\/01\/promocional_publicitario_bolso_matero_T554_frente.jpg\",\"width\":700,\"height\":700},{\"@type\":\"BreadcrumbList\",\"@id\":\"https:\/\/uniformesludo.cl\/index.php\/producto\/bolso-picnic-cannaria\/#breadcrumb\",\"itemListElement\":[{\"@type\":\"ListItem\",\"position\":1,\"name\":\"Portada\",\"item\":\"https:\/\/uniformesludo.cl\/\"},{\"@type\":\"ListItem\",\"position\":2,\"name\":\"Tienda\",\"item\":\"https:\/\/uniformesludo.cl\/index.php\/tienda\/\"},{\"@type\":\"ListItem\",\"position\":3,\"name\":\"Bolso Picnic \u00abCannaria\u00bb\"}]},{\"@type\":\"WebSite\",\"@id\":\"https:\/\/uniformesludo.cl\/#website\",\"url\":\"https:\/\/uniformesludo.cl\/\",\"name\":\"Uniformes Ludo\",\"description\":\"Es una de las empresas comercializadoras de Ropa de trabajo, confecci\u00f3n, productos de protecci\u00f3n, prevenci\u00f3n y seguridad una de las m\u00e1s importantes de nuestro pa\u00eds, reconocida a nivel Nacional, con numerosos clientes a lo largo de Chile que avalan su compromiso de calidad. De igual forma, existe una permanente preocupaci\u00f3n por mantener un servicio integral de excelencia que permita identificarnos como \u201cel mejor equipo, la mejor empresa e inversi\u00f3n\u201d.\",\"potentialAction\":[{\"@type\":\"SearchAction\",\"target\":{\"@type\":\"EntryPoint\",\"urlTemplate\":\"https:\/\/uniformesludo.cl\/?s={search_term_string}\"},\"query-input\":{\"@type\":\"PropertyValueSpecification\",\"valueRequired\":true,\"valueName\":\"search_term_string\"}}],\"inLanguage\":\"es\"}]}<\/script>\n<!-- \/ Yoast SEO plugin. -->","yoast_head_json":{"title":"Bolso Picnic \"Cannaria\" - Uniformes Ludo","robots":{"index":"index","follow":"follow","max-snippet":"max-snippet:-1","max-image-preview":"max-image-preview:large","max-video-preview":"max-video-preview:-1"},"canonical":"https:\/\/uniformesludo.cl\/index.php\/producto\/bolso-picnic-cannaria\/","og_locale":"es_ES","og_type":"article","og_title":"Bolso Picnic \"Cannaria\" - Uniformes Ludo","og_description":"32 x 23 x 14 cm. Capacidad 10 litros. Poli\u00e9ster. Bolso picnic con bolsillo frontal. Interior acolchado con divisi\u00f3n para un termo o botella y accesorios para transportar lo que desees. Detalle de color negro en la parte inferior. Correa regulable y manija en la parte superior.  Packing  Medidas: 32,00 x 29,00 x 50,00 cm   Volumen: 0,046 m\u00b3   Cantidad por caja: 20   Peso total: 6,10 kg    Cotizar","og_url":"https:\/\/uniformesludo.cl\/index.php\/producto\/bolso-picnic-cannaria\/","og_site_name":"Uniformes Ludo","article_modified_time":"2023-11-20T19:25:29+00:00","og_image":[{"width":700,"height":700,"url":"https:\/\/uniformesludo.cl\/wp-content\/uploads\/2023\/01\/promocional_publicitario_bolso_matero_T554_frente.jpg","type":"image\/jpeg"}],"twitter_card":"summary_large_image","schema":{"@context":"https:\/\/schema.org","@graph":[{"@type":"WebPage","@id":"https:\/\/uniformesludo.cl\/index.php\/producto\/bolso-picnic-cannaria\/","url":"https:\/\/uniformesludo.cl\/index.php\/producto\/bolso-picnic-cannaria\/","name":"Bolso Picnic \"Cannaria\" - Uniformes Ludo","isPartOf":{"@id":"https:\/\/uniformesludo.cl\/#website"},"primaryImageOfPage":{"@id":"https:\/\/uniformesludo.cl\/index.php\/producto\/bolso-picnic-cannaria\/#primaryimage"},"image":{"@id":"https:\/\/uniformesludo.cl\/index.php\/producto\/bolso-picnic-cannaria\/#primaryimage"},"thumbnailUrl":"https:\/\/uniformesludo.cl\/wp-content\/uploads\/2023\/01\/promocional_publicitario_bolso_matero_T554_frente.jpg","datePublished":"2023-01-24T20:57:09+00:00","dateModified":"2023-11-20T19:25:29+00:00","breadcrumb":{"@id":"https:\/\/uniformesludo.cl\/index.php\/producto\/bolso-picnic-cannaria\/#breadcrumb"},"inLanguage":"es","potentialAction":[{"@type":"ReadAction","target":["https:\/\/uniformesludo.cl\/index.php\/producto\/bolso-picnic-cannaria\/"]}]},{"@type":"ImageObject","inLanguage":"es","@id":"https:\/\/uniformesludo.cl\/index.php\/producto\/bolso-picnic-cannaria\/#primaryimage","url":"https:\/\/uniformesludo.cl\/wp-content\/uploads\/2023\/01\/promocional_publicitario_bolso_matero_T554_frente.jpg","contentUrl":"https:\/\/uniformesludo.cl\/wp-content\/uploads\/2023\/01\/promocional_publicitario_bolso_matero_T554_frente.jpg","width":700,"height":700},{"@type":"BreadcrumbList","@id":"https:\/\/uniformesludo.cl\/index.php\/producto\/bolso-picnic-cannaria\/#breadcrumb","itemListElement":[{"@type":"ListItem","position":1,"name":"Portada","item":"https:\/\/uniformesludo.cl\/"},{"@type":"ListItem","position":2,"name":"Tienda","item":"https:\/\/uniformesludo.cl\/index.php\/tienda\/"},{"@type":"ListItem","position":3,"name":"Bolso Picnic \u00abCannaria\u00bb"}]},{"@type":"WebSite","@id":"https:\/\/uniformesludo.cl\/#website","url":"https:\/\/uniformesludo.cl\/","name":"Uniformes Ludo","description":"Es una de las empresas comercializadoras de Ropa de trabajo, confecci\u00f3n, productos de protecci\u00f3n, prevenci\u00f3n y seguridad una de las m\u00e1s importantes de nuestro pa\u00eds, reconocida a nivel Nacional, con numerosos clientes a lo largo de Chile que avalan su compromiso de calidad. De igual forma, existe una permanente preocupaci\u00f3n por mantener un servicio integral de excelencia que permita identificarnos como \u201cel mejor equipo, la mejor empresa e inversi\u00f3n\u201d.","potentialAction":[{"@type":"SearchAction","target":{"@type":"EntryPoint","urlTemplate":"https:\/\/uniformesludo.cl\/?s={search_term_string}"},"query-input":{"@type":"PropertyValueSpecification","valueRequired":true,"valueName":"search_term_string"}}],"inLanguage":"es"}]}},"_links":{"self":[{"href":"https:\/\/uniformesludo.cl\/index.php\/wp-json\/wp\/v2\/product\/10012033","targetHints":{"allow":["GET"]}}],"collection":[{"href":"https:\/\/uniformesludo.cl\/index.php\/wp-json\/wp\/v2\/product"}],"about":[{"href":"https:\/\/uniformesludo.cl\/index.php\/wp-json\/wp\/v2\/types\/product"}],"replies":[{"embeddable":true,"href":"https:\/\/uniformesludo.cl\/index.php\/wp-json\/wp\/v2\/comments?post=10012033"}],"wp:featuredmedia":[{"embeddable":true,"href":"https:\/\/uniformesludo.cl\/index.php\/wp-json\/wp\/v2\/media\/10012034"}],"wp:attachment":[{"href":"https:\/\/uniformesludo.cl\/index.php\/wp-json\/wp\/v2\/media?parent=10012033"}],"wp:term":[{"taxonomy":"product_brand","embeddable":true,"href":"https:\/\/uniformesludo.cl\/index.php\/wp-json\/wp\/v2\/product_brand?post=10012033"},{"taxonomy":"product_cat","embeddable":true,"href":"https:\/\/uniformesludo.cl\/index.php\/wp-json\/wp\/v2\/product_cat?post=10012033"},{"taxonomy":"product_tag","embeddable":true,"href":"https:\/\/uniformesludo.cl\/index.php\/wp-json\/wp\/v2\/product_tag?post=10012033"}],"curies":[{"name":"wp","href":"https:\/\/api.w.org\/{rel}","templated":true}]}}