{"id":10011952,"date":"2023-01-24T20:08:41","date_gmt":"2023-01-24T20:08:41","guid":{"rendered":"https:\/\/uniformesludo.cl\/?post_type=product&#038;p=10011952"},"modified":"2023-11-20T19:25:20","modified_gmt":"2023-11-20T19:25:20","slug":"set-de-asado-masterbeef","status":"publish","type":"product","link":"https:\/\/uniformesludo.cl\/index.php\/producto\/set-de-asado-masterbeef\/","title":{"rendered":"SET DE ASADO \u00abMASTERBEEF\u00bb"},"content":{"rendered":"","protected":false},"excerpt":{"rendered":"<p>46,5 x 12 x 4,5 cm cerrado. Acero inoxidable. Set de asado en estuche color negro con cierre. Contiene 3 utensilios de acero inoxidable 420: tenedor de 135g y 41 cm de largo; pinza de 275g y 39 cm de largo; y esp\u00e1tula de 225g y 43 cm de largo, todos con mango de polipropileno en color negro. Esp\u00e1tula multiprop\u00f3sito (recoge, escurre, corta y destapa). Calidad premium.<\/p>\n<p><span style=\"color: #ff0099\"><strong>Grabado L\u00e1ser sobre los 3 art\u00edculos\u00a0del set.<\/strong><\/span><\/p>\n<div class=\"packing\">\n<div class=\"title\"><strong>Packing<\/strong><\/div>\n<div class=\"measures\">\n<div class=\"packing-label\">Medidas: 47,50 x 25,00 x 20,50 cm<\/div>\n<\/div>\n<div class=\"volume\">\n<div class=\"packing-label\">Volumen: 0,020 m\u00b3<\/div>\n<\/div>\n<div class=\"quantity\">\n<div class=\"packing-label\">Cantidad por caja: 10<\/div>\n<\/div>\n<div class=\"weight\">\n<div class=\"packing-label\">Peso total: 9,00 kg<\/div>\n<\/div>\n<\/div>\n<p><a id=\"btncotizar\" href=\"https:\/\/uniformesludo.cl\/index.php\/cotizacion\/\">Cotizar<\/a><\/p>\n","protected":false},"featured_media":10011953,"comment_status":"closed","ping_status":"closed","template":"","meta":[],"product_brand":[],"product_cat":[504],"product_tag":[],"class_list":{"0":"post-10011952","1":"product","2":"type-product","3":"status-publish","4":"has-post-thumbnail","6":"product_cat-articulos-publicitarios","8":"first","9":"instock","10":"shipping-taxable","11":"product-type-simple"},"aioseo_notices":[],"yoast_head":"<!-- This site is optimized with the Yoast SEO plugin v26.5 - https:\/\/yoast.com\/wordpress\/plugins\/seo\/ -->\n<title>SET DE ASADO &quot;MASTERBEEF&quot; - Uniformes Ludo<\/title>\n<meta name=\"robots\" content=\"index, follow, max-snippet:-1, max-image-preview:large, max-video-preview:-1\" \/>\n<link rel=\"canonical\" href=\"https:\/\/uniformesludo.cl\/index.php\/producto\/set-de-asado-masterbeef\/\" \/>\n<meta property=\"og:locale\" content=\"es_ES\" \/>\n<meta property=\"og:type\" content=\"article\" \/>\n<meta property=\"og:title\" content=\"SET DE ASADO &quot;MASTERBEEF&quot; - Uniformes Ludo\" \/>\n<meta property=\"og:description\" content=\"46,5 x 12 x 4,5 cm cerrado. Acero inoxidable. Set de asado en estuche color negro con cierre. Contiene 3 utensilios de acero inoxidable 420: tenedor de 135g y 41 cm de largo; pinza de 275g y 39 cm de largo; y esp\u00e1tula de 225g y 43 cm de largo, todos con mango de polipropileno en color negro. Esp\u00e1tula multiprop\u00f3sito (recoge, escurre, corta y destapa). Calidad premium.  Grabado L\u00e1ser sobre los 3 art\u00edculos\u00a0del set.  Packing  Medidas: 47,50 x 25,00 x 20,50 cm   Volumen: 0,020 m\u00b3   Cantidad por caja: 10   Peso total: 9,00 kg    Cotizar\" \/>\n<meta property=\"og:url\" content=\"https:\/\/uniformesludo.cl\/index.php\/producto\/set-de-asado-masterbeef\/\" \/>\n<meta property=\"og:site_name\" content=\"Uniformes Ludo\" \/>\n<meta property=\"article:modified_time\" content=\"2023-11-20T19:25:20+00:00\" \/>\n<meta property=\"og:image\" content=\"https:\/\/uniformesludo.cl\/wp-content\/uploads\/2023\/01\/alt__promocional_publicitario_set_asado_T609_abierto.jpg\" \/>\n\t<meta property=\"og:image:width\" content=\"700\" \/>\n\t<meta property=\"og:image:height\" content=\"700\" \/>\n\t<meta property=\"og:image:type\" content=\"image\/jpeg\" \/>\n<meta name=\"twitter:card\" content=\"summary_large_image\" \/>\n<script type=\"application\/ld+json\" class=\"yoast-schema-graph\">{\"@context\":\"https:\/\/schema.org\",\"@graph\":[{\"@type\":\"WebPage\",\"@id\":\"https:\/\/uniformesludo.cl\/index.php\/producto\/set-de-asado-masterbeef\/\",\"url\":\"https:\/\/uniformesludo.cl\/index.php\/producto\/set-de-asado-masterbeef\/\",\"name\":\"SET DE ASADO \\\"MASTERBEEF\\\" - Uniformes Ludo\",\"isPartOf\":{\"@id\":\"https:\/\/uniformesludo.cl\/#website\"},\"primaryImageOfPage\":{\"@id\":\"https:\/\/uniformesludo.cl\/index.php\/producto\/set-de-asado-masterbeef\/#primaryimage\"},\"image\":{\"@id\":\"https:\/\/uniformesludo.cl\/index.php\/producto\/set-de-asado-masterbeef\/#primaryimage\"},\"thumbnailUrl\":\"https:\/\/uniformesludo.cl\/wp-content\/uploads\/2023\/01\/alt__promocional_publicitario_set_asado_T609_abierto.jpg\",\"datePublished\":\"2023-01-24T20:08:41+00:00\",\"dateModified\":\"2023-11-20T19:25:20+00:00\",\"breadcrumb\":{\"@id\":\"https:\/\/uniformesludo.cl\/index.php\/producto\/set-de-asado-masterbeef\/#breadcrumb\"},\"inLanguage\":\"es\",\"potentialAction\":[{\"@type\":\"ReadAction\",\"target\":[\"https:\/\/uniformesludo.cl\/index.php\/producto\/set-de-asado-masterbeef\/\"]}]},{\"@type\":\"ImageObject\",\"inLanguage\":\"es\",\"@id\":\"https:\/\/uniformesludo.cl\/index.php\/producto\/set-de-asado-masterbeef\/#primaryimage\",\"url\":\"https:\/\/uniformesludo.cl\/wp-content\/uploads\/2023\/01\/alt__promocional_publicitario_set_asado_T609_abierto.jpg\",\"contentUrl\":\"https:\/\/uniformesludo.cl\/wp-content\/uploads\/2023\/01\/alt__promocional_publicitario_set_asado_T609_abierto.jpg\",\"width\":700,\"height\":700},{\"@type\":\"BreadcrumbList\",\"@id\":\"https:\/\/uniformesludo.cl\/index.php\/producto\/set-de-asado-masterbeef\/#breadcrumb\",\"itemListElement\":[{\"@type\":\"ListItem\",\"position\":1,\"name\":\"Portada\",\"item\":\"https:\/\/uniformesludo.cl\/\"},{\"@type\":\"ListItem\",\"position\":2,\"name\":\"Tienda\",\"item\":\"https:\/\/uniformesludo.cl\/index.php\/tienda\/\"},{\"@type\":\"ListItem\",\"position\":3,\"name\":\"SET DE ASADO \u00abMASTERBEEF\u00bb\"}]},{\"@type\":\"WebSite\",\"@id\":\"https:\/\/uniformesludo.cl\/#website\",\"url\":\"https:\/\/uniformesludo.cl\/\",\"name\":\"Uniformes Ludo\",\"description\":\"Es una de las empresas comercializadoras de Ropa de trabajo, confecci\u00f3n, productos de protecci\u00f3n, prevenci\u00f3n y seguridad una de las m\u00e1s importantes de nuestro pa\u00eds, reconocida a nivel Nacional, con numerosos clientes a lo largo de Chile que avalan su compromiso de calidad. De igual forma, existe una permanente preocupaci\u00f3n por mantener un servicio integral de excelencia que permita identificarnos como \u201cel mejor equipo, la mejor empresa e inversi\u00f3n\u201d.\",\"potentialAction\":[{\"@type\":\"SearchAction\",\"target\":{\"@type\":\"EntryPoint\",\"urlTemplate\":\"https:\/\/uniformesludo.cl\/?s={search_term_string}\"},\"query-input\":{\"@type\":\"PropertyValueSpecification\",\"valueRequired\":true,\"valueName\":\"search_term_string\"}}],\"inLanguage\":\"es\"}]}<\/script>\n<!-- \/ Yoast SEO plugin. -->","yoast_head_json":{"title":"SET DE ASADO \"MASTERBEEF\" - Uniformes Ludo","robots":{"index":"index","follow":"follow","max-snippet":"max-snippet:-1","max-image-preview":"max-image-preview:large","max-video-preview":"max-video-preview:-1"},"canonical":"https:\/\/uniformesludo.cl\/index.php\/producto\/set-de-asado-masterbeef\/","og_locale":"es_ES","og_type":"article","og_title":"SET DE ASADO \"MASTERBEEF\" - Uniformes Ludo","og_description":"46,5 x 12 x 4,5 cm cerrado. Acero inoxidable. Set de asado en estuche color negro con cierre. Contiene 3 utensilios de acero inoxidable 420: tenedor de 135g y 41 cm de largo; pinza de 275g y 39 cm de largo; y esp\u00e1tula de 225g y 43 cm de largo, todos con mango de polipropileno en color negro. Esp\u00e1tula multiprop\u00f3sito (recoge, escurre, corta y destapa). Calidad premium.  Grabado L\u00e1ser sobre los 3 art\u00edculos\u00a0del set.  Packing  Medidas: 47,50 x 25,00 x 20,50 cm   Volumen: 0,020 m\u00b3   Cantidad por caja: 10   Peso total: 9,00 kg    Cotizar","og_url":"https:\/\/uniformesludo.cl\/index.php\/producto\/set-de-asado-masterbeef\/","og_site_name":"Uniformes Ludo","article_modified_time":"2023-11-20T19:25:20+00:00","og_image":[{"width":700,"height":700,"url":"https:\/\/uniformesludo.cl\/wp-content\/uploads\/2023\/01\/alt__promocional_publicitario_set_asado_T609_abierto.jpg","type":"image\/jpeg"}],"twitter_card":"summary_large_image","schema":{"@context":"https:\/\/schema.org","@graph":[{"@type":"WebPage","@id":"https:\/\/uniformesludo.cl\/index.php\/producto\/set-de-asado-masterbeef\/","url":"https:\/\/uniformesludo.cl\/index.php\/producto\/set-de-asado-masterbeef\/","name":"SET DE ASADO \"MASTERBEEF\" - Uniformes Ludo","isPartOf":{"@id":"https:\/\/uniformesludo.cl\/#website"},"primaryImageOfPage":{"@id":"https:\/\/uniformesludo.cl\/index.php\/producto\/set-de-asado-masterbeef\/#primaryimage"},"image":{"@id":"https:\/\/uniformesludo.cl\/index.php\/producto\/set-de-asado-masterbeef\/#primaryimage"},"thumbnailUrl":"https:\/\/uniformesludo.cl\/wp-content\/uploads\/2023\/01\/alt__promocional_publicitario_set_asado_T609_abierto.jpg","datePublished":"2023-01-24T20:08:41+00:00","dateModified":"2023-11-20T19:25:20+00:00","breadcrumb":{"@id":"https:\/\/uniformesludo.cl\/index.php\/producto\/set-de-asado-masterbeef\/#breadcrumb"},"inLanguage":"es","potentialAction":[{"@type":"ReadAction","target":["https:\/\/uniformesludo.cl\/index.php\/producto\/set-de-asado-masterbeef\/"]}]},{"@type":"ImageObject","inLanguage":"es","@id":"https:\/\/uniformesludo.cl\/index.php\/producto\/set-de-asado-masterbeef\/#primaryimage","url":"https:\/\/uniformesludo.cl\/wp-content\/uploads\/2023\/01\/alt__promocional_publicitario_set_asado_T609_abierto.jpg","contentUrl":"https:\/\/uniformesludo.cl\/wp-content\/uploads\/2023\/01\/alt__promocional_publicitario_set_asado_T609_abierto.jpg","width":700,"height":700},{"@type":"BreadcrumbList","@id":"https:\/\/uniformesludo.cl\/index.php\/producto\/set-de-asado-masterbeef\/#breadcrumb","itemListElement":[{"@type":"ListItem","position":1,"name":"Portada","item":"https:\/\/uniformesludo.cl\/"},{"@type":"ListItem","position":2,"name":"Tienda","item":"https:\/\/uniformesludo.cl\/index.php\/tienda\/"},{"@type":"ListItem","position":3,"name":"SET DE ASADO \u00abMASTERBEEF\u00bb"}]},{"@type":"WebSite","@id":"https:\/\/uniformesludo.cl\/#website","url":"https:\/\/uniformesludo.cl\/","name":"Uniformes Ludo","description":"Es una de las empresas comercializadoras de Ropa de trabajo, confecci\u00f3n, productos de protecci\u00f3n, prevenci\u00f3n y seguridad una de las m\u00e1s importantes de nuestro pa\u00eds, reconocida a nivel Nacional, con numerosos clientes a lo largo de Chile que avalan su compromiso de calidad. De igual forma, existe una permanente preocupaci\u00f3n por mantener un servicio integral de excelencia que permita identificarnos como \u201cel mejor equipo, la mejor empresa e inversi\u00f3n\u201d.","potentialAction":[{"@type":"SearchAction","target":{"@type":"EntryPoint","urlTemplate":"https:\/\/uniformesludo.cl\/?s={search_term_string}"},"query-input":{"@type":"PropertyValueSpecification","valueRequired":true,"valueName":"search_term_string"}}],"inLanguage":"es"}]}},"_links":{"self":[{"href":"https:\/\/uniformesludo.cl\/index.php\/wp-json\/wp\/v2\/product\/10011952","targetHints":{"allow":["GET"]}}],"collection":[{"href":"https:\/\/uniformesludo.cl\/index.php\/wp-json\/wp\/v2\/product"}],"about":[{"href":"https:\/\/uniformesludo.cl\/index.php\/wp-json\/wp\/v2\/types\/product"}],"replies":[{"embeddable":true,"href":"https:\/\/uniformesludo.cl\/index.php\/wp-json\/wp\/v2\/comments?post=10011952"}],"wp:featuredmedia":[{"embeddable":true,"href":"https:\/\/uniformesludo.cl\/index.php\/wp-json\/wp\/v2\/media\/10011953"}],"wp:attachment":[{"href":"https:\/\/uniformesludo.cl\/index.php\/wp-json\/wp\/v2\/media?parent=10011952"}],"wp:term":[{"taxonomy":"product_brand","embeddable":true,"href":"https:\/\/uniformesludo.cl\/index.php\/wp-json\/wp\/v2\/product_brand?post=10011952"},{"taxonomy":"product_cat","embeddable":true,"href":"https:\/\/uniformesludo.cl\/index.php\/wp-json\/wp\/v2\/product_cat?post=10011952"},{"taxonomy":"product_tag","embeddable":true,"href":"https:\/\/uniformesludo.cl\/index.php\/wp-json\/wp\/v2\/product_tag?post=10011952"}],"curies":[{"name":"wp","href":"https:\/\/api.w.org\/{rel}","templated":true}]}}