{"id":10011940,"date":"2023-01-24T20:01:28","date_gmt":"2023-01-24T20:01:28","guid":{"rendered":"https:\/\/uniformesludo.cl\/?post_type=product&#038;p=10011940"},"modified":"2023-11-20T19:25:19","modified_gmt":"2023-11-20T19:25:19","slug":"backpack-nettech","status":"publish","type":"product","link":"https:\/\/uniformesludo.cl\/index.php\/producto\/backpack-nettech\/","title":{"rendered":"BACKPACK \u00abNET&amp;TECH\u00bb"},"content":{"rendered":"","protected":false},"excerpt":{"rendered":"<p>31 x 42 x 15 cm. Capacidad 17 litros. Poliester 300D. Mochila Portanotebook de 14 pulgadas. Compartimento con espacio para notebook, bolsillo para tablet. En el frente bolsillo con cierre y detalles en PU. Espalda acolchonada con red que permite ventilaci\u00f3n y cuenta tambi\u00e9n con 1 bolsillo con cierre.Correas acolchonadas y cierres met\u00e1licos. Todo el contorno de la mochila y las correas, est\u00e1n forradas en poli\u00e9ster recubierto con una pel\u00edcula de PU. Posee presencia de marca detras de las tiras de agarre y dentro de la misma.<\/p>\n<p><strong>Packing<\/strong><\/p>\n<p>Medidas:<\/p>\n<p>47,00 x 35,00 x 57,00 cm<\/p>\n<p>Volumen:<\/p>\n<p>0,090 m\u00b3<\/p>\n<p>Cantidad por caja:<\/p>\n<p>10<\/p>\n<p>Peso total:<\/p>\n<p>7,90 kg<\/p>\n<p><a id=\"btncotizar\" href=\"https:\/\/uniformesludo.cl\/index.php\/cotizacion\/\">Cotizar<\/a><\/p>\n","protected":false},"featured_media":10011941,"comment_status":"closed","ping_status":"closed","template":"","meta":[],"product_brand":[],"product_cat":[504],"product_tag":[],"class_list":{"0":"post-10011940","1":"product","2":"type-product","3":"status-publish","4":"has-post-thumbnail","6":"product_cat-articulos-publicitarios","8":"first","9":"instock","10":"shipping-taxable","11":"product-type-simple"},"aioseo_notices":[],"yoast_head":"<!-- This site is optimized with the Yoast SEO plugin v26.5 - https:\/\/yoast.com\/wordpress\/plugins\/seo\/ -->\n<title>BACKPACK &quot;NET&amp;TECH&quot; - Uniformes Ludo<\/title>\n<meta name=\"robots\" content=\"index, follow, max-snippet:-1, max-image-preview:large, max-video-preview:-1\" \/>\n<link rel=\"canonical\" href=\"https:\/\/uniformesludo.cl\/index.php\/producto\/backpack-nettech\/\" \/>\n<meta property=\"og:locale\" content=\"es_ES\" \/>\n<meta property=\"og:type\" content=\"article\" \/>\n<meta property=\"og:title\" content=\"BACKPACK &quot;NET&amp;TECH&quot; - Uniformes Ludo\" \/>\n<meta property=\"og:description\" content=\"31 x 42 x 15 cm. Capacidad 17 litros. Poliester 300D. Mochila Portanotebook de 14 pulgadas. Compartimento con espacio para notebook, bolsillo para tablet. En el frente bolsillo con cierre y detalles en PU. Espalda acolchonada con red que permite ventilaci\u00f3n y cuenta tambi\u00e9n con 1 bolsillo con cierre.Correas acolchonadas y cierres met\u00e1licos. Todo el contorno de la mochila y las correas, est\u00e1n forradas en poli\u00e9ster recubierto con una pel\u00edcula de PU. Posee presencia de marca detras de las tiras de agarre y dentro de la misma.  Packing Medidas: 47,00 x 35,00 x 57,00 cm Volumen: 0,090 m\u00b3 Cantidad por caja: 10 Peso total: 7,90 kg  Cotizar\" \/>\n<meta property=\"og:url\" content=\"https:\/\/uniformesludo.cl\/index.php\/producto\/backpack-nettech\/\" \/>\n<meta property=\"og:site_name\" content=\"Uniformes Ludo\" \/>\n<meta property=\"article:modified_time\" content=\"2023-11-20T19:25:19+00:00\" \/>\n<meta property=\"og:image\" content=\"https:\/\/uniformesludo.cl\/wp-content\/uploads\/2023\/01\/alt__promocional_publicitario_mochila_nomawalk__K7_frente.jpg\" \/>\n\t<meta property=\"og:image:width\" content=\"700\" \/>\n\t<meta property=\"og:image:height\" content=\"700\" \/>\n\t<meta property=\"og:image:type\" content=\"image\/jpeg\" \/>\n<meta name=\"twitter:card\" content=\"summary_large_image\" \/>\n<script type=\"application\/ld+json\" class=\"yoast-schema-graph\">{\"@context\":\"https:\/\/schema.org\",\"@graph\":[{\"@type\":\"WebPage\",\"@id\":\"https:\/\/uniformesludo.cl\/index.php\/producto\/backpack-nettech\/\",\"url\":\"https:\/\/uniformesludo.cl\/index.php\/producto\/backpack-nettech\/\",\"name\":\"BACKPACK \\\"NET&amp;TECH\\\" - Uniformes Ludo\",\"isPartOf\":{\"@id\":\"https:\/\/uniformesludo.cl\/#website\"},\"primaryImageOfPage\":{\"@id\":\"https:\/\/uniformesludo.cl\/index.php\/producto\/backpack-nettech\/#primaryimage\"},\"image\":{\"@id\":\"https:\/\/uniformesludo.cl\/index.php\/producto\/backpack-nettech\/#primaryimage\"},\"thumbnailUrl\":\"https:\/\/uniformesludo.cl\/wp-content\/uploads\/2023\/01\/alt__promocional_publicitario_mochila_nomawalk__K7_frente.jpg\",\"datePublished\":\"2023-01-24T20:01:28+00:00\",\"dateModified\":\"2023-11-20T19:25:19+00:00\",\"breadcrumb\":{\"@id\":\"https:\/\/uniformesludo.cl\/index.php\/producto\/backpack-nettech\/#breadcrumb\"},\"inLanguage\":\"es\",\"potentialAction\":[{\"@type\":\"ReadAction\",\"target\":[\"https:\/\/uniformesludo.cl\/index.php\/producto\/backpack-nettech\/\"]}]},{\"@type\":\"ImageObject\",\"inLanguage\":\"es\",\"@id\":\"https:\/\/uniformesludo.cl\/index.php\/producto\/backpack-nettech\/#primaryimage\",\"url\":\"https:\/\/uniformesludo.cl\/wp-content\/uploads\/2023\/01\/alt__promocional_publicitario_mochila_nomawalk__K7_frente.jpg\",\"contentUrl\":\"https:\/\/uniformesludo.cl\/wp-content\/uploads\/2023\/01\/alt__promocional_publicitario_mochila_nomawalk__K7_frente.jpg\",\"width\":700,\"height\":700},{\"@type\":\"BreadcrumbList\",\"@id\":\"https:\/\/uniformesludo.cl\/index.php\/producto\/backpack-nettech\/#breadcrumb\",\"itemListElement\":[{\"@type\":\"ListItem\",\"position\":1,\"name\":\"Portada\",\"item\":\"https:\/\/uniformesludo.cl\/\"},{\"@type\":\"ListItem\",\"position\":2,\"name\":\"Tienda\",\"item\":\"https:\/\/uniformesludo.cl\/index.php\/tienda\/\"},{\"@type\":\"ListItem\",\"position\":3,\"name\":\"BACKPACK \u00abNET&amp;TECH\u00bb\"}]},{\"@type\":\"WebSite\",\"@id\":\"https:\/\/uniformesludo.cl\/#website\",\"url\":\"https:\/\/uniformesludo.cl\/\",\"name\":\"Uniformes Ludo\",\"description\":\"Es una de las empresas comercializadoras de Ropa de trabajo, confecci\u00f3n, productos de protecci\u00f3n, prevenci\u00f3n y seguridad una de las m\u00e1s importantes de nuestro pa\u00eds, reconocida a nivel Nacional, con numerosos clientes a lo largo de Chile que avalan su compromiso de calidad. De igual forma, existe una permanente preocupaci\u00f3n por mantener un servicio integral de excelencia que permita identificarnos como \u201cel mejor equipo, la mejor empresa e inversi\u00f3n\u201d.\",\"potentialAction\":[{\"@type\":\"SearchAction\",\"target\":{\"@type\":\"EntryPoint\",\"urlTemplate\":\"https:\/\/uniformesludo.cl\/?s={search_term_string}\"},\"query-input\":{\"@type\":\"PropertyValueSpecification\",\"valueRequired\":true,\"valueName\":\"search_term_string\"}}],\"inLanguage\":\"es\"}]}<\/script>\n<!-- \/ Yoast SEO plugin. -->","yoast_head_json":{"title":"BACKPACK \"NET&amp;TECH\" - Uniformes Ludo","robots":{"index":"index","follow":"follow","max-snippet":"max-snippet:-1","max-image-preview":"max-image-preview:large","max-video-preview":"max-video-preview:-1"},"canonical":"https:\/\/uniformesludo.cl\/index.php\/producto\/backpack-nettech\/","og_locale":"es_ES","og_type":"article","og_title":"BACKPACK \"NET&amp;TECH\" - Uniformes Ludo","og_description":"31 x 42 x 15 cm. Capacidad 17 litros. Poliester 300D. Mochila Portanotebook de 14 pulgadas. Compartimento con espacio para notebook, bolsillo para tablet. En el frente bolsillo con cierre y detalles en PU. Espalda acolchonada con red que permite ventilaci\u00f3n y cuenta tambi\u00e9n con 1 bolsillo con cierre.Correas acolchonadas y cierres met\u00e1licos. Todo el contorno de la mochila y las correas, est\u00e1n forradas en poli\u00e9ster recubierto con una pel\u00edcula de PU. Posee presencia de marca detras de las tiras de agarre y dentro de la misma.  Packing Medidas: 47,00 x 35,00 x 57,00 cm Volumen: 0,090 m\u00b3 Cantidad por caja: 10 Peso total: 7,90 kg  Cotizar","og_url":"https:\/\/uniformesludo.cl\/index.php\/producto\/backpack-nettech\/","og_site_name":"Uniformes Ludo","article_modified_time":"2023-11-20T19:25:19+00:00","og_image":[{"width":700,"height":700,"url":"https:\/\/uniformesludo.cl\/wp-content\/uploads\/2023\/01\/alt__promocional_publicitario_mochila_nomawalk__K7_frente.jpg","type":"image\/jpeg"}],"twitter_card":"summary_large_image","schema":{"@context":"https:\/\/schema.org","@graph":[{"@type":"WebPage","@id":"https:\/\/uniformesludo.cl\/index.php\/producto\/backpack-nettech\/","url":"https:\/\/uniformesludo.cl\/index.php\/producto\/backpack-nettech\/","name":"BACKPACK \"NET&amp;TECH\" - Uniformes Ludo","isPartOf":{"@id":"https:\/\/uniformesludo.cl\/#website"},"primaryImageOfPage":{"@id":"https:\/\/uniformesludo.cl\/index.php\/producto\/backpack-nettech\/#primaryimage"},"image":{"@id":"https:\/\/uniformesludo.cl\/index.php\/producto\/backpack-nettech\/#primaryimage"},"thumbnailUrl":"https:\/\/uniformesludo.cl\/wp-content\/uploads\/2023\/01\/alt__promocional_publicitario_mochila_nomawalk__K7_frente.jpg","datePublished":"2023-01-24T20:01:28+00:00","dateModified":"2023-11-20T19:25:19+00:00","breadcrumb":{"@id":"https:\/\/uniformesludo.cl\/index.php\/producto\/backpack-nettech\/#breadcrumb"},"inLanguage":"es","potentialAction":[{"@type":"ReadAction","target":["https:\/\/uniformesludo.cl\/index.php\/producto\/backpack-nettech\/"]}]},{"@type":"ImageObject","inLanguage":"es","@id":"https:\/\/uniformesludo.cl\/index.php\/producto\/backpack-nettech\/#primaryimage","url":"https:\/\/uniformesludo.cl\/wp-content\/uploads\/2023\/01\/alt__promocional_publicitario_mochila_nomawalk__K7_frente.jpg","contentUrl":"https:\/\/uniformesludo.cl\/wp-content\/uploads\/2023\/01\/alt__promocional_publicitario_mochila_nomawalk__K7_frente.jpg","width":700,"height":700},{"@type":"BreadcrumbList","@id":"https:\/\/uniformesludo.cl\/index.php\/producto\/backpack-nettech\/#breadcrumb","itemListElement":[{"@type":"ListItem","position":1,"name":"Portada","item":"https:\/\/uniformesludo.cl\/"},{"@type":"ListItem","position":2,"name":"Tienda","item":"https:\/\/uniformesludo.cl\/index.php\/tienda\/"},{"@type":"ListItem","position":3,"name":"BACKPACK \u00abNET&amp;TECH\u00bb"}]},{"@type":"WebSite","@id":"https:\/\/uniformesludo.cl\/#website","url":"https:\/\/uniformesludo.cl\/","name":"Uniformes Ludo","description":"Es una de las empresas comercializadoras de Ropa de trabajo, confecci\u00f3n, productos de protecci\u00f3n, prevenci\u00f3n y seguridad una de las m\u00e1s importantes de nuestro pa\u00eds, reconocida a nivel Nacional, con numerosos clientes a lo largo de Chile que avalan su compromiso de calidad. De igual forma, existe una permanente preocupaci\u00f3n por mantener un servicio integral de excelencia que permita identificarnos como \u201cel mejor equipo, la mejor empresa e inversi\u00f3n\u201d.","potentialAction":[{"@type":"SearchAction","target":{"@type":"EntryPoint","urlTemplate":"https:\/\/uniformesludo.cl\/?s={search_term_string}"},"query-input":{"@type":"PropertyValueSpecification","valueRequired":true,"valueName":"search_term_string"}}],"inLanguage":"es"}]}},"_links":{"self":[{"href":"https:\/\/uniformesludo.cl\/index.php\/wp-json\/wp\/v2\/product\/10011940","targetHints":{"allow":["GET"]}}],"collection":[{"href":"https:\/\/uniformesludo.cl\/index.php\/wp-json\/wp\/v2\/product"}],"about":[{"href":"https:\/\/uniformesludo.cl\/index.php\/wp-json\/wp\/v2\/types\/product"}],"replies":[{"embeddable":true,"href":"https:\/\/uniformesludo.cl\/index.php\/wp-json\/wp\/v2\/comments?post=10011940"}],"wp:featuredmedia":[{"embeddable":true,"href":"https:\/\/uniformesludo.cl\/index.php\/wp-json\/wp\/v2\/media\/10011941"}],"wp:attachment":[{"href":"https:\/\/uniformesludo.cl\/index.php\/wp-json\/wp\/v2\/media?parent=10011940"}],"wp:term":[{"taxonomy":"product_brand","embeddable":true,"href":"https:\/\/uniformesludo.cl\/index.php\/wp-json\/wp\/v2\/product_brand?post=10011940"},{"taxonomy":"product_cat","embeddable":true,"href":"https:\/\/uniformesludo.cl\/index.php\/wp-json\/wp\/v2\/product_cat?post=10011940"},{"taxonomy":"product_tag","embeddable":true,"href":"https:\/\/uniformesludo.cl\/index.php\/wp-json\/wp\/v2\/product_tag?post=10011940"}],"curies":[{"name":"wp","href":"https:\/\/api.w.org\/{rel}","templated":true}]}}