{"id":10011917,"date":"2023-01-24T18:38:15","date_gmt":"2023-01-24T18:38:15","guid":{"rendered":"https:\/\/uniformesludo.cl\/?post_type=product&#038;p=10011917"},"modified":"2023-11-20T19:25:18","modified_gmt":"2023-11-20T19:25:18","slug":"auriculares-bluetooth-henry","status":"publish","type":"product","link":"https:\/\/uniformesludo.cl\/index.php\/producto\/auriculares-bluetooth-henry\/","title":{"rendered":"AURICULARES BLUETOOTH \u00abHENRY\u00bb"},"content":{"rendered":"","protected":false},"excerpt":{"rendered":"<p>5,5 cm x 5 cm x 2,5 cm. (medida de la caja) 45 mm (auriculares). Pl\u00e1stico ABS. Auriculares bluetooth con im\u00e1n, se conectan al celular de forma inal\u00e1mbrica. Los auriculares cuentan con\u00a0<strong>funci\u00f3n touch<\/strong>\u00a0en cada costado de los audifonos (izquierdo y derecho) para funciones de encendido, apagado, avance, retroceso, reproducci\u00f3n y pausar musica. As\u00ed como tambi\u00e9n para las funciones de responder, rechazar o finalizar una llamada. Estuche que permite cargar la bater\u00eda de los auriculares. Indicador de bater\u00eda del estuche.\u00a0<strong>Base de carga 300 MAH . Auriculares: 30mAh Bluetooth V5.0. Rango de alcance 10 metros.<\/strong>\u00a0<strong>Tiempo de reproduccion aut\u00f3nomo 3 horas aprox. Tiempo de carga de la bater\u00eda 1 hora.<\/strong>\u00a0Cable de carga USB tipo C. Duraci\u00f3n de la bater\u00eda en modo stand by: 40 hs.<\/p>\n<p><strong>Packing<\/strong><\/p>\n<p>Medidas: 48,00 x 38,50 x 25,00 cm<\/p>\n<p>Volumen: 0,046 m\u00b3<\/p>\n<p>Cantidad por caja: 100<\/p>\n<p>Peso total: 11,80 kg<\/p>\n<p><span class=\"ventasmayor\">SOLO VENTAS POR MAYOR<\/span><\/p>\n<p><a id=\"btncotizar\" href=\"https:\/\/uniformesludo.cl\/index.php\/cotizacion\/\">Cotizar<\/a><\/p>\n","protected":false},"featured_media":10011918,"comment_status":"closed","ping_status":"closed","template":"","meta":[],"product_brand":[],"product_cat":[504],"product_tag":[],"class_list":{"0":"post-10011917","1":"product","2":"type-product","3":"status-publish","4":"has-post-thumbnail","6":"product_cat-articulos-publicitarios","8":"first","9":"instock","10":"shipping-taxable","11":"product-type-simple"},"aioseo_notices":[],"yoast_head":"<!-- This site is optimized with the Yoast SEO plugin v26.5 - https:\/\/yoast.com\/wordpress\/plugins\/seo\/ -->\n<title>AURICULARES BLUETOOTH &quot;HENRY&quot; - Uniformes Ludo<\/title>\n<meta name=\"robots\" content=\"index, follow, max-snippet:-1, max-image-preview:large, max-video-preview:-1\" \/>\n<link rel=\"canonical\" href=\"https:\/\/uniformesludo.cl\/index.php\/producto\/auriculares-bluetooth-henry\/\" \/>\n<meta property=\"og:locale\" content=\"es_ES\" \/>\n<meta property=\"og:type\" content=\"article\" \/>\n<meta property=\"og:title\" content=\"AURICULARES BLUETOOTH &quot;HENRY&quot; - Uniformes Ludo\" \/>\n<meta property=\"og:description\" content=\"5,5 cm x 5 cm x 2,5 cm. (medida de la caja) 45 mm (auriculares). Pl\u00e1stico ABS. Auriculares bluetooth con im\u00e1n, se conectan al celular de forma inal\u00e1mbrica. Los auriculares cuentan con\u00a0funci\u00f3n touch\u00a0en cada costado de los audifonos (izquierdo y derecho) para funciones de encendido, apagado, avance, retroceso, reproducci\u00f3n y pausar musica. As\u00ed como tambi\u00e9n para las funciones de responder, rechazar o finalizar una llamada. Estuche que permite cargar la bater\u00eda de los auriculares. Indicador de bater\u00eda del estuche.\u00a0Base de carga 300 MAH . Auriculares: 30mAh Bluetooth V5.0. Rango de alcance 10 metros.\u00a0Tiempo de reproduccion aut\u00f3nomo 3 horas aprox. Tiempo de carga de la bater\u00eda 1 hora.\u00a0Cable de carga USB tipo C. Duraci\u00f3n de la bater\u00eda en modo stand by: 40 hs.  Packing Medidas: 48,00 x 38,50 x 25,00 cm Volumen: 0,046 m\u00b3 Cantidad por caja: 100 Peso total: 11,80 kg  SOLO VENTAS POR MAYOR  Cotizar\" \/>\n<meta property=\"og:url\" content=\"https:\/\/uniformesludo.cl\/index.php\/producto\/auriculares-bluetooth-henry\/\" \/>\n<meta property=\"og:site_name\" content=\"Uniformes Ludo\" \/>\n<meta property=\"article:modified_time\" content=\"2023-11-20T19:25:18+00:00\" \/>\n<meta property=\"og:image\" content=\"https:\/\/uniformesludo.cl\/wp-content\/uploads\/2023\/01\/alt_promocional_publicitario_auriculares_EC749_2.jpg\" \/>\n\t<meta property=\"og:image:width\" content=\"700\" \/>\n\t<meta property=\"og:image:height\" content=\"700\" \/>\n\t<meta property=\"og:image:type\" content=\"image\/jpeg\" \/>\n<meta name=\"twitter:card\" content=\"summary_large_image\" \/>\n<script type=\"application\/ld+json\" class=\"yoast-schema-graph\">{\"@context\":\"https:\/\/schema.org\",\"@graph\":[{\"@type\":\"WebPage\",\"@id\":\"https:\/\/uniformesludo.cl\/index.php\/producto\/auriculares-bluetooth-henry\/\",\"url\":\"https:\/\/uniformesludo.cl\/index.php\/producto\/auriculares-bluetooth-henry\/\",\"name\":\"AURICULARES BLUETOOTH \\\"HENRY\\\" - Uniformes Ludo\",\"isPartOf\":{\"@id\":\"https:\/\/uniformesludo.cl\/#website\"},\"primaryImageOfPage\":{\"@id\":\"https:\/\/uniformesludo.cl\/index.php\/producto\/auriculares-bluetooth-henry\/#primaryimage\"},\"image\":{\"@id\":\"https:\/\/uniformesludo.cl\/index.php\/producto\/auriculares-bluetooth-henry\/#primaryimage\"},\"thumbnailUrl\":\"https:\/\/uniformesludo.cl\/wp-content\/uploads\/2023\/01\/alt_promocional_publicitario_auriculares_EC749_2.jpg\",\"datePublished\":\"2023-01-24T18:38:15+00:00\",\"dateModified\":\"2023-11-20T19:25:18+00:00\",\"breadcrumb\":{\"@id\":\"https:\/\/uniformesludo.cl\/index.php\/producto\/auriculares-bluetooth-henry\/#breadcrumb\"},\"inLanguage\":\"es\",\"potentialAction\":[{\"@type\":\"ReadAction\",\"target\":[\"https:\/\/uniformesludo.cl\/index.php\/producto\/auriculares-bluetooth-henry\/\"]}]},{\"@type\":\"ImageObject\",\"inLanguage\":\"es\",\"@id\":\"https:\/\/uniformesludo.cl\/index.php\/producto\/auriculares-bluetooth-henry\/#primaryimage\",\"url\":\"https:\/\/uniformesludo.cl\/wp-content\/uploads\/2023\/01\/alt_promocional_publicitario_auriculares_EC749_2.jpg\",\"contentUrl\":\"https:\/\/uniformesludo.cl\/wp-content\/uploads\/2023\/01\/alt_promocional_publicitario_auriculares_EC749_2.jpg\",\"width\":700,\"height\":700},{\"@type\":\"BreadcrumbList\",\"@id\":\"https:\/\/uniformesludo.cl\/index.php\/producto\/auriculares-bluetooth-henry\/#breadcrumb\",\"itemListElement\":[{\"@type\":\"ListItem\",\"position\":1,\"name\":\"Portada\",\"item\":\"https:\/\/uniformesludo.cl\/\"},{\"@type\":\"ListItem\",\"position\":2,\"name\":\"Tienda\",\"item\":\"https:\/\/uniformesludo.cl\/index.php\/tienda\/\"},{\"@type\":\"ListItem\",\"position\":3,\"name\":\"AURICULARES BLUETOOTH \u00abHENRY\u00bb\"}]},{\"@type\":\"WebSite\",\"@id\":\"https:\/\/uniformesludo.cl\/#website\",\"url\":\"https:\/\/uniformesludo.cl\/\",\"name\":\"Uniformes Ludo\",\"description\":\"Es una de las empresas comercializadoras de Ropa de trabajo, confecci\u00f3n, productos de protecci\u00f3n, prevenci\u00f3n y seguridad una de las m\u00e1s importantes de nuestro pa\u00eds, reconocida a nivel Nacional, con numerosos clientes a lo largo de Chile que avalan su compromiso de calidad. De igual forma, existe una permanente preocupaci\u00f3n por mantener un servicio integral de excelencia que permita identificarnos como \u201cel mejor equipo, la mejor empresa e inversi\u00f3n\u201d.\",\"potentialAction\":[{\"@type\":\"SearchAction\",\"target\":{\"@type\":\"EntryPoint\",\"urlTemplate\":\"https:\/\/uniformesludo.cl\/?s={search_term_string}\"},\"query-input\":{\"@type\":\"PropertyValueSpecification\",\"valueRequired\":true,\"valueName\":\"search_term_string\"}}],\"inLanguage\":\"es\"}]}<\/script>\n<!-- \/ Yoast SEO plugin. -->","yoast_head_json":{"title":"AURICULARES BLUETOOTH \"HENRY\" - Uniformes Ludo","robots":{"index":"index","follow":"follow","max-snippet":"max-snippet:-1","max-image-preview":"max-image-preview:large","max-video-preview":"max-video-preview:-1"},"canonical":"https:\/\/uniformesludo.cl\/index.php\/producto\/auriculares-bluetooth-henry\/","og_locale":"es_ES","og_type":"article","og_title":"AURICULARES BLUETOOTH \"HENRY\" - Uniformes Ludo","og_description":"5,5 cm x 5 cm x 2,5 cm. (medida de la caja) 45 mm (auriculares). Pl\u00e1stico ABS. Auriculares bluetooth con im\u00e1n, se conectan al celular de forma inal\u00e1mbrica. Los auriculares cuentan con\u00a0funci\u00f3n touch\u00a0en cada costado de los audifonos (izquierdo y derecho) para funciones de encendido, apagado, avance, retroceso, reproducci\u00f3n y pausar musica. As\u00ed como tambi\u00e9n para las funciones de responder, rechazar o finalizar una llamada. Estuche que permite cargar la bater\u00eda de los auriculares. Indicador de bater\u00eda del estuche.\u00a0Base de carga 300 MAH . Auriculares: 30mAh Bluetooth V5.0. Rango de alcance 10 metros.\u00a0Tiempo de reproduccion aut\u00f3nomo 3 horas aprox. Tiempo de carga de la bater\u00eda 1 hora.\u00a0Cable de carga USB tipo C. Duraci\u00f3n de la bater\u00eda en modo stand by: 40 hs.  Packing Medidas: 48,00 x 38,50 x 25,00 cm Volumen: 0,046 m\u00b3 Cantidad por caja: 100 Peso total: 11,80 kg  SOLO VENTAS POR MAYOR  Cotizar","og_url":"https:\/\/uniformesludo.cl\/index.php\/producto\/auriculares-bluetooth-henry\/","og_site_name":"Uniformes Ludo","article_modified_time":"2023-11-20T19:25:18+00:00","og_image":[{"width":700,"height":700,"url":"https:\/\/uniformesludo.cl\/wp-content\/uploads\/2023\/01\/alt_promocional_publicitario_auriculares_EC749_2.jpg","type":"image\/jpeg"}],"twitter_card":"summary_large_image","schema":{"@context":"https:\/\/schema.org","@graph":[{"@type":"WebPage","@id":"https:\/\/uniformesludo.cl\/index.php\/producto\/auriculares-bluetooth-henry\/","url":"https:\/\/uniformesludo.cl\/index.php\/producto\/auriculares-bluetooth-henry\/","name":"AURICULARES BLUETOOTH \"HENRY\" - Uniformes Ludo","isPartOf":{"@id":"https:\/\/uniformesludo.cl\/#website"},"primaryImageOfPage":{"@id":"https:\/\/uniformesludo.cl\/index.php\/producto\/auriculares-bluetooth-henry\/#primaryimage"},"image":{"@id":"https:\/\/uniformesludo.cl\/index.php\/producto\/auriculares-bluetooth-henry\/#primaryimage"},"thumbnailUrl":"https:\/\/uniformesludo.cl\/wp-content\/uploads\/2023\/01\/alt_promocional_publicitario_auriculares_EC749_2.jpg","datePublished":"2023-01-24T18:38:15+00:00","dateModified":"2023-11-20T19:25:18+00:00","breadcrumb":{"@id":"https:\/\/uniformesludo.cl\/index.php\/producto\/auriculares-bluetooth-henry\/#breadcrumb"},"inLanguage":"es","potentialAction":[{"@type":"ReadAction","target":["https:\/\/uniformesludo.cl\/index.php\/producto\/auriculares-bluetooth-henry\/"]}]},{"@type":"ImageObject","inLanguage":"es","@id":"https:\/\/uniformesludo.cl\/index.php\/producto\/auriculares-bluetooth-henry\/#primaryimage","url":"https:\/\/uniformesludo.cl\/wp-content\/uploads\/2023\/01\/alt_promocional_publicitario_auriculares_EC749_2.jpg","contentUrl":"https:\/\/uniformesludo.cl\/wp-content\/uploads\/2023\/01\/alt_promocional_publicitario_auriculares_EC749_2.jpg","width":700,"height":700},{"@type":"BreadcrumbList","@id":"https:\/\/uniformesludo.cl\/index.php\/producto\/auriculares-bluetooth-henry\/#breadcrumb","itemListElement":[{"@type":"ListItem","position":1,"name":"Portada","item":"https:\/\/uniformesludo.cl\/"},{"@type":"ListItem","position":2,"name":"Tienda","item":"https:\/\/uniformesludo.cl\/index.php\/tienda\/"},{"@type":"ListItem","position":3,"name":"AURICULARES BLUETOOTH \u00abHENRY\u00bb"}]},{"@type":"WebSite","@id":"https:\/\/uniformesludo.cl\/#website","url":"https:\/\/uniformesludo.cl\/","name":"Uniformes Ludo","description":"Es una de las empresas comercializadoras de Ropa de trabajo, confecci\u00f3n, productos de protecci\u00f3n, prevenci\u00f3n y seguridad una de las m\u00e1s importantes de nuestro pa\u00eds, reconocida a nivel Nacional, con numerosos clientes a lo largo de Chile que avalan su compromiso de calidad. De igual forma, existe una permanente preocupaci\u00f3n por mantener un servicio integral de excelencia que permita identificarnos como \u201cel mejor equipo, la mejor empresa e inversi\u00f3n\u201d.","potentialAction":[{"@type":"SearchAction","target":{"@type":"EntryPoint","urlTemplate":"https:\/\/uniformesludo.cl\/?s={search_term_string}"},"query-input":{"@type":"PropertyValueSpecification","valueRequired":true,"valueName":"search_term_string"}}],"inLanguage":"es"}]}},"_links":{"self":[{"href":"https:\/\/uniformesludo.cl\/index.php\/wp-json\/wp\/v2\/product\/10011917","targetHints":{"allow":["GET"]}}],"collection":[{"href":"https:\/\/uniformesludo.cl\/index.php\/wp-json\/wp\/v2\/product"}],"about":[{"href":"https:\/\/uniformesludo.cl\/index.php\/wp-json\/wp\/v2\/types\/product"}],"replies":[{"embeddable":true,"href":"https:\/\/uniformesludo.cl\/index.php\/wp-json\/wp\/v2\/comments?post=10011917"}],"wp:featuredmedia":[{"embeddable":true,"href":"https:\/\/uniformesludo.cl\/index.php\/wp-json\/wp\/v2\/media\/10011918"}],"wp:attachment":[{"href":"https:\/\/uniformesludo.cl\/index.php\/wp-json\/wp\/v2\/media?parent=10011917"}],"wp:term":[{"taxonomy":"product_brand","embeddable":true,"href":"https:\/\/uniformesludo.cl\/index.php\/wp-json\/wp\/v2\/product_brand?post=10011917"},{"taxonomy":"product_cat","embeddable":true,"href":"https:\/\/uniformesludo.cl\/index.php\/wp-json\/wp\/v2\/product_cat?post=10011917"},{"taxonomy":"product_tag","embeddable":true,"href":"https:\/\/uniformesludo.cl\/index.php\/wp-json\/wp\/v2\/product_tag?post=10011917"}],"curies":[{"name":"wp","href":"https:\/\/api.w.org\/{rel}","templated":true}]}}