{"id":10010134,"date":"2021-12-23T22:35:22","date_gmt":"2021-12-23T22:35:22","guid":{"rendered":"https:\/\/uniformesludo.cl\/?post_type=product&#038;p=10010134"},"modified":"2023-11-20T19:25:03","modified_gmt":"2023-11-20T19:25:03","slug":"cojin-inflable","status":"publish","type":"product","link":"https:\/\/uniformesludo.cl\/index.php\/producto\/cojin-inflable\/","title":{"rendered":"Coj\u00edn inflable"},"content":{"rendered":"<div class=\"vc_custom_heading_wrap \">\n<div class=\"heading-text el-text\"><\/div>\n<\/div>\n<div class=\"uncode-wrapper uncode-list\">\n<ul class=\"icons\">\n<li><i class=\"fa fa-caret-right text-color-859265-color\"><\/i>Importado<\/li>\n<li><i class=\"fa fa-caret-right text-color-859265-color\"><\/i>Material de PVC<\/li>\n<li><i class=\"fa fa-caret-right text-color-859265-color\"><\/i>C\u00f3modo<\/li>\n<li><i class=\"fa fa-caret-right text-color-859265-color\"><\/i>Incluye v\u00e1lvula de inflado<\/li>\n<li><i class=\"fa fa-caret-right text-color-859265-color\"><\/i>Con distribuci\u00f3n de peso corporal<\/li>\n<li><i class=\"fa fa-caret-right text-color-859265-color\"><\/i>Disponible en modelo cuadrado y redondo<\/li>\n<\/ul>\n<\/div>\n","protected":false},"excerpt":{"rendered":"<p><a id=\"btncotizar\" href=\"https:\/\/uniformesludo.cl\/index.php\/cotizacion\/\">Cotizar<\/a><\/p>\n","protected":false},"featured_media":10010135,"comment_status":"closed","ping_status":"closed","template":"","meta":[],"product_brand":[],"product_cat":[258],"product_tag":[],"class_list":{"0":"post-10010134","1":"product","2":"type-product","3":"status-publish","4":"has-post-thumbnail","6":"product_cat-ludo-higiene","8":"first","9":"instock","10":"shipping-taxable","11":"product-type-simple"},"aioseo_notices":[],"yoast_head":"<!-- This site is optimized with the Yoast SEO plugin v26.5 - https:\/\/yoast.com\/wordpress\/plugins\/seo\/ -->\n<title>Coj\u00edn inflable - Uniformes Ludo<\/title>\n<meta name=\"robots\" content=\"index, follow, max-snippet:-1, max-image-preview:large, max-video-preview:-1\" \/>\n<link rel=\"canonical\" href=\"https:\/\/uniformesludo.cl\/index.php\/producto\/cojin-inflable\/\" \/>\n<meta property=\"og:locale\" content=\"es_ES\" \/>\n<meta property=\"og:type\" content=\"article\" \/>\n<meta property=\"og:title\" content=\"Coj\u00edn inflable - Uniformes Ludo\" \/>\n<meta property=\"og:description\" content=\"Cotizar\" \/>\n<meta property=\"og:url\" content=\"https:\/\/uniformesludo.cl\/index.php\/producto\/cojin-inflable\/\" \/>\n<meta property=\"og:site_name\" content=\"Uniformes Ludo\" \/>\n<meta property=\"article:modified_time\" content=\"2023-11-20T19:25:03+00:00\" \/>\n<meta property=\"og:image\" content=\"https:\/\/uniformesludo.cl\/wp-content\/uploads\/2021\/12\/cojin-inflable-1.jpg\" \/>\n\t<meta property=\"og:image:width\" content=\"512\" \/>\n\t<meta property=\"og:image:height\" content=\"386\" \/>\n\t<meta property=\"og:image:type\" content=\"image\/jpeg\" \/>\n<meta name=\"twitter:card\" content=\"summary_large_image\" \/>\n<script type=\"application\/ld+json\" class=\"yoast-schema-graph\">{\"@context\":\"https:\/\/schema.org\",\"@graph\":[{\"@type\":\"WebPage\",\"@id\":\"https:\/\/uniformesludo.cl\/index.php\/producto\/cojin-inflable\/\",\"url\":\"https:\/\/uniformesludo.cl\/index.php\/producto\/cojin-inflable\/\",\"name\":\"Coj\u00edn inflable - Uniformes Ludo\",\"isPartOf\":{\"@id\":\"https:\/\/uniformesludo.cl\/#website\"},\"primaryImageOfPage\":{\"@id\":\"https:\/\/uniformesludo.cl\/index.php\/producto\/cojin-inflable\/#primaryimage\"},\"image\":{\"@id\":\"https:\/\/uniformesludo.cl\/index.php\/producto\/cojin-inflable\/#primaryimage\"},\"thumbnailUrl\":\"https:\/\/uniformesludo.cl\/wp-content\/uploads\/2021\/12\/cojin-inflable-1.jpg\",\"datePublished\":\"2021-12-23T22:35:22+00:00\",\"dateModified\":\"2023-11-20T19:25:03+00:00\",\"breadcrumb\":{\"@id\":\"https:\/\/uniformesludo.cl\/index.php\/producto\/cojin-inflable\/#breadcrumb\"},\"inLanguage\":\"es\",\"potentialAction\":[{\"@type\":\"ReadAction\",\"target\":[\"https:\/\/uniformesludo.cl\/index.php\/producto\/cojin-inflable\/\"]}]},{\"@type\":\"ImageObject\",\"inLanguage\":\"es\",\"@id\":\"https:\/\/uniformesludo.cl\/index.php\/producto\/cojin-inflable\/#primaryimage\",\"url\":\"https:\/\/uniformesludo.cl\/wp-content\/uploads\/2021\/12\/cojin-inflable-1.jpg\",\"contentUrl\":\"https:\/\/uniformesludo.cl\/wp-content\/uploads\/2021\/12\/cojin-inflable-1.jpg\",\"width\":512,\"height\":386},{\"@type\":\"BreadcrumbList\",\"@id\":\"https:\/\/uniformesludo.cl\/index.php\/producto\/cojin-inflable\/#breadcrumb\",\"itemListElement\":[{\"@type\":\"ListItem\",\"position\":1,\"name\":\"Portada\",\"item\":\"https:\/\/uniformesludo.cl\/\"},{\"@type\":\"ListItem\",\"position\":2,\"name\":\"Tienda\",\"item\":\"https:\/\/uniformesludo.cl\/index.php\/tienda\/\"},{\"@type\":\"ListItem\",\"position\":3,\"name\":\"Coj\u00edn inflable\"}]},{\"@type\":\"WebSite\",\"@id\":\"https:\/\/uniformesludo.cl\/#website\",\"url\":\"https:\/\/uniformesludo.cl\/\",\"name\":\"Uniformes Ludo\",\"description\":\"Es una de las empresas comercializadoras de Ropa de trabajo, confecci\u00f3n, productos de protecci\u00f3n, prevenci\u00f3n y seguridad una de las m\u00e1s importantes de nuestro pa\u00eds, reconocida a nivel Nacional, con numerosos clientes a lo largo de Chile que avalan su compromiso de calidad. De igual forma, existe una permanente preocupaci\u00f3n por mantener un servicio integral de excelencia que permita identificarnos como \u201cel mejor equipo, la mejor empresa e inversi\u00f3n\u201d.\",\"potentialAction\":[{\"@type\":\"SearchAction\",\"target\":{\"@type\":\"EntryPoint\",\"urlTemplate\":\"https:\/\/uniformesludo.cl\/?s={search_term_string}\"},\"query-input\":{\"@type\":\"PropertyValueSpecification\",\"valueRequired\":true,\"valueName\":\"search_term_string\"}}],\"inLanguage\":\"es\"}]}<\/script>\n<!-- \/ Yoast SEO plugin. -->","yoast_head_json":{"title":"Coj\u00edn inflable - Uniformes Ludo","robots":{"index":"index","follow":"follow","max-snippet":"max-snippet:-1","max-image-preview":"max-image-preview:large","max-video-preview":"max-video-preview:-1"},"canonical":"https:\/\/uniformesludo.cl\/index.php\/producto\/cojin-inflable\/","og_locale":"es_ES","og_type":"article","og_title":"Coj\u00edn inflable - Uniformes Ludo","og_description":"Cotizar","og_url":"https:\/\/uniformesludo.cl\/index.php\/producto\/cojin-inflable\/","og_site_name":"Uniformes Ludo","article_modified_time":"2023-11-20T19:25:03+00:00","og_image":[{"width":512,"height":386,"url":"https:\/\/uniformesludo.cl\/wp-content\/uploads\/2021\/12\/cojin-inflable-1.jpg","type":"image\/jpeg"}],"twitter_card":"summary_large_image","schema":{"@context":"https:\/\/schema.org","@graph":[{"@type":"WebPage","@id":"https:\/\/uniformesludo.cl\/index.php\/producto\/cojin-inflable\/","url":"https:\/\/uniformesludo.cl\/index.php\/producto\/cojin-inflable\/","name":"Coj\u00edn inflable - Uniformes Ludo","isPartOf":{"@id":"https:\/\/uniformesludo.cl\/#website"},"primaryImageOfPage":{"@id":"https:\/\/uniformesludo.cl\/index.php\/producto\/cojin-inflable\/#primaryimage"},"image":{"@id":"https:\/\/uniformesludo.cl\/index.php\/producto\/cojin-inflable\/#primaryimage"},"thumbnailUrl":"https:\/\/uniformesludo.cl\/wp-content\/uploads\/2021\/12\/cojin-inflable-1.jpg","datePublished":"2021-12-23T22:35:22+00:00","dateModified":"2023-11-20T19:25:03+00:00","breadcrumb":{"@id":"https:\/\/uniformesludo.cl\/index.php\/producto\/cojin-inflable\/#breadcrumb"},"inLanguage":"es","potentialAction":[{"@type":"ReadAction","target":["https:\/\/uniformesludo.cl\/index.php\/producto\/cojin-inflable\/"]}]},{"@type":"ImageObject","inLanguage":"es","@id":"https:\/\/uniformesludo.cl\/index.php\/producto\/cojin-inflable\/#primaryimage","url":"https:\/\/uniformesludo.cl\/wp-content\/uploads\/2021\/12\/cojin-inflable-1.jpg","contentUrl":"https:\/\/uniformesludo.cl\/wp-content\/uploads\/2021\/12\/cojin-inflable-1.jpg","width":512,"height":386},{"@type":"BreadcrumbList","@id":"https:\/\/uniformesludo.cl\/index.php\/producto\/cojin-inflable\/#breadcrumb","itemListElement":[{"@type":"ListItem","position":1,"name":"Portada","item":"https:\/\/uniformesludo.cl\/"},{"@type":"ListItem","position":2,"name":"Tienda","item":"https:\/\/uniformesludo.cl\/index.php\/tienda\/"},{"@type":"ListItem","position":3,"name":"Coj\u00edn inflable"}]},{"@type":"WebSite","@id":"https:\/\/uniformesludo.cl\/#website","url":"https:\/\/uniformesludo.cl\/","name":"Uniformes Ludo","description":"Es una de las empresas comercializadoras de Ropa de trabajo, confecci\u00f3n, productos de protecci\u00f3n, prevenci\u00f3n y seguridad una de las m\u00e1s importantes de nuestro pa\u00eds, reconocida a nivel Nacional, con numerosos clientes a lo largo de Chile que avalan su compromiso de calidad. De igual forma, existe una permanente preocupaci\u00f3n por mantener un servicio integral de excelencia que permita identificarnos como \u201cel mejor equipo, la mejor empresa e inversi\u00f3n\u201d.","potentialAction":[{"@type":"SearchAction","target":{"@type":"EntryPoint","urlTemplate":"https:\/\/uniformesludo.cl\/?s={search_term_string}"},"query-input":{"@type":"PropertyValueSpecification","valueRequired":true,"valueName":"search_term_string"}}],"inLanguage":"es"}]}},"_links":{"self":[{"href":"https:\/\/uniformesludo.cl\/index.php\/wp-json\/wp\/v2\/product\/10010134","targetHints":{"allow":["GET"]}}],"collection":[{"href":"https:\/\/uniformesludo.cl\/index.php\/wp-json\/wp\/v2\/product"}],"about":[{"href":"https:\/\/uniformesludo.cl\/index.php\/wp-json\/wp\/v2\/types\/product"}],"replies":[{"embeddable":true,"href":"https:\/\/uniformesludo.cl\/index.php\/wp-json\/wp\/v2\/comments?post=10010134"}],"wp:featuredmedia":[{"embeddable":true,"href":"https:\/\/uniformesludo.cl\/index.php\/wp-json\/wp\/v2\/media\/10010135"}],"wp:attachment":[{"href":"https:\/\/uniformesludo.cl\/index.php\/wp-json\/wp\/v2\/media?parent=10010134"}],"wp:term":[{"taxonomy":"product_brand","embeddable":true,"href":"https:\/\/uniformesludo.cl\/index.php\/wp-json\/wp\/v2\/product_brand?post=10010134"},{"taxonomy":"product_cat","embeddable":true,"href":"https:\/\/uniformesludo.cl\/index.php\/wp-json\/wp\/v2\/product_cat?post=10010134"},{"taxonomy":"product_tag","embeddable":true,"href":"https:\/\/uniformesludo.cl\/index.php\/wp-json\/wp\/v2\/product_tag?post=10010134"}],"curies":[{"name":"wp","href":"https:\/\/api.w.org\/{rel}","templated":true}]}}