{"id":10010121,"date":"2021-12-23T22:26:09","date_gmt":"2021-12-23T22:26:09","guid":{"rendered":"https:\/\/uniformesludo.cl\/?post_type=product&#038;p=10010121"},"modified":"2023-11-20T19:25:02","modified_gmt":"2023-11-20T19:25:02","slug":"silla-de-ruedas-neurologica-premium","status":"publish","type":"product","link":"https:\/\/uniformesludo.cl\/index.php\/producto\/silla-de-ruedas-neurologica-premium\/","title":{"rendered":"Silla de ruedas neurol\u00f3gica premium"},"content":{"rendered":"<ul class=\"icons\">\n<li>Importada<\/li>\n<li><i class=\"fa fa-caret-right text-color-859265-color\"><\/i>Estructura de aluminio<\/li>\n<li><i class=\"fa fa-caret-right text-color-859265-color\"><\/i>Apoya brazos desmontables<\/li>\n<li><i class=\"fa fa-caret-right text-color-859265-color\"><\/i>Apoya pies desmontables<\/li>\n<li><i class=\"fa fa-caret-right text-color-859265-color\"><\/i>Peso total 21 kilos<\/li>\n<li><i class=\"fa fa-caret-right text-color-859265-color\"><\/i>Ruedas inflables<\/li>\n<li><i class=\"fa fa-caret-right text-color-859265-color\"><\/i>Piernera regulable<\/li>\n<li><i class=\"fa fa-caret-right text-color-859265-color\"><\/i>Apoya cabeza desmontable<\/li>\n<li><i class=\"fa fa-caret-right text-color-859265-color\"><\/i>Resiste 100 kilos<\/li>\n<li><i class=\"fa fa-caret-right text-color-859265-color\"><\/i>Doble tapiz desmontable color caf\u00e9<\/li>\n<li><i class=\"fa fa-caret-right text-color-859265-color\"><\/i>Doble freno<\/li>\n<li><i class=\"fa fa-caret-right text-color-859265-color\"><\/i>Ancho asiento 43 cms<\/li>\n<li><i class=\"fa fa-caret-right text-color-859265-color\"><\/i>Fondo asiento 40 cms.<\/li>\n<li><i class=\"fa fa-caret-right text-color-859265-color\"><\/i>Ancho silla de aro a aro 69 cms.<\/li>\n<li><i class=\"fa fa-caret-right text-color-859265-color\"><\/i>Alto total respaldo 80 cms.<\/li>\n<li><i class=\"fa fa-caret-right text-color-859265-color\"><\/i>Asiento reclinable en 180\u00ba<\/li>\n<li><i class=\"fa fa-caret-right text-color-859265-color\"><\/i>Sistema antivuelco<\/li>\n<\/ul>\n","protected":false},"excerpt":{"rendered":"<p><a id=\"btncotizar\" href=\"https:\/\/uniformesludo.cl\/index.php\/cotizacion\/\">Cotizar<\/a><\/p>\n","protected":false},"featured_media":10010122,"comment_status":"closed","ping_status":"closed","template":"","meta":[],"product_brand":[],"product_cat":[258],"product_tag":[],"class_list":{"0":"post-10010121","1":"product","2":"type-product","3":"status-publish","4":"has-post-thumbnail","6":"product_cat-ludo-higiene","8":"first","9":"instock","10":"shipping-taxable","11":"product-type-simple"},"aioseo_notices":[],"yoast_head":"<!-- This site is optimized with the Yoast SEO plugin v26.5 - https:\/\/yoast.com\/wordpress\/plugins\/seo\/ -->\n<title>Silla de ruedas neurol\u00f3gica premium - Uniformes Ludo<\/title>\n<meta name=\"robots\" content=\"index, follow, max-snippet:-1, max-image-preview:large, max-video-preview:-1\" \/>\n<link rel=\"canonical\" href=\"https:\/\/uniformesludo.cl\/index.php\/producto\/silla-de-ruedas-neurologica-premium\/\" \/>\n<meta property=\"og:locale\" content=\"es_ES\" \/>\n<meta property=\"og:type\" content=\"article\" \/>\n<meta property=\"og:title\" content=\"Silla de ruedas neurol\u00f3gica premium - Uniformes Ludo\" \/>\n<meta property=\"og:description\" content=\"Cotizar\" \/>\n<meta property=\"og:url\" content=\"https:\/\/uniformesludo.cl\/index.php\/producto\/silla-de-ruedas-neurologica-premium\/\" \/>\n<meta property=\"og:site_name\" content=\"Uniformes Ludo\" \/>\n<meta property=\"article:modified_time\" content=\"2023-11-20T19:25:02+00:00\" \/>\n<meta property=\"og:image\" content=\"https:\/\/uniformesludo.cl\/wp-content\/uploads\/2021\/12\/neurologica-premium-f1.jpg\" \/>\n\t<meta property=\"og:image:width\" content=\"1200\" \/>\n\t<meta property=\"og:image:height\" content=\"900\" \/>\n\t<meta property=\"og:image:type\" content=\"image\/jpeg\" \/>\n<meta name=\"twitter:card\" content=\"summary_large_image\" \/>\n<script type=\"application\/ld+json\" class=\"yoast-schema-graph\">{\"@context\":\"https:\/\/schema.org\",\"@graph\":[{\"@type\":\"WebPage\",\"@id\":\"https:\/\/uniformesludo.cl\/index.php\/producto\/silla-de-ruedas-neurologica-premium\/\",\"url\":\"https:\/\/uniformesludo.cl\/index.php\/producto\/silla-de-ruedas-neurologica-premium\/\",\"name\":\"Silla de ruedas neurol\u00f3gica premium - Uniformes Ludo\",\"isPartOf\":{\"@id\":\"https:\/\/uniformesludo.cl\/#website\"},\"primaryImageOfPage\":{\"@id\":\"https:\/\/uniformesludo.cl\/index.php\/producto\/silla-de-ruedas-neurologica-premium\/#primaryimage\"},\"image\":{\"@id\":\"https:\/\/uniformesludo.cl\/index.php\/producto\/silla-de-ruedas-neurologica-premium\/#primaryimage\"},\"thumbnailUrl\":\"https:\/\/uniformesludo.cl\/wp-content\/uploads\/2021\/12\/neurologica-premium-f1.jpg\",\"datePublished\":\"2021-12-23T22:26:09+00:00\",\"dateModified\":\"2023-11-20T19:25:02+00:00\",\"breadcrumb\":{\"@id\":\"https:\/\/uniformesludo.cl\/index.php\/producto\/silla-de-ruedas-neurologica-premium\/#breadcrumb\"},\"inLanguage\":\"es\",\"potentialAction\":[{\"@type\":\"ReadAction\",\"target\":[\"https:\/\/uniformesludo.cl\/index.php\/producto\/silla-de-ruedas-neurologica-premium\/\"]}]},{\"@type\":\"ImageObject\",\"inLanguage\":\"es\",\"@id\":\"https:\/\/uniformesludo.cl\/index.php\/producto\/silla-de-ruedas-neurologica-premium\/#primaryimage\",\"url\":\"https:\/\/uniformesludo.cl\/wp-content\/uploads\/2021\/12\/neurologica-premium-f1.jpg\",\"contentUrl\":\"https:\/\/uniformesludo.cl\/wp-content\/uploads\/2021\/12\/neurologica-premium-f1.jpg\",\"width\":1200,\"height\":900},{\"@type\":\"BreadcrumbList\",\"@id\":\"https:\/\/uniformesludo.cl\/index.php\/producto\/silla-de-ruedas-neurologica-premium\/#breadcrumb\",\"itemListElement\":[{\"@type\":\"ListItem\",\"position\":1,\"name\":\"Portada\",\"item\":\"https:\/\/uniformesludo.cl\/\"},{\"@type\":\"ListItem\",\"position\":2,\"name\":\"Tienda\",\"item\":\"https:\/\/uniformesludo.cl\/index.php\/tienda\/\"},{\"@type\":\"ListItem\",\"position\":3,\"name\":\"Silla de ruedas neurol\u00f3gica premium\"}]},{\"@type\":\"WebSite\",\"@id\":\"https:\/\/uniformesludo.cl\/#website\",\"url\":\"https:\/\/uniformesludo.cl\/\",\"name\":\"Uniformes Ludo\",\"description\":\"Es una de las empresas comercializadoras de Ropa de trabajo, confecci\u00f3n, productos de protecci\u00f3n, prevenci\u00f3n y seguridad una de las m\u00e1s importantes de nuestro pa\u00eds, reconocida a nivel Nacional, con numerosos clientes a lo largo de Chile que avalan su compromiso de calidad. De igual forma, existe una permanente preocupaci\u00f3n por mantener un servicio integral de excelencia que permita identificarnos como \u201cel mejor equipo, la mejor empresa e inversi\u00f3n\u201d.\",\"potentialAction\":[{\"@type\":\"SearchAction\",\"target\":{\"@type\":\"EntryPoint\",\"urlTemplate\":\"https:\/\/uniformesludo.cl\/?s={search_term_string}\"},\"query-input\":{\"@type\":\"PropertyValueSpecification\",\"valueRequired\":true,\"valueName\":\"search_term_string\"}}],\"inLanguage\":\"es\"}]}<\/script>\n<!-- \/ Yoast SEO plugin. -->","yoast_head_json":{"title":"Silla de ruedas neurol\u00f3gica premium - Uniformes Ludo","robots":{"index":"index","follow":"follow","max-snippet":"max-snippet:-1","max-image-preview":"max-image-preview:large","max-video-preview":"max-video-preview:-1"},"canonical":"https:\/\/uniformesludo.cl\/index.php\/producto\/silla-de-ruedas-neurologica-premium\/","og_locale":"es_ES","og_type":"article","og_title":"Silla de ruedas neurol\u00f3gica premium - Uniformes Ludo","og_description":"Cotizar","og_url":"https:\/\/uniformesludo.cl\/index.php\/producto\/silla-de-ruedas-neurologica-premium\/","og_site_name":"Uniformes Ludo","article_modified_time":"2023-11-20T19:25:02+00:00","og_image":[{"width":1200,"height":900,"url":"https:\/\/uniformesludo.cl\/wp-content\/uploads\/2021\/12\/neurologica-premium-f1.jpg","type":"image\/jpeg"}],"twitter_card":"summary_large_image","schema":{"@context":"https:\/\/schema.org","@graph":[{"@type":"WebPage","@id":"https:\/\/uniformesludo.cl\/index.php\/producto\/silla-de-ruedas-neurologica-premium\/","url":"https:\/\/uniformesludo.cl\/index.php\/producto\/silla-de-ruedas-neurologica-premium\/","name":"Silla de ruedas neurol\u00f3gica premium - Uniformes Ludo","isPartOf":{"@id":"https:\/\/uniformesludo.cl\/#website"},"primaryImageOfPage":{"@id":"https:\/\/uniformesludo.cl\/index.php\/producto\/silla-de-ruedas-neurologica-premium\/#primaryimage"},"image":{"@id":"https:\/\/uniformesludo.cl\/index.php\/producto\/silla-de-ruedas-neurologica-premium\/#primaryimage"},"thumbnailUrl":"https:\/\/uniformesludo.cl\/wp-content\/uploads\/2021\/12\/neurologica-premium-f1.jpg","datePublished":"2021-12-23T22:26:09+00:00","dateModified":"2023-11-20T19:25:02+00:00","breadcrumb":{"@id":"https:\/\/uniformesludo.cl\/index.php\/producto\/silla-de-ruedas-neurologica-premium\/#breadcrumb"},"inLanguage":"es","potentialAction":[{"@type":"ReadAction","target":["https:\/\/uniformesludo.cl\/index.php\/producto\/silla-de-ruedas-neurologica-premium\/"]}]},{"@type":"ImageObject","inLanguage":"es","@id":"https:\/\/uniformesludo.cl\/index.php\/producto\/silla-de-ruedas-neurologica-premium\/#primaryimage","url":"https:\/\/uniformesludo.cl\/wp-content\/uploads\/2021\/12\/neurologica-premium-f1.jpg","contentUrl":"https:\/\/uniformesludo.cl\/wp-content\/uploads\/2021\/12\/neurologica-premium-f1.jpg","width":1200,"height":900},{"@type":"BreadcrumbList","@id":"https:\/\/uniformesludo.cl\/index.php\/producto\/silla-de-ruedas-neurologica-premium\/#breadcrumb","itemListElement":[{"@type":"ListItem","position":1,"name":"Portada","item":"https:\/\/uniformesludo.cl\/"},{"@type":"ListItem","position":2,"name":"Tienda","item":"https:\/\/uniformesludo.cl\/index.php\/tienda\/"},{"@type":"ListItem","position":3,"name":"Silla de ruedas neurol\u00f3gica premium"}]},{"@type":"WebSite","@id":"https:\/\/uniformesludo.cl\/#website","url":"https:\/\/uniformesludo.cl\/","name":"Uniformes Ludo","description":"Es una de las empresas comercializadoras de Ropa de trabajo, confecci\u00f3n, productos de protecci\u00f3n, prevenci\u00f3n y seguridad una de las m\u00e1s importantes de nuestro pa\u00eds, reconocida a nivel Nacional, con numerosos clientes a lo largo de Chile que avalan su compromiso de calidad. De igual forma, existe una permanente preocupaci\u00f3n por mantener un servicio integral de excelencia que permita identificarnos como \u201cel mejor equipo, la mejor empresa e inversi\u00f3n\u201d.","potentialAction":[{"@type":"SearchAction","target":{"@type":"EntryPoint","urlTemplate":"https:\/\/uniformesludo.cl\/?s={search_term_string}"},"query-input":{"@type":"PropertyValueSpecification","valueRequired":true,"valueName":"search_term_string"}}],"inLanguage":"es"}]}},"_links":{"self":[{"href":"https:\/\/uniformesludo.cl\/index.php\/wp-json\/wp\/v2\/product\/10010121","targetHints":{"allow":["GET"]}}],"collection":[{"href":"https:\/\/uniformesludo.cl\/index.php\/wp-json\/wp\/v2\/product"}],"about":[{"href":"https:\/\/uniformesludo.cl\/index.php\/wp-json\/wp\/v2\/types\/product"}],"replies":[{"embeddable":true,"href":"https:\/\/uniformesludo.cl\/index.php\/wp-json\/wp\/v2\/comments?post=10010121"}],"wp:featuredmedia":[{"embeddable":true,"href":"https:\/\/uniformesludo.cl\/index.php\/wp-json\/wp\/v2\/media\/10010122"}],"wp:attachment":[{"href":"https:\/\/uniformesludo.cl\/index.php\/wp-json\/wp\/v2\/media?parent=10010121"}],"wp:term":[{"taxonomy":"product_brand","embeddable":true,"href":"https:\/\/uniformesludo.cl\/index.php\/wp-json\/wp\/v2\/product_brand?post=10010121"},{"taxonomy":"product_cat","embeddable":true,"href":"https:\/\/uniformesludo.cl\/index.php\/wp-json\/wp\/v2\/product_cat?post=10010121"},{"taxonomy":"product_tag","embeddable":true,"href":"https:\/\/uniformesludo.cl\/index.php\/wp-json\/wp\/v2\/product_tag?post=10010121"}],"curies":[{"name":"wp","href":"https:\/\/api.w.org\/{rel}","templated":true}]}}